{"id":1071,"date":"2020-12-08T03:53:12","date_gmt":"2020-12-08T03:53:12","guid":{"rendered":"https:\/\/gaviaspreview.com\/wp\/tevily\/?page_id=21"},"modified":"2026-03-21T10:59:46","modified_gmt":"2026-03-21T15:59:46","slug":"about-us","status":"publish","type":"page","link":"https:\/\/rutatayronatours.com\/en\/about-us\/","title":{"rendered":"About us"},"content":{"rendered":"\t\t<div data-elementor-type=\"wp-page\" data-elementor-id=\"1071\" class=\"elementor elementor-1071\">\n\t\t\t\t\t\t<section class=\"elementor-section elementor-top-section elementor-element elementor-element-027b947 elementor-section-full_width elementor-section-height-default elementor-section-height-default row-top\" data-id=\"027b947\" data-element_type=\"section\" data-e-type=\"section\">\n\t\t\t\t\t\t<div class=\"elementor-container elementor-column-gap-default\">\n\t\t\t\t\t<div class=\"elementor-column elementor-col-100 elementor-top-column elementor-element elementor-element-d0bf791\" data-id=\"d0bf791\" data-element_type=\"column\" data-e-type=\"column\">\n\t\t\t<div class=\"elementor-widget-wrap elementor-element-populated\">\n\t\t\t\t\t\t<div class=\"elementor-element elementor-element-41e2072 elementor-widget elementor-widget-gva_post_breadcrumb\" data-id=\"41e2072\" data-element_type=\"widget\" data-e-type=\"widget\" data-widget_type=\"gva_post_breadcrumb.default\">\n\t\t\t\t<div class=\"elementor-widget-container\">\n\t\t\t\t\t<div class=\"gva-element-gva_post_breadcrumb gva-element\">   \r\n<div class=\"post-breadcrumb\">\r\n   <div class=\"custom-breadcrumb \" >\r\n            <div class=\"breadcrumb-main\">\r\n        <div class=\"container\">\r\n          <div class=\"breadcrumb-container-inner\">\r\n            <h2 class=\"heading-title\">About us<\/h2><ol class=\"breadcrumb\"><li><a href=\"https:\/\/rutatayronatours.com\/en\">Home<\/a> <\/li> <li class=\"active\">Page<\/li><\/ol>          <\/div>  \r\n        <\/div>   \r\n      <\/div>  \r\n   <\/div>\r\n<\/div>      \r\n\r\n<\/div>\t\t\t\t<\/div>\n\t\t\t\t<\/div>\n\t\t\t\t\t<\/div>\n\t\t<\/div>\n\t\t\t\t\t<\/div>\n\t\t<\/section>\n\t\t\t\t<section class=\"elementor-section elementor-top-section elementor-element elementor-element-cfe9709 elementor-section-boxed elementor-section-height-default elementor-section-height-default row-top\" data-id=\"cfe9709\" data-element_type=\"section\" data-e-type=\"section\">\n\t\t\t\t\t\t<div class=\"elementor-container elementor-column-gap-default\">\n\t\t\t\t\t<div class=\"elementor-column elementor-col-50 elementor-top-column elementor-element elementor-element-bdc7059\" data-id=\"bdc7059\" data-element_type=\"column\" data-e-type=\"column\">\n\t\t\t<div class=\"elementor-widget-wrap elementor-element-populated\">\n\t\t\t\t\t\t<div class=\"elementor-element elementor-element-d8cce7d elementor-widget elementor-widget-heading\" data-id=\"d8cce7d\" data-element_type=\"widget\" data-e-type=\"widget\" data-widget_type=\"heading.default\">\n\t\t\t\t<div class=\"elementor-widget-container\">\n\t\t\t\t\t<h4 class=\"elementor-heading-title elementor-size-default\">We are known for speaking the language of our customers.<\/h4>\t\t\t\t<\/div>\n\t\t\t\t<\/div>\n\t\t\t\t<div class=\"elementor-element elementor-element-4ecea02 elementor-arrows-position-inside elementor-pagination-position-outside elementor-widget elementor-widget-image-carousel\" data-id=\"4ecea02\" data-element_type=\"widget\" data-e-type=\"widget\" data-settings=\"{&quot;slides_to_show&quot;:&quot;1&quot;,&quot;navigation&quot;:&quot;both&quot;,&quot;autoplay&quot;:&quot;yes&quot;,&quot;pause_on_hover&quot;:&quot;yes&quot;,&quot;pause_on_interaction&quot;:&quot;yes&quot;,&quot;autoplay_speed&quot;:5000,&quot;infinite&quot;:&quot;yes&quot;,&quot;effect&quot;:&quot;slide&quot;,&quot;speed&quot;:500}\" data-widget_type=\"image-carousel.default\">\n\t\t\t\t<div class=\"elementor-widget-container\">\n\t\t\t\t\t\t\t<div class=\"elementor-image-carousel-wrapper swiper\" role=\"region\" aria-roledescription=\"carousel\" aria-label=\"Image Carousel\" dir=\"ltr\">\n\t\t\t<div class=\"elementor-image-carousel swiper-wrapper\" aria-live=\"off\">\n\t\t\t\t\t\t\t\t<div class=\"swiper-slide\" role=\"group\" aria-roledescription=\"slide\" aria-label=\"1 of 7\"><figure class=\"swiper-slide-inner\"><img decoding=\"async\" class=\"swiper-slide-image\" src=\"https:\/\/rutatayronatours.com\/en\/wp-content\/uploads\/2023\/03\/02_Playa-Cabo-San-Juan-y-Pueblito-Tayku.jpg\" alt=\"02_Playa-Cabo-San-Juan-y-Pueblito-Tayku\" \/><\/figure><\/div><div class=\"swiper-slide\" role=\"group\" aria-roledescription=\"slide\" aria-label=\"2 of 7\"><figure class=\"swiper-slide-inner\"><img decoding=\"async\" class=\"swiper-slide-image\" src=\"https:\/\/rutatayronatours.com\/en\/wp-content\/uploads\/2023\/03\/03_CIUDAD-PERDIDA-MAS-COMUNIDADES-INDIGENAS.jpg\" alt=\"03_CIUDAD-PERDIDA-MA\u0301S-COMUNIDADES-INDI\u0301GENAS\" \/><\/figure><\/div><div class=\"swiper-slide\" role=\"group\" aria-roledescription=\"slide\" aria-label=\"3 of 7\"><figure class=\"swiper-slide-inner\"><img decoding=\"async\" class=\"swiper-slide-image\" src=\"https:\/\/rutatayronatours.com\/en\/wp-content\/uploads\/2023\/03\/02_CIUDAD-PERDIDA-MAS-CASCADAS.jpg\" alt=\"02_CIUDAD-PERDIDA-MA\u0301S-CASCADAS\" \/><\/figure><\/div><div class=\"swiper-slide\" role=\"group\" aria-roledescription=\"slide\" aria-label=\"4 of 7\"><figure class=\"swiper-slide-inner\"><img decoding=\"async\" class=\"swiper-slide-image\" src=\"https:\/\/rutatayronatours.com\/en\/wp-content\/uploads\/2023\/03\/03_CIUDAD-PERDIDA-MAS-CASCADAS.jpg\" alt=\"Reserva aqu\u00ed el tour a Ciudad Perdida M\u00e1s Cascadas\" \/><\/figure><\/div><div class=\"swiper-slide\" role=\"group\" aria-roledescription=\"slide\" aria-label=\"5 of 7\"><figure class=\"swiper-slide-inner\"><img decoding=\"async\" class=\"swiper-slide-image\" src=\"https:\/\/rutatayronatours.com\/en\/wp-content\/uploads\/2023\/03\/01_3-Dias-3-Noches.jpg\" alt=\"01_3-Di\u0301as-&amp;-3-Noches\" \/><\/figure><\/div><div class=\"swiper-slide\" role=\"group\" aria-roledescription=\"slide\" aria-label=\"6 of 7\"><figure class=\"swiper-slide-inner\"><img decoding=\"async\" class=\"swiper-slide-image\" src=\"https:\/\/rutatayronatours.com\/en\/wp-content\/uploads\/2023\/03\/02_Cabo-De-La-Vela..jpg\" alt=\"02_Cabo De La Vela.\" \/><\/figure><\/div><div class=\"swiper-slide\" role=\"group\" aria-roledescription=\"slide\" aria-label=\"7 of 7\"><figure class=\"swiper-slide-inner\"><img decoding=\"async\" class=\"swiper-slide-image\" src=\"https:\/\/rutatayronatours.com\/en\/wp-content\/uploads\/2023\/02\/03_Eco-tubbing-Buritaca.jpg\" alt=\"Reserva aqu\u00ed el tour a Don Diego &amp; Ecotubing\" \/><\/figure><\/div>\t\t\t<\/div>\n\t\t\t\t\t\t\t\t\t\t\t\t<div class=\"elementor-swiper-button elementor-swiper-button-prev\" role=\"button\" tabindex=\"0\">\n\t\t\t\t\t\t<i aria-hidden=\"true\" class=\"eicon-chevron-left\"><\/i>\t\t\t\t\t<\/div>\n\t\t\t\t\t<div class=\"elementor-swiper-button elementor-swiper-button-next\" role=\"button\" tabindex=\"0\">\n\t\t\t\t\t\t<i aria-hidden=\"true\" class=\"eicon-chevron-right\"><\/i>\t\t\t\t\t<\/div>\n\t\t\t\t\n\t\t\t\t\t\t\t\t\t<div class=\"swiper-pagination\"><\/div>\n\t\t\t\t\t\t\t\t\t<\/div>\n\t\t\t\t\t\t<\/div>\n\t\t\t\t<\/div>\n\t\t\t\t\t<\/div>\n\t\t<\/div>\n\t\t\t\t<div class=\"elementor-column elementor-col-50 elementor-top-column elementor-element elementor-element-b600727\" data-id=\"b600727\" data-element_type=\"column\" data-e-type=\"column\">\n\t\t\t<div class=\"elementor-widget-wrap elementor-element-populated\">\n\t\t\t\t\t\t<div class=\"elementor-element elementor-element-3ce9dddb elementor-widget elementor-widget-gva-heading-block\" data-id=\"3ce9dddb\" data-element_type=\"widget\" data-e-type=\"widget\" data-widget_type=\"gva-heading-block.default\">\n\t\t\t\t<div class=\"elementor-widget-container\">\n\t\t\t\t\t<div class=\"gva-element-gva-heading-block gva-element\">   <div class=\"align-left style-1 widget gsc-heading box-align-left auto-responsive\">\r\n      <div class=\"content-inner\">\r\n         \r\n                  \r\n                     <div class=\"sub-title\"><span>Learn about us<\/span><\/div>\r\n           \r\n         \r\n                     <h2 class=\"title\">\r\n               <span>Dare to Explore with Ruta Tayrona Tours<\/span>\r\n            <\/h2>\r\n                              <div class=\"title-desc\">We are a travel agency focused on marketing and operating experiences in the various tourist destinations of the Colombian Caribbean.\n\nWe have a large team that works diligently to provide you with the best solution for your trip. We also have a wide network of carefully selected partners that allow us to offer more than 20 different excursions to our visitors.<\/div>\r\n         \r\n                     <div class=\"heading-action\">\r\n               \t\t  <a href=\"https:\/\/ich.unesco.org\/es\/RL\/sistema-de-conocimiento-ancestral-de-los-cuatro-pueblos-indgenas-arhuaco-kankuamo-kogui-y-wiwa-de-la-sierra-nevada-de-santa-marta-01886\" class=\"btn-cta btn-theme \">\r\n\t\t\t <span>Sierra Nevada De Santa Marta <\/span>\r\n\t\t  <\/a>\r\n\r\n\t\t              <\/div>\r\n         \r\n      <\/div>\r\n   <\/div>\r\n<\/div>\t\t\t\t<\/div>\n\t\t\t\t<\/div>\n\t\t\t\t\t<\/div>\n\t\t<\/div>\n\t\t\t\t\t<\/div>\n\t\t<\/section>\n\t\t\t\t<section class=\"elementor-section elementor-top-section elementor-element elementor-element-10ab3be elementor-section-content-middle elementor-section-boxed elementor-section-height-default elementor-section-height-default row-top\" data-id=\"10ab3be\" data-element_type=\"section\" data-e-type=\"section\" data-settings=\"{&quot;background_background&quot;:&quot;classic&quot;}\">\n\t\t\t\t\t\t<div class=\"elementor-container elementor-column-gap-default\">\n\t\t\t\t\t<div class=\"elementor-column elementor-col-33 elementor-top-column elementor-element elementor-element-cf5b63a\" data-id=\"cf5b63a\" data-element_type=\"column\" data-e-type=\"column\">\n\t\t\t<div class=\"elementor-widget-wrap elementor-element-populated\">\n\t\t\t\t\t\t<div class=\"elementor-element elementor-element-8517609 elementor-widget elementor-widget-image\" data-id=\"8517609\" data-element_type=\"widget\" data-e-type=\"widget\" data-widget_type=\"image.default\">\n\t\t\t\t<div class=\"elementor-widget-container\">\n\t\t\t\t\t\t\t\t\t\t\t\t\t\t\t<img fetchpriority=\"high\" decoding=\"async\" width=\"900\" height=\"312\" src=\"https:\/\/rutatayronatours.com\/en\/wp-content\/uploads\/2021\/08\/RTT_03.png\" class=\"attachment-large size-large wp-image-1174\" alt=\"\" srcset=\"https:\/\/rutatayronatours.com\/en\/wp-content\/uploads\/2021\/08\/RTT_03.png 910w, https:\/\/rutatayronatours.com\/en\/wp-content\/uploads\/2021\/08\/RTT_03-600x208.png 600w, https:\/\/rutatayronatours.com\/en\/wp-content\/uploads\/2021\/08\/RTT_03-768x266.png 768w\" sizes=\"(max-width: 900px) 100vw, 900px\" \/>\t\t\t\t\t\t\t\t\t\t\t\t\t\t\t<\/div>\n\t\t\t\t<\/div>\n\t\t\t\t\t<\/div>\n\t\t<\/div>\n\t\t\t\t<div class=\"elementor-column elementor-col-33 elementor-top-column elementor-element elementor-element-2423405\" data-id=\"2423405\" data-element_type=\"column\" data-e-type=\"column\">\n\t\t\t<div class=\"elementor-widget-wrap elementor-element-populated\">\n\t\t\t\t\t\t<div class=\"elementor-element elementor-element-b712415 elementor-widget elementor-widget-text-editor\" data-id=\"b712415\" data-element_type=\"widget\" data-e-type=\"widget\" data-widget_type=\"text-editor.default\">\n\t\t\t\t<div class=\"elementor-widget-container\">\n\t\t\t\t\t\t\t\t\t<h2><span style=\"color: #c79d70;\">Visi\u00f3n<\/span><\/h2>\nImpulsar los atractivos de la zona creando y dise\u00f1ando nuevos destinos con alto potenci  al tur\u00edstico,de tal manera  que seamos generadores de empleo y bienestar en las comunidades que habitan en la regi\u00f3n. Promover el turismo sostenible, preserver las  culturas ancestrales y fomenter la educaci\u00f3n en las zonas de injerencia.\n\t\t\t\t\t\t\t\t<\/div>\n\t\t\t\t<\/div>\n\t\t\t\t\t<\/div>\n\t\t<\/div>\n\t\t\t\t<div class=\"elementor-column elementor-col-33 elementor-top-column elementor-element elementor-element-abd21bd\" data-id=\"abd21bd\" data-element_type=\"column\" data-e-type=\"column\">\n\t\t\t<div class=\"elementor-widget-wrap elementor-element-populated\">\n\t\t\t\t\t\t<div class=\"elementor-element elementor-element-e676d90 elementor-widget elementor-widget-text-editor\" data-id=\"e676d90\" data-element_type=\"widget\" data-e-type=\"widget\" data-widget_type=\"text-editor.default\">\n\t\t\t\t<div class=\"elementor-widget-container\">\n\t\t\t\t\t\t\t\t\t<h2><span style=\"color: #c79d70;\">Misi\u00f3n<\/span><\/h2><p>Brindar a nuestros clientes las mejores experiencias tur\u00edsticas en su visita al caribe colombiano, siendo respetuoso con el medio ambiente y preservando las culturas que habitan en esta regi\u00f3n.<\/p>\t\t\t\t\t\t\t\t<\/div>\n\t\t\t\t<\/div>\n\t\t\t\t\t<\/div>\n\t\t<\/div>\n\t\t\t\t\t<\/div>\n\t\t<\/section>\n\t\t\t\t<section class=\"elementor-section elementor-top-section elementor-element elementor-element-b74e401 bg-row-theme elementor-section-boxed elementor-section-height-default elementor-section-height-default row-top\" data-id=\"b74e401\" data-element_type=\"section\" data-e-type=\"section\" data-settings=\"{&quot;background_background&quot;:&quot;classic&quot;}\">\n\t\t\t\t\t\t<div class=\"elementor-container elementor-column-gap-default\">\n\t\t\t\t\t<div class=\"elementor-column elementor-col-50 elementor-top-column elementor-element elementor-element-8bfc06c\" data-id=\"8bfc06c\" data-element_type=\"column\" data-e-type=\"column\">\n\t\t\t<div class=\"elementor-widget-wrap elementor-element-populated\">\n\t\t\t\t\t\t<div class=\"elementor-element elementor-element-c3d005f elementor-widget elementor-widget-gva-heading-block\" data-id=\"c3d005f\" data-element_type=\"widget\" data-e-type=\"widget\" data-widget_type=\"gva-heading-block.default\">\n\t\t\t\t<div class=\"elementor-widget-container\">\n\t\t\t\t\t<div class=\"gva-element-gva-heading-block gva-element\">   <div class=\"align-left style-1 widget gsc-heading box-align-left auto-responsive\">\r\n      <div class=\"content-inner\">\r\n         \r\n                  \r\n                     <div class=\"sub-title\"><span>Planifica tu viaje con nosotros<\/span><\/div>\r\n           \r\n         \r\n                     <h2 class=\"title\">\r\n               <span>\u00bfListo para un recorrido inolvidable?<\/span>\r\n            <\/h2>\r\n                  \r\n         \r\n      <\/div>\r\n   <\/div>\r\n<\/div>\t\t\t\t<\/div>\n\t\t\t\t<\/div>\n\t\t\t\t\t<\/div>\n\t\t<\/div>\n\t\t\t\t<div class=\"elementor-column elementor-col-50 elementor-top-column elementor-element elementor-element-7263e67\" data-id=\"7263e67\" data-element_type=\"column\" data-e-type=\"column\">\n\t\t\t<div class=\"elementor-widget-wrap elementor-element-populated\">\n\t\t\t\t\t\t<div class=\"elementor-element elementor-element-8d01887 elementor-widget__width-auto elementor-widget elementor-widget-html\" data-id=\"8d01887\" data-element_type=\"widget\" data-e-type=\"widget\" data-widget_type=\"html.default\">\n\t\t\t\t<div class=\"elementor-widget-container\">\n\t\t\t\t\t<a class=\"btn-black btn-medium\" href=\"\/experiencias\/\">\n    Ver experiencias\n<\/a>\t\t\t\t<\/div>\n\t\t\t\t<\/div>\n\t\t\t\t\t<\/div>\n\t\t<\/div>\n\t\t\t\t\t<\/div>\n\t\t<\/section>\n\t\t\t\t<\/div>\n\t\t","protected":false},"excerpt":{"rendered":"<p>Nosotros Home Page We are known for speaking the language of our customers. Learn about us Dare to Explore with Ruta Tayrona Tours We are a travel agency focused on marketing and operating experiences in the various tourist destinations of the Colombian Caribbean. We have a large team that works diligently to provide you with [&hellip;]<\/p>\n","protected":false},"author":6,"featured_media":0,"parent":0,"menu_order":0,"comment_status":"closed","ping_status":"closed","template":"","meta":{"footnotes":""},"class_list":["post-1071","page","type-page","status-publish","hentry"],"yoast_head":"<!-- This site is optimized with the Yoast SEO plugin v27.2 - https:\/\/yoast.com\/product\/yoast-seo-wordpress\/ -->\n<title>About us - Ruta Tayrona Tours<\/title>\n<meta name=\"description\" content=\"Nosotros Ruta Tayrona Tours somos una agencias operadora en la Ciudad de Santa Marta de nuestra mano podras vivir las mejores experiencias.\" \/>\n<meta name=\"robots\" content=\"index, follow, max-snippet:-1, max-image-preview:large, max-video-preview:-1\" \/>\n<link rel=\"canonical\" href=\"https:\/\/rutatayronatours.com\/en\/about-us\/\" \/>\n<meta property=\"og:locale\" content=\"en_US\" \/>\n<meta property=\"og:type\" content=\"article\" \/>\n<meta property=\"og:title\" content=\"About us - Ruta Tayrona Tours\" \/>\n<meta property=\"og:description\" content=\"Nosotros Ruta Tayrona Tours somos una agencias operadora en la Ciudad de Santa Marta de nuestra mano podras vivir las mejores experiencias.\" \/>\n<meta property=\"og:url\" content=\"https:\/\/rutatayronatours.com\/en\/about-us\/\" \/>\n<meta property=\"og:site_name\" content=\"Ruta Tayrona Tours\" \/>\n<meta property=\"article:publisher\" content=\"https:\/\/www.facebook.com\/riomolinotours2\" \/>\n<meta property=\"article:modified_time\" content=\"2026-03-21T15:59:46+00:00\" \/>\n<meta property=\"og:image\" content=\"https:\/\/rutatayronatours.com\/en\/wp-content\/uploads\/2023\/03\/02_Playa-Cabo-San-Juan-y-Pueblito-Tayku.jpg\" \/>\n<meta name=\"twitter:card\" content=\"summary_large_image\" \/>\n<meta name=\"twitter:label1\" content=\"Est. reading time\" \/>\n\t<meta name=\"twitter:data1\" content=\"3 minutes\" \/>\n<script type=\"application\/ld+json\" class=\"yoast-schema-graph\">{\"@context\":\"https:\/\/schema.org\",\"@graph\":[{\"@type\":\"WebPage\",\"@id\":\"https:\/\/rutatayronatours.com\/en\/about-us\/\",\"url\":\"https:\/\/rutatayronatours.com\/en\/about-us\/\",\"name\":\"About us - Ruta Tayrona Tours\",\"isPartOf\":{\"@id\":\"https:\/\/rutatayronatours.com\/en\/#website\"},\"primaryImageOfPage\":{\"@id\":\"https:\/\/rutatayronatours.com\/en\/about-us\/#primaryimage\"},\"image\":{\"@id\":\"https:\/\/rutatayronatours.com\/en\/about-us\/#primaryimage\"},\"thumbnailUrl\":\"https:\/\/rutatayronatours.com\/en\/wp-content\/uploads\/2023\/03\/02_Playa-Cabo-San-Juan-y-Pueblito-Tayku.jpg\",\"datePublished\":\"2020-12-08T03:53:12+00:00\",\"dateModified\":\"2026-03-21T15:59:46+00:00\",\"description\":\"Nosotros Ruta Tayrona Tours somos una agencias operadora en la Ciudad de Santa Marta de nuestra mano podras vivir las mejores experiencias.\",\"breadcrumb\":{\"@id\":\"https:\/\/rutatayronatours.com\/en\/about-us\/#breadcrumb\"},\"inLanguage\":\"en-US\",\"potentialAction\":[{\"@type\":\"ReadAction\",\"target\":[\"https:\/\/rutatayronatours.com\/en\/about-us\/\"]}]},{\"@type\":\"ImageObject\",\"inLanguage\":\"en-US\",\"@id\":\"https:\/\/rutatayronatours.com\/en\/about-us\/#primaryimage\",\"url\":\"https:\/\/rutatayronatours.com\/en\/wp-content\/uploads\/2023\/03\/02_Playa-Cabo-San-Juan-y-Pueblito-Tayku.jpg\",\"contentUrl\":\"https:\/\/rutatayronatours.com\/en\/wp-content\/uploads\/2023\/03\/02_Playa-Cabo-San-Juan-y-Pueblito-Tayku.jpg\",\"width\":1200,\"height\":1200},{\"@type\":\"BreadcrumbList\",\"@id\":\"https:\/\/rutatayronatours.com\/en\/about-us\/#breadcrumb\",\"itemListElement\":[{\"@type\":\"ListItem\",\"position\":1,\"name\":\"Portada\",\"item\":\"https:\/\/rutatayronatours.com\/en\/\"},{\"@type\":\"ListItem\",\"position\":2,\"name\":\"About us\"}]},{\"@type\":\"WebSite\",\"@id\":\"https:\/\/rutatayronatours.com\/en\/#website\",\"url\":\"https:\/\/rutatayronatours.com\/en\/\",\"name\":\"Ruta Tayrona Tours\",\"description\":\"Experiencias y tours del caribe Colombiano\",\"publisher\":{\"@id\":\"https:\/\/rutatayronatours.com\/en\/#organization\"},\"potentialAction\":[{\"@type\":\"SearchAction\",\"target\":{\"@type\":\"EntryPoint\",\"urlTemplate\":\"https:\/\/rutatayronatours.com\/en\/?s={search_term_string}\"},\"query-input\":{\"@type\":\"PropertyValueSpecification\",\"valueRequired\":true,\"valueName\":\"search_term_string\"}}],\"inLanguage\":\"en-US\"},{\"@type\":\"Organization\",\"@id\":\"https:\/\/rutatayronatours.com\/en\/#organization\",\"name\":\"Ruta Tayrona Tours\",\"url\":\"https:\/\/rutatayronatours.com\/en\/\",\"logo\":{\"@type\":\"ImageObject\",\"inLanguage\":\"en-US\",\"@id\":\"https:\/\/rutatayronatours.com\/en\/#\/schema\/logo\/image\/\",\"url\":\"https:\/\/rutatayronatours.com\/en\/wp-content\/uploads\/2023\/02\/Ruta-Tayrona-Tours.png\",\"contentUrl\":\"https:\/\/rutatayronatours.com\/en\/wp-content\/uploads\/2023\/02\/Ruta-Tayrona-Tours.png\",\"width\":348,\"height\":85,\"caption\":\"Ruta Tayrona Tours\"},\"image\":{\"@id\":\"https:\/\/rutatayronatours.com\/en\/#\/schema\/logo\/image\/\"},\"sameAs\":[\"https:\/\/www.facebook.com\/riomolinotours2\",\"https:\/\/www.instagram.com\/rutatayronatours\/\",\"https:\/\/api.whatsapp.com\/send?phone=573145502928\"]}]}<\/script>\n<!-- \/ Yoast SEO plugin. -->","yoast_head_json":{"title":"About us - Ruta Tayrona Tours","description":"Nosotros Ruta Tayrona Tours somos una agencias operadora en la Ciudad de Santa Marta de nuestra mano podras vivir las mejores experiencias.","robots":{"index":"index","follow":"follow","max-snippet":"max-snippet:-1","max-image-preview":"max-image-preview:large","max-video-preview":"max-video-preview:-1"},"canonical":"https:\/\/rutatayronatours.com\/en\/about-us\/","og_locale":"en_US","og_type":"article","og_title":"About us - Ruta Tayrona Tours","og_description":"Nosotros Ruta Tayrona Tours somos una agencias operadora en la Ciudad de Santa Marta de nuestra mano podras vivir las mejores experiencias.","og_url":"https:\/\/rutatayronatours.com\/en\/about-us\/","og_site_name":"Ruta Tayrona Tours","article_publisher":"https:\/\/www.facebook.com\/riomolinotours2","article_modified_time":"2026-03-21T15:59:46+00:00","og_image":[{"url":"https:\/\/rutatayronatours.com\/en\/wp-content\/uploads\/2023\/03\/02_Playa-Cabo-San-Juan-y-Pueblito-Tayku.jpg","type":"","width":"","height":""}],"twitter_card":"summary_large_image","twitter_misc":{"Est. reading time":"3 minutes"},"schema":{"@context":"https:\/\/schema.org","@graph":[{"@type":"WebPage","@id":"https:\/\/rutatayronatours.com\/en\/about-us\/","url":"https:\/\/rutatayronatours.com\/en\/about-us\/","name":"About us - Ruta Tayrona Tours","isPartOf":{"@id":"https:\/\/rutatayronatours.com\/en\/#website"},"primaryImageOfPage":{"@id":"https:\/\/rutatayronatours.com\/en\/about-us\/#primaryimage"},"image":{"@id":"https:\/\/rutatayronatours.com\/en\/about-us\/#primaryimage"},"thumbnailUrl":"https:\/\/rutatayronatours.com\/en\/wp-content\/uploads\/2023\/03\/02_Playa-Cabo-San-Juan-y-Pueblito-Tayku.jpg","datePublished":"2020-12-08T03:53:12+00:00","dateModified":"2026-03-21T15:59:46+00:00","description":"Nosotros Ruta Tayrona Tours somos una agencias operadora en la Ciudad de Santa Marta de nuestra mano podras vivir las mejores experiencias.","breadcrumb":{"@id":"https:\/\/rutatayronatours.com\/en\/about-us\/#breadcrumb"},"inLanguage":"en-US","potentialAction":[{"@type":"ReadAction","target":["https:\/\/rutatayronatours.com\/en\/about-us\/"]}]},{"@type":"ImageObject","inLanguage":"en-US","@id":"https:\/\/rutatayronatours.com\/en\/about-us\/#primaryimage","url":"https:\/\/rutatayronatours.com\/en\/wp-content\/uploads\/2023\/03\/02_Playa-Cabo-San-Juan-y-Pueblito-Tayku.jpg","contentUrl":"https:\/\/rutatayronatours.com\/en\/wp-content\/uploads\/2023\/03\/02_Playa-Cabo-San-Juan-y-Pueblito-Tayku.jpg","width":1200,"height":1200},{"@type":"BreadcrumbList","@id":"https:\/\/rutatayronatours.com\/en\/about-us\/#breadcrumb","itemListElement":[{"@type":"ListItem","position":1,"name":"Portada","item":"https:\/\/rutatayronatours.com\/en\/"},{"@type":"ListItem","position":2,"name":"About us"}]},{"@type":"WebSite","@id":"https:\/\/rutatayronatours.com\/en\/#website","url":"https:\/\/rutatayronatours.com\/en\/","name":"Ruta Tayrona Tours","description":"Experiencias y tours del caribe Colombiano","publisher":{"@id":"https:\/\/rutatayronatours.com\/en\/#organization"},"potentialAction":[{"@type":"SearchAction","target":{"@type":"EntryPoint","urlTemplate":"https:\/\/rutatayronatours.com\/en\/?s={search_term_string}"},"query-input":{"@type":"PropertyValueSpecification","valueRequired":true,"valueName":"search_term_string"}}],"inLanguage":"en-US"},{"@type":"Organization","@id":"https:\/\/rutatayronatours.com\/en\/#organization","name":"Ruta Tayrona Tours","url":"https:\/\/rutatayronatours.com\/en\/","logo":{"@type":"ImageObject","inLanguage":"en-US","@id":"https:\/\/rutatayronatours.com\/en\/#\/schema\/logo\/image\/","url":"https:\/\/rutatayronatours.com\/en\/wp-content\/uploads\/2023\/02\/Ruta-Tayrona-Tours.png","contentUrl":"https:\/\/rutatayronatours.com\/en\/wp-content\/uploads\/2023\/02\/Ruta-Tayrona-Tours.png","width":348,"height":85,"caption":"Ruta Tayrona Tours"},"image":{"@id":"https:\/\/rutatayronatours.com\/en\/#\/schema\/logo\/image\/"},"sameAs":["https:\/\/www.facebook.com\/riomolinotours2","https:\/\/www.instagram.com\/rutatayronatours\/","https:\/\/api.whatsapp.com\/send?phone=573145502928"]}]}},"jetpack_sharing_enabled":true,"_links":{"self":[{"href":"https:\/\/rutatayronatours.com\/en\/wp-json\/wp\/v2\/pages\/1071","targetHints":{"allow":["GET"]}}],"collection":[{"href":"https:\/\/rutatayronatours.com\/en\/wp-json\/wp\/v2\/pages"}],"about":[{"href":"https:\/\/rutatayronatours.com\/en\/wp-json\/wp\/v2\/types\/page"}],"author":[{"embeddable":true,"href":"https:\/\/rutatayronatours.com\/en\/wp-json\/wp\/v2\/users\/6"}],"replies":[{"embeddable":true,"href":"https:\/\/rutatayronatours.com\/en\/wp-json\/wp\/v2\/comments?post=1071"}],"version-history":[{"count":33,"href":"https:\/\/rutatayronatours.com\/en\/wp-json\/wp\/v2\/pages\/1071\/revisions"}],"predecessor-version":[{"id":6087,"href":"https:\/\/rutatayronatours.com\/en\/wp-json\/wp\/v2\/pages\/1071\/revisions\/6087"}],"wp:attachment":[{"href":"https:\/\/rutatayronatours.com\/en\/wp-json\/wp\/v2\/media?parent=1071"}],"curies":[{"name":"wp","href":"https:\/\/api.w.org\/{rel}","templated":true}]}}