{"id":3379,"date":"2024-01-10T11:13:25","date_gmt":"2024-01-10T16:13:25","guid":{"rendered":"https:\/\/rutatayronatours.com\/en\/?page_id=3379"},"modified":"2024-01-10T11:23:10","modified_gmt":"2024-01-10T16:23:10","slug":"transport","status":"publish","type":"page","link":"https:\/\/rutatayronatours.com\/en\/transport\/","title":{"rendered":"Transport"},"content":{"rendered":"\t\t<div data-elementor-type=\"wp-page\" data-elementor-id=\"3379\" class=\"elementor elementor-3379\">\n\t\t\t\t\t\t<section class=\"elementor-section elementor-top-section elementor-element elementor-element-6d4bfef4 elementor-section-full_width elementor-section-height-default elementor-section-height-default row-top\" data-id=\"6d4bfef4\" data-element_type=\"section\" data-e-type=\"section\">\n\t\t\t\t\t\t<div class=\"elementor-container elementor-column-gap-default\">\n\t\t\t\t\t<div class=\"elementor-column elementor-col-100 elementor-top-column elementor-element elementor-element-19b45a9c\" data-id=\"19b45a9c\" data-element_type=\"column\" data-e-type=\"column\">\n\t\t\t<div class=\"elementor-widget-wrap elementor-element-populated\">\n\t\t\t\t\t\t<div class=\"elementor-element elementor-element-3f5b7b8a elementor-widget elementor-widget-gva_post_breadcrumb\" data-id=\"3f5b7b8a\" data-element_type=\"widget\" data-e-type=\"widget\" data-widget_type=\"gva_post_breadcrumb.default\">\n\t\t\t\t<div class=\"elementor-widget-container\">\n\t\t\t\t\t<div class=\"gva-element-gva_post_breadcrumb gva-element\">   \r\n<div class=\"post-breadcrumb\">\r\n   <div class=\"custom-breadcrumb \" >\r\n            <div class=\"breadcrumb-main\">\r\n        <div class=\"container\">\r\n          <div class=\"breadcrumb-container-inner\">\r\n            <h2 class=\"heading-title\">Transport<\/h2><ol class=\"breadcrumb\"><li><a href=\"https:\/\/rutatayronatours.com\/en\">Home<\/a> <\/li> <li class=\"active\">Page<\/li><\/ol>          <\/div>  \r\n        <\/div>   \r\n      <\/div>  \r\n   <\/div>\r\n<\/div>      \r\n\r\n<\/div>\t\t\t\t<\/div>\n\t\t\t\t<\/div>\n\t\t\t\t\t<\/div>\n\t\t<\/div>\n\t\t\t\t\t<\/div>\n\t\t<\/section>\n\t\t\t\t<section class=\"elementor-section elementor-top-section elementor-element elementor-element-3eea3671 elementor-section-content-middle elementor-section-boxed elementor-section-height-default elementor-section-height-default row-top\" data-id=\"3eea3671\" data-element_type=\"section\" data-e-type=\"section\" data-settings=\"{&quot;background_background&quot;:&quot;classic&quot;}\">\n\t\t\t\t\t\t\t<div class=\"elementor-background-overlay\"><\/div>\n\t\t\t\t\t\t\t<div class=\"elementor-container elementor-column-gap-default\">\n\t\t\t\t\t<div class=\"elementor-column elementor-col-50 elementor-top-column elementor-element elementor-element-5d170c7c\" data-id=\"5d170c7c\" data-element_type=\"column\" data-e-type=\"column\">\n\t\t\t<div class=\"elementor-widget-wrap elementor-element-populated\">\n\t\t\t\t\t\t<div class=\"elementor-element elementor-element-36e6fdca elementor-widget elementor-widget-gva-heading-block\" data-id=\"36e6fdca\" data-element_type=\"widget\" data-e-type=\"widget\" data-widget_type=\"gva-heading-block.default\">\n\t\t\t\t<div class=\"elementor-widget-container\">\n\t\t\t\t\t<div class=\"gva-element-gva-heading-block gva-element\">   <div class=\"align-left style-1 widget gsc-heading box-align-left auto-responsive\">\r\n      <div class=\"content-inner\">\r\n         \r\n                  \r\n           \r\n         \r\n                     <h2 class=\"title\">\r\n               <span>Dare to Explore with Ruta Tayrona Tours<\/span>\r\n            <\/h2>\r\n                              <div class=\"title-desc\">Private transportation service that consists of transporting the client from one point to another by land, in which you can choose different types of vehicles depending on the number of people who make up your trip.<\/div>\r\n         \r\n         \r\n      <\/div>\r\n   <\/div>\r\n<\/div>\t\t\t\t<\/div>\n\t\t\t\t<\/div>\n\t\t\t\t\t<\/div>\n\t\t<\/div>\n\t\t\t\t<div class=\"elementor-column elementor-col-50 elementor-top-column elementor-element elementor-element-1b0d6049\" data-id=\"1b0d6049\" data-element_type=\"column\" data-e-type=\"column\">\n\t\t\t<div class=\"elementor-widget-wrap elementor-element-populated\">\n\t\t\t\t\t\t<section class=\"elementor-section elementor-inner-section elementor-element elementor-element-15aa2c6c elementor-section-boxed elementor-section-height-default elementor-section-height-default row-top\" data-id=\"15aa2c6c\" data-element_type=\"section\" data-e-type=\"section\">\n\t\t\t\t\t\t<div class=\"elementor-container elementor-column-gap-default\">\n\t\t\t\t\t<div class=\"elementor-column elementor-col-33 elementor-inner-column elementor-element elementor-element-5d6bf869\" data-id=\"5d6bf869\" data-element_type=\"column\" data-e-type=\"column\">\n\t\t\t<div class=\"elementor-widget-wrap elementor-element-populated\">\n\t\t\t\t\t\t<div class=\"elementor-element elementor-element-cf9aaa8 elementor-widget elementor-widget-image\" data-id=\"cf9aaa8\" data-element_type=\"widget\" data-e-type=\"widget\" data-widget_type=\"image.default\">\n\t\t\t\t<div class=\"elementor-widget-container\">\n\t\t\t\t\t\t\t\t\t\t\t\t\t\t\t<img fetchpriority=\"high\" decoding=\"async\" width=\"650\" height=\"426\" src=\"https:\/\/rutatayronatours.com\/en\/wp-content\/uploads\/2024\/01\/650-5.jpg\" class=\"attachment-large size-large wp-image-3382\" alt=\"\" \/>\t\t\t\t\t\t\t\t\t\t\t\t\t\t\t<\/div>\n\t\t\t\t<\/div>\n\t\t\t\t<div class=\"elementor-element elementor-element-121b937f elementor-align-center elementor-widget elementor-widget-button\" data-id=\"121b937f\" data-element_type=\"widget\" data-e-type=\"widget\" data-widget_type=\"button.default\">\n\t\t\t\t<div class=\"elementor-widget-container\">\n\t\t\t\t\t\t\t\t\t<div class=\"elementor-button-wrapper\">\n\t\t\t\t\t<a class=\"elementor-button elementor-button-link elementor-size-sm\" href=\"https:\/\/rutatayronatours.com\/en\/product-category\/transportation-rates\/\" target=\"_blank\">\n\t\t\t\t\t\t<span class=\"elementor-button-content-wrapper\">\n\t\t\t\t\t\t\t\t\t<span class=\"elementor-button-text\">See Land Transportation<\/span>\n\t\t\t\t\t<\/span>\n\t\t\t\t\t<\/a>\n\t\t\t\t<\/div>\n\t\t\t\t\t\t\t\t<\/div>\n\t\t\t\t<\/div>\n\t\t\t\t\t<\/div>\n\t\t<\/div>\n\t\t\t\t<div class=\"elementor-column elementor-col-33 elementor-inner-column elementor-element elementor-element-a20f85f\" data-id=\"a20f85f\" data-element_type=\"column\" data-e-type=\"column\">\n\t\t\t<div class=\"elementor-widget-wrap elementor-element-populated\">\n\t\t\t\t\t\t<div class=\"elementor-element elementor-element-79794826 elementor-widget elementor-widget-image\" data-id=\"79794826\" data-element_type=\"widget\" data-e-type=\"widget\" data-widget_type=\"image.default\">\n\t\t\t\t<div class=\"elementor-widget-container\">\n\t\t\t\t\t\t\t\t\t\t\t\t\t\t\t<img decoding=\"async\" width=\"325\" height=\"202\" src=\"https:\/\/rutatayronatours.com\/en\/wp-content\/uploads\/2024\/01\/325-7.jpg\" class=\"attachment-large size-large wp-image-3383\" alt=\"\" \/>\t\t\t\t\t\t\t\t\t\t\t\t\t\t\t<\/div>\n\t\t\t\t<\/div>\n\t\t\t\t<div class=\"elementor-element elementor-element-58e2ee5b elementor-align-center elementor-widget elementor-widget-button\" data-id=\"58e2ee5b\" data-element_type=\"widget\" data-e-type=\"widget\" data-widget_type=\"button.default\">\n\t\t\t\t<div class=\"elementor-widget-container\">\n\t\t\t\t\t\t\t\t\t<div class=\"elementor-button-wrapper\">\n\t\t\t\t\t<a class=\"elementor-button elementor-button-link elementor-size-sm\" href=\"https:\/\/rutatayronatours.com\/en\/product-category\/transporte-santa-marta\/\" target=\"_blank\">\n\t\t\t\t\t\t<span class=\"elementor-button-content-wrapper\">\n\t\t\t\t\t\t\t\t\t<span class=\"elementor-button-text\">See Transportation Santa Marta<\/span>\n\t\t\t\t\t<\/span>\n\t\t\t\t\t<\/a>\n\t\t\t\t<\/div>\n\t\t\t\t\t\t\t\t<\/div>\n\t\t\t\t<\/div>\n\t\t\t\t\t<\/div>\n\t\t<\/div>\n\t\t\t\t<div class=\"elementor-column elementor-col-33 elementor-inner-column elementor-element elementor-element-17be84c3\" data-id=\"17be84c3\" data-element_type=\"column\" data-e-type=\"column\">\n\t\t\t<div class=\"elementor-widget-wrap elementor-element-populated\">\n\t\t\t\t\t\t<div class=\"elementor-element elementor-element-32dd4ba7 elementor-widget elementor-widget-image\" data-id=\"32dd4ba7\" data-element_type=\"widget\" data-e-type=\"widget\" data-widget_type=\"image.default\">\n\t\t\t\t<div class=\"elementor-widget-container\">\n\t\t\t\t\t\t\t\t\t\t\t\t\t\t\t<img decoding=\"async\" width=\"900\" height=\"600\" src=\"https:\/\/rutatayronatours.com\/en\/wp-content\/uploads\/2024\/01\/Tour-dos-playas-3-1024x683.png\" class=\"attachment-large size-large wp-image-3384\" alt=\"\" srcset=\"https:\/\/rutatayronatours.com\/en\/wp-content\/uploads\/2024\/01\/Tour-dos-playas-3-1024x683.png 1024w, https:\/\/rutatayronatours.com\/en\/wp-content\/uploads\/2024\/01\/Tour-dos-playas-3-768x512.png 768w, https:\/\/rutatayronatours.com\/en\/wp-content\/uploads\/2024\/01\/Tour-dos-playas-3.png 1200w\" sizes=\"(max-width: 900px) 100vw, 900px\" \/>\t\t\t\t\t\t\t\t\t\t\t\t\t\t\t<\/div>\n\t\t\t\t<\/div>\n\t\t\t\t<div class=\"elementor-element elementor-element-2b42806e elementor-align-center elementor-widget elementor-widget-button\" data-id=\"2b42806e\" data-element_type=\"widget\" data-e-type=\"widget\" data-widget_type=\"button.default\">\n\t\t\t\t<div class=\"elementor-widget-container\">\n\t\t\t\t\t\t\t\t\t<div class=\"elementor-button-wrapper\">\n\t\t\t\t\t<a class=\"elementor-button elementor-button-link elementor-size-sm\" href=\"https:\/\/rutatayronatours.com\/en\/product-category\/transporte-maritimo\/\" target=\"_blank\">\n\t\t\t\t\t\t<span class=\"elementor-button-content-wrapper\">\n\t\t\t\t\t\t\t\t\t<span class=\"elementor-button-text\">See Maritime Transport<\/span>\n\t\t\t\t\t<\/span>\n\t\t\t\t\t<\/a>\n\t\t\t\t<\/div>\n\t\t\t\t\t\t\t\t<\/div>\n\t\t\t\t<\/div>\n\t\t\t\t\t<\/div>\n\t\t<\/div>\n\t\t\t\t\t<\/div>\n\t\t<\/section>\n\t\t\t\t\t<\/div>\n\t\t<\/div>\n\t\t\t\t\t<\/div>\n\t\t<\/section>\n\t\t\t\t<section class=\"elementor-section elementor-top-section elementor-element elementor-element-201d25b4 elementor-section-content-middle elementor-section-boxed elementor-section-height-default elementor-section-height-default row-top\" data-id=\"201d25b4\" data-element_type=\"section\" data-e-type=\"section\" data-settings=\"{&quot;background_background&quot;:&quot;classic&quot;}\">\n\t\t\t\t\t\t<div class=\"elementor-container elementor-column-gap-default\">\n\t\t\t\t\t<div class=\"elementor-column elementor-col-33 elementor-top-column elementor-element elementor-element-3aead4b6\" data-id=\"3aead4b6\" data-element_type=\"column\" data-e-type=\"column\">\n\t\t\t<div class=\"elementor-widget-wrap elementor-element-populated\">\n\t\t\t\t\t\t<div class=\"elementor-element elementor-element-3e905e3e elementor-widget elementor-widget-image\" data-id=\"3e905e3e\" data-element_type=\"widget\" data-e-type=\"widget\" data-widget_type=\"image.default\">\n\t\t\t\t<div class=\"elementor-widget-container\">\n\t\t\t\t\t\t\t\t\t\t\t\t\t\t\t<img loading=\"lazy\" decoding=\"async\" width=\"900\" height=\"312\" src=\"https:\/\/rutatayronatours.com\/en\/wp-content\/uploads\/2024\/01\/RTT_03.png\" class=\"attachment-large size-large wp-image-3386\" alt=\"\" srcset=\"https:\/\/rutatayronatours.com\/en\/wp-content\/uploads\/2024\/01\/RTT_03.png 910w, https:\/\/rutatayronatours.com\/en\/wp-content\/uploads\/2024\/01\/RTT_03-768x266.png 768w\" sizes=\"(max-width: 900px) 100vw, 900px\" \/>\t\t\t\t\t\t\t\t\t\t\t\t\t\t\t<\/div>\n\t\t\t\t<\/div>\n\t\t\t\t\t<\/div>\n\t\t<\/div>\n\t\t\t\t<div class=\"elementor-column elementor-col-33 elementor-top-column elementor-element elementor-element-3492d4f6\" data-id=\"3492d4f6\" data-element_type=\"column\" data-e-type=\"column\">\n\t\t\t<div class=\"elementor-widget-wrap elementor-element-populated\">\n\t\t\t\t\t\t<div class=\"elementor-element elementor-element-7083e57c elementor-widget elementor-widget-text-editor\" data-id=\"7083e57c\" data-element_type=\"widget\" data-e-type=\"widget\" data-widget_type=\"text-editor.default\">\n\t\t\t\t<div class=\"elementor-widget-container\">\n\t\t\t\t\t\t\t\t\t<h2><span style=\"color: #c79d70;\">Visi\u00f3n<\/span><\/h2>\nImpulsar los atractivos de la zona creando y dise\u00f1ando nuevos destinos con alto potenci  al tur\u00edstico,de tal manera  que seamos generadores de empleo y bienestar en las comunidades que habitan en la regi\u00f3n. Promover el turismo sostenible, preserver las  culturas ancestrales y fomenter la educaci\u00f3n en las zonas de injerencia.\n\t\t\t\t\t\t\t\t<\/div>\n\t\t\t\t<\/div>\n\t\t\t\t\t<\/div>\n\t\t<\/div>\n\t\t\t\t<div class=\"elementor-column elementor-col-33 elementor-top-column elementor-element elementor-element-88d3486\" data-id=\"88d3486\" data-element_type=\"column\" data-e-type=\"column\">\n\t\t\t<div class=\"elementor-widget-wrap elementor-element-populated\">\n\t\t\t\t\t\t<div class=\"elementor-element elementor-element-769c2f09 elementor-widget elementor-widget-text-editor\" data-id=\"769c2f09\" data-element_type=\"widget\" data-e-type=\"widget\" data-widget_type=\"text-editor.default\">\n\t\t\t\t<div class=\"elementor-widget-container\">\n\t\t\t\t\t\t\t\t\t<h2><span style=\"color: #c79d70;\">Misi\u00f3n<\/span><\/h2><p>Brindar a nuestros clientes las mejores experiencias tur\u00edsticas en su visita al caribe colombiano, siendo respetuoso con el medio ambiente y preservando las culturas que habitan en esta regi\u00f3n.<\/p>\t\t\t\t\t\t\t\t<\/div>\n\t\t\t\t<\/div>\n\t\t\t\t\t<\/div>\n\t\t<\/div>\n\t\t\t\t\t<\/div>\n\t\t<\/section>\n\t\t\t\t<section class=\"elementor-section elementor-top-section elementor-element elementor-element-3e20ea06 bg-row-theme elementor-section-boxed elementor-section-height-default elementor-section-height-default row-top\" data-id=\"3e20ea06\" data-element_type=\"section\" data-e-type=\"section\" data-settings=\"{&quot;background_background&quot;:&quot;classic&quot;}\">\n\t\t\t\t\t\t<div class=\"elementor-container elementor-column-gap-default\">\n\t\t\t\t\t<div class=\"elementor-column elementor-col-50 elementor-top-column elementor-element elementor-element-1e92c386\" data-id=\"1e92c386\" data-element_type=\"column\" data-e-type=\"column\">\n\t\t\t<div class=\"elementor-widget-wrap elementor-element-populated\">\n\t\t\t\t\t\t<div class=\"elementor-element elementor-element-68b1c780 elementor-widget elementor-widget-gva-heading-block\" data-id=\"68b1c780\" data-element_type=\"widget\" data-e-type=\"widget\" data-widget_type=\"gva-heading-block.default\">\n\t\t\t\t<div class=\"elementor-widget-container\">\n\t\t\t\t\t<div class=\"gva-element-gva-heading-block gva-element\">   <div class=\"align-left style-1 widget gsc-heading box-align-left auto-responsive\">\r\n      <div class=\"content-inner\">\r\n         \r\n                  \r\n                     <div class=\"sub-title\"><span>Planifica tu viaje con nosotros<\/span><\/div>\r\n           \r\n         \r\n                     <h2 class=\"title\">\r\n               <span>\u00bfListo para un recorrido inolvidable?<\/span>\r\n            <\/h2>\r\n                  \r\n         \r\n      <\/div>\r\n   <\/div>\r\n<\/div>\t\t\t\t<\/div>\n\t\t\t\t<\/div>\n\t\t\t\t\t<\/div>\n\t\t<\/div>\n\t\t\t\t<div class=\"elementor-column elementor-col-50 elementor-top-column elementor-element elementor-element-5db4b946\" data-id=\"5db4b946\" data-element_type=\"column\" data-e-type=\"column\">\n\t\t\t<div class=\"elementor-widget-wrap elementor-element-populated\">\n\t\t\t\t\t\t<div class=\"elementor-element elementor-element-593088af elementor-widget__width-auto elementor-widget elementor-widget-html\" data-id=\"593088af\" data-element_type=\"widget\" data-e-type=\"widget\" data-widget_type=\"html.default\">\n\t\t\t\t<div class=\"elementor-widget-container\">\n\t\t\t\t\t<a class=\"btn-black btn-medium\" href=\"\/experiencias\/\">\n    Ver experiencias\n<\/a>\t\t\t\t<\/div>\n\t\t\t\t<\/div>\n\t\t\t\t\t<\/div>\n\t\t<\/div>\n\t\t\t\t\t<\/div>\n\t\t<\/section>\n\t\t\t\t<\/div>\n\t\t","protected":false},"excerpt":{"rendered":"<p>Transport Home Page Dare to Explore with Ruta Tayrona Tours Private transportation service that consists of transporting the client from one point to another by land, in which you can choose different types of vehicles depending on the number of people who make up your trip. See Land Transportation See Transportation Santa Marta See Maritime [&hellip;]<\/p>\n","protected":false},"author":6,"featured_media":0,"parent":0,"menu_order":0,"comment_status":"closed","ping_status":"closed","template":"","meta":{"footnotes":""},"class_list":["post-3379","page","type-page","status-publish","hentry"],"yoast_head":"<!-- This site is optimized with the Yoast SEO plugin v27.2 - https:\/\/yoast.com\/product\/yoast-seo-wordpress\/ -->\n<title>Transport - Ruta Tayrona Tours<\/title>\n<meta name=\"robots\" content=\"index, follow, max-snippet:-1, max-image-preview:large, max-video-preview:-1\" \/>\n<link rel=\"canonical\" href=\"https:\/\/rutatayronatours.com\/en\/transport\/\" \/>\n<meta property=\"og:locale\" content=\"en_US\" \/>\n<meta property=\"og:type\" content=\"article\" \/>\n<meta property=\"og:title\" content=\"Transport - Ruta Tayrona Tours\" \/>\n<meta property=\"og:description\" content=\"Transport Home Page Dare to Explore with Ruta Tayrona Tours Private transportation service that consists of transporting the client from one point to another by land, in which you can choose different types of vehicles depending on the number of people who make up your trip. See Land Transportation See Transportation Santa Marta See Maritime [&hellip;]\" \/>\n<meta property=\"og:url\" content=\"https:\/\/rutatayronatours.com\/en\/transport\/\" \/>\n<meta property=\"og:site_name\" content=\"Ruta Tayrona Tours\" \/>\n<meta property=\"article:publisher\" content=\"https:\/\/www.facebook.com\/riomolinotours2\" \/>\n<meta property=\"article:modified_time\" content=\"2024-01-10T16:23:10+00:00\" \/>\n<meta property=\"og:image\" content=\"https:\/\/rutatayronatours.com\/en\/wp-content\/uploads\/2024\/01\/650-5.jpg\" \/>\n<meta name=\"twitter:card\" content=\"summary_large_image\" \/>\n<meta name=\"twitter:label1\" content=\"Est. reading time\" \/>\n\t<meta name=\"twitter:data1\" content=\"2 minutes\" \/>\n<script type=\"application\/ld+json\" class=\"yoast-schema-graph\">{\"@context\":\"https:\/\/schema.org\",\"@graph\":[{\"@type\":\"WebPage\",\"@id\":\"https:\/\/rutatayronatours.com\/en\/transport\/\",\"url\":\"https:\/\/rutatayronatours.com\/en\/transport\/\",\"name\":\"Transport - Ruta Tayrona Tours\",\"isPartOf\":{\"@id\":\"https:\/\/rutatayronatours.com\/en\/#website\"},\"primaryImageOfPage\":{\"@id\":\"https:\/\/rutatayronatours.com\/en\/transport\/#primaryimage\"},\"image\":{\"@id\":\"https:\/\/rutatayronatours.com\/en\/transport\/#primaryimage\"},\"thumbnailUrl\":\"https:\/\/rutatayronatours.com\/en\/wp-content\/uploads\/2024\/01\/650-5.jpg\",\"datePublished\":\"2024-01-10T16:13:25+00:00\",\"dateModified\":\"2024-01-10T16:23:10+00:00\",\"breadcrumb\":{\"@id\":\"https:\/\/rutatayronatours.com\/en\/transport\/#breadcrumb\"},\"inLanguage\":\"en-US\",\"potentialAction\":[{\"@type\":\"ReadAction\",\"target\":[\"https:\/\/rutatayronatours.com\/en\/transport\/\"]}]},{\"@type\":\"ImageObject\",\"inLanguage\":\"en-US\",\"@id\":\"https:\/\/rutatayronatours.com\/en\/transport\/#primaryimage\",\"url\":\"https:\/\/rutatayronatours.com\/en\/wp-content\/uploads\/2024\/01\/650-5.jpg\",\"contentUrl\":\"https:\/\/rutatayronatours.com\/en\/wp-content\/uploads\/2024\/01\/650-5.jpg\",\"width\":650,\"height\":426},{\"@type\":\"BreadcrumbList\",\"@id\":\"https:\/\/rutatayronatours.com\/en\/transport\/#breadcrumb\",\"itemListElement\":[{\"@type\":\"ListItem\",\"position\":1,\"name\":\"Portada\",\"item\":\"https:\/\/rutatayronatours.com\/en\/\"},{\"@type\":\"ListItem\",\"position\":2,\"name\":\"Transport\"}]},{\"@type\":\"WebSite\",\"@id\":\"https:\/\/rutatayronatours.com\/en\/#website\",\"url\":\"https:\/\/rutatayronatours.com\/en\/\",\"name\":\"Ruta Tayrona Tours\",\"description\":\"Experiencias y tours del caribe Colombiano\",\"publisher\":{\"@id\":\"https:\/\/rutatayronatours.com\/en\/#organization\"},\"potentialAction\":[{\"@type\":\"SearchAction\",\"target\":{\"@type\":\"EntryPoint\",\"urlTemplate\":\"https:\/\/rutatayronatours.com\/en\/?s={search_term_string}\"},\"query-input\":{\"@type\":\"PropertyValueSpecification\",\"valueRequired\":true,\"valueName\":\"search_term_string\"}}],\"inLanguage\":\"en-US\"},{\"@type\":\"Organization\",\"@id\":\"https:\/\/rutatayronatours.com\/en\/#organization\",\"name\":\"Ruta Tayrona Tours\",\"url\":\"https:\/\/rutatayronatours.com\/en\/\",\"logo\":{\"@type\":\"ImageObject\",\"inLanguage\":\"en-US\",\"@id\":\"https:\/\/rutatayronatours.com\/en\/#\/schema\/logo\/image\/\",\"url\":\"https:\/\/rutatayronatours.com\/en\/wp-content\/uploads\/2023\/02\/Ruta-Tayrona-Tours.png\",\"contentUrl\":\"https:\/\/rutatayronatours.com\/en\/wp-content\/uploads\/2023\/02\/Ruta-Tayrona-Tours.png\",\"width\":348,\"height\":85,\"caption\":\"Ruta Tayrona Tours\"},\"image\":{\"@id\":\"https:\/\/rutatayronatours.com\/en\/#\/schema\/logo\/image\/\"},\"sameAs\":[\"https:\/\/www.facebook.com\/riomolinotours2\",\"https:\/\/www.instagram.com\/rutatayronatours\/\",\"https:\/\/api.whatsapp.com\/send?phone=573145502928\"]}]}<\/script>\n<!-- \/ Yoast SEO plugin. -->","yoast_head_json":{"title":"Transport - Ruta Tayrona Tours","robots":{"index":"index","follow":"follow","max-snippet":"max-snippet:-1","max-image-preview":"max-image-preview:large","max-video-preview":"max-video-preview:-1"},"canonical":"https:\/\/rutatayronatours.com\/en\/transport\/","og_locale":"en_US","og_type":"article","og_title":"Transport - Ruta Tayrona Tours","og_description":"Transport Home Page Dare to Explore with Ruta Tayrona Tours Private transportation service that consists of transporting the client from one point to another by land, in which you can choose different types of vehicles depending on the number of people who make up your trip. See Land Transportation See Transportation Santa Marta See Maritime [&hellip;]","og_url":"https:\/\/rutatayronatours.com\/en\/transport\/","og_site_name":"Ruta Tayrona Tours","article_publisher":"https:\/\/www.facebook.com\/riomolinotours2","article_modified_time":"2024-01-10T16:23:10+00:00","og_image":[{"url":"https:\/\/rutatayronatours.com\/en\/wp-content\/uploads\/2024\/01\/650-5.jpg","type":"","width":"","height":""}],"twitter_card":"summary_large_image","twitter_misc":{"Est. reading time":"2 minutes"},"schema":{"@context":"https:\/\/schema.org","@graph":[{"@type":"WebPage","@id":"https:\/\/rutatayronatours.com\/en\/transport\/","url":"https:\/\/rutatayronatours.com\/en\/transport\/","name":"Transport - Ruta Tayrona Tours","isPartOf":{"@id":"https:\/\/rutatayronatours.com\/en\/#website"},"primaryImageOfPage":{"@id":"https:\/\/rutatayronatours.com\/en\/transport\/#primaryimage"},"image":{"@id":"https:\/\/rutatayronatours.com\/en\/transport\/#primaryimage"},"thumbnailUrl":"https:\/\/rutatayronatours.com\/en\/wp-content\/uploads\/2024\/01\/650-5.jpg","datePublished":"2024-01-10T16:13:25+00:00","dateModified":"2024-01-10T16:23:10+00:00","breadcrumb":{"@id":"https:\/\/rutatayronatours.com\/en\/transport\/#breadcrumb"},"inLanguage":"en-US","potentialAction":[{"@type":"ReadAction","target":["https:\/\/rutatayronatours.com\/en\/transport\/"]}]},{"@type":"ImageObject","inLanguage":"en-US","@id":"https:\/\/rutatayronatours.com\/en\/transport\/#primaryimage","url":"https:\/\/rutatayronatours.com\/en\/wp-content\/uploads\/2024\/01\/650-5.jpg","contentUrl":"https:\/\/rutatayronatours.com\/en\/wp-content\/uploads\/2024\/01\/650-5.jpg","width":650,"height":426},{"@type":"BreadcrumbList","@id":"https:\/\/rutatayronatours.com\/en\/transport\/#breadcrumb","itemListElement":[{"@type":"ListItem","position":1,"name":"Portada","item":"https:\/\/rutatayronatours.com\/en\/"},{"@type":"ListItem","position":2,"name":"Transport"}]},{"@type":"WebSite","@id":"https:\/\/rutatayronatours.com\/en\/#website","url":"https:\/\/rutatayronatours.com\/en\/","name":"Ruta Tayrona Tours","description":"Experiencias y tours del caribe Colombiano","publisher":{"@id":"https:\/\/rutatayronatours.com\/en\/#organization"},"potentialAction":[{"@type":"SearchAction","target":{"@type":"EntryPoint","urlTemplate":"https:\/\/rutatayronatours.com\/en\/?s={search_term_string}"},"query-input":{"@type":"PropertyValueSpecification","valueRequired":true,"valueName":"search_term_string"}}],"inLanguage":"en-US"},{"@type":"Organization","@id":"https:\/\/rutatayronatours.com\/en\/#organization","name":"Ruta Tayrona Tours","url":"https:\/\/rutatayronatours.com\/en\/","logo":{"@type":"ImageObject","inLanguage":"en-US","@id":"https:\/\/rutatayronatours.com\/en\/#\/schema\/logo\/image\/","url":"https:\/\/rutatayronatours.com\/en\/wp-content\/uploads\/2023\/02\/Ruta-Tayrona-Tours.png","contentUrl":"https:\/\/rutatayronatours.com\/en\/wp-content\/uploads\/2023\/02\/Ruta-Tayrona-Tours.png","width":348,"height":85,"caption":"Ruta Tayrona Tours"},"image":{"@id":"https:\/\/rutatayronatours.com\/en\/#\/schema\/logo\/image\/"},"sameAs":["https:\/\/www.facebook.com\/riomolinotours2","https:\/\/www.instagram.com\/rutatayronatours\/","https:\/\/api.whatsapp.com\/send?phone=573145502928"]}]}},"jetpack_sharing_enabled":true,"_links":{"self":[{"href":"https:\/\/rutatayronatours.com\/en\/wp-json\/wp\/v2\/pages\/3379","targetHints":{"allow":["GET"]}}],"collection":[{"href":"https:\/\/rutatayronatours.com\/en\/wp-json\/wp\/v2\/pages"}],"about":[{"href":"https:\/\/rutatayronatours.com\/en\/wp-json\/wp\/v2\/types\/page"}],"author":[{"embeddable":true,"href":"https:\/\/rutatayronatours.com\/en\/wp-json\/wp\/v2\/users\/6"}],"replies":[{"embeddable":true,"href":"https:\/\/rutatayronatours.com\/en\/wp-json\/wp\/v2\/comments?post=3379"}],"version-history":[{"count":7,"href":"https:\/\/rutatayronatours.com\/en\/wp-json\/wp\/v2\/pages\/3379\/revisions"}],"predecessor-version":[{"id":3398,"href":"https:\/\/rutatayronatours.com\/en\/wp-json\/wp\/v2\/pages\/3379\/revisions\/3398"}],"wp:attachment":[{"href":"https:\/\/rutatayronatours.com\/en\/wp-json\/wp\/v2\/media?parent=3379"}],"curies":[{"name":"wp","href":"https:\/\/api.w.org\/{rel}","templated":true}]}}