{"id":2174,"date":"2023-08-29T13:03:27","date_gmt":"2023-08-29T18:03:27","guid":{"rendered":"https:\/\/rutatayronatours.com\/en\/?post_type=product&#038;p=2174"},"modified":"2025-04-27T12:29:45","modified_gmt":"2025-04-27T17:29:45","slug":"concha-bay-underwater-exploration","status":"publish","type":"product","link":"https:\/\/rutatayronatours.com\/en\/product\/concha-bay-underwater-exploration\/","title":{"rendered":"Concha Bay &#8211; Underwater Exploration"},"content":{"rendered":"<h2><strong>Concha Bay &#8211; Underwater Exploration<\/strong><\/h2>\n<p>Concha Bay &#8211; Underwater Exploration is a natural reserve located on the Caribbean coast of Colombia, renowned for its lush natural beauty and ecological diversity. Tayrona Park is known for being home to a wide variety of flora and fauna species, many of which are endemic and unique to the region. The presence of different ecosystems, such as mangroves, jungles, and coral reefs, contributes to its biological richness. Additionally, the park is home to the indigenous Kogui community, who have inhabited the area for centuries and have a deep spiritual connection to the land.<\/p>\n<p><strong>Its beaches<\/strong>, like Arrecifes, Cabo San Juan del Guia, Cinto Beach, and Cristal Beach, are popular destinations ideal for enjoying calm waters for swimming, snorkeling, and relaxation in a stunning natural environment. Although the park offers unparalleled beauty, it&#8217;s important to note that access may require hikes through occasionally challenging trails, and conservation and respect for the natural and cultural environment are promoted.<\/p>\n<p><strong>Cinto and Cristal Beach<\/strong><\/p>\n<p>Appreciate the magnificent landscape surrounding this stunning beach located within Tayrona National Natural Park &#8211; Cinto Beach. This is the best option for those who wish to experience this wonderful place without having to walk. Let the breeze and the mountains embrace you, and enjoy a wonderful day sunbathing, reading your favorite book, snorkeling (included in the price), and swimming in the turquoise, calm, and refreshing waters of Tayrona Park.<\/p>\n<p><a href=\"https:\/\/ich.unesco.org\/en\/RL\/ancestral-system-of-knowledge-of-the-four-indigenous-peoples-arhuaco-kankuamo-kogui-and-wiwa-of-the-sierra-nevada-de-santa-marta-01886?RL=01886\"><strong>The Sierra Nevada of Santa Marta<\/strong><\/a><\/p>\n<p>The Sierra Nevada de Santa Marta, located in Colombia, is a natural and cultural marvel that hosts a diversity of indigenous communities. These communities, with their ancestral traditions and deep respect for nature, play a crucial role in preserving this unique ecosystem in the world.<\/p>\n<p>Rates and services included<\/p>\n<ul>\n<li>Ground transportation\u00e7<\/li>\n<li>Marine transport<\/li>\n<li>Guide<\/li>\n<li>Travel insurance<\/li>\n<li><a href=\"https:\/\/rutatayronatours.com\/en\/explorando-las-diferentes-entradas-al-parque-tayrona-una-aventura-inolvidable\/\">Tickets to Tayrona Park<\/a><\/li>\n<\/ul>\n<p>&nbsp;<\/p>\n","protected":false},"excerpt":{"rendered":"<h2>Concha Bay &#8211; Underwater Exploration<\/h2>\n<ul>\n<li style=\"text-align: left;\">8:00 a.m. Iniciamos nuestra experiencia Bahia Concha &#8211; Exploraci\u00f3n submarina desde su hotel en Rodadero, Taganga y Santa Marta el horario de salida puede variar segun la zona donde estes alojado el\u00a0 veh\u00edculo nos llevar\u00e1 al aparcamiento de Bah\u00eda Concha. caminaremos durante 20 minutos hasta llegar a la hermosa bah\u00eda, donde te presentaremos a tu gu\u00eda personal.<\/li>\n<li style=\"text-align: left;\">Next, a short 10-minute boat ride will take us to Bonito Gordo Beach. Here, you can explore marine life through snorkeling, observing coral reefs and fish. .<\/li>\n<li style=\"text-align: left;\">At noon, we will return by boat to Concha Bay, where you will enjoy a lunch of your choice. You will have the afternoon free to relax on the white sands and crystal-clear waters of the bay.<\/li>\n<li style=\"text-align: left;\">At 3:30 p.m., we will begin the hike back to the starting point, where our vehicle will be waiting to take you back with the memories of this day.<\/li>\n<\/ul>\n<p>&nbsp;<\/p>\n<h2>Rates and services included<\/h2>\n<ul>\n<li>Round trip transportation<\/li>\n<li>Entrance to Tayrona Park<\/li>\n<li>Insurance<\/li>\n<li>Logistics<\/li>\n<li>Lunch<\/li>\n<li>Snorkeling activity<\/li>\n<\/ul>\n","protected":false},"featured_media":2839,"comment_status":"closed","ping_status":"closed","template":"","meta":[],"product_brand":[],"product_cat":[117,110],"product_tag":[100,113],"class_list":{"0":"post-2174","1":"product","2":"type-product","3":"status-publish","4":"has-post-thumbnail","6":"product_cat-bahia-concha","7":"product_cat-experiences","8":"product_tag-experiencias","9":"product_tag-parque-tayrona","11":"first","12":"instock","13":"shipping-taxable","14":"purchasable","15":"product-type-simple"},"yoast_head":"<!-- This site is optimized with the Yoast SEO plugin v27.2 - https:\/\/yoast.com\/product\/yoast-seo-wordpress\/ -->\n<title>Concha Bay - Underwater Exploration - Ruta Tayrona Tours<\/title>\n<meta name=\"description\" content=\"&quot;Explore the beauty of Tayrona Park with our Concha Bay - Underwater Exploration Tour. Click here and discover our sustainable experiences.&quot;\" \/>\n<meta name=\"robots\" content=\"index, follow, max-snippet:-1, max-image-preview:large, max-video-preview:-1\" \/>\n<link rel=\"canonical\" href=\"https:\/\/rutatayronatours.com\/en\/product\/concha-bay-underwater-exploration\/\" \/>\n<meta property=\"og:locale\" content=\"en_US\" \/>\n<meta property=\"og:type\" content=\"article\" \/>\n<meta property=\"og:title\" content=\"Concha Bay - Underwater Exploration - Ruta Tayrona Tours\" \/>\n<meta property=\"og:description\" content=\"&quot;Explore the beauty of Tayrona Park with our Concha Bay - Underwater Exploration Tour. Click here and discover our sustainable experiences.&quot;\" \/>\n<meta property=\"og:url\" content=\"https:\/\/rutatayronatours.com\/en\/product\/concha-bay-underwater-exploration\/\" \/>\n<meta property=\"og:site_name\" content=\"Ruta Tayrona Tours\" \/>\n<meta property=\"article:publisher\" content=\"https:\/\/www.facebook.com\/riomolinotours2\" \/>\n<meta property=\"article:modified_time\" content=\"2025-04-27T17:29:45+00:00\" \/>\n<meta property=\"og:image\" content=\"https:\/\/rutatayronatours.com\/en\/wp-content\/uploads\/2023\/08\/Bahia-concha.webp\" \/>\n\t<meta property=\"og:image:width\" content=\"1440\" \/>\n\t<meta property=\"og:image:height\" content=\"1440\" \/>\n\t<meta property=\"og:image:type\" content=\"image\/webp\" \/>\n<meta name=\"twitter:card\" content=\"summary_large_image\" \/>\n<meta name=\"twitter:label1\" content=\"Est. reading time\" \/>\n\t<meta name=\"twitter:data1\" content=\"2 minutes\" \/>\n<script type=\"application\/ld+json\" class=\"yoast-schema-graph\">{\"@context\":\"https:\/\/schema.org\",\"@graph\":[{\"@type\":\"WebPage\",\"@id\":\"https:\/\/rutatayronatours.com\/en\/product\/concha-bay-underwater-exploration\/\",\"url\":\"https:\/\/rutatayronatours.com\/en\/product\/concha-bay-underwater-exploration\/\",\"name\":\"Concha Bay - Underwater Exploration - Ruta Tayrona Tours\",\"isPartOf\":{\"@id\":\"https:\/\/rutatayronatours.com\/en\/#website\"},\"primaryImageOfPage\":{\"@id\":\"https:\/\/rutatayronatours.com\/en\/product\/concha-bay-underwater-exploration\/#primaryimage\"},\"image\":{\"@id\":\"https:\/\/rutatayronatours.com\/en\/product\/concha-bay-underwater-exploration\/#primaryimage\"},\"thumbnailUrl\":\"https:\/\/rutatayronatours.com\/en\/wp-content\/uploads\/2023\/08\/Bahia-concha.webp\",\"datePublished\":\"2023-08-29T18:03:27+00:00\",\"dateModified\":\"2025-04-27T17:29:45+00:00\",\"description\":\"\\\"Explore the beauty of Tayrona Park with our Concha Bay - Underwater Exploration Tour. Click here and discover our sustainable experiences.\\\"\",\"breadcrumb\":{\"@id\":\"https:\/\/rutatayronatours.com\/en\/product\/concha-bay-underwater-exploration\/#breadcrumb\"},\"inLanguage\":\"en-US\",\"potentialAction\":[{\"@type\":\"ReadAction\",\"target\":[\"https:\/\/rutatayronatours.com\/en\/product\/concha-bay-underwater-exploration\/\"]}]},{\"@type\":\"ImageObject\",\"inLanguage\":\"en-US\",\"@id\":\"https:\/\/rutatayronatours.com\/en\/product\/concha-bay-underwater-exploration\/#primaryimage\",\"url\":\"https:\/\/rutatayronatours.com\/en\/wp-content\/uploads\/2023\/08\/Bahia-concha.webp\",\"contentUrl\":\"https:\/\/rutatayronatours.com\/en\/wp-content\/uploads\/2023\/08\/Bahia-concha.webp\",\"width\":1440,\"height\":1440,\"caption\":\"reserva aqu\u00ed tu tour a Bahia Concha - Exploraci\u00f3n submarina\u00a0\"},{\"@type\":\"BreadcrumbList\",\"@id\":\"https:\/\/rutatayronatours.com\/en\/product\/concha-bay-underwater-exploration\/#breadcrumb\",\"itemListElement\":[{\"@type\":\"ListItem\",\"position\":1,\"name\":\"Portada\",\"item\":\"https:\/\/rutatayronatours.com\/en\/\"},{\"@type\":\"ListItem\",\"position\":2,\"name\":\"Shop\",\"item\":\"https:\/\/rutatayronatours.com\/en\/shop\/\"},{\"@type\":\"ListItem\",\"position\":3,\"name\":\"Concha Bay &#8211; Underwater Exploration\"}]},{\"@type\":\"WebSite\",\"@id\":\"https:\/\/rutatayronatours.com\/en\/#website\",\"url\":\"https:\/\/rutatayronatours.com\/en\/\",\"name\":\"Ruta Tayrona Tours\",\"description\":\"Experiencias y tours del caribe Colombiano\",\"publisher\":{\"@id\":\"https:\/\/rutatayronatours.com\/en\/#organization\"},\"potentialAction\":[{\"@type\":\"SearchAction\",\"target\":{\"@type\":\"EntryPoint\",\"urlTemplate\":\"https:\/\/rutatayronatours.com\/en\/?s={search_term_string}\"},\"query-input\":{\"@type\":\"PropertyValueSpecification\",\"valueRequired\":true,\"valueName\":\"search_term_string\"}}],\"inLanguage\":\"en-US\"},{\"@type\":\"Organization\",\"@id\":\"https:\/\/rutatayronatours.com\/en\/#organization\",\"name\":\"Ruta Tayrona Tours\",\"url\":\"https:\/\/rutatayronatours.com\/en\/\",\"logo\":{\"@type\":\"ImageObject\",\"inLanguage\":\"en-US\",\"@id\":\"https:\/\/rutatayronatours.com\/en\/#\/schema\/logo\/image\/\",\"url\":\"https:\/\/rutatayronatours.com\/en\/wp-content\/uploads\/2023\/02\/Ruta-Tayrona-Tours.png\",\"contentUrl\":\"https:\/\/rutatayronatours.com\/en\/wp-content\/uploads\/2023\/02\/Ruta-Tayrona-Tours.png\",\"width\":348,\"height\":85,\"caption\":\"Ruta Tayrona Tours\"},\"image\":{\"@id\":\"https:\/\/rutatayronatours.com\/en\/#\/schema\/logo\/image\/\"},\"sameAs\":[\"https:\/\/www.facebook.com\/riomolinotours2\",\"https:\/\/www.instagram.com\/rutatayronatours\/\",\"https:\/\/api.whatsapp.com\/send?phone=573145502928\"]}]}<\/script>\n<!-- \/ Yoast SEO plugin. -->","yoast_head_json":{"title":"Concha Bay - Underwater Exploration - Ruta Tayrona Tours","description":"\"Explore the beauty of Tayrona Park with our Concha Bay - Underwater Exploration Tour. Click here and discover our sustainable experiences.\"","robots":{"index":"index","follow":"follow","max-snippet":"max-snippet:-1","max-image-preview":"max-image-preview:large","max-video-preview":"max-video-preview:-1"},"canonical":"https:\/\/rutatayronatours.com\/en\/product\/concha-bay-underwater-exploration\/","og_locale":"en_US","og_type":"article","og_title":"Concha Bay - Underwater Exploration - Ruta Tayrona Tours","og_description":"\"Explore the beauty of Tayrona Park with our Concha Bay - Underwater Exploration Tour. Click here and discover our sustainable experiences.\"","og_url":"https:\/\/rutatayronatours.com\/en\/product\/concha-bay-underwater-exploration\/","og_site_name":"Ruta Tayrona Tours","article_publisher":"https:\/\/www.facebook.com\/riomolinotours2","article_modified_time":"2025-04-27T17:29:45+00:00","og_image":[{"width":1440,"height":1440,"url":"https:\/\/rutatayronatours.com\/en\/wp-content\/uploads\/2023\/08\/Bahia-concha.webp","type":"image\/webp"}],"twitter_card":"summary_large_image","twitter_misc":{"Est. reading time":"2 minutes"},"schema":{"@context":"https:\/\/schema.org","@graph":[{"@type":"WebPage","@id":"https:\/\/rutatayronatours.com\/en\/product\/concha-bay-underwater-exploration\/","url":"https:\/\/rutatayronatours.com\/en\/product\/concha-bay-underwater-exploration\/","name":"Concha Bay - Underwater Exploration - Ruta Tayrona Tours","isPartOf":{"@id":"https:\/\/rutatayronatours.com\/en\/#website"},"primaryImageOfPage":{"@id":"https:\/\/rutatayronatours.com\/en\/product\/concha-bay-underwater-exploration\/#primaryimage"},"image":{"@id":"https:\/\/rutatayronatours.com\/en\/product\/concha-bay-underwater-exploration\/#primaryimage"},"thumbnailUrl":"https:\/\/rutatayronatours.com\/en\/wp-content\/uploads\/2023\/08\/Bahia-concha.webp","datePublished":"2023-08-29T18:03:27+00:00","dateModified":"2025-04-27T17:29:45+00:00","description":"\"Explore the beauty of Tayrona Park with our Concha Bay - Underwater Exploration Tour. Click here and discover our sustainable experiences.\"","breadcrumb":{"@id":"https:\/\/rutatayronatours.com\/en\/product\/concha-bay-underwater-exploration\/#breadcrumb"},"inLanguage":"en-US","potentialAction":[{"@type":"ReadAction","target":["https:\/\/rutatayronatours.com\/en\/product\/concha-bay-underwater-exploration\/"]}]},{"@type":"ImageObject","inLanguage":"en-US","@id":"https:\/\/rutatayronatours.com\/en\/product\/concha-bay-underwater-exploration\/#primaryimage","url":"https:\/\/rutatayronatours.com\/en\/wp-content\/uploads\/2023\/08\/Bahia-concha.webp","contentUrl":"https:\/\/rutatayronatours.com\/en\/wp-content\/uploads\/2023\/08\/Bahia-concha.webp","width":1440,"height":1440,"caption":"reserva aqu\u00ed tu tour a Bahia Concha - Exploraci\u00f3n submarina\u00a0"},{"@type":"BreadcrumbList","@id":"https:\/\/rutatayronatours.com\/en\/product\/concha-bay-underwater-exploration\/#breadcrumb","itemListElement":[{"@type":"ListItem","position":1,"name":"Portada","item":"https:\/\/rutatayronatours.com\/en\/"},{"@type":"ListItem","position":2,"name":"Shop","item":"https:\/\/rutatayronatours.com\/en\/shop\/"},{"@type":"ListItem","position":3,"name":"Concha Bay &#8211; Underwater Exploration"}]},{"@type":"WebSite","@id":"https:\/\/rutatayronatours.com\/en\/#website","url":"https:\/\/rutatayronatours.com\/en\/","name":"Ruta Tayrona Tours","description":"Experiencias y tours del caribe Colombiano","publisher":{"@id":"https:\/\/rutatayronatours.com\/en\/#organization"},"potentialAction":[{"@type":"SearchAction","target":{"@type":"EntryPoint","urlTemplate":"https:\/\/rutatayronatours.com\/en\/?s={search_term_string}"},"query-input":{"@type":"PropertyValueSpecification","valueRequired":true,"valueName":"search_term_string"}}],"inLanguage":"en-US"},{"@type":"Organization","@id":"https:\/\/rutatayronatours.com\/en\/#organization","name":"Ruta Tayrona Tours","url":"https:\/\/rutatayronatours.com\/en\/","logo":{"@type":"ImageObject","inLanguage":"en-US","@id":"https:\/\/rutatayronatours.com\/en\/#\/schema\/logo\/image\/","url":"https:\/\/rutatayronatours.com\/en\/wp-content\/uploads\/2023\/02\/Ruta-Tayrona-Tours.png","contentUrl":"https:\/\/rutatayronatours.com\/en\/wp-content\/uploads\/2023\/02\/Ruta-Tayrona-Tours.png","width":348,"height":85,"caption":"Ruta Tayrona Tours"},"image":{"@id":"https:\/\/rutatayronatours.com\/en\/#\/schema\/logo\/image\/"},"sameAs":["https:\/\/www.facebook.com\/riomolinotours2","https:\/\/www.instagram.com\/rutatayronatours\/","https:\/\/api.whatsapp.com\/send?phone=573145502928"]}]}},"jetpack_sharing_enabled":true,"_links":{"self":[{"href":"https:\/\/rutatayronatours.com\/en\/wp-json\/wp\/v2\/product\/2174","targetHints":{"allow":["GET"]}}],"collection":[{"href":"https:\/\/rutatayronatours.com\/en\/wp-json\/wp\/v2\/product"}],"about":[{"href":"https:\/\/rutatayronatours.com\/en\/wp-json\/wp\/v2\/types\/product"}],"replies":[{"embeddable":true,"href":"https:\/\/rutatayronatours.com\/en\/wp-json\/wp\/v2\/comments?post=2174"}],"version-history":[{"count":7,"href":"https:\/\/rutatayronatours.com\/en\/wp-json\/wp\/v2\/product\/2174\/revisions"}],"predecessor-version":[{"id":2993,"href":"https:\/\/rutatayronatours.com\/en\/wp-json\/wp\/v2\/product\/2174\/revisions\/2993"}],"wp:featuredmedia":[{"embeddable":true,"href":"https:\/\/rutatayronatours.com\/en\/wp-json\/wp\/v2\/media\/2839"}],"wp:attachment":[{"href":"https:\/\/rutatayronatours.com\/en\/wp-json\/wp\/v2\/media?parent=2174"}],"wp:term":[{"taxonomy":"product_brand","embeddable":true,"href":"https:\/\/rutatayronatours.com\/en\/wp-json\/wp\/v2\/product_brand?post=2174"},{"taxonomy":"product_cat","embeddable":true,"href":"https:\/\/rutatayronatours.com\/en\/wp-json\/wp\/v2\/product_cat?post=2174"},{"taxonomy":"product_tag","embeddable":true,"href":"https:\/\/rutatayronatours.com\/en\/wp-json\/wp\/v2\/product_tag?post=2174"}],"curies":[{"name":"wp","href":"https:\/\/api.w.org\/{rel}","templated":true}]}}