{"id":3658,"date":"2024-01-10T11:44:31","date_gmt":"2024-01-10T16:44:31","guid":{"rendered":"https:\/\/rutatayronatours.com\/fr\/?page_id=3658"},"modified":"2024-01-10T11:51:04","modified_gmt":"2024-01-10T16:51:04","slug":"transport","status":"publish","type":"page","link":"https:\/\/rutatayronatours.com\/fr\/transport\/","title":{"rendered":"Transport"},"content":{"rendered":"\t\t<div data-elementor-type=\"wp-page\" data-elementor-id=\"3658\" class=\"elementor elementor-3658\">\n\t\t\t\t\t\t<section class=\"elementor-section elementor-top-section elementor-element elementor-element-4096b893 elementor-section-full_width elementor-section-height-default elementor-section-height-default row-top\" data-id=\"4096b893\" data-element_type=\"section\" data-e-type=\"section\">\n\t\t\t\t\t\t<div class=\"elementor-container elementor-column-gap-default\">\n\t\t\t\t\t<div class=\"elementor-column elementor-col-100 elementor-top-column elementor-element elementor-element-59628d4d\" data-id=\"59628d4d\" data-element_type=\"column\" data-e-type=\"column\">\n\t\t\t<div class=\"elementor-widget-wrap elementor-element-populated\">\n\t\t\t\t\t\t<div class=\"elementor-element elementor-element-7424a3d2 elementor-widget elementor-widget-gva_post_breadcrumb\" data-id=\"7424a3d2\" data-element_type=\"widget\" data-e-type=\"widget\" data-widget_type=\"gva_post_breadcrumb.default\">\n\t\t\t\t<div class=\"elementor-widget-container\">\n\t\t\t\t\t<div class=\"gva-element-gva_post_breadcrumb gva-element\">   \r\n<div class=\"post-breadcrumb\">\r\n   <div class=\"custom-breadcrumb \" >\r\n            <div class=\"breadcrumb-main\">\r\n        <div class=\"container\">\r\n          <div class=\"breadcrumb-container-inner\">\r\n            <h2 class=\"heading-title\">Transport<\/h2><ol class=\"breadcrumb\"><li><a href=\"https:\/\/rutatayronatours.com\/fr\">Home<\/a> <\/li> <li class=\"active\">Page<\/li><\/ol>          <\/div>  \r\n        <\/div>   \r\n      <\/div>  \r\n   <\/div>\r\n<\/div>      \r\n\r\n<\/div>\t\t\t\t<\/div>\n\t\t\t\t<\/div>\n\t\t\t\t\t<\/div>\n\t\t<\/div>\n\t\t\t\t\t<\/div>\n\t\t<\/section>\n\t\t\t\t<section class=\"elementor-section elementor-top-section elementor-element elementor-element-7df40cb0 elementor-section-content-middle elementor-section-boxed elementor-section-height-default elementor-section-height-default row-top\" data-id=\"7df40cb0\" data-element_type=\"section\" data-e-type=\"section\" data-settings=\"{&quot;background_background&quot;:&quot;classic&quot;}\">\n\t\t\t\t\t\t\t<div class=\"elementor-background-overlay\"><\/div>\n\t\t\t\t\t\t\t<div class=\"elementor-container elementor-column-gap-default\">\n\t\t\t\t\t<div class=\"elementor-column elementor-col-50 elementor-top-column elementor-element elementor-element-5be5902e\" data-id=\"5be5902e\" data-element_type=\"column\" data-e-type=\"column\">\n\t\t\t<div class=\"elementor-widget-wrap elementor-element-populated\">\n\t\t\t\t\t\t<div class=\"elementor-element elementor-element-1a7eec7c elementor-widget elementor-widget-gva-heading-block\" data-id=\"1a7eec7c\" data-element_type=\"widget\" data-e-type=\"widget\" data-widget_type=\"gva-heading-block.default\">\n\t\t\t\t<div class=\"elementor-widget-container\">\n\t\t\t\t\t<div class=\"gva-element-gva-heading-block gva-element\">   <div class=\"align-left style-1 widget gsc-heading box-align-left auto-responsive\">\r\n      <div class=\"content-inner\">\r\n         \r\n                  \r\n           \r\n         \r\n                     <h2 class=\"title\">\r\n               <span>Osez explorer avec Ruta Tayrona Tours<\/span>\r\n            <\/h2>\r\n                              <div class=\"title-desc\">Service de transport priv\u00e9 qui consiste \u00e0 transporter le client d'un point \u00e0 un autre par voie terrestre, dans lequel vous pouvez choisir diff\u00e9rents types de v\u00e9hicules en fonction du nombre de personnes qui composent votre voyage.<\/div>\r\n         \r\n         \r\n      <\/div>\r\n   <\/div>\r\n<\/div>\t\t\t\t<\/div>\n\t\t\t\t<\/div>\n\t\t\t\t\t<\/div>\n\t\t<\/div>\n\t\t\t\t<div class=\"elementor-column elementor-col-50 elementor-top-column elementor-element elementor-element-521e491e\" data-id=\"521e491e\" data-element_type=\"column\" data-e-type=\"column\">\n\t\t\t<div class=\"elementor-widget-wrap elementor-element-populated\">\n\t\t\t\t\t\t<section class=\"elementor-section elementor-inner-section elementor-element elementor-element-47999af4 elementor-section-boxed elementor-section-height-default elementor-section-height-default row-top\" data-id=\"47999af4\" data-element_type=\"section\" data-e-type=\"section\">\n\t\t\t\t\t\t<div class=\"elementor-container elementor-column-gap-default\">\n\t\t\t\t\t<div class=\"elementor-column elementor-col-33 elementor-inner-column elementor-element elementor-element-5796fb5b\" data-id=\"5796fb5b\" data-element_type=\"column\" data-e-type=\"column\">\n\t\t\t<div class=\"elementor-widget-wrap elementor-element-populated\">\n\t\t\t\t\t\t<div class=\"elementor-element elementor-element-6a536549 elementor-widget elementor-widget-image\" data-id=\"6a536549\" data-element_type=\"widget\" data-e-type=\"widget\" data-widget_type=\"image.default\">\n\t\t\t\t<div class=\"elementor-widget-container\">\n\t\t\t\t\t\t\t\t\t\t\t\t\t\t\t<img fetchpriority=\"high\" decoding=\"async\" width=\"650\" height=\"426\" src=\"https:\/\/rutatayronatours.com\/fr\/wp-content\/uploads\/2024\/01\/650-5.jpg\" class=\"attachment-large size-large wp-image-3661\" alt=\"\" \/>\t\t\t\t\t\t\t\t\t\t\t\t\t\t\t<\/div>\n\t\t\t\t<\/div>\n\t\t\t\t<div class=\"elementor-element elementor-element-5f19744f elementor-align-center elementor-widget elementor-widget-button\" data-id=\"5f19744f\" data-element_type=\"widget\" data-e-type=\"widget\" data-widget_type=\"button.default\">\n\t\t\t\t<div class=\"elementor-widget-container\">\n\t\t\t\t\t\t\t\t\t<div class=\"elementor-button-wrapper\">\n\t\t\t\t\t<a class=\"elementor-button elementor-button-link elementor-size-sm\" href=\"https:\/\/rutatayronatours.com\/fr\/product-category\/transport\/\" target=\"_blank\">\n\t\t\t\t\t\t<span class=\"elementor-button-content-wrapper\">\n\t\t\t\t\t\t\t\t\t<span class=\"elementor-button-text\">Voir Transport terrestre<\/span>\n\t\t\t\t\t<\/span>\n\t\t\t\t\t<\/a>\n\t\t\t\t<\/div>\n\t\t\t\t\t\t\t\t<\/div>\n\t\t\t\t<\/div>\n\t\t\t\t\t<\/div>\n\t\t<\/div>\n\t\t\t\t<div class=\"elementor-column elementor-col-33 elementor-inner-column elementor-element elementor-element-3aa4f251\" data-id=\"3aa4f251\" data-element_type=\"column\" data-e-type=\"column\">\n\t\t\t<div class=\"elementor-widget-wrap elementor-element-populated\">\n\t\t\t\t\t\t<div class=\"elementor-element elementor-element-514dd705 elementor-widget elementor-widget-image\" data-id=\"514dd705\" data-element_type=\"widget\" data-e-type=\"widget\" data-widget_type=\"image.default\">\n\t\t\t\t<div class=\"elementor-widget-container\">\n\t\t\t\t\t\t\t\t\t\t\t\t\t\t\t<img decoding=\"async\" width=\"325\" height=\"202\" src=\"https:\/\/rutatayronatours.com\/fr\/wp-content\/uploads\/2024\/01\/325-7.jpg\" class=\"attachment-large size-large wp-image-3662\" alt=\"\" \/>\t\t\t\t\t\t\t\t\t\t\t\t\t\t\t<\/div>\n\t\t\t\t<\/div>\n\t\t\t\t<div class=\"elementor-element elementor-element-53288819 elementor-align-center elementor-widget elementor-widget-button\" data-id=\"53288819\" data-element_type=\"widget\" data-e-type=\"widget\" data-widget_type=\"button.default\">\n\t\t\t\t<div class=\"elementor-widget-container\">\n\t\t\t\t\t\t\t\t\t<div class=\"elementor-button-wrapper\">\n\t\t\t\t\t<a class=\"elementor-button elementor-button-link elementor-size-sm\" href=\"https:\/\/rutatayronatours.com\/product-category\/transporte-santa-marta\/\" target=\"_blank\">\n\t\t\t\t\t\t<span class=\"elementor-button-content-wrapper\">\n\t\t\t\t\t\t\t\t\t<span class=\"elementor-button-text\">Voir Transports Santa Marta<\/span>\n\t\t\t\t\t<\/span>\n\t\t\t\t\t<\/a>\n\t\t\t\t<\/div>\n\t\t\t\t\t\t\t\t<\/div>\n\t\t\t\t<\/div>\n\t\t\t\t\t<\/div>\n\t\t<\/div>\n\t\t\t\t<div class=\"elementor-column elementor-col-33 elementor-inner-column elementor-element elementor-element-4b5e6823\" data-id=\"4b5e6823\" data-element_type=\"column\" data-e-type=\"column\">\n\t\t\t<div class=\"elementor-widget-wrap elementor-element-populated\">\n\t\t\t\t\t\t<div class=\"elementor-element elementor-element-498a87c0 elementor-widget elementor-widget-image\" data-id=\"498a87c0\" data-element_type=\"widget\" data-e-type=\"widget\" data-widget_type=\"image.default\">\n\t\t\t\t<div class=\"elementor-widget-container\">\n\t\t\t\t\t\t\t\t\t\t\t\t\t\t\t<img decoding=\"async\" width=\"900\" height=\"600\" src=\"https:\/\/rutatayronatours.com\/fr\/wp-content\/uploads\/2024\/01\/Tour-dos-playas-3-1024x683.png\" class=\"attachment-large size-large wp-image-3663\" alt=\"\" srcset=\"https:\/\/rutatayronatours.com\/fr\/wp-content\/uploads\/2024\/01\/Tour-dos-playas-3-1024x683.png 1024w, https:\/\/rutatayronatours.com\/fr\/wp-content\/uploads\/2024\/01\/Tour-dos-playas-3-768x512.png 768w, https:\/\/rutatayronatours.com\/fr\/wp-content\/uploads\/2024\/01\/Tour-dos-playas-3.png 1200w\" sizes=\"(max-width: 900px) 100vw, 900px\" \/>\t\t\t\t\t\t\t\t\t\t\t\t\t\t\t<\/div>\n\t\t\t\t<\/div>\n\t\t\t\t<div class=\"elementor-element elementor-element-2ca959ac elementor-align-center elementor-widget elementor-widget-button\" data-id=\"2ca959ac\" data-element_type=\"widget\" data-e-type=\"widget\" data-widget_type=\"button.default\">\n\t\t\t\t<div class=\"elementor-widget-container\">\n\t\t\t\t\t\t\t\t\t<div class=\"elementor-button-wrapper\">\n\t\t\t\t\t<a class=\"elementor-button elementor-button-link elementor-size-sm\" href=\"https:\/\/rutatayronatours.com\/product-category\/transporte-maritimo\/\" target=\"_blank\">\n\t\t\t\t\t\t<span class=\"elementor-button-content-wrapper\">\n\t\t\t\t\t\t\t\t\t<span class=\"elementor-button-text\">Voir Transport Maritime<\/span>\n\t\t\t\t\t<\/span>\n\t\t\t\t\t<\/a>\n\t\t\t\t<\/div>\n\t\t\t\t\t\t\t\t<\/div>\n\t\t\t\t<\/div>\n\t\t\t\t\t<\/div>\n\t\t<\/div>\n\t\t\t\t\t<\/div>\n\t\t<\/section>\n\t\t\t\t\t<\/div>\n\t\t<\/div>\n\t\t\t\t\t<\/div>\n\t\t<\/section>\n\t\t\t\t<section class=\"elementor-section elementor-top-section elementor-element elementor-element-1d06e5f3 elementor-section-content-middle elementor-section-boxed elementor-section-height-default elementor-section-height-default row-top\" data-id=\"1d06e5f3\" data-element_type=\"section\" data-e-type=\"section\" data-settings=\"{&quot;background_background&quot;:&quot;classic&quot;}\">\n\t\t\t\t\t\t<div class=\"elementor-container elementor-column-gap-default\">\n\t\t\t\t\t<div class=\"elementor-column elementor-col-33 elementor-top-column elementor-element elementor-element-6f2511f9\" data-id=\"6f2511f9\" data-element_type=\"column\" data-e-type=\"column\">\n\t\t\t<div class=\"elementor-widget-wrap elementor-element-populated\">\n\t\t\t\t\t\t<div class=\"elementor-element elementor-element-2987370d elementor-widget elementor-widget-image\" data-id=\"2987370d\" data-element_type=\"widget\" data-e-type=\"widget\" data-widget_type=\"image.default\">\n\t\t\t\t<div class=\"elementor-widget-container\">\n\t\t\t\t\t\t\t\t\t\t\t\t\t\t\t<img loading=\"lazy\" decoding=\"async\" width=\"900\" height=\"312\" src=\"https:\/\/rutatayronatours.com\/fr\/wp-content\/uploads\/2024\/01\/RTT_03.png\" class=\"attachment-large size-large wp-image-3665\" alt=\"\" srcset=\"https:\/\/rutatayronatours.com\/fr\/wp-content\/uploads\/2024\/01\/RTT_03.png 910w, https:\/\/rutatayronatours.com\/fr\/wp-content\/uploads\/2024\/01\/RTT_03-768x266.png 768w\" sizes=\"(max-width: 900px) 100vw, 900px\" \/>\t\t\t\t\t\t\t\t\t\t\t\t\t\t\t<\/div>\n\t\t\t\t<\/div>\n\t\t\t\t\t<\/div>\n\t\t<\/div>\n\t\t\t\t<div class=\"elementor-column elementor-col-33 elementor-top-column elementor-element elementor-element-5f67e87d\" data-id=\"5f67e87d\" data-element_type=\"column\" data-e-type=\"column\">\n\t\t\t<div class=\"elementor-widget-wrap elementor-element-populated\">\n\t\t\t\t\t\t<div class=\"elementor-element elementor-element-7ba4fdc7 elementor-widget elementor-widget-text-editor\" data-id=\"7ba4fdc7\" data-element_type=\"widget\" data-e-type=\"widget\" data-widget_type=\"text-editor.default\">\n\t\t\t\t<div class=\"elementor-widget-container\">\n\t\t\t\t\t\t\t\t\t<h2><span style=\"color: #c79d70;\">Visi\u00f3n<\/span><\/h2>\nImpulsar los atractivos de la zona creando y dise\u00f1ando nuevos destinos con alto potenci  al tur\u00edstico,de tal manera  que seamos generadores de empleo y bienestar en las comunidades que habitan en la regi\u00f3n. Promover el turismo sostenible, preserver las  culturas ancestrales y fomenter la educaci\u00f3n en las zonas de injerencia.\n\t\t\t\t\t\t\t\t<\/div>\n\t\t\t\t<\/div>\n\t\t\t\t\t<\/div>\n\t\t<\/div>\n\t\t\t\t<div class=\"elementor-column elementor-col-33 elementor-top-column elementor-element elementor-element-96b527c\" data-id=\"96b527c\" data-element_type=\"column\" data-e-type=\"column\">\n\t\t\t<div class=\"elementor-widget-wrap elementor-element-populated\">\n\t\t\t\t\t\t<div class=\"elementor-element elementor-element-d80f77a elementor-widget elementor-widget-text-editor\" data-id=\"d80f77a\" data-element_type=\"widget\" data-e-type=\"widget\" data-widget_type=\"text-editor.default\">\n\t\t\t\t<div class=\"elementor-widget-container\">\n\t\t\t\t\t\t\t\t\t<h2><span style=\"color: #c79d70;\">Misi\u00f3n<\/span><\/h2><p>Brindar a nuestros clientes las mejores experiencias tur\u00edsticas en su visita al caribe colombiano, siendo respetuoso con el medio ambiente y preservando las culturas que habitan en esta regi\u00f3n.<\/p>\t\t\t\t\t\t\t\t<\/div>\n\t\t\t\t<\/div>\n\t\t\t\t\t<\/div>\n\t\t<\/div>\n\t\t\t\t\t<\/div>\n\t\t<\/section>\n\t\t\t\t<section class=\"elementor-section elementor-top-section elementor-element elementor-element-510cf75e bg-row-theme elementor-section-boxed elementor-section-height-default elementor-section-height-default row-top\" data-id=\"510cf75e\" data-element_type=\"section\" data-e-type=\"section\" data-settings=\"{&quot;background_background&quot;:&quot;classic&quot;}\">\n\t\t\t\t\t\t<div class=\"elementor-container elementor-column-gap-default\">\n\t\t\t\t\t<div class=\"elementor-column elementor-col-50 elementor-top-column elementor-element elementor-element-17e7b049\" data-id=\"17e7b049\" data-element_type=\"column\" data-e-type=\"column\">\n\t\t\t<div class=\"elementor-widget-wrap elementor-element-populated\">\n\t\t\t\t\t\t<div class=\"elementor-element elementor-element-59ef7172 elementor-widget elementor-widget-gva-heading-block\" data-id=\"59ef7172\" data-element_type=\"widget\" data-e-type=\"widget\" data-widget_type=\"gva-heading-block.default\">\n\t\t\t\t<div class=\"elementor-widget-container\">\n\t\t\t\t\t<div class=\"gva-element-gva-heading-block gva-element\">   <div class=\"align-left style-1 widget gsc-heading box-align-left auto-responsive\">\r\n      <div class=\"content-inner\">\r\n         \r\n                  \r\n                     <div class=\"sub-title\"><span>Planifica tu viaje con nosotros<\/span><\/div>\r\n           \r\n         \r\n                     <h2 class=\"title\">\r\n               <span>\u00bfListo para un recorrido inolvidable?<\/span>\r\n            <\/h2>\r\n                  \r\n         \r\n      <\/div>\r\n   <\/div>\r\n<\/div>\t\t\t\t<\/div>\n\t\t\t\t<\/div>\n\t\t\t\t\t<\/div>\n\t\t<\/div>\n\t\t\t\t<div class=\"elementor-column elementor-col-50 elementor-top-column elementor-element elementor-element-3fbcbcfe\" data-id=\"3fbcbcfe\" data-element_type=\"column\" data-e-type=\"column\">\n\t\t\t<div class=\"elementor-widget-wrap elementor-element-populated\">\n\t\t\t\t\t\t<div class=\"elementor-element elementor-element-4c6154ea elementor-widget__width-auto elementor-widget elementor-widget-html\" data-id=\"4c6154ea\" data-element_type=\"widget\" data-e-type=\"widget\" data-widget_type=\"html.default\">\n\t\t\t\t<div class=\"elementor-widget-container\">\n\t\t\t\t\t<a class=\"btn-black btn-medium\" href=\"\/experiencias\/\">\n    Ver experiencias\n<\/a>\t\t\t\t<\/div>\n\t\t\t\t<\/div>\n\t\t\t\t\t<\/div>\n\t\t<\/div>\n\t\t\t\t\t<\/div>\n\t\t<\/section>\n\t\t\t\t<\/div>\n\t\t","protected":false},"excerpt":{"rendered":"<p>Transport Home Page Osez explorer avec Ruta Tayrona Tours Service de transport priv\u00e9 qui consiste \u00e0 transporter le client d&#8217;un point \u00e0 un autre par voie terrestre, dans lequel vous pouvez choisir diff\u00e9rents types de v\u00e9hicules en fonction du nombre de personnes qui composent votre voyage. Voir Transport terrestre Voir Transports Santa Marta Voir Transport [&hellip;]<\/p>\n","protected":false},"author":6,"featured_media":0,"parent":0,"menu_order":0,"comment_status":"closed","ping_status":"closed","template":"","meta":{"footnotes":""},"class_list":["post-3658","page","type-page","status-publish","hentry"],"yoast_head":"<!-- This site is optimized with the Yoast SEO plugin v27.2 - https:\/\/yoast.com\/product\/yoast-seo-wordpress\/ -->\n<title>Transport - Ruta Tayrona Tours<\/title>\n<meta name=\"robots\" content=\"index, follow, max-snippet:-1, max-image-preview:large, max-video-preview:-1\" \/>\n<link rel=\"canonical\" href=\"https:\/\/rutatayronatours.com\/fr\/transport\/\" \/>\n<meta property=\"og:locale\" content=\"fr_FR\" \/>\n<meta property=\"og:type\" content=\"article\" \/>\n<meta property=\"og:title\" content=\"Transport - Ruta Tayrona Tours\" \/>\n<meta property=\"og:description\" content=\"Transport Home Page Osez explorer avec Ruta Tayrona Tours Service de transport priv\u00e9 qui consiste \u00e0 transporter le client d&#8217;un point \u00e0 un autre par voie terrestre, dans lequel vous pouvez choisir diff\u00e9rents types de v\u00e9hicules en fonction du nombre de personnes qui composent votre voyage. Voir Transport terrestre Voir Transports Santa Marta Voir Transport [&hellip;]\" \/>\n<meta property=\"og:url\" content=\"https:\/\/rutatayronatours.com\/fr\/transport\/\" \/>\n<meta property=\"og:site_name\" content=\"Ruta Tayrona Tours\" \/>\n<meta property=\"article:publisher\" content=\"https:\/\/www.facebook.com\/riomolinotours2\" \/>\n<meta property=\"article:modified_time\" content=\"2024-01-10T16:51:04+00:00\" \/>\n<meta property=\"og:image\" content=\"https:\/\/rutatayronatours.com\/fr\/wp-content\/uploads\/2024\/01\/650-5.jpg\" \/>\n<meta name=\"twitter:card\" content=\"summary_large_image\" \/>\n<meta name=\"twitter:label1\" content=\"Dur\u00e9e de lecture estim\u00e9e\" \/>\n\t<meta name=\"twitter:data1\" content=\"2 minutes\" \/>\n<script type=\"application\/ld+json\" class=\"yoast-schema-graph\">{\"@context\":\"https:\/\/schema.org\",\"@graph\":[{\"@type\":\"WebPage\",\"@id\":\"https:\/\/rutatayronatours.com\/fr\/transport\/\",\"url\":\"https:\/\/rutatayronatours.com\/fr\/transport\/\",\"name\":\"Transport - Ruta Tayrona Tours\",\"isPartOf\":{\"@id\":\"https:\/\/rutatayronatours.com\/fr\/#website\"},\"primaryImageOfPage\":{\"@id\":\"https:\/\/rutatayronatours.com\/fr\/transport\/#primaryimage\"},\"image\":{\"@id\":\"https:\/\/rutatayronatours.com\/fr\/transport\/#primaryimage\"},\"thumbnailUrl\":\"https:\/\/rutatayronatours.com\/fr\/wp-content\/uploads\/2024\/01\/650-5.jpg\",\"datePublished\":\"2024-01-10T16:44:31+00:00\",\"dateModified\":\"2024-01-10T16:51:04+00:00\",\"breadcrumb\":{\"@id\":\"https:\/\/rutatayronatours.com\/fr\/transport\/#breadcrumb\"},\"inLanguage\":\"fr-FR\",\"potentialAction\":[{\"@type\":\"ReadAction\",\"target\":[\"https:\/\/rutatayronatours.com\/fr\/transport\/\"]}]},{\"@type\":\"ImageObject\",\"inLanguage\":\"fr-FR\",\"@id\":\"https:\/\/rutatayronatours.com\/fr\/transport\/#primaryimage\",\"url\":\"https:\/\/rutatayronatours.com\/fr\/wp-content\/uploads\/2024\/01\/650-5.jpg\",\"contentUrl\":\"https:\/\/rutatayronatours.com\/fr\/wp-content\/uploads\/2024\/01\/650-5.jpg\",\"width\":650,\"height\":426},{\"@type\":\"BreadcrumbList\",\"@id\":\"https:\/\/rutatayronatours.com\/fr\/transport\/#breadcrumb\",\"itemListElement\":[{\"@type\":\"ListItem\",\"position\":1,\"name\":\"Portada\",\"item\":\"https:\/\/rutatayronatours.com\/fr\/\"},{\"@type\":\"ListItem\",\"position\":2,\"name\":\"Transport\"}]},{\"@type\":\"WebSite\",\"@id\":\"https:\/\/rutatayronatours.com\/fr\/#website\",\"url\":\"https:\/\/rutatayronatours.com\/fr\/\",\"name\":\"Ruta Tayrona Tours\",\"description\":\"Experiencias y tours del caribe Colombiano\",\"publisher\":{\"@id\":\"https:\/\/rutatayronatours.com\/fr\/#organization\"},\"potentialAction\":[{\"@type\":\"SearchAction\",\"target\":{\"@type\":\"EntryPoint\",\"urlTemplate\":\"https:\/\/rutatayronatours.com\/fr\/?s={search_term_string}\"},\"query-input\":{\"@type\":\"PropertyValueSpecification\",\"valueRequired\":true,\"valueName\":\"search_term_string\"}}],\"inLanguage\":\"fr-FR\"},{\"@type\":\"Organization\",\"@id\":\"https:\/\/rutatayronatours.com\/fr\/#organization\",\"name\":\"Ruta Tayrona Tours\",\"url\":\"https:\/\/rutatayronatours.com\/fr\/\",\"logo\":{\"@type\":\"ImageObject\",\"inLanguage\":\"fr-FR\",\"@id\":\"https:\/\/rutatayronatours.com\/fr\/#\/schema\/logo\/image\/\",\"url\":\"https:\/\/rutatayronatours.com\/fr\/wp-content\/uploads\/2023\/02\/Ruta-Tayrona-Tours.png\",\"contentUrl\":\"https:\/\/rutatayronatours.com\/fr\/wp-content\/uploads\/2023\/02\/Ruta-Tayrona-Tours.png\",\"width\":348,\"height\":85,\"caption\":\"Ruta Tayrona Tours\"},\"image\":{\"@id\":\"https:\/\/rutatayronatours.com\/fr\/#\/schema\/logo\/image\/\"},\"sameAs\":[\"https:\/\/www.facebook.com\/riomolinotours2\",\"https:\/\/www.instagram.com\/rutatayronatours\/\",\"https:\/\/api.whatsapp.com\/send?phone=573145502928\"]}]}<\/script>\n<!-- \/ Yoast SEO plugin. -->","yoast_head_json":{"title":"Transport - Ruta Tayrona Tours","robots":{"index":"index","follow":"follow","max-snippet":"max-snippet:-1","max-image-preview":"max-image-preview:large","max-video-preview":"max-video-preview:-1"},"canonical":"https:\/\/rutatayronatours.com\/fr\/transport\/","og_locale":"fr_FR","og_type":"article","og_title":"Transport - Ruta Tayrona Tours","og_description":"Transport Home Page Osez explorer avec Ruta Tayrona Tours Service de transport priv\u00e9 qui consiste \u00e0 transporter le client d&#8217;un point \u00e0 un autre par voie terrestre, dans lequel vous pouvez choisir diff\u00e9rents types de v\u00e9hicules en fonction du nombre de personnes qui composent votre voyage. Voir Transport terrestre Voir Transports Santa Marta Voir Transport [&hellip;]","og_url":"https:\/\/rutatayronatours.com\/fr\/transport\/","og_site_name":"Ruta Tayrona Tours","article_publisher":"https:\/\/www.facebook.com\/riomolinotours2","article_modified_time":"2024-01-10T16:51:04+00:00","og_image":[{"url":"https:\/\/rutatayronatours.com\/fr\/wp-content\/uploads\/2024\/01\/650-5.jpg","type":"","width":"","height":""}],"twitter_card":"summary_large_image","twitter_misc":{"Dur\u00e9e de lecture estim\u00e9e":"2 minutes"},"schema":{"@context":"https:\/\/schema.org","@graph":[{"@type":"WebPage","@id":"https:\/\/rutatayronatours.com\/fr\/transport\/","url":"https:\/\/rutatayronatours.com\/fr\/transport\/","name":"Transport - Ruta Tayrona Tours","isPartOf":{"@id":"https:\/\/rutatayronatours.com\/fr\/#website"},"primaryImageOfPage":{"@id":"https:\/\/rutatayronatours.com\/fr\/transport\/#primaryimage"},"image":{"@id":"https:\/\/rutatayronatours.com\/fr\/transport\/#primaryimage"},"thumbnailUrl":"https:\/\/rutatayronatours.com\/fr\/wp-content\/uploads\/2024\/01\/650-5.jpg","datePublished":"2024-01-10T16:44:31+00:00","dateModified":"2024-01-10T16:51:04+00:00","breadcrumb":{"@id":"https:\/\/rutatayronatours.com\/fr\/transport\/#breadcrumb"},"inLanguage":"fr-FR","potentialAction":[{"@type":"ReadAction","target":["https:\/\/rutatayronatours.com\/fr\/transport\/"]}]},{"@type":"ImageObject","inLanguage":"fr-FR","@id":"https:\/\/rutatayronatours.com\/fr\/transport\/#primaryimage","url":"https:\/\/rutatayronatours.com\/fr\/wp-content\/uploads\/2024\/01\/650-5.jpg","contentUrl":"https:\/\/rutatayronatours.com\/fr\/wp-content\/uploads\/2024\/01\/650-5.jpg","width":650,"height":426},{"@type":"BreadcrumbList","@id":"https:\/\/rutatayronatours.com\/fr\/transport\/#breadcrumb","itemListElement":[{"@type":"ListItem","position":1,"name":"Portada","item":"https:\/\/rutatayronatours.com\/fr\/"},{"@type":"ListItem","position":2,"name":"Transport"}]},{"@type":"WebSite","@id":"https:\/\/rutatayronatours.com\/fr\/#website","url":"https:\/\/rutatayronatours.com\/fr\/","name":"Ruta Tayrona Tours","description":"Experiencias y tours del caribe Colombiano","publisher":{"@id":"https:\/\/rutatayronatours.com\/fr\/#organization"},"potentialAction":[{"@type":"SearchAction","target":{"@type":"EntryPoint","urlTemplate":"https:\/\/rutatayronatours.com\/fr\/?s={search_term_string}"},"query-input":{"@type":"PropertyValueSpecification","valueRequired":true,"valueName":"search_term_string"}}],"inLanguage":"fr-FR"},{"@type":"Organization","@id":"https:\/\/rutatayronatours.com\/fr\/#organization","name":"Ruta Tayrona Tours","url":"https:\/\/rutatayronatours.com\/fr\/","logo":{"@type":"ImageObject","inLanguage":"fr-FR","@id":"https:\/\/rutatayronatours.com\/fr\/#\/schema\/logo\/image\/","url":"https:\/\/rutatayronatours.com\/fr\/wp-content\/uploads\/2023\/02\/Ruta-Tayrona-Tours.png","contentUrl":"https:\/\/rutatayronatours.com\/fr\/wp-content\/uploads\/2023\/02\/Ruta-Tayrona-Tours.png","width":348,"height":85,"caption":"Ruta Tayrona Tours"},"image":{"@id":"https:\/\/rutatayronatours.com\/fr\/#\/schema\/logo\/image\/"},"sameAs":["https:\/\/www.facebook.com\/riomolinotours2","https:\/\/www.instagram.com\/rutatayronatours\/","https:\/\/api.whatsapp.com\/send?phone=573145502928"]}]}},"_links":{"self":[{"href":"https:\/\/rutatayronatours.com\/fr\/wp-json\/wp\/v2\/pages\/3658","targetHints":{"allow":["GET"]}}],"collection":[{"href":"https:\/\/rutatayronatours.com\/fr\/wp-json\/wp\/v2\/pages"}],"about":[{"href":"https:\/\/rutatayronatours.com\/fr\/wp-json\/wp\/v2\/types\/page"}],"author":[{"embeddable":true,"href":"https:\/\/rutatayronatours.com\/fr\/wp-json\/wp\/v2\/users\/6"}],"replies":[{"embeddable":true,"href":"https:\/\/rutatayronatours.com\/fr\/wp-json\/wp\/v2\/comments?post=3658"}],"version-history":[{"count":7,"href":"https:\/\/rutatayronatours.com\/fr\/wp-json\/wp\/v2\/pages\/3658\/revisions"}],"predecessor-version":[{"id":3676,"href":"https:\/\/rutatayronatours.com\/fr\/wp-json\/wp\/v2\/pages\/3658\/revisions\/3676"}],"wp:attachment":[{"href":"https:\/\/rutatayronatours.com\/fr\/wp-json\/wp\/v2\/media?parent=3658"}],"curies":[{"name":"wp","href":"https:\/\/api.w.org\/{rel}","templated":true}]}}