{"id":1537,"date":"2023-03-14T16:18:39","date_gmt":"2023-03-14T21:18:39","guid":{"rendered":"https:\/\/rutatayronatours.com\/fr\/?post_type=product&#038;p=1537"},"modified":"2025-01-07T16:44:02","modified_gmt":"2025-01-07T21:44:02","slug":"communaute-gotsezhy-wiwa","status":"publish","type":"product","link":"https:\/\/rutatayronatours.com\/fr\/product\/communaute-gotsezhy-wiwa\/","title":{"rendered":"Communaut\u00e9 Gotsezhy Wiwa"},"content":{"rendered":"<h3 style=\"text-align: center;\"><a href=\"https:\/\/rutatayronatours.com\/fr\/comunidades-indigenas-de-la-sierra-nevada-de-santa-marta\/\">Communaut\u00e9 Gotsezhy Wiwa<\/a><\/h3>\n<p>Lors de votre voyage \u00e0 travers la Sierra Nevada vers la Communaut\u00e9 Gotsezhy Wiwa, vous aurez l&#8217;opportunit\u00e9 de vous immerger dans la culture et l&#8217;histoire des communaut\u00e9s indig\u00e8nes, notamment les Arhuaco, <a href=\"https:\/\/rutatayronatours.com\/fr\/comunidades-indigenas-de-la-sierra-nevada-de-santa-marta\/\">Kogui<\/a>, Tayrona, Wiwa et Kankuamo. Ces communaut\u00e9s habitent ces terres depuis des si\u00e8cles et jouent un r\u00f4le fondamental dans la pr\u00e9servation de cet \u00e9cosyst\u00e8me unique. Vous explorerez \u00e9galement la riche flore et faune de la r\u00e9gion, avec la possibilit\u00e9 d&#8217;observer des esp\u00e8ces end\u00e9miques et de profiter de la luxuriante jungle tropicale.<\/p>\n<p>Nos guides locaux hautement qualifi\u00e9s seront \u00e0 votre service pour vous offrir une exp\u00e9rience enrichissante et s\u00e9curis\u00e9e. Des randonn\u00e9es passionnantes sur des sentiers naturels \u00e0 l&#8217;interaction avec les traditions des communaut\u00e9s indig\u00e8nes, nous sommes convaincus que votre visite \u00e0 la Sierra Nevada de Santa Marta sera inoubliable. N&#8217;oubliez jamais d&#8217;\u00eatre respectueux de l&#8217;environnement et de suivre les instructions de vos guides pour garantir la pr\u00e9servation de ce tr\u00e9sor naturel pour les g\u00e9n\u00e9rations futures.<\/p>\n<p>La Communaut\u00e9 Gotsezhy Wiwa, qui signifie &#8220;Renacer&#8221; en espagnol, est un refuge indig\u00e8ne Wiwa nich\u00e9 dans la Sierra Nevada de Santa Marta. Cette excursion comprend une randonn\u00e9e jusqu&#8217;au refuge, o\u00f9 vous pourrez profiter des paysages les mieux pr\u00e9serv\u00e9s, explorer les rivi\u00e8res et vous d\u00e9connecter compl\u00e8tement du monde ext\u00e9rieur. Vous gagnerez une compr\u00e9hension plus profonde de leur vision du monde, de leurs croyances et de l&#8217;importance de la diversit\u00e9 ethnique et culturelle \u00e0 travers diverses activit\u00e9s. Le refuge indig\u00e8ne offre \u00e9galement un acc\u00e8s facile \u00e0 la majestueuse piscine naturelle de la cascade Matuna (El Encanto), o\u00f9 vous pourrez vous rafra\u00eechir en seulement 15 minutes de marche.<\/p>\n","protected":false},"excerpt":{"rendered":"<h3>Voyage d&#8217;un jour<\/h3>\n<h3>Santa Marta \u2013 Village San Martin \u2013 Santa Marta<\/h3>\n<ul>\n<li>7h00 Nous commen\u00e7ons notre exp\u00e9rience dans la communaut\u00e9 Gotsezhy Wiwa dans un v\u00e9hicule 4&#215;4, en direction du village de San Martin.<\/li>\n<li>Vers 9h00 Arriv\u00e9e au village Wiwa \u00ab Gotsezhy \u00bb, o\u00f9 vous vivrez une exp\u00e9rience d&#8217;\u00e9change culturel avec la communaut\u00e9 (accompagn\u00e9 d&#8217;un guide autochtone). Vous aurez \u00e9galement l&#8217;occasion de profiter d&#8217;une exposition de l&#8217;artisanat de leur culture.<\/li>\n<li>12h00 Eco-marche d&#8217;environ 5 minutes pour atteindre un lieu sacr\u00e9, o\u00f9 vous ferez une rencontre spirituelle avec l&#8217;indig\u00e8ne Mamo, la plus haute autorit\u00e9 de la tribu, permettant un \u00e9change de connaissances.<\/li>\n<li>12h30 Profitez d&#8217;un d\u00e9jeuner r\u00e9gional typique pr\u00e9par\u00e9 par les mains indig\u00e8nes Wiwa.<\/li>\n<li>13h30 Nous commen\u00e7ons une randonn\u00e9e de 20 minutes jusqu&#8217;\u00e0 une piscine naturelle connue sous le nom de &#8220;El Encanto&#8221;, un lieu auquel les anc\u00eatres attribuaient des propri\u00e9t\u00e9s purifiantes. Ici, vous pourrez prendre une baignade rafra\u00eechissante.<\/li>\n<li>15:00. Nous commen\u00e7ons notre retour vers la ville de Santa Marta, concluant notre exp\u00e9rience dans la communaut\u00e9 Gotsezhy Wiwa.<\/li>\n<\/ul>\n<h2>Tarifs et services inclus :<\/h2>\n<ul>\n<li>Transport 4&#215;4 (aller-retour)<\/li>\n<li>Repas (d\u00e9jeuner)<\/li>\n<li>Conseils professionnels et expert local<\/li>\n<li>Assurance voyage<\/li>\n<li>Contribution aux communaut\u00e9s paysannes et autochtones<\/li>\n<li>La contribution de Mamo<\/li>\n<li>Artisanat<\/li>\n<li>Contribution au comit\u00e9 touristique du village de San Martin<\/li>\n<li>Entr\u00e9e d&#8217;une ferme productive<\/li>\n<\/ul>\n","protected":false},"featured_media":1337,"comment_status":"closed","ping_status":"closed","template":"","meta":[],"product_brand":[],"product_cat":[110,96],"product_tag":[100],"class_list":{"0":"post-1537","1":"product","2":"type-product","3":"status-publish","4":"has-post-thumbnail","6":"product_cat-experiences","7":"product_cat-sierra-nevada-de-santa-marta","8":"product_tag-experiencias","10":"first","11":"instock","12":"shipping-taxable","13":"purchasable","14":"product-type-simple"},"yoast_head":"<!-- This site is optimized with the Yoast SEO plugin v27.2 - https:\/\/yoast.com\/product\/yoast-seo-wordpress\/ -->\n<title>Communaut\u00e9 Gotsezhy Wiwa - Ruta Tayrona Tours<\/title>\n<meta name=\"description\" content=\"D\u00e9couvrez le Gotsezhy Wiwa Community Tour, o\u00f9 vous pourrez vous immerger dans la culture de cette communaut\u00e9 guid\u00e9e par le Mamo, leur plus haute autorit\u00e9.\" \/>\n<meta name=\"robots\" content=\"index, follow, max-snippet:-1, max-image-preview:large, max-video-preview:-1\" \/>\n<link rel=\"canonical\" href=\"https:\/\/rutatayronatours.com\/fr\/product\/communaute-gotsezhy-wiwa\/\" \/>\n<meta property=\"og:locale\" content=\"fr_FR\" \/>\n<meta property=\"og:type\" content=\"article\" \/>\n<meta property=\"og:title\" content=\"Communaut\u00e9 Gotsezhy Wiwa - Ruta Tayrona Tours\" \/>\n<meta property=\"og:description\" content=\"D\u00e9couvrez le Gotsezhy Wiwa Community Tour, o\u00f9 vous pourrez vous immerger dans la culture de cette communaut\u00e9 guid\u00e9e par le Mamo, leur plus haute autorit\u00e9.\" \/>\n<meta property=\"og:url\" content=\"https:\/\/rutatayronatours.com\/fr\/product\/communaute-gotsezhy-wiwa\/\" \/>\n<meta property=\"og:site_name\" content=\"Ruta Tayrona Tours\" \/>\n<meta property=\"article:publisher\" content=\"https:\/\/www.facebook.com\/riomolinotours2\" \/>\n<meta property=\"article:modified_time\" content=\"2025-01-07T21:44:02+00:00\" \/>\n<meta property=\"og:image\" content=\"https:\/\/rutatayronatours.com\/fr\/wp-content\/uploads\/2021\/03\/03_Gotsezhy-1.jpg\" \/>\n\t<meta property=\"og:image:width\" content=\"1200\" \/>\n\t<meta property=\"og:image:height\" content=\"1200\" \/>\n\t<meta property=\"og:image:type\" content=\"image\/jpeg\" \/>\n<meta name=\"twitter:card\" content=\"summary_large_image\" \/>\n<meta name=\"twitter:label1\" content=\"Dur\u00e9e de lecture estim\u00e9e\" \/>\n\t<meta name=\"twitter:data1\" content=\"2 minutes\" \/>\n<script type=\"application\/ld+json\" class=\"yoast-schema-graph\">{\"@context\":\"https:\/\/schema.org\",\"@graph\":[{\"@type\":\"WebPage\",\"@id\":\"https:\/\/rutatayronatours.com\/fr\/product\/communaute-gotsezhy-wiwa\/\",\"url\":\"https:\/\/rutatayronatours.com\/fr\/product\/communaute-gotsezhy-wiwa\/\",\"name\":\"Communaut\u00e9 Gotsezhy Wiwa - Ruta Tayrona Tours\",\"isPartOf\":{\"@id\":\"https:\/\/rutatayronatours.com\/fr\/#website\"},\"primaryImageOfPage\":{\"@id\":\"https:\/\/rutatayronatours.com\/fr\/product\/communaute-gotsezhy-wiwa\/#primaryimage\"},\"image\":{\"@id\":\"https:\/\/rutatayronatours.com\/fr\/product\/communaute-gotsezhy-wiwa\/#primaryimage\"},\"thumbnailUrl\":\"https:\/\/rutatayronatours.com\/fr\/wp-content\/uploads\/2021\/03\/03_Gotsezhy-1.jpg\",\"datePublished\":\"2023-03-14T21:18:39+00:00\",\"dateModified\":\"2025-01-07T21:44:02+00:00\",\"description\":\"D\u00e9couvrez le Gotsezhy Wiwa Community Tour, o\u00f9 vous pourrez vous immerger dans la culture de cette communaut\u00e9 guid\u00e9e par le Mamo, leur plus haute autorit\u00e9.\",\"breadcrumb\":{\"@id\":\"https:\/\/rutatayronatours.com\/fr\/product\/communaute-gotsezhy-wiwa\/#breadcrumb\"},\"inLanguage\":\"fr-FR\",\"potentialAction\":[{\"@type\":\"ReadAction\",\"target\":[\"https:\/\/rutatayronatours.com\/fr\/product\/communaute-gotsezhy-wiwa\/\"]}]},{\"@type\":\"ImageObject\",\"inLanguage\":\"fr-FR\",\"@id\":\"https:\/\/rutatayronatours.com\/fr\/product\/communaute-gotsezhy-wiwa\/#primaryimage\",\"url\":\"https:\/\/rutatayronatours.com\/fr\/wp-content\/uploads\/2021\/03\/03_Gotsezhy-1.jpg\",\"contentUrl\":\"https:\/\/rutatayronatours.com\/fr\/wp-content\/uploads\/2021\/03\/03_Gotsezhy-1.jpg\",\"width\":1200,\"height\":1200,\"caption\":\"Reserva aqu\u00ed el tour a Gotsezhy Comunidad Wiwa\"},{\"@type\":\"BreadcrumbList\",\"@id\":\"https:\/\/rutatayronatours.com\/fr\/product\/communaute-gotsezhy-wiwa\/#breadcrumb\",\"itemListElement\":[{\"@type\":\"ListItem\",\"position\":1,\"name\":\"Portada\",\"item\":\"https:\/\/rutatayronatours.com\/fr\/\"},{\"@type\":\"ListItem\",\"position\":2,\"name\":\"Shop\",\"item\":\"https:\/\/rutatayronatours.com\/fr\/shop\/\"},{\"@type\":\"ListItem\",\"position\":3,\"name\":\"Communaut\u00e9 Gotsezhy Wiwa\"}]},{\"@type\":\"WebSite\",\"@id\":\"https:\/\/rutatayronatours.com\/fr\/#website\",\"url\":\"https:\/\/rutatayronatours.com\/fr\/\",\"name\":\"Ruta Tayrona Tours\",\"description\":\"Experiencias y tours del caribe Colombiano\",\"publisher\":{\"@id\":\"https:\/\/rutatayronatours.com\/fr\/#organization\"},\"potentialAction\":[{\"@type\":\"SearchAction\",\"target\":{\"@type\":\"EntryPoint\",\"urlTemplate\":\"https:\/\/rutatayronatours.com\/fr\/?s={search_term_string}\"},\"query-input\":{\"@type\":\"PropertyValueSpecification\",\"valueRequired\":true,\"valueName\":\"search_term_string\"}}],\"inLanguage\":\"fr-FR\"},{\"@type\":\"Organization\",\"@id\":\"https:\/\/rutatayronatours.com\/fr\/#organization\",\"name\":\"Ruta Tayrona Tours\",\"url\":\"https:\/\/rutatayronatours.com\/fr\/\",\"logo\":{\"@type\":\"ImageObject\",\"inLanguage\":\"fr-FR\",\"@id\":\"https:\/\/rutatayronatours.com\/fr\/#\/schema\/logo\/image\/\",\"url\":\"https:\/\/rutatayronatours.com\/fr\/wp-content\/uploads\/2023\/02\/Ruta-Tayrona-Tours.png\",\"contentUrl\":\"https:\/\/rutatayronatours.com\/fr\/wp-content\/uploads\/2023\/02\/Ruta-Tayrona-Tours.png\",\"width\":348,\"height\":85,\"caption\":\"Ruta Tayrona Tours\"},\"image\":{\"@id\":\"https:\/\/rutatayronatours.com\/fr\/#\/schema\/logo\/image\/\"},\"sameAs\":[\"https:\/\/www.facebook.com\/riomolinotours2\",\"https:\/\/www.instagram.com\/rutatayronatours\/\",\"https:\/\/api.whatsapp.com\/send?phone=573145502928\"]}]}<\/script>\n<!-- \/ Yoast SEO plugin. -->","yoast_head_json":{"title":"Communaut\u00e9 Gotsezhy Wiwa - Ruta Tayrona Tours","description":"D\u00e9couvrez le Gotsezhy Wiwa Community Tour, o\u00f9 vous pourrez vous immerger dans la culture de cette communaut\u00e9 guid\u00e9e par le Mamo, leur plus haute autorit\u00e9.","robots":{"index":"index","follow":"follow","max-snippet":"max-snippet:-1","max-image-preview":"max-image-preview:large","max-video-preview":"max-video-preview:-1"},"canonical":"https:\/\/rutatayronatours.com\/fr\/product\/communaute-gotsezhy-wiwa\/","og_locale":"fr_FR","og_type":"article","og_title":"Communaut\u00e9 Gotsezhy Wiwa - Ruta Tayrona Tours","og_description":"D\u00e9couvrez le Gotsezhy Wiwa Community Tour, o\u00f9 vous pourrez vous immerger dans la culture de cette communaut\u00e9 guid\u00e9e par le Mamo, leur plus haute autorit\u00e9.","og_url":"https:\/\/rutatayronatours.com\/fr\/product\/communaute-gotsezhy-wiwa\/","og_site_name":"Ruta Tayrona Tours","article_publisher":"https:\/\/www.facebook.com\/riomolinotours2","article_modified_time":"2025-01-07T21:44:02+00:00","og_image":[{"width":1200,"height":1200,"url":"https:\/\/rutatayronatours.com\/fr\/wp-content\/uploads\/2021\/03\/03_Gotsezhy-1.jpg","type":"image\/jpeg"}],"twitter_card":"summary_large_image","twitter_misc":{"Dur\u00e9e de lecture estim\u00e9e":"2 minutes"},"schema":{"@context":"https:\/\/schema.org","@graph":[{"@type":"WebPage","@id":"https:\/\/rutatayronatours.com\/fr\/product\/communaute-gotsezhy-wiwa\/","url":"https:\/\/rutatayronatours.com\/fr\/product\/communaute-gotsezhy-wiwa\/","name":"Communaut\u00e9 Gotsezhy Wiwa - Ruta Tayrona Tours","isPartOf":{"@id":"https:\/\/rutatayronatours.com\/fr\/#website"},"primaryImageOfPage":{"@id":"https:\/\/rutatayronatours.com\/fr\/product\/communaute-gotsezhy-wiwa\/#primaryimage"},"image":{"@id":"https:\/\/rutatayronatours.com\/fr\/product\/communaute-gotsezhy-wiwa\/#primaryimage"},"thumbnailUrl":"https:\/\/rutatayronatours.com\/fr\/wp-content\/uploads\/2021\/03\/03_Gotsezhy-1.jpg","datePublished":"2023-03-14T21:18:39+00:00","dateModified":"2025-01-07T21:44:02+00:00","description":"D\u00e9couvrez le Gotsezhy Wiwa Community Tour, o\u00f9 vous pourrez vous immerger dans la culture de cette communaut\u00e9 guid\u00e9e par le Mamo, leur plus haute autorit\u00e9.","breadcrumb":{"@id":"https:\/\/rutatayronatours.com\/fr\/product\/communaute-gotsezhy-wiwa\/#breadcrumb"},"inLanguage":"fr-FR","potentialAction":[{"@type":"ReadAction","target":["https:\/\/rutatayronatours.com\/fr\/product\/communaute-gotsezhy-wiwa\/"]}]},{"@type":"ImageObject","inLanguage":"fr-FR","@id":"https:\/\/rutatayronatours.com\/fr\/product\/communaute-gotsezhy-wiwa\/#primaryimage","url":"https:\/\/rutatayronatours.com\/fr\/wp-content\/uploads\/2021\/03\/03_Gotsezhy-1.jpg","contentUrl":"https:\/\/rutatayronatours.com\/fr\/wp-content\/uploads\/2021\/03\/03_Gotsezhy-1.jpg","width":1200,"height":1200,"caption":"Reserva aqu\u00ed el tour a Gotsezhy Comunidad Wiwa"},{"@type":"BreadcrumbList","@id":"https:\/\/rutatayronatours.com\/fr\/product\/communaute-gotsezhy-wiwa\/#breadcrumb","itemListElement":[{"@type":"ListItem","position":1,"name":"Portada","item":"https:\/\/rutatayronatours.com\/fr\/"},{"@type":"ListItem","position":2,"name":"Shop","item":"https:\/\/rutatayronatours.com\/fr\/shop\/"},{"@type":"ListItem","position":3,"name":"Communaut\u00e9 Gotsezhy Wiwa"}]},{"@type":"WebSite","@id":"https:\/\/rutatayronatours.com\/fr\/#website","url":"https:\/\/rutatayronatours.com\/fr\/","name":"Ruta Tayrona Tours","description":"Experiencias y tours del caribe Colombiano","publisher":{"@id":"https:\/\/rutatayronatours.com\/fr\/#organization"},"potentialAction":[{"@type":"SearchAction","target":{"@type":"EntryPoint","urlTemplate":"https:\/\/rutatayronatours.com\/fr\/?s={search_term_string}"},"query-input":{"@type":"PropertyValueSpecification","valueRequired":true,"valueName":"search_term_string"}}],"inLanguage":"fr-FR"},{"@type":"Organization","@id":"https:\/\/rutatayronatours.com\/fr\/#organization","name":"Ruta Tayrona Tours","url":"https:\/\/rutatayronatours.com\/fr\/","logo":{"@type":"ImageObject","inLanguage":"fr-FR","@id":"https:\/\/rutatayronatours.com\/fr\/#\/schema\/logo\/image\/","url":"https:\/\/rutatayronatours.com\/fr\/wp-content\/uploads\/2023\/02\/Ruta-Tayrona-Tours.png","contentUrl":"https:\/\/rutatayronatours.com\/fr\/wp-content\/uploads\/2023\/02\/Ruta-Tayrona-Tours.png","width":348,"height":85,"caption":"Ruta Tayrona Tours"},"image":{"@id":"https:\/\/rutatayronatours.com\/fr\/#\/schema\/logo\/image\/"},"sameAs":["https:\/\/www.facebook.com\/riomolinotours2","https:\/\/www.instagram.com\/rutatayronatours\/","https:\/\/api.whatsapp.com\/send?phone=573145502928"]}]}},"_links":{"self":[{"href":"https:\/\/rutatayronatours.com\/fr\/wp-json\/wp\/v2\/product\/1537","targetHints":{"allow":["GET"]}}],"collection":[{"href":"https:\/\/rutatayronatours.com\/fr\/wp-json\/wp\/v2\/product"}],"about":[{"href":"https:\/\/rutatayronatours.com\/fr\/wp-json\/wp\/v2\/types\/product"}],"replies":[{"embeddable":true,"href":"https:\/\/rutatayronatours.com\/fr\/wp-json\/wp\/v2\/comments?post=1537"}],"version-history":[{"count":8,"href":"https:\/\/rutatayronatours.com\/fr\/wp-json\/wp\/v2\/product\/1537\/revisions"}],"predecessor-version":[{"id":3526,"href":"https:\/\/rutatayronatours.com\/fr\/wp-json\/wp\/v2\/product\/1537\/revisions\/3526"}],"wp:featuredmedia":[{"embeddable":true,"href":"https:\/\/rutatayronatours.com\/fr\/wp-json\/wp\/v2\/media\/1337"}],"wp:attachment":[{"href":"https:\/\/rutatayronatours.com\/fr\/wp-json\/wp\/v2\/media?parent=1537"}],"wp:term":[{"taxonomy":"product_brand","embeddable":true,"href":"https:\/\/rutatayronatours.com\/fr\/wp-json\/wp\/v2\/product_brand?post=1537"},{"taxonomy":"product_cat","embeddable":true,"href":"https:\/\/rutatayronatours.com\/fr\/wp-json\/wp\/v2\/product_cat?post=1537"},{"taxonomy":"product_tag","embeddable":true,"href":"https:\/\/rutatayronatours.com\/fr\/wp-json\/wp\/v2\/product_tag?post=1537"}],"curies":[{"name":"wp","href":"https:\/\/api.w.org\/{rel}","templated":true}]}}