{"id":1538,"date":"2023-03-14T16:18:39","date_gmt":"2023-03-14T21:18:39","guid":{"rendered":"https:\/\/rutatayronatours.com\/fr\/?post_type=product&#038;p=1538"},"modified":"2025-01-07T16:44:03","modified_gmt":"2025-01-07T21:44:03","slug":"bunkuany-tayrona","status":"publish","type":"product","link":"https:\/\/rutatayronatours.com\/fr\/product\/bunkuany-tayrona\/","title":{"rendered":"Bunkuany Tayrona"},"content":{"rendered":"<h3><a href=\"https:\/\/rutatayronatours.com\/fr\/product\/bunkuany-tayrona\/\">Bunkuany\u00a0 Tayrona<\/a><\/h3>\n<p>Lors de votre visite de la tourn\u00e9e Bunkunay\u00a0 Tayrona dans la Sierra Nevada, vous aurez l&#8217;opportunit\u00e9 de vous immerger dans la culture et l&#8217;histoire des communaut\u00e9s indig\u00e8nes Arhuaco, <a href=\"https:\/\/rutatayronatours.com\/fr\/comunidades-indigenas-de-la-sierra-nevada-de-santa-marta\/\"><strong>Kogui<\/strong><\/a>, Tayrona, Wiwa et Kankuamo, qui habitent ces terres depuis des si\u00e8cles et jouent un r\u00f4le fondamental dans la pr\u00e9servation de cet \u00e9cosyst\u00e8me unique. De plus, vous explorerez la riche flore et faune de cet endroit, avec la possibilit\u00e9 d&#8217;observer des esp\u00e8ces end\u00e9miques et de profiter de la luxuriante jungle tropicale.<\/p>\n<p>Nos guides locaux hautement qualifi\u00e9s seront \u00e0 votre disposition pour vous offrir une exp\u00e9rience enrichissante et s\u00e9curis\u00e9e. Des randonn\u00e9es passionnantes le long de sentiers naturels \u00e0 l&#8217;interaction avec les traditions des communaut\u00e9s indig\u00e8nes, nous sommes convaincus que votre visite \u00e0 la Sierra Nevada de Santa Marta sera inoubliable. N&#8217;oubliez jamais d&#8217;\u00eatre respectueux de l&#8217;environnement et de suivre les instructions de vos guides pour garantir la pr\u00e9servation de ce tr\u00e9sor naturel pour les g\u00e9n\u00e9rations futures.<\/p>\n<p>Son nom est li\u00e9 aux pierres avec lesquelles ses terrasses ont \u00e9t\u00e9 construites et \u00e0 certaines gravures sur roche qui ont \u00e9t\u00e9 d\u00e9couvertes. Elles semblent raconter une histoire \u00e0 ceux qui visitent cet endroit, comme si elles nous parlaient. Bunkunay Tayrona, le &#8220;lieu des pierres parlantes&#8221;.<\/p>\n<p>Bien que le complexe arch\u00e9ologique de Bunkunay Tayrona soit moins \u00e9tendu que celui de la Cit\u00e9 perdue, il dispose d&#8217;assez grandes terrasses, et comme la Cit\u00e9 perdue ou Teyuna, \u00ab La Deuxi\u00e8me Cit\u00e9 perdue \u00bb, il dispose de plusieurs ruisseaux et rivi\u00e8res \u00e0 proximit\u00e9, permettant de se rafra\u00eechir. baignade en visitant Bunkunay. C&#8217;est une exp\u00e9rience formidable \u00e0 ne pas manquer, venez la vivre avec nous.<\/p>\n","protected":false},"excerpt":{"rendered":"<h3>Excursion d&#8217;une journ\u00e9e<\/h3>\n<h4>Itin\u00e9raire du jour<\/h4>\n<ul>\n<li>7h00 Nous commen\u00e7ons notre exp\u00e9rience Bunkunay Tayrona vers la r\u00e9gion de Calabazo, o\u00f9 nous commencerons une randonn\u00e9e \u00e9cologique de 2 heures. Au cours de cette randonn\u00e9e, nous d\u00e9couvrirons la faune, la flore et l&#8217;histoire du peuple Tayrona, ainsi que les quatre communaut\u00e9s descendantes qui habitent encore la Sierra Nevada de Santa Marta.<\/li>\n<li>Notre destination sont les terrasses Bunkunay Tayrona, o\u00f9 nous aurons l&#8217;occasion de tout apprendre sur cette civilisation et d&#8217;appr\u00e9cier le magnifique travail de la pierre que cette tribu effectuait. Ces terrasses \u00e9taient reli\u00e9es entre elles par des chemins, chacun remplissant une fonction et une hi\u00e9rarchie sp\u00e9cifiques. Dans ce lieu, nous profiterons d&#8217;un d\u00e9jeuner r\u00e9gional typique, accompagn\u00e9 de beaucoup d&#8217;histoire et de paysages uniques de la Sierra Nevada de Santa Marta. Apr\u00e8s le d\u00e9jeuner, nous commencerons notre voyage de retour en faisant un arr\u00eat technique dans l&#8217;une des magnifiques cascades avant de poursuivre le chemin du retour.<\/li>\n<li>16h45 Retour \u00e0 Santa Marta, conclusion de notre exp\u00e9rience Bunkunay Tayrona.<\/li>\n<\/ul>\n<h2><\/h2>\n<h2>Tarifs et services inclus<\/h2>\n<ul>\n<li>Transport aller-retour<\/li>\n<li>Entr\u00e9e sur le territoire<\/li>\n<li>Entr\u00e9e aux terrasses<\/li>\n<li>Guide<\/li>\n<li>D\u00e9jeuner typique<\/li>\n<li>Logistique<\/li>\n<li>Assurance<\/li>\n<\/ul>\n","protected":false},"featured_media":2760,"comment_status":"closed","ping_status":"closed","template":"","meta":[],"product_brand":[],"product_cat":[110,96],"product_tag":[100],"class_list":{"0":"post-1538","1":"product","2":"type-product","3":"status-publish","4":"has-post-thumbnail","6":"product_cat-experiences","7":"product_cat-sierra-nevada-de-santa-marta","8":"product_tag-experiencias","10":"first","11":"instock","12":"shipping-taxable","13":"purchasable","14":"product-type-simple"},"yoast_head":"<!-- This site is optimized with the Yoast SEO plugin v27.2 - https:\/\/yoast.com\/product\/yoast-seo-wordpress\/ -->\n<title>Bunkuany Tayrona - Ruta Tayrona Tours<\/title>\n<meta name=\"description\" content=\"Bunkuany Tayrona, vous aurez l&#039;occasion d&#039;explorer les magnifiques terrasses et de tout apprendre sur la culture Tayrona. Vivez-le avec nous.\" \/>\n<meta name=\"robots\" content=\"index, follow, max-snippet:-1, max-image-preview:large, max-video-preview:-1\" \/>\n<link rel=\"canonical\" href=\"https:\/\/rutatayronatours.com\/fr\/product\/bunkuany-tayrona\/\" \/>\n<meta property=\"og:locale\" content=\"fr_FR\" \/>\n<meta property=\"og:type\" content=\"article\" \/>\n<meta property=\"og:title\" content=\"Bunkuany Tayrona - Ruta Tayrona Tours\" \/>\n<meta property=\"og:description\" content=\"Bunkuany Tayrona, vous aurez l&#039;occasion d&#039;explorer les magnifiques terrasses et de tout apprendre sur la culture Tayrona. Vivez-le avec nous.\" \/>\n<meta property=\"og:url\" content=\"https:\/\/rutatayronatours.com\/fr\/product\/bunkuany-tayrona\/\" \/>\n<meta property=\"og:site_name\" content=\"Ruta Tayrona Tours\" \/>\n<meta property=\"article:publisher\" content=\"https:\/\/www.facebook.com\/riomolinotours2\" \/>\n<meta property=\"article:modified_time\" content=\"2025-01-07T21:44:03+00:00\" \/>\n<meta property=\"og:image\" content=\"https:\/\/rutatayronatours.com\/fr\/wp-content\/uploads\/2023\/09\/Bunkuany-11.png\" \/>\n\t<meta property=\"og:image:width\" content=\"1200\" \/>\n\t<meta property=\"og:image:height\" content=\"800\" \/>\n\t<meta property=\"og:image:type\" content=\"image\/png\" \/>\n<meta name=\"twitter:card\" content=\"summary_large_image\" \/>\n<meta name=\"twitter:label1\" content=\"Dur\u00e9e de lecture estim\u00e9e\" \/>\n\t<meta name=\"twitter:data1\" content=\"2 minutes\" \/>\n<script type=\"application\/ld+json\" class=\"yoast-schema-graph\">{\"@context\":\"https:\/\/schema.org\",\"@graph\":[{\"@type\":\"WebPage\",\"@id\":\"https:\/\/rutatayronatours.com\/fr\/product\/bunkuany-tayrona\/\",\"url\":\"https:\/\/rutatayronatours.com\/fr\/product\/bunkuany-tayrona\/\",\"name\":\"Bunkuany Tayrona - Ruta Tayrona Tours\",\"isPartOf\":{\"@id\":\"https:\/\/rutatayronatours.com\/fr\/#website\"},\"primaryImageOfPage\":{\"@id\":\"https:\/\/rutatayronatours.com\/fr\/product\/bunkuany-tayrona\/#primaryimage\"},\"image\":{\"@id\":\"https:\/\/rutatayronatours.com\/fr\/product\/bunkuany-tayrona\/#primaryimage\"},\"thumbnailUrl\":\"https:\/\/rutatayronatours.com\/fr\/wp-content\/uploads\/2023\/09\/Bunkuany-11.png\",\"datePublished\":\"2023-03-14T21:18:39+00:00\",\"dateModified\":\"2025-01-07T21:44:03+00:00\",\"description\":\"Bunkuany Tayrona, vous aurez l'occasion d'explorer les magnifiques terrasses et de tout apprendre sur la culture Tayrona. Vivez-le avec nous.\",\"breadcrumb\":{\"@id\":\"https:\/\/rutatayronatours.com\/fr\/product\/bunkuany-tayrona\/#breadcrumb\"},\"inLanguage\":\"fr-FR\",\"potentialAction\":[{\"@type\":\"ReadAction\",\"target\":[\"https:\/\/rutatayronatours.com\/fr\/product\/bunkuany-tayrona\/\"]}]},{\"@type\":\"ImageObject\",\"inLanguage\":\"fr-FR\",\"@id\":\"https:\/\/rutatayronatours.com\/fr\/product\/bunkuany-tayrona\/#primaryimage\",\"url\":\"https:\/\/rutatayronatours.com\/fr\/wp-content\/uploads\/2023\/09\/Bunkuany-11.png\",\"contentUrl\":\"https:\/\/rutatayronatours.com\/fr\/wp-content\/uploads\/2023\/09\/Bunkuany-11.png\",\"width\":1200,\"height\":800,\"caption\":\"Reserva aqu\u00ed el tour a Bunkuany Tayrona\"},{\"@type\":\"BreadcrumbList\",\"@id\":\"https:\/\/rutatayronatours.com\/fr\/product\/bunkuany-tayrona\/#breadcrumb\",\"itemListElement\":[{\"@type\":\"ListItem\",\"position\":1,\"name\":\"Portada\",\"item\":\"https:\/\/rutatayronatours.com\/fr\/\"},{\"@type\":\"ListItem\",\"position\":2,\"name\":\"Shop\",\"item\":\"https:\/\/rutatayronatours.com\/fr\/shop\/\"},{\"@type\":\"ListItem\",\"position\":3,\"name\":\"Bunkuany Tayrona\"}]},{\"@type\":\"WebSite\",\"@id\":\"https:\/\/rutatayronatours.com\/fr\/#website\",\"url\":\"https:\/\/rutatayronatours.com\/fr\/\",\"name\":\"Ruta Tayrona Tours\",\"description\":\"Experiencias y tours del caribe Colombiano\",\"publisher\":{\"@id\":\"https:\/\/rutatayronatours.com\/fr\/#organization\"},\"potentialAction\":[{\"@type\":\"SearchAction\",\"target\":{\"@type\":\"EntryPoint\",\"urlTemplate\":\"https:\/\/rutatayronatours.com\/fr\/?s={search_term_string}\"},\"query-input\":{\"@type\":\"PropertyValueSpecification\",\"valueRequired\":true,\"valueName\":\"search_term_string\"}}],\"inLanguage\":\"fr-FR\"},{\"@type\":\"Organization\",\"@id\":\"https:\/\/rutatayronatours.com\/fr\/#organization\",\"name\":\"Ruta Tayrona Tours\",\"url\":\"https:\/\/rutatayronatours.com\/fr\/\",\"logo\":{\"@type\":\"ImageObject\",\"inLanguage\":\"fr-FR\",\"@id\":\"https:\/\/rutatayronatours.com\/fr\/#\/schema\/logo\/image\/\",\"url\":\"https:\/\/rutatayronatours.com\/fr\/wp-content\/uploads\/2023\/02\/Ruta-Tayrona-Tours.png\",\"contentUrl\":\"https:\/\/rutatayronatours.com\/fr\/wp-content\/uploads\/2023\/02\/Ruta-Tayrona-Tours.png\",\"width\":348,\"height\":85,\"caption\":\"Ruta Tayrona Tours\"},\"image\":{\"@id\":\"https:\/\/rutatayronatours.com\/fr\/#\/schema\/logo\/image\/\"},\"sameAs\":[\"https:\/\/www.facebook.com\/riomolinotours2\",\"https:\/\/www.instagram.com\/rutatayronatours\/\",\"https:\/\/api.whatsapp.com\/send?phone=573145502928\"]}]}<\/script>\n<!-- \/ Yoast SEO plugin. -->","yoast_head_json":{"title":"Bunkuany Tayrona - Ruta Tayrona Tours","description":"Bunkuany Tayrona, vous aurez l'occasion d'explorer les magnifiques terrasses et de tout apprendre sur la culture Tayrona. Vivez-le avec nous.","robots":{"index":"index","follow":"follow","max-snippet":"max-snippet:-1","max-image-preview":"max-image-preview:large","max-video-preview":"max-video-preview:-1"},"canonical":"https:\/\/rutatayronatours.com\/fr\/product\/bunkuany-tayrona\/","og_locale":"fr_FR","og_type":"article","og_title":"Bunkuany Tayrona - Ruta Tayrona Tours","og_description":"Bunkuany Tayrona, vous aurez l'occasion d'explorer les magnifiques terrasses et de tout apprendre sur la culture Tayrona. Vivez-le avec nous.","og_url":"https:\/\/rutatayronatours.com\/fr\/product\/bunkuany-tayrona\/","og_site_name":"Ruta Tayrona Tours","article_publisher":"https:\/\/www.facebook.com\/riomolinotours2","article_modified_time":"2025-01-07T21:44:03+00:00","og_image":[{"width":1200,"height":800,"url":"https:\/\/rutatayronatours.com\/fr\/wp-content\/uploads\/2023\/09\/Bunkuany-11.png","type":"image\/png"}],"twitter_card":"summary_large_image","twitter_misc":{"Dur\u00e9e de lecture estim\u00e9e":"2 minutes"},"schema":{"@context":"https:\/\/schema.org","@graph":[{"@type":"WebPage","@id":"https:\/\/rutatayronatours.com\/fr\/product\/bunkuany-tayrona\/","url":"https:\/\/rutatayronatours.com\/fr\/product\/bunkuany-tayrona\/","name":"Bunkuany Tayrona - Ruta Tayrona Tours","isPartOf":{"@id":"https:\/\/rutatayronatours.com\/fr\/#website"},"primaryImageOfPage":{"@id":"https:\/\/rutatayronatours.com\/fr\/product\/bunkuany-tayrona\/#primaryimage"},"image":{"@id":"https:\/\/rutatayronatours.com\/fr\/product\/bunkuany-tayrona\/#primaryimage"},"thumbnailUrl":"https:\/\/rutatayronatours.com\/fr\/wp-content\/uploads\/2023\/09\/Bunkuany-11.png","datePublished":"2023-03-14T21:18:39+00:00","dateModified":"2025-01-07T21:44:03+00:00","description":"Bunkuany Tayrona, vous aurez l'occasion d'explorer les magnifiques terrasses et de tout apprendre sur la culture Tayrona. Vivez-le avec nous.","breadcrumb":{"@id":"https:\/\/rutatayronatours.com\/fr\/product\/bunkuany-tayrona\/#breadcrumb"},"inLanguage":"fr-FR","potentialAction":[{"@type":"ReadAction","target":["https:\/\/rutatayronatours.com\/fr\/product\/bunkuany-tayrona\/"]}]},{"@type":"ImageObject","inLanguage":"fr-FR","@id":"https:\/\/rutatayronatours.com\/fr\/product\/bunkuany-tayrona\/#primaryimage","url":"https:\/\/rutatayronatours.com\/fr\/wp-content\/uploads\/2023\/09\/Bunkuany-11.png","contentUrl":"https:\/\/rutatayronatours.com\/fr\/wp-content\/uploads\/2023\/09\/Bunkuany-11.png","width":1200,"height":800,"caption":"Reserva aqu\u00ed el tour a Bunkuany Tayrona"},{"@type":"BreadcrumbList","@id":"https:\/\/rutatayronatours.com\/fr\/product\/bunkuany-tayrona\/#breadcrumb","itemListElement":[{"@type":"ListItem","position":1,"name":"Portada","item":"https:\/\/rutatayronatours.com\/fr\/"},{"@type":"ListItem","position":2,"name":"Shop","item":"https:\/\/rutatayronatours.com\/fr\/shop\/"},{"@type":"ListItem","position":3,"name":"Bunkuany Tayrona"}]},{"@type":"WebSite","@id":"https:\/\/rutatayronatours.com\/fr\/#website","url":"https:\/\/rutatayronatours.com\/fr\/","name":"Ruta Tayrona Tours","description":"Experiencias y tours del caribe Colombiano","publisher":{"@id":"https:\/\/rutatayronatours.com\/fr\/#organization"},"potentialAction":[{"@type":"SearchAction","target":{"@type":"EntryPoint","urlTemplate":"https:\/\/rutatayronatours.com\/fr\/?s={search_term_string}"},"query-input":{"@type":"PropertyValueSpecification","valueRequired":true,"valueName":"search_term_string"}}],"inLanguage":"fr-FR"},{"@type":"Organization","@id":"https:\/\/rutatayronatours.com\/fr\/#organization","name":"Ruta Tayrona Tours","url":"https:\/\/rutatayronatours.com\/fr\/","logo":{"@type":"ImageObject","inLanguage":"fr-FR","@id":"https:\/\/rutatayronatours.com\/fr\/#\/schema\/logo\/image\/","url":"https:\/\/rutatayronatours.com\/fr\/wp-content\/uploads\/2023\/02\/Ruta-Tayrona-Tours.png","contentUrl":"https:\/\/rutatayronatours.com\/fr\/wp-content\/uploads\/2023\/02\/Ruta-Tayrona-Tours.png","width":348,"height":85,"caption":"Ruta Tayrona Tours"},"image":{"@id":"https:\/\/rutatayronatours.com\/fr\/#\/schema\/logo\/image\/"},"sameAs":["https:\/\/www.facebook.com\/riomolinotours2","https:\/\/www.instagram.com\/rutatayronatours\/","https:\/\/api.whatsapp.com\/send?phone=573145502928"]}]}},"_links":{"self":[{"href":"https:\/\/rutatayronatours.com\/fr\/wp-json\/wp\/v2\/product\/1538","targetHints":{"allow":["GET"]}}],"collection":[{"href":"https:\/\/rutatayronatours.com\/fr\/wp-json\/wp\/v2\/product"}],"about":[{"href":"https:\/\/rutatayronatours.com\/fr\/wp-json\/wp\/v2\/types\/product"}],"replies":[{"embeddable":true,"href":"https:\/\/rutatayronatours.com\/fr\/wp-json\/wp\/v2\/comments?post=1538"}],"version-history":[{"count":10,"href":"https:\/\/rutatayronatours.com\/fr\/wp-json\/wp\/v2\/product\/1538\/revisions"}],"predecessor-version":[{"id":3519,"href":"https:\/\/rutatayronatours.com\/fr\/wp-json\/wp\/v2\/product\/1538\/revisions\/3519"}],"wp:featuredmedia":[{"embeddable":true,"href":"https:\/\/rutatayronatours.com\/fr\/wp-json\/wp\/v2\/media\/2760"}],"wp:attachment":[{"href":"https:\/\/rutatayronatours.com\/fr\/wp-json\/wp\/v2\/media?parent=1538"}],"wp:term":[{"taxonomy":"product_brand","embeddable":true,"href":"https:\/\/rutatayronatours.com\/fr\/wp-json\/wp\/v2\/product_brand?post=1538"},{"taxonomy":"product_cat","embeddable":true,"href":"https:\/\/rutatayronatours.com\/fr\/wp-json\/wp\/v2\/product_cat?post=1538"},{"taxonomy":"product_tag","embeddable":true,"href":"https:\/\/rutatayronatours.com\/fr\/wp-json\/wp\/v2\/product_tag?post=1538"}],"curies":[{"name":"wp","href":"https:\/\/api.w.org\/{rel}","templated":true}]}}