{"id":1539,"date":"2023-03-14T16:18:39","date_gmt":"2023-03-14T21:18:39","guid":{"rendered":"https:\/\/rutatayronatours.com\/fr\/?post_type=product&#038;p=1539"},"modified":"2025-01-07T16:44:05","modified_gmt":"2025-01-07T21:44:05","slug":"pensee-ancestrale","status":"publish","type":"product","link":"https:\/\/rutatayronatours.com\/fr\/product\/pensee-ancestrale\/","title":{"rendered":"Pens\u00e9e ancestrale"},"content":{"rendered":"<h3 style=\"text-align: center;\"><a href=\"https:\/\/rutatayronatours.com\/fr\/comunidades-indigenas-de-la-sierra-nevada-de-santa-marta\/\">Pens\u00e9e ancestrale<\/a><\/h3>\n<p>Lors de votre voyage \u00e0 travers la Sierra Nevada, avec le tour de la Pens\u00e9e Ancestrale, vous aurez l&#8217;opportunit\u00e9 de vous immerger dans la culture et l&#8217;histoire des communaut\u00e9s indig\u00e8nes Arhuaco, <a href=\"https:\/\/rutatayronatours.com\/fr\/comunidades-indigenas-de-la-sierra-nevada-de-santa-marta\/\">Kogui<\/a>, Tayrona, Wiwa et Kankuamo, qui habitent ces terres depuis des si\u00e8cles et jouent un r\u00f4le fondamental dans la pr\u00e9servation de cet \u00e9cosyst\u00e8me unique. Vous explorerez \u00e9galement la riche flore et faune de cet endroit, avec la possibilit\u00e9 d&#8217;observer des esp\u00e8ces end\u00e9miques et de profiter de la luxuriante for\u00eat tropicale.<\/p>\n<p>Nos guides locaux hautement qualifi\u00e9s seront \u00e0 votre service pour vous offrir une exp\u00e9rience enrichissante et s\u00e9curis\u00e9e. Des randonn\u00e9es passionnantes le long de sentiers naturels \u00e0 la d\u00e9couverte des traditions des communaut\u00e9s indig\u00e8nes, nous sommes convaincus que votre visite \u00e0 la Sierra Nevada de Santa Marta sera inoubliable. N&#8217;oubliez jamais d&#8217;\u00eatre respectueux de l&#8217;environnement et de suivre les conseils de vos guides pour garantir la pr\u00e9servation de ce tr\u00e9sor naturel pour les g\u00e9n\u00e9rations futures.<\/p>\n<p>Cette destination touristique est situ\u00e9e dans la r\u00e9gion des Cara\u00efbes colombiennes, sur la Sierra Nevada de Santa Marta. C&#8217;est une attraction incontournable car c&#8217;est un territoire de communaut\u00e9s indig\u00e8nes et pr\u00e9sente la pr\u00e9sence du puissant fleuve Don Diego qui prend sa source dans la montagne enneig\u00e9e. La r\u00e9gion b\u00e9n\u00e9ficie d&#8217;un climat agr\u00e9able. Cette visite nous offre l&#8217;opportunit\u00e9 de nous plonger dans un voyage fascinant le long du chemin des &#8220;Tayrona&#8221; \u00e0 travers une aventure dans la vaste et luxuriante for\u00eat tropicale, caract\u00e9ristique et regorgeant d&#8217;une richesse biologique inestimable. Au cours de cette visite, vous ferez connaissance avec les coutumes de la Communaut\u00e9 Paysanne, les groupes ethniques Kogui et Arhuaco, h\u00e9ritiers des &#8220;Tayrona&#8221;, qui habitent toujours le territoire et pr\u00e9servent leurs traditions.<\/p>\n","protected":false},"excerpt":{"rendered":"<h3>Excursion d&#8217;une journ\u00e9e<\/h3>\n<h4>Santa Marta &#8211; Quebrada el Sol &#8211; Santa Marta<\/h4>\n<ul>\n<li>D\u00e9part pendant environ 1 heure en v\u00e9hicule 4&#215;4 jusqu&#8217;\u00e0 un village appel\u00e9 &#8220;Los Linderos&#8221;, de l\u00e0, le voyage continue pendant 45 minutes sur une route accident\u00e9e jusqu&#8217;\u00e0 Quebrada del Sol.<\/li>\n<li>Vous serez accueillis par un guide local qui vous fournira un bref aper\u00e7u historique de la fa\u00e7on dont le village a \u00e9t\u00e9 colonis\u00e9. Randonn\u00e9e jusqu&#8217;au village Kogui \u00ab Mulkwakungui \u00bb en compagnie d&#8217;un guide traditionnel Kogui, o\u00f9 vous serez accueilli par le \u00ab Mamo \u00bb, la plus haute autorit\u00e9 indig\u00e8ne.<\/li>\n<li>Les Koguis vous emm\u00e8neront dans un voyage fascinant \u00e0 travers leur culture et leurs traditions (environ 3 heures). Profitez d&#8217;un d\u00e9jeuner traditionnel \u00e0 la campagne dans le village de Quebrada del Sol. D\u00e9tendez-vous et profitez de votre temps sur la rivi\u00e8re Don Diego.<\/li>\n<li>Retour \u00e0 la ville de Santa Marta.<\/li>\n<\/ul>\n<h2><\/h2>\n<h2>Tarifs et services inclus.<\/h2>\n<ul>\n<li>Transport aller-retour<\/li>\n<li>Repas (d\u00e9jeuner)<\/li>\n<li>Orientation professionnelle,<\/li>\n<li>guide local et guide indig\u00e8ne Kogui<\/li>\n<li>Assurance voyage<\/li>\n<li>Entr\u00e9e \u00e0 la r\u00e9serve<\/li>\n<li>Contribution aux communaut\u00e9s rurales et autochtones<\/li>\n<li>Contribution au comit\u00e9 touristique de la &#8220;Quebrada del Sol&#8221;<\/li>\n<li>village Entr\u00e9e de Mulkwakungui<\/li>\n<li>\u00c9cole d&#8217;artisanat<\/li>\n<\/ul>\n","protected":false},"featured_media":1296,"comment_status":"closed","ping_status":"closed","template":"","meta":[],"product_brand":[],"product_cat":[110,96],"product_tag":[100],"class_list":{"0":"post-1539","1":"product","2":"type-product","3":"status-publish","4":"has-post-thumbnail","6":"product_cat-experiences","7":"product_cat-sierra-nevada-de-santa-marta","8":"product_tag-experiencias","10":"first","11":"instock","12":"shipping-taxable","13":"purchasable","14":"product-type-simple"},"yoast_head":"<!-- This site is optimized with the Yoast SEO plugin v27.2 - https:\/\/yoast.com\/product\/yoast-seo-wordpress\/ -->\n<title>Pens\u00e9e ancestrale - Ruta Tayrona Tours<\/title>\n<meta name=\"description\" content=\"Pens\u00e9e Ancestrale Tour, vous aurez l&#039;occasion de vous immerger dans la culture du peuple Kogui qui habite la Sierra depuis des milliers d&#039;ann\u00e9es.\" \/>\n<meta name=\"robots\" content=\"index, follow, max-snippet:-1, max-image-preview:large, max-video-preview:-1\" \/>\n<link rel=\"canonical\" href=\"https:\/\/rutatayronatours.com\/fr\/product\/pensee-ancestrale\/\" \/>\n<meta property=\"og:locale\" content=\"fr_FR\" \/>\n<meta property=\"og:type\" content=\"article\" \/>\n<meta property=\"og:title\" content=\"Pens\u00e9e ancestrale - Ruta Tayrona Tours\" \/>\n<meta property=\"og:description\" content=\"Pens\u00e9e Ancestrale Tour, vous aurez l&#039;occasion de vous immerger dans la culture du peuple Kogui qui habite la Sierra depuis des milliers d&#039;ann\u00e9es.\" \/>\n<meta property=\"og:url\" content=\"https:\/\/rutatayronatours.com\/fr\/product\/pensee-ancestrale\/\" \/>\n<meta property=\"og:site_name\" content=\"Ruta Tayrona Tours\" \/>\n<meta property=\"article:publisher\" content=\"https:\/\/www.facebook.com\/riomolinotours2\" \/>\n<meta property=\"article:modified_time\" content=\"2025-01-07T21:44:05+00:00\" \/>\n<meta property=\"og:image\" content=\"https:\/\/rutatayronatours.com\/fr\/wp-content\/uploads\/2023\/02\/03_Pensamiento-ancestral.jpg\" \/>\n\t<meta property=\"og:image:width\" content=\"1200\" \/>\n\t<meta property=\"og:image:height\" content=\"1200\" \/>\n\t<meta property=\"og:image:type\" content=\"image\/jpeg\" \/>\n<meta name=\"twitter:card\" content=\"summary_large_image\" \/>\n<meta name=\"twitter:label1\" content=\"Dur\u00e9e de lecture estim\u00e9e\" \/>\n\t<meta name=\"twitter:data1\" content=\"2 minutes\" \/>\n<script type=\"application\/ld+json\" class=\"yoast-schema-graph\">{\"@context\":\"https:\/\/schema.org\",\"@graph\":[{\"@type\":\"WebPage\",\"@id\":\"https:\/\/rutatayronatours.com\/fr\/product\/pensee-ancestrale\/\",\"url\":\"https:\/\/rutatayronatours.com\/fr\/product\/pensee-ancestrale\/\",\"name\":\"Pens\u00e9e ancestrale - Ruta Tayrona Tours\",\"isPartOf\":{\"@id\":\"https:\/\/rutatayronatours.com\/fr\/#website\"},\"primaryImageOfPage\":{\"@id\":\"https:\/\/rutatayronatours.com\/fr\/product\/pensee-ancestrale\/#primaryimage\"},\"image\":{\"@id\":\"https:\/\/rutatayronatours.com\/fr\/product\/pensee-ancestrale\/#primaryimage\"},\"thumbnailUrl\":\"https:\/\/rutatayronatours.com\/fr\/wp-content\/uploads\/2023\/02\/03_Pensamiento-ancestral.jpg\",\"datePublished\":\"2023-03-14T21:18:39+00:00\",\"dateModified\":\"2025-01-07T21:44:05+00:00\",\"description\":\"Pens\u00e9e Ancestrale Tour, vous aurez l'occasion de vous immerger dans la culture du peuple Kogui qui habite la Sierra depuis des milliers d'ann\u00e9es.\",\"breadcrumb\":{\"@id\":\"https:\/\/rutatayronatours.com\/fr\/product\/pensee-ancestrale\/#breadcrumb\"},\"inLanguage\":\"fr-FR\",\"potentialAction\":[{\"@type\":\"ReadAction\",\"target\":[\"https:\/\/rutatayronatours.com\/fr\/product\/pensee-ancestrale\/\"]}]},{\"@type\":\"ImageObject\",\"inLanguage\":\"fr-FR\",\"@id\":\"https:\/\/rutatayronatours.com\/fr\/product\/pensee-ancestrale\/#primaryimage\",\"url\":\"https:\/\/rutatayronatours.com\/fr\/wp-content\/uploads\/2023\/02\/03_Pensamiento-ancestral.jpg\",\"contentUrl\":\"https:\/\/rutatayronatours.com\/fr\/wp-content\/uploads\/2023\/02\/03_Pensamiento-ancestral.jpg\",\"width\":1200,\"height\":1200,\"caption\":\"Reserva aqu\u00ed el tour a Pensamiento ancestral\"},{\"@type\":\"BreadcrumbList\",\"@id\":\"https:\/\/rutatayronatours.com\/fr\/product\/pensee-ancestrale\/#breadcrumb\",\"itemListElement\":[{\"@type\":\"ListItem\",\"position\":1,\"name\":\"Portada\",\"item\":\"https:\/\/rutatayronatours.com\/fr\/\"},{\"@type\":\"ListItem\",\"position\":2,\"name\":\"Shop\",\"item\":\"https:\/\/rutatayronatours.com\/fr\/shop\/\"},{\"@type\":\"ListItem\",\"position\":3,\"name\":\"Pens\u00e9e ancestrale\"}]},{\"@type\":\"WebSite\",\"@id\":\"https:\/\/rutatayronatours.com\/fr\/#website\",\"url\":\"https:\/\/rutatayronatours.com\/fr\/\",\"name\":\"Ruta Tayrona Tours\",\"description\":\"Experiencias y tours del caribe Colombiano\",\"publisher\":{\"@id\":\"https:\/\/rutatayronatours.com\/fr\/#organization\"},\"potentialAction\":[{\"@type\":\"SearchAction\",\"target\":{\"@type\":\"EntryPoint\",\"urlTemplate\":\"https:\/\/rutatayronatours.com\/fr\/?s={search_term_string}\"},\"query-input\":{\"@type\":\"PropertyValueSpecification\",\"valueRequired\":true,\"valueName\":\"search_term_string\"}}],\"inLanguage\":\"fr-FR\"},{\"@type\":\"Organization\",\"@id\":\"https:\/\/rutatayronatours.com\/fr\/#organization\",\"name\":\"Ruta Tayrona Tours\",\"url\":\"https:\/\/rutatayronatours.com\/fr\/\",\"logo\":{\"@type\":\"ImageObject\",\"inLanguage\":\"fr-FR\",\"@id\":\"https:\/\/rutatayronatours.com\/fr\/#\/schema\/logo\/image\/\",\"url\":\"https:\/\/rutatayronatours.com\/fr\/wp-content\/uploads\/2023\/02\/Ruta-Tayrona-Tours.png\",\"contentUrl\":\"https:\/\/rutatayronatours.com\/fr\/wp-content\/uploads\/2023\/02\/Ruta-Tayrona-Tours.png\",\"width\":348,\"height\":85,\"caption\":\"Ruta Tayrona Tours\"},\"image\":{\"@id\":\"https:\/\/rutatayronatours.com\/fr\/#\/schema\/logo\/image\/\"},\"sameAs\":[\"https:\/\/www.facebook.com\/riomolinotours2\",\"https:\/\/www.instagram.com\/rutatayronatours\/\",\"https:\/\/api.whatsapp.com\/send?phone=573145502928\"]}]}<\/script>\n<!-- \/ Yoast SEO plugin. -->","yoast_head_json":{"title":"Pens\u00e9e ancestrale - Ruta Tayrona Tours","description":"Pens\u00e9e Ancestrale Tour, vous aurez l'occasion de vous immerger dans la culture du peuple Kogui qui habite la Sierra depuis des milliers d'ann\u00e9es.","robots":{"index":"index","follow":"follow","max-snippet":"max-snippet:-1","max-image-preview":"max-image-preview:large","max-video-preview":"max-video-preview:-1"},"canonical":"https:\/\/rutatayronatours.com\/fr\/product\/pensee-ancestrale\/","og_locale":"fr_FR","og_type":"article","og_title":"Pens\u00e9e ancestrale - Ruta Tayrona Tours","og_description":"Pens\u00e9e Ancestrale Tour, vous aurez l'occasion de vous immerger dans la culture du peuple Kogui qui habite la Sierra depuis des milliers d'ann\u00e9es.","og_url":"https:\/\/rutatayronatours.com\/fr\/product\/pensee-ancestrale\/","og_site_name":"Ruta Tayrona Tours","article_publisher":"https:\/\/www.facebook.com\/riomolinotours2","article_modified_time":"2025-01-07T21:44:05+00:00","og_image":[{"width":1200,"height":1200,"url":"https:\/\/rutatayronatours.com\/fr\/wp-content\/uploads\/2023\/02\/03_Pensamiento-ancestral.jpg","type":"image\/jpeg"}],"twitter_card":"summary_large_image","twitter_misc":{"Dur\u00e9e de lecture estim\u00e9e":"2 minutes"},"schema":{"@context":"https:\/\/schema.org","@graph":[{"@type":"WebPage","@id":"https:\/\/rutatayronatours.com\/fr\/product\/pensee-ancestrale\/","url":"https:\/\/rutatayronatours.com\/fr\/product\/pensee-ancestrale\/","name":"Pens\u00e9e ancestrale - Ruta Tayrona Tours","isPartOf":{"@id":"https:\/\/rutatayronatours.com\/fr\/#website"},"primaryImageOfPage":{"@id":"https:\/\/rutatayronatours.com\/fr\/product\/pensee-ancestrale\/#primaryimage"},"image":{"@id":"https:\/\/rutatayronatours.com\/fr\/product\/pensee-ancestrale\/#primaryimage"},"thumbnailUrl":"https:\/\/rutatayronatours.com\/fr\/wp-content\/uploads\/2023\/02\/03_Pensamiento-ancestral.jpg","datePublished":"2023-03-14T21:18:39+00:00","dateModified":"2025-01-07T21:44:05+00:00","description":"Pens\u00e9e Ancestrale Tour, vous aurez l'occasion de vous immerger dans la culture du peuple Kogui qui habite la Sierra depuis des milliers d'ann\u00e9es.","breadcrumb":{"@id":"https:\/\/rutatayronatours.com\/fr\/product\/pensee-ancestrale\/#breadcrumb"},"inLanguage":"fr-FR","potentialAction":[{"@type":"ReadAction","target":["https:\/\/rutatayronatours.com\/fr\/product\/pensee-ancestrale\/"]}]},{"@type":"ImageObject","inLanguage":"fr-FR","@id":"https:\/\/rutatayronatours.com\/fr\/product\/pensee-ancestrale\/#primaryimage","url":"https:\/\/rutatayronatours.com\/fr\/wp-content\/uploads\/2023\/02\/03_Pensamiento-ancestral.jpg","contentUrl":"https:\/\/rutatayronatours.com\/fr\/wp-content\/uploads\/2023\/02\/03_Pensamiento-ancestral.jpg","width":1200,"height":1200,"caption":"Reserva aqu\u00ed el tour a Pensamiento ancestral"},{"@type":"BreadcrumbList","@id":"https:\/\/rutatayronatours.com\/fr\/product\/pensee-ancestrale\/#breadcrumb","itemListElement":[{"@type":"ListItem","position":1,"name":"Portada","item":"https:\/\/rutatayronatours.com\/fr\/"},{"@type":"ListItem","position":2,"name":"Shop","item":"https:\/\/rutatayronatours.com\/fr\/shop\/"},{"@type":"ListItem","position":3,"name":"Pens\u00e9e ancestrale"}]},{"@type":"WebSite","@id":"https:\/\/rutatayronatours.com\/fr\/#website","url":"https:\/\/rutatayronatours.com\/fr\/","name":"Ruta Tayrona Tours","description":"Experiencias y tours del caribe Colombiano","publisher":{"@id":"https:\/\/rutatayronatours.com\/fr\/#organization"},"potentialAction":[{"@type":"SearchAction","target":{"@type":"EntryPoint","urlTemplate":"https:\/\/rutatayronatours.com\/fr\/?s={search_term_string}"},"query-input":{"@type":"PropertyValueSpecification","valueRequired":true,"valueName":"search_term_string"}}],"inLanguage":"fr-FR"},{"@type":"Organization","@id":"https:\/\/rutatayronatours.com\/fr\/#organization","name":"Ruta Tayrona Tours","url":"https:\/\/rutatayronatours.com\/fr\/","logo":{"@type":"ImageObject","inLanguage":"fr-FR","@id":"https:\/\/rutatayronatours.com\/fr\/#\/schema\/logo\/image\/","url":"https:\/\/rutatayronatours.com\/fr\/wp-content\/uploads\/2023\/02\/Ruta-Tayrona-Tours.png","contentUrl":"https:\/\/rutatayronatours.com\/fr\/wp-content\/uploads\/2023\/02\/Ruta-Tayrona-Tours.png","width":348,"height":85,"caption":"Ruta Tayrona Tours"},"image":{"@id":"https:\/\/rutatayronatours.com\/fr\/#\/schema\/logo\/image\/"},"sameAs":["https:\/\/www.facebook.com\/riomolinotours2","https:\/\/www.instagram.com\/rutatayronatours\/","https:\/\/api.whatsapp.com\/send?phone=573145502928"]}]}},"_links":{"self":[{"href":"https:\/\/rutatayronatours.com\/fr\/wp-json\/wp\/v2\/product\/1539","targetHints":{"allow":["GET"]}}],"collection":[{"href":"https:\/\/rutatayronatours.com\/fr\/wp-json\/wp\/v2\/product"}],"about":[{"href":"https:\/\/rutatayronatours.com\/fr\/wp-json\/wp\/v2\/types\/product"}],"replies":[{"embeddable":true,"href":"https:\/\/rutatayronatours.com\/fr\/wp-json\/wp\/v2\/comments?post=1539"}],"version-history":[{"count":8,"href":"https:\/\/rutatayronatours.com\/fr\/wp-json\/wp\/v2\/product\/1539\/revisions"}],"predecessor-version":[{"id":3522,"href":"https:\/\/rutatayronatours.com\/fr\/wp-json\/wp\/v2\/product\/1539\/revisions\/3522"}],"wp:featuredmedia":[{"embeddable":true,"href":"https:\/\/rutatayronatours.com\/fr\/wp-json\/wp\/v2\/media\/1296"}],"wp:attachment":[{"href":"https:\/\/rutatayronatours.com\/fr\/wp-json\/wp\/v2\/media?parent=1539"}],"wp:term":[{"taxonomy":"product_brand","embeddable":true,"href":"https:\/\/rutatayronatours.com\/fr\/wp-json\/wp\/v2\/product_brand?post=1539"},{"taxonomy":"product_cat","embeddable":true,"href":"https:\/\/rutatayronatours.com\/fr\/wp-json\/wp\/v2\/product_cat?post=1539"},{"taxonomy":"product_tag","embeddable":true,"href":"https:\/\/rutatayronatours.com\/fr\/wp-json\/wp\/v2\/product_tag?post=1539"}],"curies":[{"name":"wp","href":"https:\/\/api.w.org\/{rel}","templated":true}]}}