{"id":1540,"date":"2023-03-14T16:18:39","date_gmt":"2023-03-14T21:18:39","guid":{"rendered":"https:\/\/rutatayronatours.com\/fr\/?post_type=product&#038;p=1540"},"modified":"2025-01-07T16:44:12","modified_gmt":"2025-01-07T21:44:12","slug":"plage-de-mendihuaca-et-piscine-enchanteel","status":"publish","type":"product","link":"https:\/\/rutatayronatours.com\/fr\/product\/plage-de-mendihuaca-et-piscine-enchanteel\/","title":{"rendered":"Plage de Mendihuaca et piscine enchant\u00e9e"},"content":{"rendered":"<h3 style=\"text-align: center;\"><a href=\"https:\/\/rutatayronatours.com\/fr\/mendihuaca-the-magic-of-its-beaches-and-the-enchanted-pool\/\">Plage de\u00a0 Mendihuaca et piscine enchant\u00e9e<\/a><\/h3>\n<p>Lors de votre excursion \u00e0 Plage de Mendihuaca et piscine enchant\u00e9e dans la Sierra Nevada, vous aurez l&#8217;opportunit\u00e9 de vous immerger dans la culture et l&#8217;histoire des communaut\u00e9s indig\u00e8nes Arhuaco, <a href=\"https:\/\/rutatayronatours.com\/fr\/comunidades-indigenas-de-la-sierra-nevada-de-santa-marta\/\">Kogui<\/a>, Tayrona, Wiwa et Kankuamo, qui habitent ces terres depuis des si\u00e8cles et jouent un r\u00f4le fondamental dans la pr\u00e9servation de cet \u00e9cosyst\u00e8me unique. De plus, vous explorerez la riche flore et faune de cet endroit, avec la possibilit\u00e9 d&#8217;observer des esp\u00e8ces end\u00e9miques et de profiter de la luxuriante jungle tropicale.<\/p>\n<p>Nos guides locaux hautement qualifi\u00e9s seront \u00e0 votre service pour vous offrir une exp\u00e9rience enrichissante et s\u00e9curis\u00e9e. Des randonn\u00e9es passionnantes le long de sentiers naturels \u00e0 l&#8217;interaction avec les traditions des communaut\u00e9s indig\u00e8nes, nous sommes convaincus que votre visite \u00e0 la Sierra Nevada de Santa Marta sera inoubliable. N&#8217;oubliez jamais d&#8217;\u00eatre respectueux de l&#8217;environnement et de suivre les instructions de vos guides pour garantir la pr\u00e9servation de ce tr\u00e9sor naturel pour les g\u00e9n\u00e9rations futures.<\/p>\n<p>L&#8217;piscine enchant\u00e9e est une piscine naturelle d&#8217;une grande importance pour les peuples indig\u00e8nes de la Sierra Nevada de Santa Marta, un endroit o\u00f9 vous pourrez vous baigner et profiter de ses eaux cristallines. Nous conclurons l&#8217;exp\u00e9rience sur les belles plages de Mendihuaca, o\u00f9 vous passerez un apr\u00e8s-midi au soleil et sur la plage, l&#8217;une des plus belles plages de la ville de Santa Marta.<\/p>\n","protected":false},"excerpt":{"rendered":"<h3>Pass journalier<\/h3>\n<h4>Itin\u00e9raire:<\/h4>\n<ul>\n<li>7h00 D\u00e9part pour environ 1 heure vers la zone Playa Mendihuaca &amp; Enchanted Pool, o\u00f9 nous commencerons une randonn\u00e9e \u00e9cologique. Lors de cette randonn\u00e9e, vous aurez l&#8217;occasion de d\u00e9couvrir la faune et la flore locale.<\/li>\n<li>La randonn\u00e9e vous m\u00e8nera \u00e0 la piscine sacr\u00e9e, o\u00f9 vous pourrez profiter d&#8217;une baignade rafra\u00eechissante. Ensuite, nous retournerons \u00e0 la plage de Mendihuaca, o\u00f9 vous d\u00e9jeunerez, suivi de temps libre pour profiter de ce lieu magique. \u00c0 16h15, nous retournerons \u00e0 Santa Marta, concluant notre exp\u00e9rience Playa Mendihuaca &amp; Enchanted Pool.<\/li>\n<\/ul>\n<h2>Tarifs et services inclus :<\/h2>\n<ul>\n<li>Transport aller-retour<\/li>\n<li>Entr\u00e9e dans la zone<\/li>\n<li>Guide<\/li>\n<li>D\u00e9jeuner<\/li>\n<li>Logistique<\/li>\n<li>Assurance<\/li>\n<\/ul>\n","protected":false},"featured_media":1300,"comment_status":"closed","ping_status":"closed","template":"","meta":[],"product_brand":[],"product_cat":[110,96],"product_tag":[100],"class_list":{"0":"post-1540","1":"product","2":"type-product","3":"status-publish","4":"has-post-thumbnail","6":"product_cat-experiences","7":"product_cat-sierra-nevada-de-santa-marta","8":"product_tag-experiencias","10":"first","11":"instock","12":"shipping-taxable","13":"purchasable","14":"product-type-simple"},"yoast_head":"<!-- This site is optimized with the Yoast SEO plugin v27.2 - https:\/\/yoast.com\/product\/yoast-seo-wordpress\/ -->\n<title>Plage de Mendihuaca et piscine enchant\u00e9e - Ruta Tayrona Tours<\/title>\n<meta name=\"description\" content=\"Plage de Mendihuaca et Piscine Enchant\u00e9e, o\u00f9 vous pourrez vous rafra\u00eechir dans la magnifique Posa Encantada pour profiter de l&#039;apr\u00e8s-midi sur cette plage.\" \/>\n<meta name=\"robots\" content=\"index, follow, max-snippet:-1, max-image-preview:large, max-video-preview:-1\" \/>\n<link rel=\"canonical\" href=\"https:\/\/rutatayronatours.com\/fr\/product\/plage-de-mendihuaca-et-piscine-enchanteel\/\" \/>\n<meta property=\"og:locale\" content=\"fr_FR\" \/>\n<meta property=\"og:type\" content=\"article\" \/>\n<meta property=\"og:title\" content=\"Plage de Mendihuaca et piscine enchant\u00e9e - Ruta Tayrona Tours\" \/>\n<meta property=\"og:description\" content=\"Plage de Mendihuaca et Piscine Enchant\u00e9e, o\u00f9 vous pourrez vous rafra\u00eechir dans la magnifique Posa Encantada pour profiter de l&#039;apr\u00e8s-midi sur cette plage.\" \/>\n<meta property=\"og:url\" content=\"https:\/\/rutatayronatours.com\/fr\/product\/plage-de-mendihuaca-et-piscine-enchanteel\/\" \/>\n<meta property=\"og:site_name\" content=\"Ruta Tayrona Tours\" \/>\n<meta property=\"article:publisher\" content=\"https:\/\/www.facebook.com\/riomolinotours2\" \/>\n<meta property=\"article:modified_time\" content=\"2025-01-07T21:44:12+00:00\" \/>\n<meta property=\"og:image\" content=\"https:\/\/rutatayronatours.com\/fr\/wp-content\/uploads\/2023\/02\/01_Playa-Mendihuaca-poza-Encantada.jpg\" \/>\n\t<meta property=\"og:image:width\" content=\"1200\" \/>\n\t<meta property=\"og:image:height\" content=\"1200\" \/>\n\t<meta property=\"og:image:type\" content=\"image\/jpeg\" \/>\n<meta name=\"twitter:card\" content=\"summary_large_image\" \/>\n<meta name=\"twitter:label1\" content=\"Dur\u00e9e de lecture estim\u00e9e\" \/>\n\t<meta name=\"twitter:data1\" content=\"2 minutes\" \/>\n<script type=\"application\/ld+json\" class=\"yoast-schema-graph\">{\"@context\":\"https:\/\/schema.org\",\"@graph\":[{\"@type\":\"WebPage\",\"@id\":\"https:\/\/rutatayronatours.com\/fr\/product\/plage-de-mendihuaca-et-piscine-enchanteel\/\",\"url\":\"https:\/\/rutatayronatours.com\/fr\/product\/plage-de-mendihuaca-et-piscine-enchanteel\/\",\"name\":\"Plage de Mendihuaca et piscine enchant\u00e9e - Ruta Tayrona Tours\",\"isPartOf\":{\"@id\":\"https:\/\/rutatayronatours.com\/fr\/#website\"},\"primaryImageOfPage\":{\"@id\":\"https:\/\/rutatayronatours.com\/fr\/product\/plage-de-mendihuaca-et-piscine-enchanteel\/#primaryimage\"},\"image\":{\"@id\":\"https:\/\/rutatayronatours.com\/fr\/product\/plage-de-mendihuaca-et-piscine-enchanteel\/#primaryimage\"},\"thumbnailUrl\":\"https:\/\/rutatayronatours.com\/fr\/wp-content\/uploads\/2023\/02\/01_Playa-Mendihuaca-poza-Encantada.jpg\",\"datePublished\":\"2023-03-14T21:18:39+00:00\",\"dateModified\":\"2025-01-07T21:44:12+00:00\",\"description\":\"Plage de Mendihuaca et Piscine Enchant\u00e9e, o\u00f9 vous pourrez vous rafra\u00eechir dans la magnifique Posa Encantada pour profiter de l'apr\u00e8s-midi sur cette plage.\",\"breadcrumb\":{\"@id\":\"https:\/\/rutatayronatours.com\/fr\/product\/plage-de-mendihuaca-et-piscine-enchanteel\/#breadcrumb\"},\"inLanguage\":\"fr-FR\",\"potentialAction\":[{\"@type\":\"ReadAction\",\"target\":[\"https:\/\/rutatayronatours.com\/fr\/product\/plage-de-mendihuaca-et-piscine-enchanteel\/\"]}]},{\"@type\":\"ImageObject\",\"inLanguage\":\"fr-FR\",\"@id\":\"https:\/\/rutatayronatours.com\/fr\/product\/plage-de-mendihuaca-et-piscine-enchanteel\/#primaryimage\",\"url\":\"https:\/\/rutatayronatours.com\/fr\/wp-content\/uploads\/2023\/02\/01_Playa-Mendihuaca-poza-Encantada.jpg\",\"contentUrl\":\"https:\/\/rutatayronatours.com\/fr\/wp-content\/uploads\/2023\/02\/01_Playa-Mendihuaca-poza-Encantada.jpg\",\"width\":1200,\"height\":1200,\"caption\":\"Reserva aqu\u00ed el tour a Playa Mendihuaca & poza Encantada\"},{\"@type\":\"BreadcrumbList\",\"@id\":\"https:\/\/rutatayronatours.com\/fr\/product\/plage-de-mendihuaca-et-piscine-enchanteel\/#breadcrumb\",\"itemListElement\":[{\"@type\":\"ListItem\",\"position\":1,\"name\":\"Portada\",\"item\":\"https:\/\/rutatayronatours.com\/fr\/\"},{\"@type\":\"ListItem\",\"position\":2,\"name\":\"Shop\",\"item\":\"https:\/\/rutatayronatours.com\/fr\/shop\/\"},{\"@type\":\"ListItem\",\"position\":3,\"name\":\"Plage de Mendihuaca et piscine enchant\u00e9e\"}]},{\"@type\":\"WebSite\",\"@id\":\"https:\/\/rutatayronatours.com\/fr\/#website\",\"url\":\"https:\/\/rutatayronatours.com\/fr\/\",\"name\":\"Ruta Tayrona Tours\",\"description\":\"Experiencias y tours del caribe Colombiano\",\"publisher\":{\"@id\":\"https:\/\/rutatayronatours.com\/fr\/#organization\"},\"potentialAction\":[{\"@type\":\"SearchAction\",\"target\":{\"@type\":\"EntryPoint\",\"urlTemplate\":\"https:\/\/rutatayronatours.com\/fr\/?s={search_term_string}\"},\"query-input\":{\"@type\":\"PropertyValueSpecification\",\"valueRequired\":true,\"valueName\":\"search_term_string\"}}],\"inLanguage\":\"fr-FR\"},{\"@type\":\"Organization\",\"@id\":\"https:\/\/rutatayronatours.com\/fr\/#organization\",\"name\":\"Ruta Tayrona Tours\",\"url\":\"https:\/\/rutatayronatours.com\/fr\/\",\"logo\":{\"@type\":\"ImageObject\",\"inLanguage\":\"fr-FR\",\"@id\":\"https:\/\/rutatayronatours.com\/fr\/#\/schema\/logo\/image\/\",\"url\":\"https:\/\/rutatayronatours.com\/fr\/wp-content\/uploads\/2023\/02\/Ruta-Tayrona-Tours.png\",\"contentUrl\":\"https:\/\/rutatayronatours.com\/fr\/wp-content\/uploads\/2023\/02\/Ruta-Tayrona-Tours.png\",\"width\":348,\"height\":85,\"caption\":\"Ruta Tayrona Tours\"},\"image\":{\"@id\":\"https:\/\/rutatayronatours.com\/fr\/#\/schema\/logo\/image\/\"},\"sameAs\":[\"https:\/\/www.facebook.com\/riomolinotours2\",\"https:\/\/www.instagram.com\/rutatayronatours\/\",\"https:\/\/api.whatsapp.com\/send?phone=573145502928\"]}]}<\/script>\n<!-- \/ Yoast SEO plugin. -->","yoast_head_json":{"title":"Plage de Mendihuaca et piscine enchant\u00e9e - Ruta Tayrona Tours","description":"Plage de Mendihuaca et Piscine Enchant\u00e9e, o\u00f9 vous pourrez vous rafra\u00eechir dans la magnifique Posa Encantada pour profiter de l'apr\u00e8s-midi sur cette plage.","robots":{"index":"index","follow":"follow","max-snippet":"max-snippet:-1","max-image-preview":"max-image-preview:large","max-video-preview":"max-video-preview:-1"},"canonical":"https:\/\/rutatayronatours.com\/fr\/product\/plage-de-mendihuaca-et-piscine-enchanteel\/","og_locale":"fr_FR","og_type":"article","og_title":"Plage de Mendihuaca et piscine enchant\u00e9e - Ruta Tayrona Tours","og_description":"Plage de Mendihuaca et Piscine Enchant\u00e9e, o\u00f9 vous pourrez vous rafra\u00eechir dans la magnifique Posa Encantada pour profiter de l'apr\u00e8s-midi sur cette plage.","og_url":"https:\/\/rutatayronatours.com\/fr\/product\/plage-de-mendihuaca-et-piscine-enchanteel\/","og_site_name":"Ruta Tayrona Tours","article_publisher":"https:\/\/www.facebook.com\/riomolinotours2","article_modified_time":"2025-01-07T21:44:12+00:00","og_image":[{"width":1200,"height":1200,"url":"https:\/\/rutatayronatours.com\/fr\/wp-content\/uploads\/2023\/02\/01_Playa-Mendihuaca-poza-Encantada.jpg","type":"image\/jpeg"}],"twitter_card":"summary_large_image","twitter_misc":{"Dur\u00e9e de lecture estim\u00e9e":"2 minutes"},"schema":{"@context":"https:\/\/schema.org","@graph":[{"@type":"WebPage","@id":"https:\/\/rutatayronatours.com\/fr\/product\/plage-de-mendihuaca-et-piscine-enchanteel\/","url":"https:\/\/rutatayronatours.com\/fr\/product\/plage-de-mendihuaca-et-piscine-enchanteel\/","name":"Plage de Mendihuaca et piscine enchant\u00e9e - Ruta Tayrona Tours","isPartOf":{"@id":"https:\/\/rutatayronatours.com\/fr\/#website"},"primaryImageOfPage":{"@id":"https:\/\/rutatayronatours.com\/fr\/product\/plage-de-mendihuaca-et-piscine-enchanteel\/#primaryimage"},"image":{"@id":"https:\/\/rutatayronatours.com\/fr\/product\/plage-de-mendihuaca-et-piscine-enchanteel\/#primaryimage"},"thumbnailUrl":"https:\/\/rutatayronatours.com\/fr\/wp-content\/uploads\/2023\/02\/01_Playa-Mendihuaca-poza-Encantada.jpg","datePublished":"2023-03-14T21:18:39+00:00","dateModified":"2025-01-07T21:44:12+00:00","description":"Plage de Mendihuaca et Piscine Enchant\u00e9e, o\u00f9 vous pourrez vous rafra\u00eechir dans la magnifique Posa Encantada pour profiter de l'apr\u00e8s-midi sur cette plage.","breadcrumb":{"@id":"https:\/\/rutatayronatours.com\/fr\/product\/plage-de-mendihuaca-et-piscine-enchanteel\/#breadcrumb"},"inLanguage":"fr-FR","potentialAction":[{"@type":"ReadAction","target":["https:\/\/rutatayronatours.com\/fr\/product\/plage-de-mendihuaca-et-piscine-enchanteel\/"]}]},{"@type":"ImageObject","inLanguage":"fr-FR","@id":"https:\/\/rutatayronatours.com\/fr\/product\/plage-de-mendihuaca-et-piscine-enchanteel\/#primaryimage","url":"https:\/\/rutatayronatours.com\/fr\/wp-content\/uploads\/2023\/02\/01_Playa-Mendihuaca-poza-Encantada.jpg","contentUrl":"https:\/\/rutatayronatours.com\/fr\/wp-content\/uploads\/2023\/02\/01_Playa-Mendihuaca-poza-Encantada.jpg","width":1200,"height":1200,"caption":"Reserva aqu\u00ed el tour a Playa Mendihuaca & poza Encantada"},{"@type":"BreadcrumbList","@id":"https:\/\/rutatayronatours.com\/fr\/product\/plage-de-mendihuaca-et-piscine-enchanteel\/#breadcrumb","itemListElement":[{"@type":"ListItem","position":1,"name":"Portada","item":"https:\/\/rutatayronatours.com\/fr\/"},{"@type":"ListItem","position":2,"name":"Shop","item":"https:\/\/rutatayronatours.com\/fr\/shop\/"},{"@type":"ListItem","position":3,"name":"Plage de Mendihuaca et piscine enchant\u00e9e"}]},{"@type":"WebSite","@id":"https:\/\/rutatayronatours.com\/fr\/#website","url":"https:\/\/rutatayronatours.com\/fr\/","name":"Ruta Tayrona Tours","description":"Experiencias y tours del caribe Colombiano","publisher":{"@id":"https:\/\/rutatayronatours.com\/fr\/#organization"},"potentialAction":[{"@type":"SearchAction","target":{"@type":"EntryPoint","urlTemplate":"https:\/\/rutatayronatours.com\/fr\/?s={search_term_string}"},"query-input":{"@type":"PropertyValueSpecification","valueRequired":true,"valueName":"search_term_string"}}],"inLanguage":"fr-FR"},{"@type":"Organization","@id":"https:\/\/rutatayronatours.com\/fr\/#organization","name":"Ruta Tayrona Tours","url":"https:\/\/rutatayronatours.com\/fr\/","logo":{"@type":"ImageObject","inLanguage":"fr-FR","@id":"https:\/\/rutatayronatours.com\/fr\/#\/schema\/logo\/image\/","url":"https:\/\/rutatayronatours.com\/fr\/wp-content\/uploads\/2023\/02\/Ruta-Tayrona-Tours.png","contentUrl":"https:\/\/rutatayronatours.com\/fr\/wp-content\/uploads\/2023\/02\/Ruta-Tayrona-Tours.png","width":348,"height":85,"caption":"Ruta Tayrona Tours"},"image":{"@id":"https:\/\/rutatayronatours.com\/fr\/#\/schema\/logo\/image\/"},"sameAs":["https:\/\/www.facebook.com\/riomolinotours2","https:\/\/www.instagram.com\/rutatayronatours\/","https:\/\/api.whatsapp.com\/send?phone=573145502928"]}]}},"_links":{"self":[{"href":"https:\/\/rutatayronatours.com\/fr\/wp-json\/wp\/v2\/product\/1540","targetHints":{"allow":["GET"]}}],"collection":[{"href":"https:\/\/rutatayronatours.com\/fr\/wp-json\/wp\/v2\/product"}],"about":[{"href":"https:\/\/rutatayronatours.com\/fr\/wp-json\/wp\/v2\/types\/product"}],"replies":[{"embeddable":true,"href":"https:\/\/rutatayronatours.com\/fr\/wp-json\/wp\/v2\/comments?post=1540"}],"version-history":[{"count":9,"href":"https:\/\/rutatayronatours.com\/fr\/wp-json\/wp\/v2\/product\/1540\/revisions"}],"predecessor-version":[{"id":3528,"href":"https:\/\/rutatayronatours.com\/fr\/wp-json\/wp\/v2\/product\/1540\/revisions\/3528"}],"wp:featuredmedia":[{"embeddable":true,"href":"https:\/\/rutatayronatours.com\/fr\/wp-json\/wp\/v2\/media\/1300"}],"wp:attachment":[{"href":"https:\/\/rutatayronatours.com\/fr\/wp-json\/wp\/v2\/media?parent=1540"}],"wp:term":[{"taxonomy":"product_brand","embeddable":true,"href":"https:\/\/rutatayronatours.com\/fr\/wp-json\/wp\/v2\/product_brand?post=1540"},{"taxonomy":"product_cat","embeddable":true,"href":"https:\/\/rutatayronatours.com\/fr\/wp-json\/wp\/v2\/product_cat?post=1540"},{"taxonomy":"product_tag","embeddable":true,"href":"https:\/\/rutatayronatours.com\/fr\/wp-json\/wp\/v2\/product_tag?post=1540"}],"curies":[{"name":"wp","href":"https:\/\/api.w.org\/{rel}","templated":true}]}}