{"id":1541,"date":"2023-03-14T16:18:39","date_gmt":"2023-03-14T21:18:39","guid":{"rendered":"https:\/\/rutatayronatours.com\/fr\/?post_type=product&#038;p=1541"},"modified":"2025-01-07T16:44:07","modified_gmt":"2025-01-07T21:44:07","slug":"communaute-autochtone-tayku","status":"publish","type":"product","link":"https:\/\/rutatayronatours.com\/fr\/product\/communaute-autochtone-tayku\/","title":{"rendered":"Communaut\u00e9 autochtone Tayku"},"content":{"rendered":"<h3 style=\"text-align: center;\"><a href=\"https:\/\/rutatayronatours.com\/fr\/comunidades-indigenas-de-la-sierra-nevada-de-santa-marta\/\">Communaut\u00e9 autochtone Tayku<\/a><\/h3>\n<p>Lors de votre voyage vers la Communaut\u00e9 autochtone Tayku dans la Sierra Nevada, vous aurez l&#8217;opportunit\u00e9 de vous plonger dans la culture et l&#8217;histoire des communaut\u00e9s indig\u00e8nes telles que les Arhuaco, <a href=\"https:\/\/rutatayronatours.com\/fr\/comunidades-indigenas-de-la-sierra-nevada-de-santa-marta\/\">Kogui<\/a>, Tayrona, Wiwa et Kankuamo. Ces communaut\u00e9s habitent ces terres depuis des si\u00e8cles et jouent un r\u00f4le fondamental dans la pr\u00e9servation de cet \u00e9cosyst\u00e8me unique. De plus, vous explorerez la riche flore et faune de cette r\u00e9gion, avec la possibilit\u00e9 d&#8217;observer des esp\u00e8ces end\u00e9miques et de profiter de la luxuriante jungle tropicale.<\/p>\n<p>Nos guides locaux hautement qualifi\u00e9s seront \u00e0 votre service pour vous offrir une exp\u00e9rience enrichissante et s\u00e9curis\u00e9e. Des randonn\u00e9es passionnantes le long de sentiers naturels \u00e0 l&#8217;interaction avec les traditions des communaut\u00e9s indig\u00e8nes, nous sommes convaincus que votre visite \u00e0 la Sierra Nevada de Santa Marta sera inoubliable. N&#8217;oubliez jamais d&#8217;\u00eatre respectueux de l&#8217;environnement et de suivre les instructions de vos guides pour garantir la pr\u00e9servation de ce tr\u00e9sor naturel pour les g\u00e9n\u00e9rations futures.<\/p>\n<p>Vivez un voyage empli des coutumes et traditions des communaut\u00e9s indig\u00e8nes qui habitent toujours la r\u00e9gion et pr\u00e9servent leurs traditions. Plongez-vous dans une aventure fascinante \u00e0 travers la vaste for\u00eat tropicale, d\u00e9bordante de richesses naturelles, culturelles et ancestrales.<\/p>\n<p>En fin de journ\u00e9e, vous pourrez profiter d&#8217;un moment de d\u00e9tente sur une plage paisible, id\u00e9ale pour passer du temps en famille.<\/p>\n","protected":false},"excerpt":{"rendered":"<h3>Excursion d&#8217;une journ\u00e9e<\/h3>\n<ul>\n<li>7h00 : Nous commen\u00e7ons notre exp\u00e9rience dans la communaut\u00e9 indig\u00e8ne Tayku en nous dirigeant vers le village de Calabazo. Ici, nous embarquerons pour un voyage de 20 minutes en v\u00e9hicule 4&#215;4 jusqu&#8217;au village indig\u00e8ne Kogui Tayku, o\u00f9 un guide local nous attendra.<\/li>\n<li>Ce guide nous guidera \u00e0 travers leur village pour nous immerger dans leur culture, y compris leurs habitations, leurs v\u00eatements, leurs maisons de c\u00e9r\u00e9monie et leurs traditions. Lors de cette visite, nous aurons \u00e9galement l&#8217;occasion de rencontrer le Mamo, qui est la plus haute autorit\u00e9 de cette communaut\u00e9. Les Mamo nous permettront de mieux comprendre leur fa\u00e7on de penser, leur souci de M\u00e8re Nature, leurs pratiques agricoles, et bien plus encore.<\/li>\n<li>Apr\u00e8s cette immersion culturelle, nous poursuivrons notre voyage vers la plage de Mendihuaca, o\u00f9 nous d\u00e9gusterons un d\u00e9licieux d\u00e9jeuner traditionnel et aurons la chance de passer l&#8217;apr\u00e8s-midi \u00e0 la plage et au bord de la rivi\u00e8re.<\/li>\n<li>16h00 : Retour \u00e0 Santa Marta, conclusion de notre exp\u00e9rience dans la communaut\u00e9 autochtone Tayku.<\/li>\n<\/ul>\n<h2>Tarifs et services inclus<\/h2>\n<ul>\n<li>Transport aller-retour en 4&#215;4<\/li>\n<li>D\u00e9jeuner<\/li>\n<li>Guide<\/li>\n<li>Assurance<\/li>\n<li>Logistique<\/li>\n<li>Entr\u00e9e sur le territoire<\/li>\n<li>Contribution aux communaut\u00e9s autochtones<\/li>\n<\/ul>\n","protected":false},"featured_media":1307,"comment_status":"closed","ping_status":"closed","template":"","meta":[],"product_brand":[],"product_cat":[110,96],"product_tag":[100],"class_list":{"0":"post-1541","1":"product","2":"type-product","3":"status-publish","4":"has-post-thumbnail","6":"product_cat-experiences","7":"product_cat-sierra-nevada-de-santa-marta","8":"product_tag-experiencias","10":"first","11":"instock","12":"shipping-taxable","13":"purchasable","14":"product-type-simple"},"yoast_head":"<!-- This site is optimized with the Yoast SEO plugin v27.2 - https:\/\/yoast.com\/product\/yoast-seo-wordpress\/ -->\n<title>Communaut\u00e9 autochtone Tayku - Ruta Tayrona Tours<\/title>\n<meta name=\"description\" content=\"Explorez la communaut\u00e9 autochtone Tayku o\u00f9 vous pourrez tout apprendre sur la culture Kogui qui habite le parc Tayrona depuis des milliers d&#039;ann\u00e9es.\" \/>\n<meta name=\"robots\" content=\"index, follow, max-snippet:-1, max-image-preview:large, max-video-preview:-1\" \/>\n<link rel=\"canonical\" href=\"https:\/\/rutatayronatours.com\/fr\/product\/communaute-autochtone-tayku\/\" \/>\n<meta property=\"og:locale\" content=\"fr_FR\" \/>\n<meta property=\"og:type\" content=\"article\" \/>\n<meta property=\"og:title\" content=\"Communaut\u00e9 autochtone Tayku - Ruta Tayrona Tours\" \/>\n<meta property=\"og:description\" content=\"Explorez la communaut\u00e9 autochtone Tayku o\u00f9 vous pourrez tout apprendre sur la culture Kogui qui habite le parc Tayrona depuis des milliers d&#039;ann\u00e9es.\" \/>\n<meta property=\"og:url\" content=\"https:\/\/rutatayronatours.com\/fr\/product\/communaute-autochtone-tayku\/\" \/>\n<meta property=\"og:site_name\" content=\"Ruta Tayrona Tours\" \/>\n<meta property=\"article:publisher\" content=\"https:\/\/www.facebook.com\/riomolinotours2\" \/>\n<meta property=\"article:modified_time\" content=\"2025-01-07T21:44:07+00:00\" \/>\n<meta property=\"og:image\" content=\"https:\/\/rutatayronatours.com\/fr\/wp-content\/uploads\/2023\/02\/30_Comunidad-Indigena-Tayku.jpg\" \/>\n\t<meta property=\"og:image:width\" content=\"1200\" \/>\n\t<meta property=\"og:image:height\" content=\"1200\" \/>\n\t<meta property=\"og:image:type\" content=\"image\/jpeg\" \/>\n<meta name=\"twitter:card\" content=\"summary_large_image\" \/>\n<meta name=\"twitter:label1\" content=\"Dur\u00e9e de lecture estim\u00e9e\" \/>\n\t<meta name=\"twitter:data1\" content=\"2 minutes\" \/>\n<script type=\"application\/ld+json\" class=\"yoast-schema-graph\">{\"@context\":\"https:\/\/schema.org\",\"@graph\":[{\"@type\":\"WebPage\",\"@id\":\"https:\/\/rutatayronatours.com\/fr\/product\/communaute-autochtone-tayku\/\",\"url\":\"https:\/\/rutatayronatours.com\/fr\/product\/communaute-autochtone-tayku\/\",\"name\":\"Communaut\u00e9 autochtone Tayku - Ruta Tayrona Tours\",\"isPartOf\":{\"@id\":\"https:\/\/rutatayronatours.com\/fr\/#website\"},\"primaryImageOfPage\":{\"@id\":\"https:\/\/rutatayronatours.com\/fr\/product\/communaute-autochtone-tayku\/#primaryimage\"},\"image\":{\"@id\":\"https:\/\/rutatayronatours.com\/fr\/product\/communaute-autochtone-tayku\/#primaryimage\"},\"thumbnailUrl\":\"https:\/\/rutatayronatours.com\/fr\/wp-content\/uploads\/2023\/02\/30_Comunidad-Indigena-Tayku.jpg\",\"datePublished\":\"2023-03-14T21:18:39+00:00\",\"dateModified\":\"2025-01-07T21:44:07+00:00\",\"description\":\"Explorez la communaut\u00e9 autochtone Tayku o\u00f9 vous pourrez tout apprendre sur la culture Kogui qui habite le parc Tayrona depuis des milliers d'ann\u00e9es.\",\"breadcrumb\":{\"@id\":\"https:\/\/rutatayronatours.com\/fr\/product\/communaute-autochtone-tayku\/#breadcrumb\"},\"inLanguage\":\"fr-FR\",\"potentialAction\":[{\"@type\":\"ReadAction\",\"target\":[\"https:\/\/rutatayronatours.com\/fr\/product\/communaute-autochtone-tayku\/\"]}]},{\"@type\":\"ImageObject\",\"inLanguage\":\"fr-FR\",\"@id\":\"https:\/\/rutatayronatours.com\/fr\/product\/communaute-autochtone-tayku\/#primaryimage\",\"url\":\"https:\/\/rutatayronatours.com\/fr\/wp-content\/uploads\/2023\/02\/30_Comunidad-Indigena-Tayku.jpg\",\"contentUrl\":\"https:\/\/rutatayronatours.com\/fr\/wp-content\/uploads\/2023\/02\/30_Comunidad-Indigena-Tayku.jpg\",\"width\":1200,\"height\":1200,\"caption\":\"Reserva aqu\u00ed el tour a Comunidad Ind\u00edgena Tayku\"},{\"@type\":\"BreadcrumbList\",\"@id\":\"https:\/\/rutatayronatours.com\/fr\/product\/communaute-autochtone-tayku\/#breadcrumb\",\"itemListElement\":[{\"@type\":\"ListItem\",\"position\":1,\"name\":\"Portada\",\"item\":\"https:\/\/rutatayronatours.com\/fr\/\"},{\"@type\":\"ListItem\",\"position\":2,\"name\":\"Shop\",\"item\":\"https:\/\/rutatayronatours.com\/fr\/shop\/\"},{\"@type\":\"ListItem\",\"position\":3,\"name\":\"Communaut\u00e9 autochtone Tayku\"}]},{\"@type\":\"WebSite\",\"@id\":\"https:\/\/rutatayronatours.com\/fr\/#website\",\"url\":\"https:\/\/rutatayronatours.com\/fr\/\",\"name\":\"Ruta Tayrona Tours\",\"description\":\"Experiencias y tours del caribe Colombiano\",\"publisher\":{\"@id\":\"https:\/\/rutatayronatours.com\/fr\/#organization\"},\"potentialAction\":[{\"@type\":\"SearchAction\",\"target\":{\"@type\":\"EntryPoint\",\"urlTemplate\":\"https:\/\/rutatayronatours.com\/fr\/?s={search_term_string}\"},\"query-input\":{\"@type\":\"PropertyValueSpecification\",\"valueRequired\":true,\"valueName\":\"search_term_string\"}}],\"inLanguage\":\"fr-FR\"},{\"@type\":\"Organization\",\"@id\":\"https:\/\/rutatayronatours.com\/fr\/#organization\",\"name\":\"Ruta Tayrona Tours\",\"url\":\"https:\/\/rutatayronatours.com\/fr\/\",\"logo\":{\"@type\":\"ImageObject\",\"inLanguage\":\"fr-FR\",\"@id\":\"https:\/\/rutatayronatours.com\/fr\/#\/schema\/logo\/image\/\",\"url\":\"https:\/\/rutatayronatours.com\/fr\/wp-content\/uploads\/2023\/02\/Ruta-Tayrona-Tours.png\",\"contentUrl\":\"https:\/\/rutatayronatours.com\/fr\/wp-content\/uploads\/2023\/02\/Ruta-Tayrona-Tours.png\",\"width\":348,\"height\":85,\"caption\":\"Ruta Tayrona Tours\"},\"image\":{\"@id\":\"https:\/\/rutatayronatours.com\/fr\/#\/schema\/logo\/image\/\"},\"sameAs\":[\"https:\/\/www.facebook.com\/riomolinotours2\",\"https:\/\/www.instagram.com\/rutatayronatours\/\",\"https:\/\/api.whatsapp.com\/send?phone=573145502928\"]}]}<\/script>\n<!-- \/ Yoast SEO plugin. -->","yoast_head_json":{"title":"Communaut\u00e9 autochtone Tayku - Ruta Tayrona Tours","description":"Explorez la communaut\u00e9 autochtone Tayku o\u00f9 vous pourrez tout apprendre sur la culture Kogui qui habite le parc Tayrona depuis des milliers d'ann\u00e9es.","robots":{"index":"index","follow":"follow","max-snippet":"max-snippet:-1","max-image-preview":"max-image-preview:large","max-video-preview":"max-video-preview:-1"},"canonical":"https:\/\/rutatayronatours.com\/fr\/product\/communaute-autochtone-tayku\/","og_locale":"fr_FR","og_type":"article","og_title":"Communaut\u00e9 autochtone Tayku - Ruta Tayrona Tours","og_description":"Explorez la communaut\u00e9 autochtone Tayku o\u00f9 vous pourrez tout apprendre sur la culture Kogui qui habite le parc Tayrona depuis des milliers d'ann\u00e9es.","og_url":"https:\/\/rutatayronatours.com\/fr\/product\/communaute-autochtone-tayku\/","og_site_name":"Ruta Tayrona Tours","article_publisher":"https:\/\/www.facebook.com\/riomolinotours2","article_modified_time":"2025-01-07T21:44:07+00:00","og_image":[{"width":1200,"height":1200,"url":"https:\/\/rutatayronatours.com\/fr\/wp-content\/uploads\/2023\/02\/30_Comunidad-Indigena-Tayku.jpg","type":"image\/jpeg"}],"twitter_card":"summary_large_image","twitter_misc":{"Dur\u00e9e de lecture estim\u00e9e":"2 minutes"},"schema":{"@context":"https:\/\/schema.org","@graph":[{"@type":"WebPage","@id":"https:\/\/rutatayronatours.com\/fr\/product\/communaute-autochtone-tayku\/","url":"https:\/\/rutatayronatours.com\/fr\/product\/communaute-autochtone-tayku\/","name":"Communaut\u00e9 autochtone Tayku - Ruta Tayrona Tours","isPartOf":{"@id":"https:\/\/rutatayronatours.com\/fr\/#website"},"primaryImageOfPage":{"@id":"https:\/\/rutatayronatours.com\/fr\/product\/communaute-autochtone-tayku\/#primaryimage"},"image":{"@id":"https:\/\/rutatayronatours.com\/fr\/product\/communaute-autochtone-tayku\/#primaryimage"},"thumbnailUrl":"https:\/\/rutatayronatours.com\/fr\/wp-content\/uploads\/2023\/02\/30_Comunidad-Indigena-Tayku.jpg","datePublished":"2023-03-14T21:18:39+00:00","dateModified":"2025-01-07T21:44:07+00:00","description":"Explorez la communaut\u00e9 autochtone Tayku o\u00f9 vous pourrez tout apprendre sur la culture Kogui qui habite le parc Tayrona depuis des milliers d'ann\u00e9es.","breadcrumb":{"@id":"https:\/\/rutatayronatours.com\/fr\/product\/communaute-autochtone-tayku\/#breadcrumb"},"inLanguage":"fr-FR","potentialAction":[{"@type":"ReadAction","target":["https:\/\/rutatayronatours.com\/fr\/product\/communaute-autochtone-tayku\/"]}]},{"@type":"ImageObject","inLanguage":"fr-FR","@id":"https:\/\/rutatayronatours.com\/fr\/product\/communaute-autochtone-tayku\/#primaryimage","url":"https:\/\/rutatayronatours.com\/fr\/wp-content\/uploads\/2023\/02\/30_Comunidad-Indigena-Tayku.jpg","contentUrl":"https:\/\/rutatayronatours.com\/fr\/wp-content\/uploads\/2023\/02\/30_Comunidad-Indigena-Tayku.jpg","width":1200,"height":1200,"caption":"Reserva aqu\u00ed el tour a Comunidad Ind\u00edgena Tayku"},{"@type":"BreadcrumbList","@id":"https:\/\/rutatayronatours.com\/fr\/product\/communaute-autochtone-tayku\/#breadcrumb","itemListElement":[{"@type":"ListItem","position":1,"name":"Portada","item":"https:\/\/rutatayronatours.com\/fr\/"},{"@type":"ListItem","position":2,"name":"Shop","item":"https:\/\/rutatayronatours.com\/fr\/shop\/"},{"@type":"ListItem","position":3,"name":"Communaut\u00e9 autochtone Tayku"}]},{"@type":"WebSite","@id":"https:\/\/rutatayronatours.com\/fr\/#website","url":"https:\/\/rutatayronatours.com\/fr\/","name":"Ruta Tayrona Tours","description":"Experiencias y tours del caribe Colombiano","publisher":{"@id":"https:\/\/rutatayronatours.com\/fr\/#organization"},"potentialAction":[{"@type":"SearchAction","target":{"@type":"EntryPoint","urlTemplate":"https:\/\/rutatayronatours.com\/fr\/?s={search_term_string}"},"query-input":{"@type":"PropertyValueSpecification","valueRequired":true,"valueName":"search_term_string"}}],"inLanguage":"fr-FR"},{"@type":"Organization","@id":"https:\/\/rutatayronatours.com\/fr\/#organization","name":"Ruta Tayrona Tours","url":"https:\/\/rutatayronatours.com\/fr\/","logo":{"@type":"ImageObject","inLanguage":"fr-FR","@id":"https:\/\/rutatayronatours.com\/fr\/#\/schema\/logo\/image\/","url":"https:\/\/rutatayronatours.com\/fr\/wp-content\/uploads\/2023\/02\/Ruta-Tayrona-Tours.png","contentUrl":"https:\/\/rutatayronatours.com\/fr\/wp-content\/uploads\/2023\/02\/Ruta-Tayrona-Tours.png","width":348,"height":85,"caption":"Ruta Tayrona Tours"},"image":{"@id":"https:\/\/rutatayronatours.com\/fr\/#\/schema\/logo\/image\/"},"sameAs":["https:\/\/www.facebook.com\/riomolinotours2","https:\/\/www.instagram.com\/rutatayronatours\/","https:\/\/api.whatsapp.com\/send?phone=573145502928"]}]}},"_links":{"self":[{"href":"https:\/\/rutatayronatours.com\/fr\/wp-json\/wp\/v2\/product\/1541","targetHints":{"allow":["GET"]}}],"collection":[{"href":"https:\/\/rutatayronatours.com\/fr\/wp-json\/wp\/v2\/product"}],"about":[{"href":"https:\/\/rutatayronatours.com\/fr\/wp-json\/wp\/v2\/types\/product"}],"replies":[{"embeddable":true,"href":"https:\/\/rutatayronatours.com\/fr\/wp-json\/wp\/v2\/comments?post=1541"}],"version-history":[{"count":7,"href":"https:\/\/rutatayronatours.com\/fr\/wp-json\/wp\/v2\/product\/1541\/revisions"}],"predecessor-version":[{"id":3525,"href":"https:\/\/rutatayronatours.com\/fr\/wp-json\/wp\/v2\/product\/1541\/revisions\/3525"}],"wp:featuredmedia":[{"embeddable":true,"href":"https:\/\/rutatayronatours.com\/fr\/wp-json\/wp\/v2\/media\/1307"}],"wp:attachment":[{"href":"https:\/\/rutatayronatours.com\/fr\/wp-json\/wp\/v2\/media?parent=1541"}],"wp:term":[{"taxonomy":"product_brand","embeddable":true,"href":"https:\/\/rutatayronatours.com\/fr\/wp-json\/wp\/v2\/product_brand?post=1541"},{"taxonomy":"product_cat","embeddable":true,"href":"https:\/\/rutatayronatours.com\/fr\/wp-json\/wp\/v2\/product_cat?post=1541"},{"taxonomy":"product_tag","embeddable":true,"href":"https:\/\/rutatayronatours.com\/fr\/wp-json\/wp\/v2\/product_tag?post=1541"}],"curies":[{"name":"wp","href":"https:\/\/api.w.org\/{rel}","templated":true}]}}