{"id":1542,"date":"2023-03-14T16:18:39","date_gmt":"2023-03-14T21:18:39","guid":{"rendered":"https:\/\/rutatayronatours.com\/fr\/?post_type=product&#038;p=1542"},"modified":"2025-01-07T16:44:08","modified_gmt":"2025-01-07T21:44:08","slug":"visite-des-fruits-de-la-passion-cascade-el-saltillo","status":"publish","type":"product","link":"https:\/\/rutatayronatours.com\/fr\/product\/visite-des-fruits-de-la-passion-cascade-el-saltillo\/","title":{"rendered":"Visite des fruits de la passion et de la cascade El Saltillo"},"content":{"rendered":"<h3 style=\"text-align: center;\"><a href=\"https:\/\/rutatayronatours.com\/fr\/comunidades-indigenas-de-la-sierra-nevada-de-santa-marta\/\">Visite des fruits de la passion et de la cascade\u00a0<\/a><\/h3>\n<p>Au cours de votre tour Visite des fruits de la passion et de la cascade El Saltillo dans la Sierra Nevada, vous aurez l&#8217;opportunit\u00e9 de vous immerger dans la culture et l&#8217;histoire des communaut\u00e9s indig\u00e8nes, y compris les Arhuaco,<a href=\"https:\/\/rutatayronatours.com\/fr\/comunidades-indigenas-de-la-sierra-nevada-de-santa-marta\/\"> Kogui<\/a>, Tayrona, Wiwa et Kankuamo. Ces communaut\u00e9s habitent ces terres depuis des si\u00e8cles et jouent un r\u00f4le vital dans la pr\u00e9servation de cet \u00e9cosyst\u00e8me unique. Vous d\u00e9couvrirez \u00e9galement la riche flore et faune de la r\u00e9gion, avec la possibilit\u00e9 d&#8217;observer des esp\u00e8ces end\u00e9miques et de profiter de la luxuriante jungle tropicale.<\/p>\n<p>Nos guides locaux hautement qualifi\u00e9s seront \u00e0 votre service pour vous offrir une exp\u00e9rience enrichissante et s\u00e9curis\u00e9e. Des randonn\u00e9es passionnantes le long de sentiers naturels \u00e0 l&#8217;immersion dans les traditions des communaut\u00e9s indig\u00e8nes, nous sommes convaincus que votre visite \u00e0 la Sierra Nevada de Santa Marta sera inoubliable. N&#8217;oubliez jamais d&#8217;\u00eatre respectueux de l&#8217;environnement et de suivre les instructions de vos guides pour garantir la pr\u00e9servation de ce tr\u00e9sor naturel pour les g\u00e9n\u00e9rations futures.<\/p>\n<p>Le tour du Maracuy\u00e1 se d\u00e9roule dans les environs de la Sierra Nevada de Santa Marta et implique de la randonn\u00e9e dans la R\u00e9serve El Para\u00edso \u00e0 la recherche de la grenade. C&#8217;est une excursion parfaite pour les amoureux de la nature ! Vous passerez une journ\u00e9e fascinante dans la Sierra Nevada de Santa Marta tout en appr\u00e9ciant sa flore et sa faune. Vous aurez l&#8217;occasion de voir des cultures de grenade et d&#8217;interagir avec les habitants. Le tour se termine par une baignade rafra\u00eechissante dans les eaux cristallines de la cascade El Saltillo.<\/p>\n","protected":false},"excerpt":{"rendered":"<h2>Excursion d&#8217;une journ\u00e9e<\/h2>\n<ul>\n<li>D\u00e9part de Santa Marta \u00e0 7h00, o\u00f9 nous commen\u00e7ons notre exp\u00e9rience, la &#8220;Tour de Maracuya et la cascade El Saltillo&#8221;, en direction du village &#8220;La Uni\u00f3n&#8221;. L\u00e0, nous embarquerons pour une randonn\u00e9e de 2 heures, nous permettant d&#8217;explorer la faune et la flore typiques de cette r\u00e9gion, de conna\u00eetre l&#8217;histoire et les diff\u00e9rents processus v\u00e9cus par les communaut\u00e9s agricoles locales de ce territoire.<\/li>\n<li>Nous arriverons ensuite aux plantations de ce fruit exotique, o\u00f9 nous d\u00e9couvrirons le processus de culture, ainsi que les nutriments et d\u00e9riv\u00e9s que nous pouvons obtenir de ce magnifique fruit.<\/li>\n<li>\u00c0 cet endroit, nous aurons l&#8217;occasion de savourer un d\u00e9jeuner typiquement r\u00e9gional, accompagn\u00e9 de divers produits, desserts et jus de fruits \u00e0 base de ce fruit.<\/li>\n<li>Ensuite, nous entreprendrons une courte promenade jusqu&#8217;\u00e0 la cascade El Saltillo, o\u00f9 nous aurons l&#8217;occasion de nous baigner dans les belles eaux cristallines et les paysages uniques de cet endroit.<\/li>\n<li>Plus tard, nous commencerons la randonn\u00e9e de retour vers la rivi\u00e8re Guachaca, o\u00f9 nous commencerons l&#8217;activit\u00e9 de tubing, qui durera environ 1 heure jusqu&#8217;\u00e0 atteindre le point de d\u00e9part.<\/li>\n<li>\u00c0 16h20, nous retournerons \u00e0 Santa Marta, concluant notre exp\u00e9rience &#8220;Maracuya &amp; El Saltillo Waterfall Tour&#8221;.<\/li>\n<\/ul>\n<h2>Tarifs et services inclus :<\/h2>\n<ul>\n<li>Transport aller-retour<\/li>\n<li>Entr\u00e9e sur le territoire<\/li>\n<li>Conseils d&#8217;un guide professionnel local<\/li>\n<li>D\u00e9jeuner typique<\/li>\n<li>Logistique<\/li>\n<li>Assurance<\/li>\n<li>\u00c9quipement de tubulure<\/li>\n<\/ul>\n","protected":false},"featured_media":1311,"comment_status":"closed","ping_status":"closed","template":"","meta":[],"product_brand":[],"product_cat":[110,96],"product_tag":[100],"class_list":{"0":"post-1542","1":"product","2":"type-product","3":"status-publish","4":"has-post-thumbnail","6":"product_cat-experiences","7":"product_cat-sierra-nevada-de-santa-marta","8":"product_tag-experiencias","10":"first","11":"instock","12":"shipping-taxable","13":"purchasable","14":"product-type-simple"},"yoast_head":"<!-- This site is optimized with the Yoast SEO plugin v27.2 - https:\/\/yoast.com\/product\/yoast-seo-wordpress\/ -->\n<title>Visite des fruits de la passion et de la cascade El Saltillo - Ruta Tayrona Tours<\/title>\n<meta name=\"description\" content=\"Visite des fruits de la passion et de la cascade El Saltillo et profitez des paysages et d\u00e9couvrez les secrets du fruit de la passion.\" \/>\n<meta name=\"robots\" content=\"index, follow, max-snippet:-1, max-image-preview:large, max-video-preview:-1\" \/>\n<link rel=\"canonical\" href=\"https:\/\/rutatayronatours.com\/fr\/product\/visite-des-fruits-de-la-passion-cascade-el-saltillo\/\" \/>\n<meta property=\"og:locale\" content=\"fr_FR\" \/>\n<meta property=\"og:type\" content=\"article\" \/>\n<meta property=\"og:title\" content=\"Visite des fruits de la passion et de la cascade El Saltillo - Ruta Tayrona Tours\" \/>\n<meta property=\"og:description\" content=\"Visite des fruits de la passion et de la cascade El Saltillo et profitez des paysages et d\u00e9couvrez les secrets du fruit de la passion.\" \/>\n<meta property=\"og:url\" content=\"https:\/\/rutatayronatours.com\/fr\/product\/visite-des-fruits-de-la-passion-cascade-el-saltillo\/\" \/>\n<meta property=\"og:site_name\" content=\"Ruta Tayrona Tours\" \/>\n<meta property=\"article:publisher\" content=\"https:\/\/www.facebook.com\/riomolinotours2\" \/>\n<meta property=\"article:modified_time\" content=\"2025-01-07T21:44:08+00:00\" \/>\n<meta property=\"og:image\" content=\"https:\/\/rutatayronatours.com\/fr\/wp-content\/uploads\/2023\/02\/02_Tour-de-la-maracuya-cascada-el-saltillo.jpg\" \/>\n\t<meta property=\"og:image:width\" content=\"1200\" \/>\n\t<meta property=\"og:image:height\" content=\"1200\" \/>\n\t<meta property=\"og:image:type\" content=\"image\/jpeg\" \/>\n<meta name=\"twitter:card\" content=\"summary_large_image\" \/>\n<meta name=\"twitter:label1\" content=\"Dur\u00e9e de lecture estim\u00e9e\" \/>\n\t<meta name=\"twitter:data1\" content=\"2 minutes\" \/>\n<script type=\"application\/ld+json\" class=\"yoast-schema-graph\">{\"@context\":\"https:\/\/schema.org\",\"@graph\":[{\"@type\":\"WebPage\",\"@id\":\"https:\/\/rutatayronatours.com\/fr\/product\/visite-des-fruits-de-la-passion-cascade-el-saltillo\/\",\"url\":\"https:\/\/rutatayronatours.com\/fr\/product\/visite-des-fruits-de-la-passion-cascade-el-saltillo\/\",\"name\":\"Visite des fruits de la passion et de la cascade El Saltillo - Ruta Tayrona Tours\",\"isPartOf\":{\"@id\":\"https:\/\/rutatayronatours.com\/fr\/#website\"},\"primaryImageOfPage\":{\"@id\":\"https:\/\/rutatayronatours.com\/fr\/product\/visite-des-fruits-de-la-passion-cascade-el-saltillo\/#primaryimage\"},\"image\":{\"@id\":\"https:\/\/rutatayronatours.com\/fr\/product\/visite-des-fruits-de-la-passion-cascade-el-saltillo\/#primaryimage\"},\"thumbnailUrl\":\"https:\/\/rutatayronatours.com\/fr\/wp-content\/uploads\/2023\/02\/02_Tour-de-la-maracuya-cascada-el-saltillo.jpg\",\"datePublished\":\"2023-03-14T21:18:39+00:00\",\"dateModified\":\"2025-01-07T21:44:08+00:00\",\"description\":\"Visite des fruits de la passion et de la cascade El Saltillo et profitez des paysages et d\u00e9couvrez les secrets du fruit de la passion.\",\"breadcrumb\":{\"@id\":\"https:\/\/rutatayronatours.com\/fr\/product\/visite-des-fruits-de-la-passion-cascade-el-saltillo\/#breadcrumb\"},\"inLanguage\":\"fr-FR\",\"potentialAction\":[{\"@type\":\"ReadAction\",\"target\":[\"https:\/\/rutatayronatours.com\/fr\/product\/visite-des-fruits-de-la-passion-cascade-el-saltillo\/\"]}]},{\"@type\":\"ImageObject\",\"inLanguage\":\"fr-FR\",\"@id\":\"https:\/\/rutatayronatours.com\/fr\/product\/visite-des-fruits-de-la-passion-cascade-el-saltillo\/#primaryimage\",\"url\":\"https:\/\/rutatayronatours.com\/fr\/wp-content\/uploads\/2023\/02\/02_Tour-de-la-maracuya-cascada-el-saltillo.jpg\",\"contentUrl\":\"https:\/\/rutatayronatours.com\/fr\/wp-content\/uploads\/2023\/02\/02_Tour-de-la-maracuya-cascada-el-saltillo.jpg\",\"width\":1200,\"height\":1200,\"caption\":\"Reserva aqu\u00ed el Tour de la Maracuy\u00e1 & Cascada el Saltillo\"},{\"@type\":\"BreadcrumbList\",\"@id\":\"https:\/\/rutatayronatours.com\/fr\/product\/visite-des-fruits-de-la-passion-cascade-el-saltillo\/#breadcrumb\",\"itemListElement\":[{\"@type\":\"ListItem\",\"position\":1,\"name\":\"Portada\",\"item\":\"https:\/\/rutatayronatours.com\/fr\/\"},{\"@type\":\"ListItem\",\"position\":2,\"name\":\"Shop\",\"item\":\"https:\/\/rutatayronatours.com\/fr\/shop\/\"},{\"@type\":\"ListItem\",\"position\":3,\"name\":\"Visite des fruits de la passion et de la cascade El Saltillo\"}]},{\"@type\":\"WebSite\",\"@id\":\"https:\/\/rutatayronatours.com\/fr\/#website\",\"url\":\"https:\/\/rutatayronatours.com\/fr\/\",\"name\":\"Ruta Tayrona Tours\",\"description\":\"Experiencias y tours del caribe Colombiano\",\"publisher\":{\"@id\":\"https:\/\/rutatayronatours.com\/fr\/#organization\"},\"potentialAction\":[{\"@type\":\"SearchAction\",\"target\":{\"@type\":\"EntryPoint\",\"urlTemplate\":\"https:\/\/rutatayronatours.com\/fr\/?s={search_term_string}\"},\"query-input\":{\"@type\":\"PropertyValueSpecification\",\"valueRequired\":true,\"valueName\":\"search_term_string\"}}],\"inLanguage\":\"fr-FR\"},{\"@type\":\"Organization\",\"@id\":\"https:\/\/rutatayronatours.com\/fr\/#organization\",\"name\":\"Ruta Tayrona Tours\",\"url\":\"https:\/\/rutatayronatours.com\/fr\/\",\"logo\":{\"@type\":\"ImageObject\",\"inLanguage\":\"fr-FR\",\"@id\":\"https:\/\/rutatayronatours.com\/fr\/#\/schema\/logo\/image\/\",\"url\":\"https:\/\/rutatayronatours.com\/fr\/wp-content\/uploads\/2023\/02\/Ruta-Tayrona-Tours.png\",\"contentUrl\":\"https:\/\/rutatayronatours.com\/fr\/wp-content\/uploads\/2023\/02\/Ruta-Tayrona-Tours.png\",\"width\":348,\"height\":85,\"caption\":\"Ruta Tayrona Tours\"},\"image\":{\"@id\":\"https:\/\/rutatayronatours.com\/fr\/#\/schema\/logo\/image\/\"},\"sameAs\":[\"https:\/\/www.facebook.com\/riomolinotours2\",\"https:\/\/www.instagram.com\/rutatayronatours\/\",\"https:\/\/api.whatsapp.com\/send?phone=573145502928\"]}]}<\/script>\n<!-- \/ Yoast SEO plugin. -->","yoast_head_json":{"title":"Visite des fruits de la passion et de la cascade El Saltillo - Ruta Tayrona Tours","description":"Visite des fruits de la passion et de la cascade El Saltillo et profitez des paysages et d\u00e9couvrez les secrets du fruit de la passion.","robots":{"index":"index","follow":"follow","max-snippet":"max-snippet:-1","max-image-preview":"max-image-preview:large","max-video-preview":"max-video-preview:-1"},"canonical":"https:\/\/rutatayronatours.com\/fr\/product\/visite-des-fruits-de-la-passion-cascade-el-saltillo\/","og_locale":"fr_FR","og_type":"article","og_title":"Visite des fruits de la passion et de la cascade El Saltillo - Ruta Tayrona Tours","og_description":"Visite des fruits de la passion et de la cascade El Saltillo et profitez des paysages et d\u00e9couvrez les secrets du fruit de la passion.","og_url":"https:\/\/rutatayronatours.com\/fr\/product\/visite-des-fruits-de-la-passion-cascade-el-saltillo\/","og_site_name":"Ruta Tayrona Tours","article_publisher":"https:\/\/www.facebook.com\/riomolinotours2","article_modified_time":"2025-01-07T21:44:08+00:00","og_image":[{"width":1200,"height":1200,"url":"https:\/\/rutatayronatours.com\/fr\/wp-content\/uploads\/2023\/02\/02_Tour-de-la-maracuya-cascada-el-saltillo.jpg","type":"image\/jpeg"}],"twitter_card":"summary_large_image","twitter_misc":{"Dur\u00e9e de lecture estim\u00e9e":"2 minutes"},"schema":{"@context":"https:\/\/schema.org","@graph":[{"@type":"WebPage","@id":"https:\/\/rutatayronatours.com\/fr\/product\/visite-des-fruits-de-la-passion-cascade-el-saltillo\/","url":"https:\/\/rutatayronatours.com\/fr\/product\/visite-des-fruits-de-la-passion-cascade-el-saltillo\/","name":"Visite des fruits de la passion et de la cascade El Saltillo - Ruta Tayrona Tours","isPartOf":{"@id":"https:\/\/rutatayronatours.com\/fr\/#website"},"primaryImageOfPage":{"@id":"https:\/\/rutatayronatours.com\/fr\/product\/visite-des-fruits-de-la-passion-cascade-el-saltillo\/#primaryimage"},"image":{"@id":"https:\/\/rutatayronatours.com\/fr\/product\/visite-des-fruits-de-la-passion-cascade-el-saltillo\/#primaryimage"},"thumbnailUrl":"https:\/\/rutatayronatours.com\/fr\/wp-content\/uploads\/2023\/02\/02_Tour-de-la-maracuya-cascada-el-saltillo.jpg","datePublished":"2023-03-14T21:18:39+00:00","dateModified":"2025-01-07T21:44:08+00:00","description":"Visite des fruits de la passion et de la cascade El Saltillo et profitez des paysages et d\u00e9couvrez les secrets du fruit de la passion.","breadcrumb":{"@id":"https:\/\/rutatayronatours.com\/fr\/product\/visite-des-fruits-de-la-passion-cascade-el-saltillo\/#breadcrumb"},"inLanguage":"fr-FR","potentialAction":[{"@type":"ReadAction","target":["https:\/\/rutatayronatours.com\/fr\/product\/visite-des-fruits-de-la-passion-cascade-el-saltillo\/"]}]},{"@type":"ImageObject","inLanguage":"fr-FR","@id":"https:\/\/rutatayronatours.com\/fr\/product\/visite-des-fruits-de-la-passion-cascade-el-saltillo\/#primaryimage","url":"https:\/\/rutatayronatours.com\/fr\/wp-content\/uploads\/2023\/02\/02_Tour-de-la-maracuya-cascada-el-saltillo.jpg","contentUrl":"https:\/\/rutatayronatours.com\/fr\/wp-content\/uploads\/2023\/02\/02_Tour-de-la-maracuya-cascada-el-saltillo.jpg","width":1200,"height":1200,"caption":"Reserva aqu\u00ed el Tour de la Maracuy\u00e1 & Cascada el Saltillo"},{"@type":"BreadcrumbList","@id":"https:\/\/rutatayronatours.com\/fr\/product\/visite-des-fruits-de-la-passion-cascade-el-saltillo\/#breadcrumb","itemListElement":[{"@type":"ListItem","position":1,"name":"Portada","item":"https:\/\/rutatayronatours.com\/fr\/"},{"@type":"ListItem","position":2,"name":"Shop","item":"https:\/\/rutatayronatours.com\/fr\/shop\/"},{"@type":"ListItem","position":3,"name":"Visite des fruits de la passion et de la cascade El Saltillo"}]},{"@type":"WebSite","@id":"https:\/\/rutatayronatours.com\/fr\/#website","url":"https:\/\/rutatayronatours.com\/fr\/","name":"Ruta Tayrona Tours","description":"Experiencias y tours del caribe Colombiano","publisher":{"@id":"https:\/\/rutatayronatours.com\/fr\/#organization"},"potentialAction":[{"@type":"SearchAction","target":{"@type":"EntryPoint","urlTemplate":"https:\/\/rutatayronatours.com\/fr\/?s={search_term_string}"},"query-input":{"@type":"PropertyValueSpecification","valueRequired":true,"valueName":"search_term_string"}}],"inLanguage":"fr-FR"},{"@type":"Organization","@id":"https:\/\/rutatayronatours.com\/fr\/#organization","name":"Ruta Tayrona Tours","url":"https:\/\/rutatayronatours.com\/fr\/","logo":{"@type":"ImageObject","inLanguage":"fr-FR","@id":"https:\/\/rutatayronatours.com\/fr\/#\/schema\/logo\/image\/","url":"https:\/\/rutatayronatours.com\/fr\/wp-content\/uploads\/2023\/02\/Ruta-Tayrona-Tours.png","contentUrl":"https:\/\/rutatayronatours.com\/fr\/wp-content\/uploads\/2023\/02\/Ruta-Tayrona-Tours.png","width":348,"height":85,"caption":"Ruta Tayrona Tours"},"image":{"@id":"https:\/\/rutatayronatours.com\/fr\/#\/schema\/logo\/image\/"},"sameAs":["https:\/\/www.facebook.com\/riomolinotours2","https:\/\/www.instagram.com\/rutatayronatours\/","https:\/\/api.whatsapp.com\/send?phone=573145502928"]}]}},"_links":{"self":[{"href":"https:\/\/rutatayronatours.com\/fr\/wp-json\/wp\/v2\/product\/1542","targetHints":{"allow":["GET"]}}],"collection":[{"href":"https:\/\/rutatayronatours.com\/fr\/wp-json\/wp\/v2\/product"}],"about":[{"href":"https:\/\/rutatayronatours.com\/fr\/wp-json\/wp\/v2\/types\/product"}],"replies":[{"embeddable":true,"href":"https:\/\/rutatayronatours.com\/fr\/wp-json\/wp\/v2\/comments?post=1542"}],"version-history":[{"count":8,"href":"https:\/\/rutatayronatours.com\/fr\/wp-json\/wp\/v2\/product\/1542\/revisions"}],"predecessor-version":[{"id":3531,"href":"https:\/\/rutatayronatours.com\/fr\/wp-json\/wp\/v2\/product\/1542\/revisions\/3531"}],"wp:featuredmedia":[{"embeddable":true,"href":"https:\/\/rutatayronatours.com\/fr\/wp-json\/wp\/v2\/media\/1311"}],"wp:attachment":[{"href":"https:\/\/rutatayronatours.com\/fr\/wp-json\/wp\/v2\/media?parent=1542"}],"wp:term":[{"taxonomy":"product_brand","embeddable":true,"href":"https:\/\/rutatayronatours.com\/fr\/wp-json\/wp\/v2\/product_brand?post=1542"},{"taxonomy":"product_cat","embeddable":true,"href":"https:\/\/rutatayronatours.com\/fr\/wp-json\/wp\/v2\/product_cat?post=1542"},{"taxonomy":"product_tag","embeddable":true,"href":"https:\/\/rutatayronatours.com\/fr\/wp-json\/wp\/v2\/product_tag?post=1542"}],"curies":[{"name":"wp","href":"https:\/\/api.w.org\/{rel}","templated":true}]}}