{"id":1543,"date":"2023-03-14T16:18:39","date_gmt":"2023-03-14T21:18:39","guid":{"rendered":"https:\/\/rutatayronatours.com\/fr\/?post_type=product&#038;p=1543"},"modified":"2025-01-07T16:44:10","modified_gmt":"2025-01-07T21:44:10","slug":"chocoaventura-sierra-nevada","status":"publish","type":"product","link":"https:\/\/rutatayronatours.com\/fr\/product\/chocoaventura-sierra-nevada\/","title":{"rendered":"Chocoaventura Sierra Nevada"},"content":{"rendered":"<h3 style=\"text-align: center;\"><a href=\"https:\/\/rutatayronatours.com\/fr\/el-cacao-en-la-sierra-nevada-de-santa-marta\/\">Chocoaventura Sierra Nevada<\/a><\/h3>\n<p>Au cours de votre voyage \u00e0 travers Chocoaventura Sierra Nevada, vous aurez l&#8217;opportunit\u00e9 de vous immerger dans la culture et l&#8217;histoire des communaut\u00e9s indig\u00e8nes Arhuaco, Kogui, Tayrona, Wiwa et Kankuamo. Ces communaut\u00e9s habitent ces terres depuis des si\u00e8cles et jouent un r\u00f4le crucial dans la pr\u00e9servation de cet \u00e9cosyst\u00e8me unique. De plus, vous explorerez la riche flore et faune de la r\u00e9gion, avec la possibilit\u00e9 d&#8217;observer des esp\u00e8ces end\u00e9miques et de profiter de la luxuriante jungle tropicale.<\/p>\n<p>Nos guides locaux hautement qualifi\u00e9s seront \u00e0 votre service pour vous offrir une exp\u00e9rience enrichissante et s\u00e9curis\u00e9e. Des randonn\u00e9es passionnantes le long de sentiers naturels \u00e0 l&#8217;interaction avec les traditions des communaut\u00e9s indig\u00e8nes, nous sommes convaincus que votre visite \u00e0 la Sierra Nevada de Santa Marta sera inoubliable. N&#8217;oubliez jamais d&#8217;\u00eatre respectueux de l&#8217;environnement et de suivre les conseils de vos guides pour garantir la pr\u00e9servation de ce tr\u00e9sor naturel pour les g\u00e9n\u00e9rations futures.<\/p>\n<p>Cette excursion porte le nom de &#8220;Chocoaventura&#8221; car elle implique l&#8217;un des produits d\u00e9riv\u00e9s du cacao que vous pouvez trouver dans la r\u00e9gion. Il s&#8217;agit d&#8217;un chocolat de table 100% biologique et artisanal, enrichi de saveurs naturelles qui recr\u00e9ent les saveurs uniques de la Sierra sur le palais. Ici, vous pourrez profiter des plantations de cacao et de la transformation ult\u00e9rieure de la mati\u00e8re premi\u00e8re, dirig\u00e9e par des femmes de la r\u00e9gion et toujours accompagn\u00e9e par du personnel comp\u00e9tent qui vous plongera dans le merveilleux monde du &#8220;cacao.&#8221;<\/p>\n<p>Vous trouverez \u00e9galement des produits tels que des m\u00e9langes de cacao, du granola, du nougat, des brownies et du pain au chocolat fabriqu\u00e9s dans la r\u00e9gion par des familles d&#8217;agriculteurs locaux.<\/p>\n<p>NOTE : Ce cacao est tr\u00e8s b\u00e9n\u00e9fique pour la sant\u00e9, car il s&#8217;agit d&#8217;un cacao unique au monde en raison de sa faible teneur en cadmium, un m\u00e9tal consid\u00e9r\u00e9 comme toxique et contaminant.<\/p>\n","protected":false},"excerpt":{"rendered":"<h3>Excursion d&#8217;une journ\u00e9e:<\/h3>\n<h4>Explorer la route du cacao &#8211; De la ferme au chocolat<\/h4>\n<ul>\n<li>8h30 &#8211; D\u00e9part de votre h\u00f4tel \u00e0 Rodadero, Taganga et Santa Marta.<\/li>\n<li>10h00 &#8211; Nous arriverons \u00e0 la ferme La Fortuna, situ\u00e9e \u00e0 15 minutes de la route principale de la r\u00e9gion de San Rafael, pr\u00e8s du parc Tayrona. Dans cette ferme, nous vivrons une exp\u00e9rience agricole.<\/li>\n<li>Nous d\u00e9couvrirons l&#8217;histoire et le processus de la plante de cacao et vivrons une exp\u00e9rience naturelle et sensorielle avec le chocolat.<\/li>\n<li>Nous aurons \u00e9galement l&#8217;occasion de d\u00e9couvrir diff\u00e9rentes vari\u00e9t\u00e9s de cacao.<\/li>\n<li>12h30 &#8211; Nous commencerons le voyage vers les plages de Mendihuaca, o\u00f9 nous d\u00e9gusterons un d\u00e9licieux d\u00e9jeuner typiquement r\u00e9gional.<\/li>\n<li>Ensuite, vous aurez du temps libre pour vous d\u00e9tendre sur la plage, nager dans la mer ou simplement vous d\u00e9tendre au soleil.<\/li>\n<li>15:00. &#8211; Retournez en harmonie \u00e0 votre h\u00f4tel.<\/li>\n<\/ul>\n<h2>Tarifs et services inclus.<\/h2>\n<ul>\n<li>Transport aller-retour<\/li>\n<li>Repas (d\u00e9jeuner)<\/li>\n<li>Guide professionnel et expert local<\/li>\n<li>Contribution aux communaut\u00e9s rurales<\/li>\n<li>Assurance voyage<\/li>\n<li>Contribution au comit\u00e9 de tourisme rural de Mendihuaca<\/li>\n<li>Immersion dans le cacao (explication du processus)<\/li>\n<\/ul>\n","protected":false},"featured_media":2263,"comment_status":"closed","ping_status":"closed","template":"","meta":[],"product_brand":[],"product_cat":[110,96],"product_tag":[100],"class_list":{"0":"post-1543","1":"product","2":"type-product","3":"status-publish","4":"has-post-thumbnail","6":"product_cat-experiences","7":"product_cat-sierra-nevada-de-santa-marta","8":"product_tag-experiencias","10":"first","11":"instock","12":"shipping-taxable","13":"purchasable","14":"product-type-simple"},"yoast_head":"<!-- This site is optimized with the Yoast SEO plugin v27.2 - https:\/\/yoast.com\/product\/yoast-seo-wordpress\/ -->\n<title>Chocoaventura Sierra Nevada - Ruta Tayrona Tours<\/title>\n<meta name=\"description\" content=\"Vivez l&#039;exp\u00e9rience Chocoaventura Sierra Nevada et vous d\u00e9couvrirez tout sur la magie cach\u00e9e dans le meilleur cacao du monde. D\u00e9couvrez-le avec nous\" \/>\n<meta name=\"robots\" content=\"index, follow, max-snippet:-1, max-image-preview:large, max-video-preview:-1\" \/>\n<link rel=\"canonical\" href=\"https:\/\/rutatayronatours.com\/fr\/product\/chocoaventura-sierra-nevada\/\" \/>\n<meta property=\"og:locale\" content=\"fr_FR\" \/>\n<meta property=\"og:type\" content=\"article\" \/>\n<meta property=\"og:title\" content=\"Chocoaventura Sierra Nevada - Ruta Tayrona Tours\" \/>\n<meta property=\"og:description\" content=\"Vivez l&#039;exp\u00e9rience Chocoaventura Sierra Nevada et vous d\u00e9couvrirez tout sur la magie cach\u00e9e dans le meilleur cacao du monde. D\u00e9couvrez-le avec nous\" \/>\n<meta property=\"og:url\" content=\"https:\/\/rutatayronatours.com\/fr\/product\/chocoaventura-sierra-nevada\/\" \/>\n<meta property=\"og:site_name\" content=\"Ruta Tayrona Tours\" \/>\n<meta property=\"article:publisher\" content=\"https:\/\/www.facebook.com\/riomolinotours2\" \/>\n<meta property=\"article:modified_time\" content=\"2025-01-07T21:44:10+00:00\" \/>\n<meta property=\"og:image\" content=\"https:\/\/rutatayronatours.com\/fr\/wp-content\/uploads\/2023\/09\/06_El-Cacao-en-la-Sierra-Nevada-de-Santa-Marta.jpg\" \/>\n\t<meta property=\"og:image:width\" content=\"1200\" \/>\n\t<meta property=\"og:image:height\" content=\"800\" \/>\n\t<meta property=\"og:image:type\" content=\"image\/jpeg\" \/>\n<meta name=\"twitter:card\" content=\"summary_large_image\" \/>\n<meta name=\"twitter:label1\" content=\"Dur\u00e9e de lecture estim\u00e9e\" \/>\n\t<meta name=\"twitter:data1\" content=\"2 minutes\" \/>\n<script type=\"application\/ld+json\" class=\"yoast-schema-graph\">{\"@context\":\"https:\/\/schema.org\",\"@graph\":[{\"@type\":\"WebPage\",\"@id\":\"https:\/\/rutatayronatours.com\/fr\/product\/chocoaventura-sierra-nevada\/\",\"url\":\"https:\/\/rutatayronatours.com\/fr\/product\/chocoaventura-sierra-nevada\/\",\"name\":\"Chocoaventura Sierra Nevada - Ruta Tayrona Tours\",\"isPartOf\":{\"@id\":\"https:\/\/rutatayronatours.com\/fr\/#website\"},\"primaryImageOfPage\":{\"@id\":\"https:\/\/rutatayronatours.com\/fr\/product\/chocoaventura-sierra-nevada\/#primaryimage\"},\"image\":{\"@id\":\"https:\/\/rutatayronatours.com\/fr\/product\/chocoaventura-sierra-nevada\/#primaryimage\"},\"thumbnailUrl\":\"https:\/\/rutatayronatours.com\/fr\/wp-content\/uploads\/2023\/09\/06_El-Cacao-en-la-Sierra-Nevada-de-Santa-Marta.jpg\",\"datePublished\":\"2023-03-14T21:18:39+00:00\",\"dateModified\":\"2025-01-07T21:44:10+00:00\",\"description\":\"Vivez l'exp\u00e9rience Chocoaventura Sierra Nevada et vous d\u00e9couvrirez tout sur la magie cach\u00e9e dans le meilleur cacao du monde. D\u00e9couvrez-le avec nous\",\"breadcrumb\":{\"@id\":\"https:\/\/rutatayronatours.com\/fr\/product\/chocoaventura-sierra-nevada\/#breadcrumb\"},\"inLanguage\":\"fr-FR\",\"potentialAction\":[{\"@type\":\"ReadAction\",\"target\":[\"https:\/\/rutatayronatours.com\/fr\/product\/chocoaventura-sierra-nevada\/\"]}]},{\"@type\":\"ImageObject\",\"inLanguage\":\"fr-FR\",\"@id\":\"https:\/\/rutatayronatours.com\/fr\/product\/chocoaventura-sierra-nevada\/#primaryimage\",\"url\":\"https:\/\/rutatayronatours.com\/fr\/wp-content\/uploads\/2023\/09\/06_El-Cacao-en-la-Sierra-Nevada-de-Santa-Marta.jpg\",\"contentUrl\":\"https:\/\/rutatayronatours.com\/fr\/wp-content\/uploads\/2023\/09\/06_El-Cacao-en-la-Sierra-Nevada-de-Santa-Marta.jpg\",\"width\":1200,\"height\":800,\"caption\":\"Reserva aqu\u00ed el tour Chocoaventura Sierra Nevada\"},{\"@type\":\"BreadcrumbList\",\"@id\":\"https:\/\/rutatayronatours.com\/fr\/product\/chocoaventura-sierra-nevada\/#breadcrumb\",\"itemListElement\":[{\"@type\":\"ListItem\",\"position\":1,\"name\":\"Portada\",\"item\":\"https:\/\/rutatayronatours.com\/fr\/\"},{\"@type\":\"ListItem\",\"position\":2,\"name\":\"Shop\",\"item\":\"https:\/\/rutatayronatours.com\/fr\/shop\/\"},{\"@type\":\"ListItem\",\"position\":3,\"name\":\"Chocoaventura Sierra Nevada\"}]},{\"@type\":\"WebSite\",\"@id\":\"https:\/\/rutatayronatours.com\/fr\/#website\",\"url\":\"https:\/\/rutatayronatours.com\/fr\/\",\"name\":\"Ruta Tayrona Tours\",\"description\":\"Experiencias y tours del caribe Colombiano\",\"publisher\":{\"@id\":\"https:\/\/rutatayronatours.com\/fr\/#organization\"},\"potentialAction\":[{\"@type\":\"SearchAction\",\"target\":{\"@type\":\"EntryPoint\",\"urlTemplate\":\"https:\/\/rutatayronatours.com\/fr\/?s={search_term_string}\"},\"query-input\":{\"@type\":\"PropertyValueSpecification\",\"valueRequired\":true,\"valueName\":\"search_term_string\"}}],\"inLanguage\":\"fr-FR\"},{\"@type\":\"Organization\",\"@id\":\"https:\/\/rutatayronatours.com\/fr\/#organization\",\"name\":\"Ruta Tayrona Tours\",\"url\":\"https:\/\/rutatayronatours.com\/fr\/\",\"logo\":{\"@type\":\"ImageObject\",\"inLanguage\":\"fr-FR\",\"@id\":\"https:\/\/rutatayronatours.com\/fr\/#\/schema\/logo\/image\/\",\"url\":\"https:\/\/rutatayronatours.com\/fr\/wp-content\/uploads\/2023\/02\/Ruta-Tayrona-Tours.png\",\"contentUrl\":\"https:\/\/rutatayronatours.com\/fr\/wp-content\/uploads\/2023\/02\/Ruta-Tayrona-Tours.png\",\"width\":348,\"height\":85,\"caption\":\"Ruta Tayrona Tours\"},\"image\":{\"@id\":\"https:\/\/rutatayronatours.com\/fr\/#\/schema\/logo\/image\/\"},\"sameAs\":[\"https:\/\/www.facebook.com\/riomolinotours2\",\"https:\/\/www.instagram.com\/rutatayronatours\/\",\"https:\/\/api.whatsapp.com\/send?phone=573145502928\"]}]}<\/script>\n<!-- \/ Yoast SEO plugin. -->","yoast_head_json":{"title":"Chocoaventura Sierra Nevada - Ruta Tayrona Tours","description":"Vivez l'exp\u00e9rience Chocoaventura Sierra Nevada et vous d\u00e9couvrirez tout sur la magie cach\u00e9e dans le meilleur cacao du monde. D\u00e9couvrez-le avec nous","robots":{"index":"index","follow":"follow","max-snippet":"max-snippet:-1","max-image-preview":"max-image-preview:large","max-video-preview":"max-video-preview:-1"},"canonical":"https:\/\/rutatayronatours.com\/fr\/product\/chocoaventura-sierra-nevada\/","og_locale":"fr_FR","og_type":"article","og_title":"Chocoaventura Sierra Nevada - Ruta Tayrona Tours","og_description":"Vivez l'exp\u00e9rience Chocoaventura Sierra Nevada et vous d\u00e9couvrirez tout sur la magie cach\u00e9e dans le meilleur cacao du monde. D\u00e9couvrez-le avec nous","og_url":"https:\/\/rutatayronatours.com\/fr\/product\/chocoaventura-sierra-nevada\/","og_site_name":"Ruta Tayrona Tours","article_publisher":"https:\/\/www.facebook.com\/riomolinotours2","article_modified_time":"2025-01-07T21:44:10+00:00","og_image":[{"width":1200,"height":800,"url":"https:\/\/rutatayronatours.com\/fr\/wp-content\/uploads\/2023\/09\/06_El-Cacao-en-la-Sierra-Nevada-de-Santa-Marta.jpg","type":"image\/jpeg"}],"twitter_card":"summary_large_image","twitter_misc":{"Dur\u00e9e de lecture estim\u00e9e":"2 minutes"},"schema":{"@context":"https:\/\/schema.org","@graph":[{"@type":"WebPage","@id":"https:\/\/rutatayronatours.com\/fr\/product\/chocoaventura-sierra-nevada\/","url":"https:\/\/rutatayronatours.com\/fr\/product\/chocoaventura-sierra-nevada\/","name":"Chocoaventura Sierra Nevada - Ruta Tayrona Tours","isPartOf":{"@id":"https:\/\/rutatayronatours.com\/fr\/#website"},"primaryImageOfPage":{"@id":"https:\/\/rutatayronatours.com\/fr\/product\/chocoaventura-sierra-nevada\/#primaryimage"},"image":{"@id":"https:\/\/rutatayronatours.com\/fr\/product\/chocoaventura-sierra-nevada\/#primaryimage"},"thumbnailUrl":"https:\/\/rutatayronatours.com\/fr\/wp-content\/uploads\/2023\/09\/06_El-Cacao-en-la-Sierra-Nevada-de-Santa-Marta.jpg","datePublished":"2023-03-14T21:18:39+00:00","dateModified":"2025-01-07T21:44:10+00:00","description":"Vivez l'exp\u00e9rience Chocoaventura Sierra Nevada et vous d\u00e9couvrirez tout sur la magie cach\u00e9e dans le meilleur cacao du monde. D\u00e9couvrez-le avec nous","breadcrumb":{"@id":"https:\/\/rutatayronatours.com\/fr\/product\/chocoaventura-sierra-nevada\/#breadcrumb"},"inLanguage":"fr-FR","potentialAction":[{"@type":"ReadAction","target":["https:\/\/rutatayronatours.com\/fr\/product\/chocoaventura-sierra-nevada\/"]}]},{"@type":"ImageObject","inLanguage":"fr-FR","@id":"https:\/\/rutatayronatours.com\/fr\/product\/chocoaventura-sierra-nevada\/#primaryimage","url":"https:\/\/rutatayronatours.com\/fr\/wp-content\/uploads\/2023\/09\/06_El-Cacao-en-la-Sierra-Nevada-de-Santa-Marta.jpg","contentUrl":"https:\/\/rutatayronatours.com\/fr\/wp-content\/uploads\/2023\/09\/06_El-Cacao-en-la-Sierra-Nevada-de-Santa-Marta.jpg","width":1200,"height":800,"caption":"Reserva aqu\u00ed el tour Chocoaventura Sierra Nevada"},{"@type":"BreadcrumbList","@id":"https:\/\/rutatayronatours.com\/fr\/product\/chocoaventura-sierra-nevada\/#breadcrumb","itemListElement":[{"@type":"ListItem","position":1,"name":"Portada","item":"https:\/\/rutatayronatours.com\/fr\/"},{"@type":"ListItem","position":2,"name":"Shop","item":"https:\/\/rutatayronatours.com\/fr\/shop\/"},{"@type":"ListItem","position":3,"name":"Chocoaventura Sierra Nevada"}]},{"@type":"WebSite","@id":"https:\/\/rutatayronatours.com\/fr\/#website","url":"https:\/\/rutatayronatours.com\/fr\/","name":"Ruta Tayrona Tours","description":"Experiencias y tours del caribe Colombiano","publisher":{"@id":"https:\/\/rutatayronatours.com\/fr\/#organization"},"potentialAction":[{"@type":"SearchAction","target":{"@type":"EntryPoint","urlTemplate":"https:\/\/rutatayronatours.com\/fr\/?s={search_term_string}"},"query-input":{"@type":"PropertyValueSpecification","valueRequired":true,"valueName":"search_term_string"}}],"inLanguage":"fr-FR"},{"@type":"Organization","@id":"https:\/\/rutatayronatours.com\/fr\/#organization","name":"Ruta Tayrona Tours","url":"https:\/\/rutatayronatours.com\/fr\/","logo":{"@type":"ImageObject","inLanguage":"fr-FR","@id":"https:\/\/rutatayronatours.com\/fr\/#\/schema\/logo\/image\/","url":"https:\/\/rutatayronatours.com\/fr\/wp-content\/uploads\/2023\/02\/Ruta-Tayrona-Tours.png","contentUrl":"https:\/\/rutatayronatours.com\/fr\/wp-content\/uploads\/2023\/02\/Ruta-Tayrona-Tours.png","width":348,"height":85,"caption":"Ruta Tayrona Tours"},"image":{"@id":"https:\/\/rutatayronatours.com\/fr\/#\/schema\/logo\/image\/"},"sameAs":["https:\/\/www.facebook.com\/riomolinotours2","https:\/\/www.instagram.com\/rutatayronatours\/","https:\/\/api.whatsapp.com\/send?phone=573145502928"]}]}},"_links":{"self":[{"href":"https:\/\/rutatayronatours.com\/fr\/wp-json\/wp\/v2\/product\/1543","targetHints":{"allow":["GET"]}}],"collection":[{"href":"https:\/\/rutatayronatours.com\/fr\/wp-json\/wp\/v2\/product"}],"about":[{"href":"https:\/\/rutatayronatours.com\/fr\/wp-json\/wp\/v2\/types\/product"}],"replies":[{"embeddable":true,"href":"https:\/\/rutatayronatours.com\/fr\/wp-json\/wp\/v2\/comments?post=1543"}],"version-history":[{"count":10,"href":"https:\/\/rutatayronatours.com\/fr\/wp-json\/wp\/v2\/product\/1543\/revisions"}],"predecessor-version":[{"id":3527,"href":"https:\/\/rutatayronatours.com\/fr\/wp-json\/wp\/v2\/product\/1543\/revisions\/3527"}],"wp:featuredmedia":[{"embeddable":true,"href":"https:\/\/rutatayronatours.com\/fr\/wp-json\/wp\/v2\/media\/2263"}],"wp:attachment":[{"href":"https:\/\/rutatayronatours.com\/fr\/wp-json\/wp\/v2\/media?parent=1543"}],"wp:term":[{"taxonomy":"product_brand","embeddable":true,"href":"https:\/\/rutatayronatours.com\/fr\/wp-json\/wp\/v2\/product_brand?post=1543"},{"taxonomy":"product_cat","embeddable":true,"href":"https:\/\/rutatayronatours.com\/fr\/wp-json\/wp\/v2\/product_cat?post=1543"},{"taxonomy":"product_tag","embeddable":true,"href":"https:\/\/rutatayronatours.com\/fr\/wp-json\/wp\/v2\/product_tag?post=1543"}],"curies":[{"name":"wp","href":"https:\/\/api.w.org\/{rel}","templated":true}]}}