{"id":1544,"date":"2023-03-14T16:18:39","date_gmt":"2023-03-14T21:18:39","guid":{"rendered":"https:\/\/rutatayronatours.com\/fr\/?post_type=product&#038;p=1544"},"modified":"2025-01-07T16:44:11","modified_gmt":"2025-01-07T21:44:11","slug":"don-diego-et-tayronaka","status":"publish","type":"product","link":"https:\/\/rutatayronatours.com\/fr\/product\/don-diego-et-tayronaka\/","title":{"rendered":"Don Diego et Tayronaka"},"content":{"rendered":"<h3><a href=\"https:\/\/rutatayronatours.com\/fr\/product\/don-diego-ecotubing\/\">Don Diego et Tayronaka<\/a><\/h3>\n<p>Pendant votre visite de Don Diego &amp; Tayronaka dans la Sierra Nevada, vous aurez l&#8217;opportunit\u00e9 de vous immerger dans la culture et l&#8217;histoire des communaut\u00e9s indig\u00e8nes Arhuaco, Kogui, Tayrona, Wiwa et Kankuamo, qui habitent ces terres depuis des si\u00e8cles et jouent un r\u00f4le crucial dans la pr\u00e9servation de cet \u00e9cosyst\u00e8me unique. Vous explorerez \u00e9galement la riche flore et faune de cet endroit, avec la possibilit\u00e9 d&#8217;observer des esp\u00e8ces end\u00e9miques et de profiter de la luxuriante for\u00eat tropicale.<\/p>\n<p>Nos guides locaux hautement qualifi\u00e9s seront \u00e0 votre disposition pour vous offrir une exp\u00e9rience enrichissante et s\u00e9curis\u00e9e. Des randonn\u00e9es passionnantes sur des sentiers naturels \u00e0 l&#8217;interaction avec les traditions des communaut\u00e9s indig\u00e8nes, nous sommes convaincus que votre visite \u00e0 la Sierra Nevada de Santa Marta sera inoubliable. N&#8217;oubliez pas d&#8217;\u00eatre toujours respectueux de l&#8217;environnement et de suivre les instructions de vos guides pour garantir la pr\u00e9servation de ce tr\u00e9sor naturel pour les g\u00e9n\u00e9rations futures.<\/p>\n<p>Don Diego &amp; Tayronaka est une attraction touristique et \u00e9cologique d\u00e9di\u00e9e \u00e0 la culture Tayrona. C&#8217;est un endroit unique pour appr\u00e9cier la poterie, la bijouterie en or et les outils fabriqu\u00e9s et utilis\u00e9s par les habitants de la Sierra Nevada de Santa Marta. Situ\u00e9 \u00e0 seulement 56,6 km de Santa Marta, via Santa Marta &#8211; Venezuela.<\/p>\n<p>D\u00e9couvrez l&#8217;attraction touristique de la rivi\u00e8re Don Diego et son architecture restaur\u00e9e des anciennes communaut\u00e9s indig\u00e8nes Tayrona avec un mini-mus\u00e9e et des pi\u00e8ces originales, ainsi qu&#8217;un incroyable d\u00e9jeuner typique.<\/p>\n","protected":false},"excerpt":{"rendered":"<h2>Excursion d&#8217;une journ\u00e9e<\/h2>\n<ul>\n<li>8h00 Nous commen\u00e7ons notre exp\u00e9rience \u00e0 Don Diego et Tayronaka depuis votre h\u00f4tel \u00e0 Santa Marta, Rodadero ou Taganga.<\/li>\n<li>9h30 : Arriv\u00e9e \u00e0 la rivi\u00e8re Don Diego, o\u00f9 nous ferons une promenade de 35 minutes le long de la rivi\u00e8re jusqu&#8217;\u00e0 Tayronaka. Ici, nous visiterons les ruines de Tayrona et le mus\u00e9e, o\u00f9 nous aurons l&#8217;occasion de tout apprendre sur la culture Tayrona.<\/li>\n<li>Ensuite, nous descendrons le cours de la rivi\u00e8re en bou\u00e9es gonflables, o\u00f9 nous pourrons profiter de ses rapides et de la faune et de la flore environnantes. Nous rencontrerons diff\u00e9rents types d&#8217;oiseaux et de singes dans leur habitat naturel et atteindrons l&#8217;embouchure du fleuve dans la mer des Cara\u00efbes, o\u00f9 nous pourrons nager dans la mer et la rivi\u00e8re. 14h00 : Retour \u00e0 Don Diego en bateau pour le d\u00e9jeuner puis d\u00e9part vers votre h\u00f4tel.<\/li>\n<li>17h30 : Nous serons de retour \u00e0 votre h\u00f4tel pour conclure l&#8217;exp\u00e9rience Don Diego &amp; Tayronaka.<\/li>\n<\/ul>\n<h2>Tarifs et services inclus<\/h2>\n<ul>\n<li>Transport aller-retour Transport en bateau<\/li>\n<li>D\u00e9jeuner typique<\/li>\n<li>Entr\u00e9e \u00e0 Tayronaka<\/li>\n<li>Assurance<\/li>\n<li>Logistique<\/li>\n<li>Guide<\/li>\n<li>Activit\u00e9 de tubing<\/li>\n<\/ul>\n","protected":false},"featured_media":2784,"comment_status":"closed","ping_status":"closed","template":"","meta":[],"product_brand":[],"product_cat":[110,96],"product_tag":[100],"class_list":{"0":"post-1544","1":"product","2":"type-product","3":"status-publish","4":"has-post-thumbnail","6":"product_cat-experiences","7":"product_cat-sierra-nevada-de-santa-marta","8":"product_tag-experiencias","10":"first","11":"instock","12":"shipping-taxable","13":"purchasable","14":"product-type-simple"},"yoast_head":"<!-- This site is optimized with the Yoast SEO plugin v27.2 - https:\/\/yoast.com\/product\/yoast-seo-wordpress\/ -->\n<title>Don Diego et Tayronaka<\/title>\n<meta name=\"description\" content=\"Don Diego et Tayronaka d\u00e9couvrent la culture Tayrona avec leur connaissance ancestrale pour profiter du magnifique Rio Don Diego. Vive l&#039;exp\u00e9rience.\" \/>\n<meta name=\"robots\" content=\"index, follow, max-snippet:-1, max-image-preview:large, max-video-preview:-1\" \/>\n<link rel=\"canonical\" href=\"https:\/\/rutatayronatours.com\/fr\/product\/don-diego-et-tayronaka\/\" \/>\n<meta property=\"og:locale\" content=\"fr_FR\" \/>\n<meta property=\"og:type\" content=\"article\" \/>\n<meta property=\"og:title\" content=\"Don Diego et Tayronaka\" \/>\n<meta property=\"og:description\" content=\"Don Diego et Tayronaka d\u00e9couvrent la culture Tayrona avec leur connaissance ancestrale pour profiter du magnifique Rio Don Diego. Vive l&#039;exp\u00e9rience.\" \/>\n<meta property=\"og:url\" content=\"https:\/\/rutatayronatours.com\/fr\/product\/don-diego-et-tayronaka\/\" \/>\n<meta property=\"og:site_name\" content=\"Ruta Tayrona Tours\" \/>\n<meta property=\"article:publisher\" content=\"https:\/\/www.facebook.com\/riomolinotours2\" \/>\n<meta property=\"article:modified_time\" content=\"2025-01-07T21:44:11+00:00\" \/>\n<meta property=\"og:image\" content=\"https:\/\/rutatayronatours.com\/fr\/wp-content\/uploads\/2023\/09\/Don-Diego_-Tayronaka-4.png\" \/>\n\t<meta property=\"og:image:width\" content=\"1200\" \/>\n\t<meta property=\"og:image:height\" content=\"800\" \/>\n\t<meta property=\"og:image:type\" content=\"image\/png\" \/>\n<meta name=\"twitter:card\" content=\"summary_large_image\" \/>\n<meta name=\"twitter:label1\" content=\"Dur\u00e9e de lecture estim\u00e9e\" \/>\n\t<meta name=\"twitter:data1\" content=\"2 minutes\" \/>\n<script type=\"application\/ld+json\" class=\"yoast-schema-graph\">{\"@context\":\"https:\/\/schema.org\",\"@graph\":[{\"@type\":\"WebPage\",\"@id\":\"https:\/\/rutatayronatours.com\/fr\/product\/don-diego-et-tayronaka\/\",\"url\":\"https:\/\/rutatayronatours.com\/fr\/product\/don-diego-et-tayronaka\/\",\"name\":\"Don Diego et Tayronaka\",\"isPartOf\":{\"@id\":\"https:\/\/rutatayronatours.com\/fr\/#website\"},\"primaryImageOfPage\":{\"@id\":\"https:\/\/rutatayronatours.com\/fr\/product\/don-diego-et-tayronaka\/#primaryimage\"},\"image\":{\"@id\":\"https:\/\/rutatayronatours.com\/fr\/product\/don-diego-et-tayronaka\/#primaryimage\"},\"thumbnailUrl\":\"https:\/\/rutatayronatours.com\/fr\/wp-content\/uploads\/2023\/09\/Don-Diego_-Tayronaka-4.png\",\"datePublished\":\"2023-03-14T21:18:39+00:00\",\"dateModified\":\"2025-01-07T21:44:11+00:00\",\"description\":\"Don Diego et Tayronaka d\u00e9couvrent la culture Tayrona avec leur connaissance ancestrale pour profiter du magnifique Rio Don Diego. Vive l'exp\u00e9rience.\",\"breadcrumb\":{\"@id\":\"https:\/\/rutatayronatours.com\/fr\/product\/don-diego-et-tayronaka\/#breadcrumb\"},\"inLanguage\":\"fr-FR\",\"potentialAction\":[{\"@type\":\"ReadAction\",\"target\":[\"https:\/\/rutatayronatours.com\/fr\/product\/don-diego-et-tayronaka\/\"]}]},{\"@type\":\"ImageObject\",\"inLanguage\":\"fr-FR\",\"@id\":\"https:\/\/rutatayronatours.com\/fr\/product\/don-diego-et-tayronaka\/#primaryimage\",\"url\":\"https:\/\/rutatayronatours.com\/fr\/wp-content\/uploads\/2023\/09\/Don-Diego_-Tayronaka-4.png\",\"contentUrl\":\"https:\/\/rutatayronatours.com\/fr\/wp-content\/uploads\/2023\/09\/Don-Diego_-Tayronaka-4.png\",\"width\":1200,\"height\":800,\"caption\":\"Reserve aqu\u00ed tu tour a Don Diego & Tayronaka\"},{\"@type\":\"BreadcrumbList\",\"@id\":\"https:\/\/rutatayronatours.com\/fr\/product\/don-diego-et-tayronaka\/#breadcrumb\",\"itemListElement\":[{\"@type\":\"ListItem\",\"position\":1,\"name\":\"Portada\",\"item\":\"https:\/\/rutatayronatours.com\/fr\/\"},{\"@type\":\"ListItem\",\"position\":2,\"name\":\"Shop\",\"item\":\"https:\/\/rutatayronatours.com\/fr\/shop\/\"},{\"@type\":\"ListItem\",\"position\":3,\"name\":\"Don Diego et Tayronaka\"}]},{\"@type\":\"WebSite\",\"@id\":\"https:\/\/rutatayronatours.com\/fr\/#website\",\"url\":\"https:\/\/rutatayronatours.com\/fr\/\",\"name\":\"Ruta Tayrona Tours\",\"description\":\"Experiencias y tours del caribe Colombiano\",\"publisher\":{\"@id\":\"https:\/\/rutatayronatours.com\/fr\/#organization\"},\"potentialAction\":[{\"@type\":\"SearchAction\",\"target\":{\"@type\":\"EntryPoint\",\"urlTemplate\":\"https:\/\/rutatayronatours.com\/fr\/?s={search_term_string}\"},\"query-input\":{\"@type\":\"PropertyValueSpecification\",\"valueRequired\":true,\"valueName\":\"search_term_string\"}}],\"inLanguage\":\"fr-FR\"},{\"@type\":\"Organization\",\"@id\":\"https:\/\/rutatayronatours.com\/fr\/#organization\",\"name\":\"Ruta Tayrona Tours\",\"url\":\"https:\/\/rutatayronatours.com\/fr\/\",\"logo\":{\"@type\":\"ImageObject\",\"inLanguage\":\"fr-FR\",\"@id\":\"https:\/\/rutatayronatours.com\/fr\/#\/schema\/logo\/image\/\",\"url\":\"https:\/\/rutatayronatours.com\/fr\/wp-content\/uploads\/2023\/02\/Ruta-Tayrona-Tours.png\",\"contentUrl\":\"https:\/\/rutatayronatours.com\/fr\/wp-content\/uploads\/2023\/02\/Ruta-Tayrona-Tours.png\",\"width\":348,\"height\":85,\"caption\":\"Ruta Tayrona Tours\"},\"image\":{\"@id\":\"https:\/\/rutatayronatours.com\/fr\/#\/schema\/logo\/image\/\"},\"sameAs\":[\"https:\/\/www.facebook.com\/riomolinotours2\",\"https:\/\/www.instagram.com\/rutatayronatours\/\",\"https:\/\/api.whatsapp.com\/send?phone=573145502928\"]}]}<\/script>\n<!-- \/ Yoast SEO plugin. -->","yoast_head_json":{"title":"Don Diego et Tayronaka","description":"Don Diego et Tayronaka d\u00e9couvrent la culture Tayrona avec leur connaissance ancestrale pour profiter du magnifique Rio Don Diego. Vive l'exp\u00e9rience.","robots":{"index":"index","follow":"follow","max-snippet":"max-snippet:-1","max-image-preview":"max-image-preview:large","max-video-preview":"max-video-preview:-1"},"canonical":"https:\/\/rutatayronatours.com\/fr\/product\/don-diego-et-tayronaka\/","og_locale":"fr_FR","og_type":"article","og_title":"Don Diego et Tayronaka","og_description":"Don Diego et Tayronaka d\u00e9couvrent la culture Tayrona avec leur connaissance ancestrale pour profiter du magnifique Rio Don Diego. Vive l'exp\u00e9rience.","og_url":"https:\/\/rutatayronatours.com\/fr\/product\/don-diego-et-tayronaka\/","og_site_name":"Ruta Tayrona Tours","article_publisher":"https:\/\/www.facebook.com\/riomolinotours2","article_modified_time":"2025-01-07T21:44:11+00:00","og_image":[{"width":1200,"height":800,"url":"https:\/\/rutatayronatours.com\/fr\/wp-content\/uploads\/2023\/09\/Don-Diego_-Tayronaka-4.png","type":"image\/png"}],"twitter_card":"summary_large_image","twitter_misc":{"Dur\u00e9e de lecture estim\u00e9e":"2 minutes"},"schema":{"@context":"https:\/\/schema.org","@graph":[{"@type":"WebPage","@id":"https:\/\/rutatayronatours.com\/fr\/product\/don-diego-et-tayronaka\/","url":"https:\/\/rutatayronatours.com\/fr\/product\/don-diego-et-tayronaka\/","name":"Don Diego et Tayronaka","isPartOf":{"@id":"https:\/\/rutatayronatours.com\/fr\/#website"},"primaryImageOfPage":{"@id":"https:\/\/rutatayronatours.com\/fr\/product\/don-diego-et-tayronaka\/#primaryimage"},"image":{"@id":"https:\/\/rutatayronatours.com\/fr\/product\/don-diego-et-tayronaka\/#primaryimage"},"thumbnailUrl":"https:\/\/rutatayronatours.com\/fr\/wp-content\/uploads\/2023\/09\/Don-Diego_-Tayronaka-4.png","datePublished":"2023-03-14T21:18:39+00:00","dateModified":"2025-01-07T21:44:11+00:00","description":"Don Diego et Tayronaka d\u00e9couvrent la culture Tayrona avec leur connaissance ancestrale pour profiter du magnifique Rio Don Diego. Vive l'exp\u00e9rience.","breadcrumb":{"@id":"https:\/\/rutatayronatours.com\/fr\/product\/don-diego-et-tayronaka\/#breadcrumb"},"inLanguage":"fr-FR","potentialAction":[{"@type":"ReadAction","target":["https:\/\/rutatayronatours.com\/fr\/product\/don-diego-et-tayronaka\/"]}]},{"@type":"ImageObject","inLanguage":"fr-FR","@id":"https:\/\/rutatayronatours.com\/fr\/product\/don-diego-et-tayronaka\/#primaryimage","url":"https:\/\/rutatayronatours.com\/fr\/wp-content\/uploads\/2023\/09\/Don-Diego_-Tayronaka-4.png","contentUrl":"https:\/\/rutatayronatours.com\/fr\/wp-content\/uploads\/2023\/09\/Don-Diego_-Tayronaka-4.png","width":1200,"height":800,"caption":"Reserve aqu\u00ed tu tour a Don Diego & Tayronaka"},{"@type":"BreadcrumbList","@id":"https:\/\/rutatayronatours.com\/fr\/product\/don-diego-et-tayronaka\/#breadcrumb","itemListElement":[{"@type":"ListItem","position":1,"name":"Portada","item":"https:\/\/rutatayronatours.com\/fr\/"},{"@type":"ListItem","position":2,"name":"Shop","item":"https:\/\/rutatayronatours.com\/fr\/shop\/"},{"@type":"ListItem","position":3,"name":"Don Diego et Tayronaka"}]},{"@type":"WebSite","@id":"https:\/\/rutatayronatours.com\/fr\/#website","url":"https:\/\/rutatayronatours.com\/fr\/","name":"Ruta Tayrona Tours","description":"Experiencias y tours del caribe Colombiano","publisher":{"@id":"https:\/\/rutatayronatours.com\/fr\/#organization"},"potentialAction":[{"@type":"SearchAction","target":{"@type":"EntryPoint","urlTemplate":"https:\/\/rutatayronatours.com\/fr\/?s={search_term_string}"},"query-input":{"@type":"PropertyValueSpecification","valueRequired":true,"valueName":"search_term_string"}}],"inLanguage":"fr-FR"},{"@type":"Organization","@id":"https:\/\/rutatayronatours.com\/fr\/#organization","name":"Ruta Tayrona Tours","url":"https:\/\/rutatayronatours.com\/fr\/","logo":{"@type":"ImageObject","inLanguage":"fr-FR","@id":"https:\/\/rutatayronatours.com\/fr\/#\/schema\/logo\/image\/","url":"https:\/\/rutatayronatours.com\/fr\/wp-content\/uploads\/2023\/02\/Ruta-Tayrona-Tours.png","contentUrl":"https:\/\/rutatayronatours.com\/fr\/wp-content\/uploads\/2023\/02\/Ruta-Tayrona-Tours.png","width":348,"height":85,"caption":"Ruta Tayrona Tours"},"image":{"@id":"https:\/\/rutatayronatours.com\/fr\/#\/schema\/logo\/image\/"},"sameAs":["https:\/\/www.facebook.com\/riomolinotours2","https:\/\/www.instagram.com\/rutatayronatours\/","https:\/\/api.whatsapp.com\/send?phone=573145502928"]}]}},"_links":{"self":[{"href":"https:\/\/rutatayronatours.com\/fr\/wp-json\/wp\/v2\/product\/1544","targetHints":{"allow":["GET"]}}],"collection":[{"href":"https:\/\/rutatayronatours.com\/fr\/wp-json\/wp\/v2\/product"}],"about":[{"href":"https:\/\/rutatayronatours.com\/fr\/wp-json\/wp\/v2\/types\/product"}],"replies":[{"embeddable":true,"href":"https:\/\/rutatayronatours.com\/fr\/wp-json\/wp\/v2\/comments?post=1544"}],"version-history":[{"count":9,"href":"https:\/\/rutatayronatours.com\/fr\/wp-json\/wp\/v2\/product\/1544\/revisions"}],"predecessor-version":[{"id":3517,"href":"https:\/\/rutatayronatours.com\/fr\/wp-json\/wp\/v2\/product\/1544\/revisions\/3517"}],"wp:featuredmedia":[{"embeddable":true,"href":"https:\/\/rutatayronatours.com\/fr\/wp-json\/wp\/v2\/media\/2784"}],"wp:attachment":[{"href":"https:\/\/rutatayronatours.com\/fr\/wp-json\/wp\/v2\/media?parent=1544"}],"wp:term":[{"taxonomy":"product_brand","embeddable":true,"href":"https:\/\/rutatayronatours.com\/fr\/wp-json\/wp\/v2\/product_brand?post=1544"},{"taxonomy":"product_cat","embeddable":true,"href":"https:\/\/rutatayronatours.com\/fr\/wp-json\/wp\/v2\/product_cat?post=1544"},{"taxonomy":"product_tag","embeddable":true,"href":"https:\/\/rutatayronatours.com\/fr\/wp-json\/wp\/v2\/product_tag?post=1544"}],"curies":[{"name":"wp","href":"https:\/\/api.w.org\/{rel}","templated":true}]}}