{"id":1550,"date":"2023-03-14T16:18:40","date_gmt":"2023-03-14T21:18:40","guid":{"rendered":"https:\/\/rutatayronatours.com\/fr\/?post_type=product&#038;p=1550"},"modified":"2025-01-07T16:43:59","modified_gmt":"2025-01-07T21:43:59","slug":"sentier-magique-de-la-cite-perdue","status":"publish","type":"product","link":"https:\/\/rutatayronatours.com\/fr\/product\/sentier-magique-de-la-cite-perdue\/","title":{"rendered":"Cit\u00e9 Perdue &#8211; Sentier Magique"},"content":{"rendered":"<h3 style=\"text-align: center;\"><a href=\"https:\/\/rutatayronatours.com\/fr\/cierre-ciudad-perdida-septiembre-2023\/\">Cit\u00e9 Perdue &#8211; Sentier Magique<\/a><\/h3>\n<h3>Cit\u00e9 Perdue : Tr\u00e9sor Arch\u00e9ologique de Tayrona &#8211; 4 jours et 3 nuits<\/h3>\n<p>Histoire Ancestrale de la Cit\u00e9 Perdue- Sentier Magique est un site arch\u00e9ologique pr\u00e9colombien situ\u00e9 dans la Sierra Nevada de Santa Marta, en Colombie. Son histoire remonte aux Tayronas, une ancienne culture qui y a v\u00e9cu du 6e au 16e si\u00e8cle, bien avant Machu Picchu.<\/p>\n<p>Les Terrasses du Paradis de Tayrona et les sentiers de montagne forment le paradis de Tayrona. Pour acc\u00e9der \u00e0 la Cit\u00e9 Perdue, il faut gravir 1200 marches en pierre \u00e0 travers la jungle.<\/p>\n<p>Aventure en Jungle Si vous aimez l&#8217;aventure et \u00eates en bonne condition physique, vous appr\u00e9cierez cette exp\u00e9rience. Des randonn\u00e9es pouvant aller jusqu&#8217;\u00e0 6 heures par jour vous attendent dans cette destination d&#8217;aventure et de tourisme arch\u00e9ologique.<\/p>\n<p>Histoire et Abandon\u00a0 La Cit\u00e9 Perdue des terrasses en pierre et des b\u00e2timents pour l&#8217;habitat et les c\u00e9r\u00e9monies. Il n&#8217;est toujours pas clair pourquoi elle a \u00e9t\u00e9 abandonn\u00e9e, mais des facteurs tels que les conflits et les maladies ont pu y contribuer. L&#8217;arriv\u00e9e des conquistadors a marqu\u00e9 son d\u00e9clin.<\/p>\n<p>Red\u00e9couverte et Pr\u00e9servation\u00a0 La Cit\u00e9 Perdue est rest\u00e9e oubli\u00e9e pendant des si\u00e8cles. Dans les ann\u00e9es 1970, des pillards l&#8217;ont red\u00e9couverte. Les autorit\u00e9s colombiennes et les arch\u00e9ologues l&#8217;ont \u00e9tudi\u00e9e et pr\u00e9serv\u00e9e.<\/p>\n<p>Une Fen\u00eatre sur le Pass\u00e9 Aujourd&#8217;hui, la Ville Perdue nous rappelle la diversit\u00e9 culturelle de l&#8217;Am\u00e9rique avant l&#8217;arriv\u00e9e des Europ\u00e9ens. Sa red\u00e9couverte nous relie \u00e0 un pass\u00e9 enfoui dans la jungle colombienne. L&#8217;explorer offre un aper\u00e7u unique de la culture Tayrona et de ses structures.<\/p>\n<div class=\"elementor-element elementor-element-b97280b elementor-widget elementor-widget-text-editor\" data-id=\"b97280b\" data-element_type=\"widget\" data-widget_type=\"text-editor.default\">\n<div class=\"elementor-widget-container\">\n<p><a href=\"https:\/\/fr.unesco.org\/node\/310235\">Aventure historique au coeur de la jungle&#8221;<\/a><\/p>\n<\/div>\n<\/div>\n","protected":false},"excerpt":{"rendered":"<h3 style=\"text-align: center;\">Cit\u00e9 Perdue &#8211; Sentier Magique.<\/h3>\n<p><strong>Jour 1<\/strong><\/p>\n<ul>\n<li>7h30. m. (environ). Nous commen\u00e7ons notre exp\u00e9rience \u00e0 Ciudad Perdida &#8211; Magical Trail. Le voyage dure environ 1 heure en v\u00e9hicule 4&#215;4 jusqu&#8217;\u00e0 notre bureau \u00e0 La Aguacatera. Apr\u00e8s le protocole d&#8217;entr\u00e9e, nous partirons en v\u00e9hicule 4&#215;4 vers le village d&#8217;El Mamey.<\/li>\n<li>Une fois au village, nous prendrons notre d\u00e9jeuner. Ensuite, nous entamerons une randonn\u00e9e de quatre heures jusqu&#8217;au premier campement. Pendant la randonn\u00e9e, vous pourrez profiter de la beaut\u00e9 de la nature environnante. Au premier campement, vous passerez la nuit dans des hamacs ou des lits, selon la disponibilit\u00e9. Vous pourrez \u00e9galement d\u00e9guster un d\u00e9licieux d\u00eener au campement, o\u00f9 vous pourrez vous reposer et profiter de la tranquillit\u00e9 de la r\u00e9gion.<\/li>\n<\/ul>\n<p><strong>Jour 2<\/strong><\/p>\n<ul>\n<li>D\u00e9part du campement 1 vers environ 6h00. Nous commencerons une randonn\u00e9e d&#8217;environ 2 heures et 30 minutes jusqu&#8217;au village indig\u00e8ne de Mutanyi, o\u00f9 vous pourrez vous immerger dans la culture et les traditions de la communaut\u00e9.<\/li>\n<li>Apr\u00e8s avoir visit\u00e9 le village indig\u00e8ne, nous poursuivrons notre randonn\u00e9e pendant une heure pour atteindre le campement 2. Ici, nous savourerons un d\u00e9jeuner bien m\u00e9rit\u00e9 et nous reposerons.<\/li>\n<li>Apr\u00e8s le d\u00e9jeuner, nous nous pr\u00e9parerons pour une randonn\u00e9e de deux heures pour atteindre Para\u00edso, notre campement 3. Au cours du voyage, vous pourrez profiter de paysages magnifiques et d&#8217;exp\u00e9riences inoubliables au c\u0153ur de la nature. Au campement 3, vous passerez la nuit dans des hamacs ou des lits, selon la disponibilit\u00e9. Vous aurez ici l&#8217;occasion de vous d\u00e9tendre et de profiter de la tranquillit\u00e9 de l&#8217;environnement naturel.<\/li>\n<li>Enfin, nous d\u00e9gusterons un d\u00e9licieux d\u00eener au campement, o\u00f9 vous pourrez partager des exp\u00e9riences et vous reposer pour vous ressourcer en vue des prochaines aventures.<\/li>\n<\/ul>\n<p><strong>Jour 3<\/strong><\/p>\n<ul>\n<li>D\u00e9part du campement 1 vers environ 6h00. Nous commencerons une randonn\u00e9e d&#8217;environ 2 heures et 30 minutes jusqu&#8217;au village indig\u00e8ne de Mutanyi, o\u00f9 vous pourrez vous immerger dans la culture et les traditions de la communaut\u00e9.<\/li>\n<li>Apr\u00e8s avoir visit\u00e9 le village indig\u00e8ne, nous poursuivrons notre randonn\u00e9e pendant une heure pour atteindre le campement 2. Ici, nous savourerons un d\u00e9jeuner bien m\u00e9rit\u00e9 et nous reposerons. Apr\u00e8s le d\u00e9jeuner, nous nous pr\u00e9parerons pour une randonn\u00e9e de deux heures pour atteindre Para\u00edso, notre campement 3. Au cours du voyage, vous pourrez profiter de paysages magnifiques et d&#8217;exp\u00e9riences inoubliables au c\u0153ur de la nature.<\/li>\n<li>Au campement 3, vous passerez la nuit dans des hamacs ou des lits, selon la disponibilit\u00e9. Vous aurez ici l&#8217;occasion de vous d\u00e9tendre et de profiter de la tranquillit\u00e9 de l&#8217;environnement naturel. Enfin, nous d\u00e9gusterons un d\u00e9licieux d\u00eener au campement, o\u00f9 vous pourrez partager des exp\u00e9riences et vous reposer pour vous ressourcer en vue des prochaines aventures.<\/li>\n<\/ul>\n<p><strong>Jour 4<\/strong><\/p>\n<ul>\n<li>D\u00e9part du campement 2 \u00e0 6h30. Nous commencerons une randonn\u00e9e d&#8217;environ 6 \u00e0 7 heures pour retourner \u00e0 El Mamey. Au cours de la randonn\u00e9e, vous pourrez profiter de magnifiques paysages et avoir l&#8217;occasion d&#8217;appr\u00e9cier la nature dans toute sa splendeur.<\/li>\n<li>Une fois \u00e0 El Mamey, nous savourerons un d\u00e9jeuner bien m\u00e9rit\u00e9 pour nous ressourcer. Apr\u00e8s le d\u00e9jeuner, nous nous rendrons en v\u00e9hicule 4&#215;4 \u00e0 Santa Marta. Le trajet en v\u00e9hicule durera environ 2 heures, vous offrant le confort et le repos n\u00e9cessaires. Enfin, nous arriverons \u00e0 Santa Marta, o\u00f9 notre aventure dans ce merveilleux voyage se conclura.<\/li>\n<li>N&#8217;oubliez pas que ces d\u00e9tails ne sont qu&#8217;une description g\u00e9n\u00e9rale et peuvent \u00eatre soumis \u00e0 des changements ou des ajustements en fonction des conditions et de la disponibilit\u00e9 au moment de l&#8217;exp\u00e9rience.<\/li>\n<\/ul>\n<h2><strong>Tarifs et services inclus.<\/strong><\/h2>\n<ul>\n<li>Transport aller-retour<\/li>\n<li>Repas (petit-d\u00e9jeuner, d\u00e9jeuner et d\u00eener)<\/li>\n<li>H\u00e9bergement (lits ou hamacs), selon disponibilit\u00e9<\/li>\n<li>Encadrement<\/li>\n<li>Assurance voyage<\/li>\n<li>Contributions \u00e0 la communaut\u00e9 indig\u00e8ne et paysanne<\/li>\n<li>Entr\u00e9e au parc arch\u00e9ologique &#8211; ICANH<\/li>\n<\/ul>\n","protected":false},"featured_media":2720,"comment_status":"closed","ping_status":"closed","template":"","meta":[],"product_brand":[],"product_cat":[103,110],"product_tag":[100],"class_list":{"0":"post-1550","1":"product","2":"type-product","3":"status-publish","4":"has-post-thumbnail","6":"product_cat-ciudad-perdida","7":"product_cat-experiences","8":"product_tag-experiencias","10":"first","11":"instock","12":"shipping-taxable","13":"purchasable","14":"product-type-simple"},"yoast_head":"<!-- This site is optimized with the Yoast SEO plugin v27.2 - https:\/\/yoast.com\/product\/yoast-seo-wordpress\/ -->\n<title>Cit\u00e9 Perdue - Sentier Magique - Ruta Tayrona Tours<\/title>\n<meta name=\"description\" content=\"Cit\u00e9 Perdue - Sentier Magique. C&#039;est le meilleur trekking d&#039;Am\u00e9rique du Sud. D\u00e9couvrez la culture Tayrona. Cliquez ici et explorez nos exp\u00e9riences durables.\" \/>\n<meta name=\"robots\" content=\"index, follow, max-snippet:-1, max-image-preview:large, max-video-preview:-1\" \/>\n<link rel=\"canonical\" href=\"https:\/\/rutatayronatours.com\/fr\/product\/sentier-magique-de-la-cite-perdue\/\" \/>\n<meta property=\"og:locale\" content=\"fr_FR\" \/>\n<meta property=\"og:type\" content=\"article\" \/>\n<meta property=\"og:title\" content=\"Cit\u00e9 Perdue - Sentier Magique - Ruta Tayrona Tours\" \/>\n<meta property=\"og:description\" content=\"Cit\u00e9 Perdue - Sentier Magique. C&#039;est le meilleur trekking d&#039;Am\u00e9rique du Sud. D\u00e9couvrez la culture Tayrona. Cliquez ici et explorez nos exp\u00e9riences durables.\" \/>\n<meta property=\"og:url\" content=\"https:\/\/rutatayronatours.com\/fr\/product\/sentier-magique-de-la-cite-perdue\/\" \/>\n<meta property=\"og:site_name\" content=\"Ruta Tayrona Tours\" \/>\n<meta property=\"article:publisher\" content=\"https:\/\/www.facebook.com\/riomolinotours2\" \/>\n<meta property=\"article:modified_time\" content=\"2025-01-07T21:43:59+00:00\" \/>\n<meta property=\"og:image\" content=\"https:\/\/rutatayronatours.com\/fr\/wp-content\/uploads\/2023\/09\/Ciudad-Perdida-14-1024x683.png\" \/>\n\t<meta property=\"og:image:width\" content=\"1024\" \/>\n\t<meta property=\"og:image:height\" content=\"683\" \/>\n\t<meta property=\"og:image:type\" content=\"image\/png\" \/>\n<meta name=\"twitter:card\" content=\"summary_large_image\" \/>\n<meta name=\"twitter:label1\" content=\"Dur\u00e9e de lecture estim\u00e9e\" \/>\n\t<meta name=\"twitter:data1\" content=\"2 minutes\" \/>\n<script type=\"application\/ld+json\" class=\"yoast-schema-graph\">{\"@context\":\"https:\/\/schema.org\",\"@graph\":[{\"@type\":\"WebPage\",\"@id\":\"https:\/\/rutatayronatours.com\/fr\/product\/sentier-magique-de-la-cite-perdue\/\",\"url\":\"https:\/\/rutatayronatours.com\/fr\/product\/sentier-magique-de-la-cite-perdue\/\",\"name\":\"Cit\u00e9 Perdue - Sentier Magique - Ruta Tayrona Tours\",\"isPartOf\":{\"@id\":\"https:\/\/rutatayronatours.com\/fr\/#website\"},\"primaryImageOfPage\":{\"@id\":\"https:\/\/rutatayronatours.com\/fr\/product\/sentier-magique-de-la-cite-perdue\/#primaryimage\"},\"image\":{\"@id\":\"https:\/\/rutatayronatours.com\/fr\/product\/sentier-magique-de-la-cite-perdue\/#primaryimage\"},\"thumbnailUrl\":\"https:\/\/rutatayronatours.com\/fr\/wp-content\/uploads\/2023\/09\/Ciudad-Perdida-14.png\",\"datePublished\":\"2023-03-14T21:18:40+00:00\",\"dateModified\":\"2025-01-07T21:43:59+00:00\",\"description\":\"Cit\u00e9 Perdue - Sentier Magique. C'est le meilleur trekking d'Am\u00e9rique du Sud. D\u00e9couvrez la culture Tayrona. Cliquez ici et explorez nos exp\u00e9riences durables.\",\"breadcrumb\":{\"@id\":\"https:\/\/rutatayronatours.com\/fr\/product\/sentier-magique-de-la-cite-perdue\/#breadcrumb\"},\"inLanguage\":\"fr-FR\",\"potentialAction\":[{\"@type\":\"ReadAction\",\"target\":[\"https:\/\/rutatayronatours.com\/fr\/product\/sentier-magique-de-la-cite-perdue\/\"]}]},{\"@type\":\"ImageObject\",\"inLanguage\":\"fr-FR\",\"@id\":\"https:\/\/rutatayronatours.com\/fr\/product\/sentier-magique-de-la-cite-perdue\/#primaryimage\",\"url\":\"https:\/\/rutatayronatours.com\/fr\/wp-content\/uploads\/2023\/09\/Ciudad-Perdida-14.png\",\"contentUrl\":\"https:\/\/rutatayronatours.com\/fr\/wp-content\/uploads\/2023\/09\/Ciudad-Perdida-14.png\",\"width\":1200,\"height\":800,\"caption\":\"Reserva aqu\u00ed tu tour a Ciudad Perdida - Sendero Magico.\"},{\"@type\":\"BreadcrumbList\",\"@id\":\"https:\/\/rutatayronatours.com\/fr\/product\/sentier-magique-de-la-cite-perdue\/#breadcrumb\",\"itemListElement\":[{\"@type\":\"ListItem\",\"position\":1,\"name\":\"Portada\",\"item\":\"https:\/\/rutatayronatours.com\/fr\/\"},{\"@type\":\"ListItem\",\"position\":2,\"name\":\"Shop\",\"item\":\"https:\/\/rutatayronatours.com\/fr\/shop\/\"},{\"@type\":\"ListItem\",\"position\":3,\"name\":\"Cit\u00e9 Perdue &#8211; Sentier Magique\"}]},{\"@type\":\"WebSite\",\"@id\":\"https:\/\/rutatayronatours.com\/fr\/#website\",\"url\":\"https:\/\/rutatayronatours.com\/fr\/\",\"name\":\"Ruta Tayrona Tours\",\"description\":\"Experiencias y tours del caribe Colombiano\",\"publisher\":{\"@id\":\"https:\/\/rutatayronatours.com\/fr\/#organization\"},\"potentialAction\":[{\"@type\":\"SearchAction\",\"target\":{\"@type\":\"EntryPoint\",\"urlTemplate\":\"https:\/\/rutatayronatours.com\/fr\/?s={search_term_string}\"},\"query-input\":{\"@type\":\"PropertyValueSpecification\",\"valueRequired\":true,\"valueName\":\"search_term_string\"}}],\"inLanguage\":\"fr-FR\"},{\"@type\":\"Organization\",\"@id\":\"https:\/\/rutatayronatours.com\/fr\/#organization\",\"name\":\"Ruta Tayrona Tours\",\"url\":\"https:\/\/rutatayronatours.com\/fr\/\",\"logo\":{\"@type\":\"ImageObject\",\"inLanguage\":\"fr-FR\",\"@id\":\"https:\/\/rutatayronatours.com\/fr\/#\/schema\/logo\/image\/\",\"url\":\"https:\/\/rutatayronatours.com\/fr\/wp-content\/uploads\/2023\/02\/Ruta-Tayrona-Tours.png\",\"contentUrl\":\"https:\/\/rutatayronatours.com\/fr\/wp-content\/uploads\/2023\/02\/Ruta-Tayrona-Tours.png\",\"width\":348,\"height\":85,\"caption\":\"Ruta Tayrona Tours\"},\"image\":{\"@id\":\"https:\/\/rutatayronatours.com\/fr\/#\/schema\/logo\/image\/\"},\"sameAs\":[\"https:\/\/www.facebook.com\/riomolinotours2\",\"https:\/\/www.instagram.com\/rutatayronatours\/\",\"https:\/\/api.whatsapp.com\/send?phone=573145502928\"]}]}<\/script>\n<!-- \/ Yoast SEO plugin. -->","yoast_head_json":{"title":"Cit\u00e9 Perdue - Sentier Magique - Ruta Tayrona Tours","description":"Cit\u00e9 Perdue - Sentier Magique. C'est le meilleur trekking d'Am\u00e9rique du Sud. D\u00e9couvrez la culture Tayrona. Cliquez ici et explorez nos exp\u00e9riences durables.","robots":{"index":"index","follow":"follow","max-snippet":"max-snippet:-1","max-image-preview":"max-image-preview:large","max-video-preview":"max-video-preview:-1"},"canonical":"https:\/\/rutatayronatours.com\/fr\/product\/sentier-magique-de-la-cite-perdue\/","og_locale":"fr_FR","og_type":"article","og_title":"Cit\u00e9 Perdue - Sentier Magique - Ruta Tayrona Tours","og_description":"Cit\u00e9 Perdue - Sentier Magique. C'est le meilleur trekking d'Am\u00e9rique du Sud. D\u00e9couvrez la culture Tayrona. Cliquez ici et explorez nos exp\u00e9riences durables.","og_url":"https:\/\/rutatayronatours.com\/fr\/product\/sentier-magique-de-la-cite-perdue\/","og_site_name":"Ruta Tayrona Tours","article_publisher":"https:\/\/www.facebook.com\/riomolinotours2","article_modified_time":"2025-01-07T21:43:59+00:00","og_image":[{"width":1024,"height":683,"url":"https:\/\/rutatayronatours.com\/fr\/wp-content\/uploads\/2023\/09\/Ciudad-Perdida-14-1024x683.png","type":"image\/png"}],"twitter_card":"summary_large_image","twitter_misc":{"Dur\u00e9e de lecture estim\u00e9e":"2 minutes"},"schema":{"@context":"https:\/\/schema.org","@graph":[{"@type":"WebPage","@id":"https:\/\/rutatayronatours.com\/fr\/product\/sentier-magique-de-la-cite-perdue\/","url":"https:\/\/rutatayronatours.com\/fr\/product\/sentier-magique-de-la-cite-perdue\/","name":"Cit\u00e9 Perdue - Sentier Magique - Ruta Tayrona Tours","isPartOf":{"@id":"https:\/\/rutatayronatours.com\/fr\/#website"},"primaryImageOfPage":{"@id":"https:\/\/rutatayronatours.com\/fr\/product\/sentier-magique-de-la-cite-perdue\/#primaryimage"},"image":{"@id":"https:\/\/rutatayronatours.com\/fr\/product\/sentier-magique-de-la-cite-perdue\/#primaryimage"},"thumbnailUrl":"https:\/\/rutatayronatours.com\/fr\/wp-content\/uploads\/2023\/09\/Ciudad-Perdida-14.png","datePublished":"2023-03-14T21:18:40+00:00","dateModified":"2025-01-07T21:43:59+00:00","description":"Cit\u00e9 Perdue - Sentier Magique. C'est le meilleur trekking d'Am\u00e9rique du Sud. D\u00e9couvrez la culture Tayrona. Cliquez ici et explorez nos exp\u00e9riences durables.","breadcrumb":{"@id":"https:\/\/rutatayronatours.com\/fr\/product\/sentier-magique-de-la-cite-perdue\/#breadcrumb"},"inLanguage":"fr-FR","potentialAction":[{"@type":"ReadAction","target":["https:\/\/rutatayronatours.com\/fr\/product\/sentier-magique-de-la-cite-perdue\/"]}]},{"@type":"ImageObject","inLanguage":"fr-FR","@id":"https:\/\/rutatayronatours.com\/fr\/product\/sentier-magique-de-la-cite-perdue\/#primaryimage","url":"https:\/\/rutatayronatours.com\/fr\/wp-content\/uploads\/2023\/09\/Ciudad-Perdida-14.png","contentUrl":"https:\/\/rutatayronatours.com\/fr\/wp-content\/uploads\/2023\/09\/Ciudad-Perdida-14.png","width":1200,"height":800,"caption":"Reserva aqu\u00ed tu tour a Ciudad Perdida - Sendero Magico."},{"@type":"BreadcrumbList","@id":"https:\/\/rutatayronatours.com\/fr\/product\/sentier-magique-de-la-cite-perdue\/#breadcrumb","itemListElement":[{"@type":"ListItem","position":1,"name":"Portada","item":"https:\/\/rutatayronatours.com\/fr\/"},{"@type":"ListItem","position":2,"name":"Shop","item":"https:\/\/rutatayronatours.com\/fr\/shop\/"},{"@type":"ListItem","position":3,"name":"Cit\u00e9 Perdue &#8211; Sentier Magique"}]},{"@type":"WebSite","@id":"https:\/\/rutatayronatours.com\/fr\/#website","url":"https:\/\/rutatayronatours.com\/fr\/","name":"Ruta Tayrona Tours","description":"Experiencias y tours del caribe Colombiano","publisher":{"@id":"https:\/\/rutatayronatours.com\/fr\/#organization"},"potentialAction":[{"@type":"SearchAction","target":{"@type":"EntryPoint","urlTemplate":"https:\/\/rutatayronatours.com\/fr\/?s={search_term_string}"},"query-input":{"@type":"PropertyValueSpecification","valueRequired":true,"valueName":"search_term_string"}}],"inLanguage":"fr-FR"},{"@type":"Organization","@id":"https:\/\/rutatayronatours.com\/fr\/#organization","name":"Ruta Tayrona Tours","url":"https:\/\/rutatayronatours.com\/fr\/","logo":{"@type":"ImageObject","inLanguage":"fr-FR","@id":"https:\/\/rutatayronatours.com\/fr\/#\/schema\/logo\/image\/","url":"https:\/\/rutatayronatours.com\/fr\/wp-content\/uploads\/2023\/02\/Ruta-Tayrona-Tours.png","contentUrl":"https:\/\/rutatayronatours.com\/fr\/wp-content\/uploads\/2023\/02\/Ruta-Tayrona-Tours.png","width":348,"height":85,"caption":"Ruta Tayrona Tours"},"image":{"@id":"https:\/\/rutatayronatours.com\/fr\/#\/schema\/logo\/image\/"},"sameAs":["https:\/\/www.facebook.com\/riomolinotours2","https:\/\/www.instagram.com\/rutatayronatours\/","https:\/\/api.whatsapp.com\/send?phone=573145502928"]}]}},"_links":{"self":[{"href":"https:\/\/rutatayronatours.com\/fr\/wp-json\/wp\/v2\/product\/1550","targetHints":{"allow":["GET"]}}],"collection":[{"href":"https:\/\/rutatayronatours.com\/fr\/wp-json\/wp\/v2\/product"}],"about":[{"href":"https:\/\/rutatayronatours.com\/fr\/wp-json\/wp\/v2\/types\/product"}],"replies":[{"embeddable":true,"href":"https:\/\/rutatayronatours.com\/fr\/wp-json\/wp\/v2\/comments?post=1550"}],"version-history":[{"count":12,"href":"https:\/\/rutatayronatours.com\/fr\/wp-json\/wp\/v2\/product\/1550\/revisions"}],"predecessor-version":[{"id":3576,"href":"https:\/\/rutatayronatours.com\/fr\/wp-json\/wp\/v2\/product\/1550\/revisions\/3576"}],"wp:featuredmedia":[{"embeddable":true,"href":"https:\/\/rutatayronatours.com\/fr\/wp-json\/wp\/v2\/media\/2720"}],"wp:attachment":[{"href":"https:\/\/rutatayronatours.com\/fr\/wp-json\/wp\/v2\/media?parent=1550"}],"wp:term":[{"taxonomy":"product_brand","embeddable":true,"href":"https:\/\/rutatayronatours.com\/fr\/wp-json\/wp\/v2\/product_brand?post=1550"},{"taxonomy":"product_cat","embeddable":true,"href":"https:\/\/rutatayronatours.com\/fr\/wp-json\/wp\/v2\/product_cat?post=1550"},{"taxonomy":"product_tag","embeddable":true,"href":"https:\/\/rutatayronatours.com\/fr\/wp-json\/wp\/v2\/product_tag?post=1550"}],"curies":[{"name":"wp","href":"https:\/\/api.w.org\/{rel}","templated":true}]}}