{"id":1551,"date":"2023-03-14T16:18:40","date_gmt":"2023-03-14T21:18:40","guid":{"rendered":"https:\/\/rutatayronatours.com\/fr\/?post_type=product&#038;p=1551"},"modified":"2025-01-07T16:44:01","modified_gmt":"2025-01-07T21:44:01","slug":"cite-perdue-et-cascades","status":"publish","type":"product","link":"https:\/\/rutatayronatours.com\/fr\/product\/cite-perdue-et-cascades\/","title":{"rendered":"Cit\u00e9 perdue et cascades"},"content":{"rendered":"<h3 style=\"text-align: center;\"><a href=\"https:\/\/rutatayronatours.com\/fr\/cierre-ciudad-perdida-septiembre-2023\/\">Cit\u00e9 perdue et cascades<\/a><\/h3>\n<p>Cit\u00e9 perdue: Tr\u00e9sor Arch\u00e9ologique Tayrona<\/p>\n<p>Histoire Ancestrale\u00a0 La Cit\u00e9 perdue est un site arch\u00e9ologique pr\u00e9colombien situ\u00e9 dans la Sierra Nevada de Santa Marta, en Colombie. Son histoire remonte aux Tayrona, une ancienne culture qui y a v\u00e9cu du 6e au 16e si\u00e8cle, bien avant Machu Picchu.<\/p>\n<p>Le Paradis de Tayrona Terrasses et chemins de montagne cr\u00e9ent le paradis de Tayrona. Acc\u00e9der \u00e0 La Cit\u00e9 perdue n\u00e9cessite de gravir 1200 marches en pierre \u00e0 travers la jungle.<\/p>\n<p>Aventure en Jungle Si vous aimez l&#8217;aventure et \u00eates en bonne forme physique, vous appr\u00e9cierez cette exp\u00e9rience. Des randonn\u00e9es allant jusqu&#8217;\u00e0 6 heures par jour vous attendent dans cette destination d&#8217;aventure et de tourisme arch\u00e9ologique.<\/p>\n<p>Histoire et Abandon La ville poss\u00e9dait des terrasses et des b\u00e2timents en pierre pour l&#8217;habitation et les c\u00e9r\u00e9monies. On ne sait toujours pas pourquoi elle a \u00e9t\u00e9 abandonn\u00e9e, mais des facteurs tels que les conflits et les maladies ont pu y contribuer. L&#8217;arriv\u00e9e des conquistadors a marqu\u00e9 son d\u00e9clin.<\/p>\n<p>Red\u00e9couverte et Pr\u00e9servation La Cit\u00e9 perdue est rest\u00e9e oubli\u00e9e pendant des si\u00e8cles. Dans les ann\u00e9es 1970, des pillards l&#8217;ont d\u00e9couverte. Les autorit\u00e9s colombiennes et les arch\u00e9ologues l&#8217;ont \u00e9tudi\u00e9e et pr\u00e9serv\u00e9e.<\/p>\n<p>Une Fen\u00eatre sur le Pass\u00e9 Aujourd&#8217;hui, La Cit\u00e9 perdue nous rappelle la diversit\u00e9 culturelle de l&#8217;Am\u00e9rique avant l&#8217;arriv\u00e9e des Europ\u00e9ens. Sa red\u00e9couverte nous relie \u00e0 un pass\u00e9 enfoui dans la jungle colombienne. L&#8217;explorer offre une vue unique de la culture Tayrona et de ses structures.<\/p>\n<h4><a href=\"https:\/\/fr.unesco.org\/node\/310235\">Aventure historique au c\u0153ur de la jungle<\/a><\/h4>\n","protected":false},"excerpt":{"rendered":"<h2 style=\"text-align: center;\">Cit\u00e9 perdue et cascades<\/h2>\n<p><strong>5 jours et 4 nuits<\/strong><\/p>\n<p><strong>Jour 1<\/strong><\/p>\n<p>Santa Marta &#8211; Mamey &#8211; Camp 1<\/p>\n<ul>\n<li>D\u00e9part de Santa Marta \u00e0 environ 7h30 en v\u00e9hicule 4&#215;4 qui nous conduira \u00e0 notre bureau \u00e0 La Aguacatera. Le trajet en v\u00e9hicule durera environ 1 heure.<\/li>\n<li>Une fois \u00e0 La Aguacatera, nous passerons par le protocole d&#8217;entr\u00e9e, puis partirons en v\u00e9hicule 4&#215;4 vers le village d&#8217;El Mamey.<\/li>\n<li>\u00c0 El Mamey, nous d\u00e9gusterons un d\u00e9licieux d\u00e9jeuner dans le village pour recharger nos \u00e9nergies avant de commencer la randonn\u00e9e.<\/li>\n<li>Ensuite, nous commencerons une randonn\u00e9e d&#8217;environ quatre heures jusqu&#8217;au premier camp. Au cours de la randonn\u00e9e, vous pourrez profiter de la beaut\u00e9 des paysages et de la nature environnante.<\/li>\n<li>Une fois arriv\u00e9 au premier camp, vous passerez la nuit dans des hamacs ou des lits, selon la disponibilit\u00e9. Vous aurez l&#8217;opportunit\u00e9 de vous reposer et de vous d\u00e9tendre apr\u00e8s la randonn\u00e9e.<\/li>\n<li>Le soir, nous savourerons le d\u00eener au camp, o\u00f9 vous pourrez partager des exp\u00e9riences avec les autres randonneurs et profiter d&#8217;une atmosph\u00e8re chaleureuse.<\/li>\n<\/ul>\n<p><strong>Jour 2<\/strong><\/p>\n<p><strong>Camp 1 &#8211; Mutanyi &#8211; Camp 3<\/strong><\/p>\n<ul>\n<li>D\u00e9part du camp 1 vers environ 6h00. Nous commencerons une randonn\u00e9e d&#8217;environ 2 heures et 30 minutes jusqu&#8217;au village indig\u00e8ne de Mutanyi, o\u00f9 vous pourrez vous immerger dans la culture et les traditions de la communaut\u00e9.<\/li>\n<li>Apr\u00e8s la visite du village indig\u00e8ne, nous poursuivrons notre randonn\u00e9e pendant une heure pour atteindre le camp 2. Ici, nous savourerons un d\u00e9jeuner bien m\u00e9rit\u00e9 et nous reposerons.<\/li>\n<li>Apr\u00e8s le d\u00e9jeuner, nous nous pr\u00e9parerons pour une randonn\u00e9e de deux heures pour atteindre Para\u00edso, notre camp 3. Au cours du voyage, vous pourrez profiter de paysages magnifiques et d&#8217;exp\u00e9riences inoubliables au c\u0153ur de la nature.<\/li>\n<li>Au camp 3, vous passerez la nuit dans des hamacs ou des lits, selon la disponibilit\u00e9. Vous aurez ici l&#8217;opportunit\u00e9 de vous d\u00e9tendre et de profiter de la tranquillit\u00e9 de l&#8217;environnement naturel.<\/li>\n<li>Enfin, nous savourerons un d\u00e9licieux d\u00eener au camp, o\u00f9 vous pourrez partager des exp\u00e9riences et vous reposer pour recharger vos \u00e9nergies pour les prochaines aventures.<\/li>\n<\/ul>\n<p><strong>Jour 3<\/strong><\/p>\n<p><strong>Camp 3 &#8211; Ciudad Perdida &#8211; Camp 2<\/strong><\/p>\n<ul>\n<li>D\u00e9part du camp 3 vers environ 6h00. Nous commencerons une randonn\u00e9e ascendante d&#8217;environ une heure vers Ciudad Perdida, l&#8217;un des sites arch\u00e9ologiques les plus fascinants de la r\u00e9gion.<\/li>\n<li>Une fois \u00e0 Ciudad Perdida, nous consacrerons environ 4 heures \u00e0 explorer et \u00e0 en apprendre davantage sur les aspects arch\u00e9ologiques, ethnologiques et historiques de la r\u00e9gion. Vous en apprendrez davantage sur la culture indig\u00e8ne et l&#8217;histoire de cette ancienne installation.<\/li>\n<li>Apr\u00e8s la visite de Ciudad Perdida, nous retournerons au camp 3, o\u00f9 nous savourerons un d\u00e9licieux d\u00e9jeuner.<\/li>\n<li>Ensuite, nous entreprendrons un voyage d&#8217;environ 2 heures pour retourner au camp 2. Pendant la randonn\u00e9e, vous pourrez profiter des paysages et de la nature luxuriante de la r\u00e9gion.<\/li>\n<li>Au camp 2, vous passerez la nuit dans des hamacs ou des lits, selon la disponibilit\u00e9. Vous pourrez vous reposer et recharger vos \u00e9nergies pour la suite de l&#8217;aventure.<\/li>\n<\/ul>\n<p><strong>Jour 4<\/strong><\/p>\n<p><strong>Tour des Cascades<\/strong><\/p>\n<ul>\n<li>Apr\u00e8s le repos, nous entreprendrons un voyage de 3 heures pour atteindre la premi\u00e8re cascade, connue sous le nom de La Esmeralda. L\u00e0, nous passerons 40 minutes \u00e0 nous \u00e9merveiller devant ce bel endroit et \u00e0 nous rafra\u00eechir dans ses eaux cristallines.<\/li>\n<li>Nous poursuivrons notre randonn\u00e9e pendant environ 1 heure pour atteindre la deuxi\u00e8me cascade, appel\u00e9e El Abanico. L\u00e0, nous pourrons profiter d&#8217;un autre paysage incroyable et nous rafra\u00eechir dans ses eaux.<\/li>\n<li>Apr\u00e8s avoir visit\u00e9 El Abanico, nous marcherons pendant environ 1 heure pour atteindre le camp 4, appel\u00e9 La Negra, o\u00f9 nous attendra un d\u00e9licieux d\u00e9jeuner. Vous aurez ici du temps libre pour profiter de la rivi\u00e8re et explorer les environs.<\/li>\n<li>De plus, nous visiterons la Troisi\u00e8me Cascade, appel\u00e9e Pensamiento Tayrona, et la quatri\u00e8me cascade, connue sous le nom de La Cristalina.Nous passerons la nuit dans des hamacs ou des lits, selon la disponibilit\u00e9, au camp et nous savourerons un d\u00eener r\u00e9confortant.<\/li>\n<\/ul>\n<p><strong>Jour 5<\/strong><\/p>\n<p><strong>Cascades &#8211; Mamey &#8211; Santa Marta<\/strong><\/p>\n<ul>\n<li>Apr\u00e8s avoir profit\u00e9 de la visite des cascades, nous nous pr\u00e9parerons \u00e0 retourner \u00e0 Mamey, puis \u00e0 Aguacatera.<\/li>\n<li>D\u00e9part de la station R\u00edo vers El Mamey, o\u00f9 nous commencerons notre randonn\u00e9e d&#8217;environ 3 heures. Au cours du voyage, vous pourrez profiter de la beaut\u00e9 naturelle de la r\u00e9gion et continuer \u00e0 vous \u00e9merveiller devant ses paysages.<\/li>\n<li>Une fois \u00e0 El Mamey, nous nous arr\u00eaterons pour d\u00e9guster un d\u00e9licieux d\u00e9jeuner et recharger nos \u00e9nergies.<\/li>\n<li>Apr\u00e8s le d\u00e9jeuner, nous serons transport\u00e9s en v\u00e9hicule. Le trajet en v\u00e9hicule offrira du confort et nous permettra de nous d\u00e9tendre en nous dirigeant vers notre destination finale.<\/li>\n<li>Enfin, nous arriverons \u00e0 Santa Marta, o\u00f9 notre aventure dans ce merveilleux voyage se conclura.<\/li>\n<\/ul>\n<h2>Tarifs et services inclus.<\/h2>\n<ul>\n<li>Transport aller-retour<\/li>\n<li>Repas pour 4 ou 5 jours (petit-d\u00e9jeuner, d\u00e9jeuner et d\u00eener)<\/li>\n<li>H\u00e9bergement (hamacs ou lits), selon la disponibilit\u00e9<\/li>\n<li>Encadrement<\/li>\n<li>Assurance voyage<\/li>\n<li>Contributions \u00e0 la communaut\u00e9 indig\u00e8ne et paysanne<\/li>\n<li>Entr\u00e9e au parc arch\u00e9ologique &#8211; ICANH.<\/li>\n<\/ul>\n","protected":false},"featured_media":2733,"comment_status":"closed","ping_status":"closed","template":"","meta":[],"product_brand":[],"product_cat":[103,110],"product_tag":[100],"class_list":{"0":"post-1551","1":"product","2":"type-product","3":"status-publish","4":"has-post-thumbnail","6":"product_cat-ciudad-perdida","7":"product_cat-experiences","8":"product_tag-experiencias","10":"first","11":"instock","12":"shipping-taxable","13":"purchasable","14":"product-type-simple"},"yoast_head":"<!-- This site is optimized with the Yoast SEO plugin v27.2 - https:\/\/yoast.com\/product\/yoast-seo-wordpress\/ -->\n<title>Cit\u00e9 perdue et cascades - Ruta Tayrona Tours<\/title>\n<meta name=\"description\" content=\"Cit\u00e9 perdue et cascades embarque pour une exp\u00e9rience unique pleine de culture. Profitez des rivi\u00e8res et des cascades qui coulent le long de ce sentier .\" \/>\n<meta name=\"robots\" content=\"index, follow, max-snippet:-1, max-image-preview:large, max-video-preview:-1\" \/>\n<link rel=\"canonical\" href=\"https:\/\/rutatayronatours.com\/fr\/product\/cite-perdue-et-cascades\/\" \/>\n<meta property=\"og:locale\" content=\"fr_FR\" \/>\n<meta property=\"og:type\" content=\"article\" \/>\n<meta property=\"og:title\" content=\"Cit\u00e9 perdue et cascades - Ruta Tayrona Tours\" \/>\n<meta property=\"og:description\" content=\"Cit\u00e9 perdue et cascades embarque pour une exp\u00e9rience unique pleine de culture. Profitez des rivi\u00e8res et des cascades qui coulent le long de ce sentier .\" \/>\n<meta property=\"og:url\" content=\"https:\/\/rutatayronatours.com\/fr\/product\/cite-perdue-et-cascades\/\" \/>\n<meta property=\"og:site_name\" content=\"Ruta Tayrona Tours\" \/>\n<meta property=\"article:publisher\" content=\"https:\/\/www.facebook.com\/riomolinotours2\" \/>\n<meta property=\"article:modified_time\" content=\"2025-01-07T21:44:01+00:00\" \/>\n<meta property=\"og:image\" content=\"https:\/\/rutatayronatours.com\/fr\/wp-content\/uploads\/2023\/09\/Ciudad-Perdida-1-1024x683.png\" \/>\n\t<meta property=\"og:image:width\" content=\"1024\" \/>\n\t<meta property=\"og:image:height\" content=\"683\" \/>\n\t<meta property=\"og:image:type\" content=\"image\/png\" \/>\n<meta name=\"twitter:card\" content=\"summary_large_image\" \/>\n<meta name=\"twitter:label1\" content=\"Dur\u00e9e de lecture estim\u00e9e\" \/>\n\t<meta name=\"twitter:data1\" content=\"2 minutes\" \/>\n<script type=\"application\/ld+json\" class=\"yoast-schema-graph\">{\"@context\":\"https:\/\/schema.org\",\"@graph\":[{\"@type\":\"WebPage\",\"@id\":\"https:\/\/rutatayronatours.com\/fr\/product\/cite-perdue-et-cascades\/\",\"url\":\"https:\/\/rutatayronatours.com\/fr\/product\/cite-perdue-et-cascades\/\",\"name\":\"Cit\u00e9 perdue et cascades - Ruta Tayrona Tours\",\"isPartOf\":{\"@id\":\"https:\/\/rutatayronatours.com\/fr\/#website\"},\"primaryImageOfPage\":{\"@id\":\"https:\/\/rutatayronatours.com\/fr\/product\/cite-perdue-et-cascades\/#primaryimage\"},\"image\":{\"@id\":\"https:\/\/rutatayronatours.com\/fr\/product\/cite-perdue-et-cascades\/#primaryimage\"},\"thumbnailUrl\":\"https:\/\/rutatayronatours.com\/fr\/wp-content\/uploads\/2023\/09\/Ciudad-Perdida-1.png\",\"datePublished\":\"2023-03-14T21:18:40+00:00\",\"dateModified\":\"2025-01-07T21:44:01+00:00\",\"description\":\"Cit\u00e9 perdue et cascades embarque pour une exp\u00e9rience unique pleine de culture. Profitez des rivi\u00e8res et des cascades qui coulent le long de ce sentier .\",\"breadcrumb\":{\"@id\":\"https:\/\/rutatayronatours.com\/fr\/product\/cite-perdue-et-cascades\/#breadcrumb\"},\"inLanguage\":\"fr-FR\",\"potentialAction\":[{\"@type\":\"ReadAction\",\"target\":[\"https:\/\/rutatayronatours.com\/fr\/product\/cite-perdue-et-cascades\/\"]}]},{\"@type\":\"ImageObject\",\"inLanguage\":\"fr-FR\",\"@id\":\"https:\/\/rutatayronatours.com\/fr\/product\/cite-perdue-et-cascades\/#primaryimage\",\"url\":\"https:\/\/rutatayronatours.com\/fr\/wp-content\/uploads\/2023\/09\/Ciudad-Perdida-1.png\",\"contentUrl\":\"https:\/\/rutatayronatours.com\/fr\/wp-content\/uploads\/2023\/09\/Ciudad-Perdida-1.png\",\"width\":1200,\"height\":800,\"caption\":\"Reserva aqu\u00ed tu tour Ciudad Perdida M\u00e1s Cascadas\"},{\"@type\":\"BreadcrumbList\",\"@id\":\"https:\/\/rutatayronatours.com\/fr\/product\/cite-perdue-et-cascades\/#breadcrumb\",\"itemListElement\":[{\"@type\":\"ListItem\",\"position\":1,\"name\":\"Portada\",\"item\":\"https:\/\/rutatayronatours.com\/fr\/\"},{\"@type\":\"ListItem\",\"position\":2,\"name\":\"Shop\",\"item\":\"https:\/\/rutatayronatours.com\/fr\/shop\/\"},{\"@type\":\"ListItem\",\"position\":3,\"name\":\"Cit\u00e9 perdue et cascades\"}]},{\"@type\":\"WebSite\",\"@id\":\"https:\/\/rutatayronatours.com\/fr\/#website\",\"url\":\"https:\/\/rutatayronatours.com\/fr\/\",\"name\":\"Ruta Tayrona Tours\",\"description\":\"Experiencias y tours del caribe Colombiano\",\"publisher\":{\"@id\":\"https:\/\/rutatayronatours.com\/fr\/#organization\"},\"potentialAction\":[{\"@type\":\"SearchAction\",\"target\":{\"@type\":\"EntryPoint\",\"urlTemplate\":\"https:\/\/rutatayronatours.com\/fr\/?s={search_term_string}\"},\"query-input\":{\"@type\":\"PropertyValueSpecification\",\"valueRequired\":true,\"valueName\":\"search_term_string\"}}],\"inLanguage\":\"fr-FR\"},{\"@type\":\"Organization\",\"@id\":\"https:\/\/rutatayronatours.com\/fr\/#organization\",\"name\":\"Ruta Tayrona Tours\",\"url\":\"https:\/\/rutatayronatours.com\/fr\/\",\"logo\":{\"@type\":\"ImageObject\",\"inLanguage\":\"fr-FR\",\"@id\":\"https:\/\/rutatayronatours.com\/fr\/#\/schema\/logo\/image\/\",\"url\":\"https:\/\/rutatayronatours.com\/fr\/wp-content\/uploads\/2023\/02\/Ruta-Tayrona-Tours.png\",\"contentUrl\":\"https:\/\/rutatayronatours.com\/fr\/wp-content\/uploads\/2023\/02\/Ruta-Tayrona-Tours.png\",\"width\":348,\"height\":85,\"caption\":\"Ruta Tayrona Tours\"},\"image\":{\"@id\":\"https:\/\/rutatayronatours.com\/fr\/#\/schema\/logo\/image\/\"},\"sameAs\":[\"https:\/\/www.facebook.com\/riomolinotours2\",\"https:\/\/www.instagram.com\/rutatayronatours\/\",\"https:\/\/api.whatsapp.com\/send?phone=573145502928\"]}]}<\/script>\n<!-- \/ Yoast SEO plugin. -->","yoast_head_json":{"title":"Cit\u00e9 perdue et cascades - Ruta Tayrona Tours","description":"Cit\u00e9 perdue et cascades embarque pour une exp\u00e9rience unique pleine de culture. Profitez des rivi\u00e8res et des cascades qui coulent le long de ce sentier .","robots":{"index":"index","follow":"follow","max-snippet":"max-snippet:-1","max-image-preview":"max-image-preview:large","max-video-preview":"max-video-preview:-1"},"canonical":"https:\/\/rutatayronatours.com\/fr\/product\/cite-perdue-et-cascades\/","og_locale":"fr_FR","og_type":"article","og_title":"Cit\u00e9 perdue et cascades - Ruta Tayrona Tours","og_description":"Cit\u00e9 perdue et cascades embarque pour une exp\u00e9rience unique pleine de culture. Profitez des rivi\u00e8res et des cascades qui coulent le long de ce sentier .","og_url":"https:\/\/rutatayronatours.com\/fr\/product\/cite-perdue-et-cascades\/","og_site_name":"Ruta Tayrona Tours","article_publisher":"https:\/\/www.facebook.com\/riomolinotours2","article_modified_time":"2025-01-07T21:44:01+00:00","og_image":[{"width":1024,"height":683,"url":"https:\/\/rutatayronatours.com\/fr\/wp-content\/uploads\/2023\/09\/Ciudad-Perdida-1-1024x683.png","type":"image\/png"}],"twitter_card":"summary_large_image","twitter_misc":{"Dur\u00e9e de lecture estim\u00e9e":"2 minutes"},"schema":{"@context":"https:\/\/schema.org","@graph":[{"@type":"WebPage","@id":"https:\/\/rutatayronatours.com\/fr\/product\/cite-perdue-et-cascades\/","url":"https:\/\/rutatayronatours.com\/fr\/product\/cite-perdue-et-cascades\/","name":"Cit\u00e9 perdue et cascades - Ruta Tayrona Tours","isPartOf":{"@id":"https:\/\/rutatayronatours.com\/fr\/#website"},"primaryImageOfPage":{"@id":"https:\/\/rutatayronatours.com\/fr\/product\/cite-perdue-et-cascades\/#primaryimage"},"image":{"@id":"https:\/\/rutatayronatours.com\/fr\/product\/cite-perdue-et-cascades\/#primaryimage"},"thumbnailUrl":"https:\/\/rutatayronatours.com\/fr\/wp-content\/uploads\/2023\/09\/Ciudad-Perdida-1.png","datePublished":"2023-03-14T21:18:40+00:00","dateModified":"2025-01-07T21:44:01+00:00","description":"Cit\u00e9 perdue et cascades embarque pour une exp\u00e9rience unique pleine de culture. Profitez des rivi\u00e8res et des cascades qui coulent le long de ce sentier .","breadcrumb":{"@id":"https:\/\/rutatayronatours.com\/fr\/product\/cite-perdue-et-cascades\/#breadcrumb"},"inLanguage":"fr-FR","potentialAction":[{"@type":"ReadAction","target":["https:\/\/rutatayronatours.com\/fr\/product\/cite-perdue-et-cascades\/"]}]},{"@type":"ImageObject","inLanguage":"fr-FR","@id":"https:\/\/rutatayronatours.com\/fr\/product\/cite-perdue-et-cascades\/#primaryimage","url":"https:\/\/rutatayronatours.com\/fr\/wp-content\/uploads\/2023\/09\/Ciudad-Perdida-1.png","contentUrl":"https:\/\/rutatayronatours.com\/fr\/wp-content\/uploads\/2023\/09\/Ciudad-Perdida-1.png","width":1200,"height":800,"caption":"Reserva aqu\u00ed tu tour Ciudad Perdida M\u00e1s Cascadas"},{"@type":"BreadcrumbList","@id":"https:\/\/rutatayronatours.com\/fr\/product\/cite-perdue-et-cascades\/#breadcrumb","itemListElement":[{"@type":"ListItem","position":1,"name":"Portada","item":"https:\/\/rutatayronatours.com\/fr\/"},{"@type":"ListItem","position":2,"name":"Shop","item":"https:\/\/rutatayronatours.com\/fr\/shop\/"},{"@type":"ListItem","position":3,"name":"Cit\u00e9 perdue et cascades"}]},{"@type":"WebSite","@id":"https:\/\/rutatayronatours.com\/fr\/#website","url":"https:\/\/rutatayronatours.com\/fr\/","name":"Ruta Tayrona Tours","description":"Experiencias y tours del caribe Colombiano","publisher":{"@id":"https:\/\/rutatayronatours.com\/fr\/#organization"},"potentialAction":[{"@type":"SearchAction","target":{"@type":"EntryPoint","urlTemplate":"https:\/\/rutatayronatours.com\/fr\/?s={search_term_string}"},"query-input":{"@type":"PropertyValueSpecification","valueRequired":true,"valueName":"search_term_string"}}],"inLanguage":"fr-FR"},{"@type":"Organization","@id":"https:\/\/rutatayronatours.com\/fr\/#organization","name":"Ruta Tayrona Tours","url":"https:\/\/rutatayronatours.com\/fr\/","logo":{"@type":"ImageObject","inLanguage":"fr-FR","@id":"https:\/\/rutatayronatours.com\/fr\/#\/schema\/logo\/image\/","url":"https:\/\/rutatayronatours.com\/fr\/wp-content\/uploads\/2023\/02\/Ruta-Tayrona-Tours.png","contentUrl":"https:\/\/rutatayronatours.com\/fr\/wp-content\/uploads\/2023\/02\/Ruta-Tayrona-Tours.png","width":348,"height":85,"caption":"Ruta Tayrona Tours"},"image":{"@id":"https:\/\/rutatayronatours.com\/fr\/#\/schema\/logo\/image\/"},"sameAs":["https:\/\/www.facebook.com\/riomolinotours2","https:\/\/www.instagram.com\/rutatayronatours\/","https:\/\/api.whatsapp.com\/send?phone=573145502928"]}]}},"_links":{"self":[{"href":"https:\/\/rutatayronatours.com\/fr\/wp-json\/wp\/v2\/product\/1551","targetHints":{"allow":["GET"]}}],"collection":[{"href":"https:\/\/rutatayronatours.com\/fr\/wp-json\/wp\/v2\/product"}],"about":[{"href":"https:\/\/rutatayronatours.com\/fr\/wp-json\/wp\/v2\/types\/product"}],"replies":[{"embeddable":true,"href":"https:\/\/rutatayronatours.com\/fr\/wp-json\/wp\/v2\/comments?post=1551"}],"version-history":[{"count":10,"href":"https:\/\/rutatayronatours.com\/fr\/wp-json\/wp\/v2\/product\/1551\/revisions"}],"predecessor-version":[{"id":3577,"href":"https:\/\/rutatayronatours.com\/fr\/wp-json\/wp\/v2\/product\/1551\/revisions\/3577"}],"wp:featuredmedia":[{"embeddable":true,"href":"https:\/\/rutatayronatours.com\/fr\/wp-json\/wp\/v2\/media\/2733"}],"wp:attachment":[{"href":"https:\/\/rutatayronatours.com\/fr\/wp-json\/wp\/v2\/media?parent=1551"}],"wp:term":[{"taxonomy":"product_brand","embeddable":true,"href":"https:\/\/rutatayronatours.com\/fr\/wp-json\/wp\/v2\/product_brand?post=1551"},{"taxonomy":"product_cat","embeddable":true,"href":"https:\/\/rutatayronatours.com\/fr\/wp-json\/wp\/v2\/product_cat?post=1551"},{"taxonomy":"product_tag","embeddable":true,"href":"https:\/\/rutatayronatours.com\/fr\/wp-json\/wp\/v2\/product_tag?post=1551"}],"curies":[{"name":"wp","href":"https:\/\/api.w.org\/{rel}","templated":true}]}}