{"id":1552,"date":"2023-03-14T16:18:40","date_gmt":"2023-03-14T21:18:40","guid":{"rendered":"https:\/\/rutatayronatours.com\/fr\/?post_type=product&#038;p=1552"},"modified":"2025-01-07T16:44:00","modified_gmt":"2025-01-07T21:44:00","slug":"lost-city-plus-indigenous-communities","status":"publish","type":"product","link":"https:\/\/rutatayronatours.com\/fr\/product\/lost-city-plus-indigenous-communities\/","title":{"rendered":"Cit\u00e9 perdue et communaut\u00e9s autochtones"},"content":{"rendered":"<h3 style=\"text-align: center;\"><a href=\"https:\/\/rutatayronatours.com\/fr\/descubre-los-secretos-de-la-misteriosa-ciudad-perdida-y-aprende-como-aprovechar-al-maximo-tu-visita-a-este-fascinante-lugar\/\">Cit\u00e9 perdue et communaut\u00e9s autochtones<\/a><\/h3>\n<p>La Cit\u00e9 perdue: Tr\u00e9sor Arch\u00e9ologique Tayrona et Communaut\u00e9s Indig\u00e8nes<\/p>\n<p>Histoire Ancestrale La Cit\u00e9 perdue et communaut\u00e9s autochtones\u00a0est un site arch\u00e9ologique pr\u00e9colombien situ\u00e9 dans la Sierra Nevada de Santa Marta, en Colombie. Son histoire remonte aux Tayrona, une ancienne culture qui y a v\u00e9cu du 6e si\u00e8cle au 16e si\u00e8cle, bien avant Machu Picchu.<\/p>\n<p>Le Paradis de Tayrona Terrasses et sentiers de montagne forment le paradis de Tayrona. Acc\u00e9der \u00e0 La Cit\u00e9 perdue implique de gravir 1200 marches en pierre \u00e0 travers la jungle.<\/p>\n<p>Aventure en Jungle Si vous aimez l&#8217;aventure et \u00eates en bonne forme physique, vous appr\u00e9cierez cette exp\u00e9rience. Des randonn\u00e9es allant jusqu&#8217;\u00e0 6 heures par jour vous attendent dans cette destination d&#8217;aventure et de tourisme arch\u00e9ologique.<\/p>\n<p>Histoire et Abandon La ville poss\u00e9dait des terrasses et des b\u00e2timents en pierre pour l&#8217;habitation et les c\u00e9r\u00e9monies. On ne sait toujours pas pourquoi elle a \u00e9t\u00e9 abandonn\u00e9e, mais des facteurs tels que les conflits et les maladies ont pu y contribuer. L&#8217;arriv\u00e9e des conquistadors a marqu\u00e9 son d\u00e9clin.<\/p>\n<p>Red\u00e9couverte et Pr\u00e9servation La Cit\u00e9 perdue est rest\u00e9e oubli\u00e9e pendant des si\u00e8cles. Dans les ann\u00e9es 1970, des pillards l&#8217;ont red\u00e9couverte. Les autorit\u00e9s colombiennes et les arch\u00e9ologues l&#8217;ont \u00e9tudi\u00e9e et pr\u00e9serv\u00e9e.<\/p>\n<p>Une Fen\u00eatre sur le Pass\u00e9 Aujourd&#8217;hui, La Cit\u00e9 perdue nous rappelle la diversit\u00e9 culturelle de l&#8217;Am\u00e9rique avant l&#8217;arriv\u00e9e des Europ\u00e9ens. Sa red\u00e9couverte nous relie \u00e0 un pass\u00e9 enfoui dans la jungle colombienne. L&#8217;explorer offre un aper\u00e7u unique de la culture Tayrona et de ses structures.<\/p>\n<h4><a href=\"https:\/\/fr.unesco.org\/node\/310235\">Aventure historique au c\u0153ur de la jungle<\/a><\/h4>\n","protected":false},"excerpt":{"rendered":"<h2 style=\"text-align: center;\">Cit\u00e9 perdue et communaut\u00e9s autochtones<\/h2>\n<p><strong>6 jours et 5 nuits<\/strong><\/p>\n<p><strong>Jour 1<\/strong><\/p>\n<p><strong>Santa Marta &#8211; Mamey &#8211; Camp 1<\/strong><\/p>\n<ul>\n<li>D\u00e9part de Santa Marta vers 7h30 environ dans un v\u00e9hicule 4&#215;4. Le trajet durera environ 1 heure pour atteindre notre bureau \u00e0 La Aguacatera.<\/li>\n<li>Une fois arriv\u00e9s \u00e0 La Aguacatera, nous compl\u00e9terons le protocole d&#8217;entr\u00e9e, puis nous nous transf\u00e9rerons dans un v\u00e9hicule 4&#215;4 jusqu&#8217;au village El Mamey.<\/li>\n<li>\u00c0 El Mamey, nous ferons une halte pour d\u00e9guster un d\u00e9licieux d\u00e9jeuner dans le village, afin de recharger nos \u00e9nergies pour le reste de la journ\u00e9e.<\/li>\n<li>Apr\u00e8s le d\u00e9jeuner, nous entamerons une randonn\u00e9e d&#8217;environ trois heures jusqu&#8217;au premier camp. Pendant la randonn\u00e9e, vous pourrez profiter de beaux paysages et vous immerger dans la nature de la r\u00e9gion.<\/li>\n<li>Le soir, nous nous installerons dans des hamacs ou des lits, selon la disponibilit\u00e9, au Camp 1. Ici, vous aurez l&#8217;opportunit\u00e9 de vous reposer et de vous d\u00e9tendre apr\u00e8s la randonn\u00e9e de la journ\u00e9e.<\/li>\n<li>Enfin, nous savourerons le d\u00eener au camp, o\u00f9 vous pourrez partager des exp\u00e9riences avec d&#8217;autres voyageurs et profiter de la tranquillit\u00e9 des environs.<\/li>\n<\/ul>\n<p><strong>Jour 2<\/strong><\/p>\n<p><strong>Camp 1 &#8211; Mutanyi &#8211; Camp 3<\/strong><\/p>\n<ul>\n<li>Nous commencerons la journ\u00e9e par un d\u00e9licieux petit-d\u00e9jeuner au Camp 1 avant de partir pour la Ciudad Perdida.<\/li>\n<li>Nous avons environ quatre heures de voyage devant nous pour explorer la zone arch\u00e9ologique, ethnologique et historique de la Ciudad Perdida. Pendant ce temps, vous pourrez vous immerger dans la richesse culturelle et en apprendre davantage sur l&#8217;histoire de cette ancienne civilisation.<\/li>\n<li>Apr\u00e8s la visite, nous nous rendrons au Camp 3, situ\u00e9 \u00e0 une heure de marche. Ici, vous aurez l&#8217;opportunit\u00e9 de vous reposer et de recharger avant de poursuivre notre voyage.<\/li>\n<li>Nous savourerons un d\u00e9licieux d\u00e9jeuner au Camp 3, o\u00f9 vous pourrez d\u00e9guster des plats locaux.<\/li>\n<li>Apr\u00e8s le d\u00e9jeuner, nous entamerons une randonn\u00e9e d&#8217;environ une heure pour atteindre le troisi\u00e8me camp, appel\u00e9 Asprilla. Ici, nous nous installerons dans des hamacs ou des lits, selon la disponibilit\u00e9, pour la nuit.<\/li>\n<li>Le d\u00eener sera servi au camp, o\u00f9 vous pourrez profiter d&#8217;un repas r\u00e9confortant et partager des exp\u00e9riences avec d&#8217;autres voyageurs.<\/li>\n<\/ul>\n<p><strong>Jour 3<\/strong><\/p>\n<p><strong>Camp 3 &#8211; Ciudad Perdida &#8211; Camp 2<\/strong><\/p>\n<ul>\n<li>D\u00e9part du Camp 3 vers environ 6h00. Nous entamerons une ascension d&#8217;environ une heure vers la Ciudad Perdida, l&#8217;un des sites arch\u00e9ologiques les plus fascinants de la r\u00e9gion.<\/li>\n<li>Une fois \u00e0 la Ciudad Perdida, nous passerons environ 4 heures \u00e0 explorer et \u00e0 en apprendre davantage sur la zone arch\u00e9ologique, ethnologique et historique. Nous en apprendrons plus sur la culture indig\u00e8ne et l&#8217;histoire de cette ancienne installation.<\/li>\n<li>Apr\u00e8s la visite de la Ciudad Perdida, nous retournerons au Camp 3, o\u00f9 nous savourerons un d\u00e9licieux d\u00e9jeuner.<\/li>\n<li>Ensuite, nous entamerons un voyage d&#8217;environ 2 heures pour atteindre le Camp 2. Pendant la randonn\u00e9e, vous pourrez profiter des paysages magnifiques et de la nature luxuriante de la r\u00e9gion.<\/li>\n<li>Au Camp 2, vous passerez la nuit dans des hamacs ou des lits, selon la disponibilit\u00e9. Ici, vous pourrez vous reposer et recharger vos \u00e9nergies pour la suite de l&#8217;aventure.<\/li>\n<\/ul>\n<p><strong>Jour 4<\/strong><\/p>\n<p><strong>D\u00e9but du Tour des Cascades<\/strong><\/p>\n<ul>\n<li>Apr\u00e8s un repos, nous entamerons un voyage de 3 heures pour atteindre la premi\u00e8re cascade, connue sous le nom de La Esmeralda. Ici, nous aurons 40 minutes pour nous \u00e9merveiller devant ce bel endroit et nous rafra\u00eechir dans ses eaux cristallines.<\/li>\n<li>Nous poursuivrons notre randonn\u00e9e pendant environ 1 heure pour atteindre la deuxi\u00e8me cascade, appel\u00e9e El Abanico. L\u00e0, nous pourrons profiter d&#8217;un autre paysage incroyable et nous rafra\u00eechir dans ses eaux.<\/li>\n<li>Apr\u00e8s avoir visit\u00e9 El Abanico, nous marcherons pendant environ 1 heure pour atteindre le Camp 4, connu sous le nom de La Negra, o\u00f9 nous attendra un d\u00e9licieux d\u00e9jeuner. Ici, vous aurez du temps libre pour profiter de la rivi\u00e8re et explorer les environs.<\/li>\n<li>Nous visiterons \u00e9galement la Troisi\u00e8me Cascade, appel\u00e9e Pensamiento Tayrona, et la Quatri\u00e8me Cascade, connue sous le nom de La Cristalina.<\/li>\n<li>Nous passerons la nuit dans des hamacs ou des lits, selon la disponibilit\u00e9, au camp et nous savourerons un d\u00eener r\u00e9confortant.<\/li>\n<\/ul>\n<p><strong>Jour 5<\/strong><\/p>\n<p><strong>Cascades &#8211; Mamey &#8211; Quebrada del Sol<\/strong><\/p>\n<ul>\n<li>D\u00e9part de la Station R\u00edo vers El Mamey, o\u00f9 nous commencerons notre randonn\u00e9e d&#8217;environ 3 heures. Au cours du voyage, vous pourrez profiter de beaux paysages et de la nature luxuriante de la r\u00e9gion.<\/li>\n<li>Une fois arriv\u00e9s \u00e0 El Mamey, nous nous arr\u00eaterons pour d\u00e9guster un d\u00e9licieux d\u00e9jeuner et recharger nos \u00e9nergies.<\/li>\n<li>Ensuite, nous voyagerons en v\u00e9hicule jusqu&#8217;\u00e0 Quebrada del Sol, o\u00f9 vous pourrez profiter d&#8217;un bain rafra\u00eechissant dans la rivi\u00e8re Buritaca, entour\u00e9e d&#8217;un environnement naturel impressionnant.<\/li>\n<li>Une fois \u00e0 Quebrada del Sol, nous nous rendrons \u00e0 l&#8217;auberge du village, o\u00f9 vous pourrez d\u00eener et passer la nuit dans des lits confortables pour une nuit reposante.<\/li>\n<\/ul>\n<p><strong>Jour 6<\/strong><\/p>\n<p><strong>Communaut\u00e9s Indig\u00e8nes &#8211; Santa Marta<\/strong><\/p>\n<ul>\n<li>Petit-d\u00e9jeuner typique dans le village de Quebrada del Sol, o\u00f9 vous serez accueillis par un guide local. Il partagera un bref aper\u00e7u historique de la colonisation du village.<\/li>\n<li>Randonn\u00e9e jusqu&#8217;au village Kogui &#8220;Mulkwakungui&#8221; accompagn\u00e9e d&#8217;un guide Kogui traditionnel, o\u00f9 vous serez accueillis par le &#8220;Mamo&#8221;, la plus haute autorit\u00e9 indig\u00e8ne. Les Koguis vous emm\u00e8neront dans un voyage fascinant \u00e0 travers leur culture et leurs traditions (environ 3 heures).<\/li>\n<li>D\u00e9jeuner paysan traditionnel dans le village de Quebrada del Sol.<br \/>\nAtelier sur la transformation du chocolat et de la malanga<\/li>\n<\/ul>\n<h2>Tarifs et services inclus :<\/h2>\n<ul>\n<li>Transport aller-retour<\/li>\n<li>Repas pour 6 jours (petit-d\u00e9jeuner, d\u00e9jeuner et d\u00eener)<\/li>\n<li>H\u00e9bergement (lits ou hamacs, selon disponibilit\u00e9)<\/li>\n<li>Visites guid\u00e9es<\/li>\n<li>assurance voyage<\/li>\n<li>Contributions aux communaut\u00e9s autochtones et paysannes<\/li>\n<li>Entr\u00e9e au parc arch\u00e9ologique &#8211; ICANH.<\/li>\n<li>Prix\u00a0:\u00a02\u00a0600\u00a0000 $ COP. \u00c0<\/li>\n<li>Des services suppl\u00e9mentaires<\/li>\n<li>Transport des bagages (par section et base<\/li>\n<\/ul>\n","protected":false},"featured_media":2731,"comment_status":"closed","ping_status":"closed","template":"","meta":[],"product_brand":[],"product_cat":[103,110],"product_tag":[100],"class_list":{"0":"post-1552","1":"product","2":"type-product","3":"status-publish","4":"has-post-thumbnail","6":"product_cat-ciudad-perdida","7":"product_cat-experiences","8":"product_tag-experiencias","10":"first","11":"instock","12":"shipping-taxable","13":"purchasable","14":"product-type-simple"},"yoast_head":"<!-- This site is optimized with the Yoast SEO plugin v27.2 - https:\/\/yoast.com\/product\/yoast-seo-wordpress\/ -->\n<title>Cit\u00e9 perdue et communaut\u00e9s autochtones - Ruta Tayrona Tours<\/title>\n<meta name=\"description\" content=\"Cit\u00e9 perdue et communaut\u00e9s autochtones offre la meilleure exp\u00e9rience de trekking en Am\u00e9rique du Sud, vous permettant d&#039;explorer les cultures ancestrales.\" \/>\n<meta name=\"robots\" content=\"index, follow, max-snippet:-1, max-image-preview:large, max-video-preview:-1\" \/>\n<link rel=\"canonical\" href=\"https:\/\/rutatayronatours.com\/fr\/product\/lost-city-plus-indigenous-communities\/\" \/>\n<meta property=\"og:locale\" content=\"fr_FR\" \/>\n<meta property=\"og:type\" content=\"article\" \/>\n<meta property=\"og:title\" content=\"Cit\u00e9 perdue et communaut\u00e9s autochtones - Ruta Tayrona Tours\" \/>\n<meta property=\"og:description\" content=\"Cit\u00e9 perdue et communaut\u00e9s autochtones offre la meilleure exp\u00e9rience de trekking en Am\u00e9rique du Sud, vous permettant d&#039;explorer les cultures ancestrales.\" \/>\n<meta property=\"og:url\" content=\"https:\/\/rutatayronatours.com\/fr\/product\/lost-city-plus-indigenous-communities\/\" \/>\n<meta property=\"og:site_name\" content=\"Ruta Tayrona Tours\" \/>\n<meta property=\"article:publisher\" content=\"https:\/\/www.facebook.com\/riomolinotours2\" \/>\n<meta property=\"article:modified_time\" content=\"2025-01-07T21:44:00+00:00\" \/>\n<meta property=\"og:image\" content=\"https:\/\/rutatayronatours.com\/fr\/wp-content\/uploads\/2023\/09\/Ciudad-Perdida-3.png\" \/>\n\t<meta property=\"og:image:width\" content=\"1200\" \/>\n\t<meta property=\"og:image:height\" content=\"800\" \/>\n\t<meta property=\"og:image:type\" content=\"image\/png\" \/>\n<meta name=\"twitter:card\" content=\"summary_large_image\" \/>\n<meta name=\"twitter:label1\" content=\"Dur\u00e9e de lecture estim\u00e9e\" \/>\n\t<meta name=\"twitter:data1\" content=\"2 minutes\" \/>\n<script type=\"application\/ld+json\" class=\"yoast-schema-graph\">{\"@context\":\"https:\/\/schema.org\",\"@graph\":[{\"@type\":\"WebPage\",\"@id\":\"https:\/\/rutatayronatours.com\/fr\/product\/lost-city-plus-indigenous-communities\/\",\"url\":\"https:\/\/rutatayronatours.com\/fr\/product\/lost-city-plus-indigenous-communities\/\",\"name\":\"Cit\u00e9 perdue et communaut\u00e9s autochtones - Ruta Tayrona Tours\",\"isPartOf\":{\"@id\":\"https:\/\/rutatayronatours.com\/fr\/#website\"},\"primaryImageOfPage\":{\"@id\":\"https:\/\/rutatayronatours.com\/fr\/product\/lost-city-plus-indigenous-communities\/#primaryimage\"},\"image\":{\"@id\":\"https:\/\/rutatayronatours.com\/fr\/product\/lost-city-plus-indigenous-communities\/#primaryimage\"},\"thumbnailUrl\":\"https:\/\/rutatayronatours.com\/fr\/wp-content\/uploads\/2023\/09\/Ciudad-Perdida-3.png\",\"datePublished\":\"2023-03-14T21:18:40+00:00\",\"dateModified\":\"2025-01-07T21:44:00+00:00\",\"description\":\"Cit\u00e9 perdue et communaut\u00e9s autochtones offre la meilleure exp\u00e9rience de trekking en Am\u00e9rique du Sud, vous permettant d'explorer les cultures ancestrales.\",\"breadcrumb\":{\"@id\":\"https:\/\/rutatayronatours.com\/fr\/product\/lost-city-plus-indigenous-communities\/#breadcrumb\"},\"inLanguage\":\"fr-FR\",\"potentialAction\":[{\"@type\":\"ReadAction\",\"target\":[\"https:\/\/rutatayronatours.com\/fr\/product\/lost-city-plus-indigenous-communities\/\"]}]},{\"@type\":\"ImageObject\",\"inLanguage\":\"fr-FR\",\"@id\":\"https:\/\/rutatayronatours.com\/fr\/product\/lost-city-plus-indigenous-communities\/#primaryimage\",\"url\":\"https:\/\/rutatayronatours.com\/fr\/wp-content\/uploads\/2023\/09\/Ciudad-Perdida-3.png\",\"contentUrl\":\"https:\/\/rutatayronatours.com\/fr\/wp-content\/uploads\/2023\/09\/Ciudad-Perdida-3.png\",\"width\":1200,\"height\":800,\"caption\":\"Reserva aqu\u00ed tu tour a Ciudad Perdida mas Comunidades Indigenas\"},{\"@type\":\"BreadcrumbList\",\"@id\":\"https:\/\/rutatayronatours.com\/fr\/product\/lost-city-plus-indigenous-communities\/#breadcrumb\",\"itemListElement\":[{\"@type\":\"ListItem\",\"position\":1,\"name\":\"Portada\",\"item\":\"https:\/\/rutatayronatours.com\/fr\/\"},{\"@type\":\"ListItem\",\"position\":2,\"name\":\"Shop\",\"item\":\"https:\/\/rutatayronatours.com\/fr\/shop\/\"},{\"@type\":\"ListItem\",\"position\":3,\"name\":\"Cit\u00e9 perdue et communaut\u00e9s autochtones\"}]},{\"@type\":\"WebSite\",\"@id\":\"https:\/\/rutatayronatours.com\/fr\/#website\",\"url\":\"https:\/\/rutatayronatours.com\/fr\/\",\"name\":\"Ruta Tayrona Tours\",\"description\":\"Experiencias y tours del caribe Colombiano\",\"publisher\":{\"@id\":\"https:\/\/rutatayronatours.com\/fr\/#organization\"},\"potentialAction\":[{\"@type\":\"SearchAction\",\"target\":{\"@type\":\"EntryPoint\",\"urlTemplate\":\"https:\/\/rutatayronatours.com\/fr\/?s={search_term_string}\"},\"query-input\":{\"@type\":\"PropertyValueSpecification\",\"valueRequired\":true,\"valueName\":\"search_term_string\"}}],\"inLanguage\":\"fr-FR\"},{\"@type\":\"Organization\",\"@id\":\"https:\/\/rutatayronatours.com\/fr\/#organization\",\"name\":\"Ruta Tayrona Tours\",\"url\":\"https:\/\/rutatayronatours.com\/fr\/\",\"logo\":{\"@type\":\"ImageObject\",\"inLanguage\":\"fr-FR\",\"@id\":\"https:\/\/rutatayronatours.com\/fr\/#\/schema\/logo\/image\/\",\"url\":\"https:\/\/rutatayronatours.com\/fr\/wp-content\/uploads\/2023\/02\/Ruta-Tayrona-Tours.png\",\"contentUrl\":\"https:\/\/rutatayronatours.com\/fr\/wp-content\/uploads\/2023\/02\/Ruta-Tayrona-Tours.png\",\"width\":348,\"height\":85,\"caption\":\"Ruta Tayrona Tours\"},\"image\":{\"@id\":\"https:\/\/rutatayronatours.com\/fr\/#\/schema\/logo\/image\/\"},\"sameAs\":[\"https:\/\/www.facebook.com\/riomolinotours2\",\"https:\/\/www.instagram.com\/rutatayronatours\/\",\"https:\/\/api.whatsapp.com\/send?phone=573145502928\"]}]}<\/script>\n<!-- \/ Yoast SEO plugin. -->","yoast_head_json":{"title":"Cit\u00e9 perdue et communaut\u00e9s autochtones - Ruta Tayrona Tours","description":"Cit\u00e9 perdue et communaut\u00e9s autochtones offre la meilleure exp\u00e9rience de trekking en Am\u00e9rique du Sud, vous permettant d'explorer les cultures ancestrales.","robots":{"index":"index","follow":"follow","max-snippet":"max-snippet:-1","max-image-preview":"max-image-preview:large","max-video-preview":"max-video-preview:-1"},"canonical":"https:\/\/rutatayronatours.com\/fr\/product\/lost-city-plus-indigenous-communities\/","og_locale":"fr_FR","og_type":"article","og_title":"Cit\u00e9 perdue et communaut\u00e9s autochtones - Ruta Tayrona Tours","og_description":"Cit\u00e9 perdue et communaut\u00e9s autochtones offre la meilleure exp\u00e9rience de trekking en Am\u00e9rique du Sud, vous permettant d'explorer les cultures ancestrales.","og_url":"https:\/\/rutatayronatours.com\/fr\/product\/lost-city-plus-indigenous-communities\/","og_site_name":"Ruta Tayrona Tours","article_publisher":"https:\/\/www.facebook.com\/riomolinotours2","article_modified_time":"2025-01-07T21:44:00+00:00","og_image":[{"width":1200,"height":800,"url":"https:\/\/rutatayronatours.com\/fr\/wp-content\/uploads\/2023\/09\/Ciudad-Perdida-3.png","type":"image\/png"}],"twitter_card":"summary_large_image","twitter_misc":{"Dur\u00e9e de lecture estim\u00e9e":"2 minutes"},"schema":{"@context":"https:\/\/schema.org","@graph":[{"@type":"WebPage","@id":"https:\/\/rutatayronatours.com\/fr\/product\/lost-city-plus-indigenous-communities\/","url":"https:\/\/rutatayronatours.com\/fr\/product\/lost-city-plus-indigenous-communities\/","name":"Cit\u00e9 perdue et communaut\u00e9s autochtones - Ruta Tayrona Tours","isPartOf":{"@id":"https:\/\/rutatayronatours.com\/fr\/#website"},"primaryImageOfPage":{"@id":"https:\/\/rutatayronatours.com\/fr\/product\/lost-city-plus-indigenous-communities\/#primaryimage"},"image":{"@id":"https:\/\/rutatayronatours.com\/fr\/product\/lost-city-plus-indigenous-communities\/#primaryimage"},"thumbnailUrl":"https:\/\/rutatayronatours.com\/fr\/wp-content\/uploads\/2023\/09\/Ciudad-Perdida-3.png","datePublished":"2023-03-14T21:18:40+00:00","dateModified":"2025-01-07T21:44:00+00:00","description":"Cit\u00e9 perdue et communaut\u00e9s autochtones offre la meilleure exp\u00e9rience de trekking en Am\u00e9rique du Sud, vous permettant d'explorer les cultures ancestrales.","breadcrumb":{"@id":"https:\/\/rutatayronatours.com\/fr\/product\/lost-city-plus-indigenous-communities\/#breadcrumb"},"inLanguage":"fr-FR","potentialAction":[{"@type":"ReadAction","target":["https:\/\/rutatayronatours.com\/fr\/product\/lost-city-plus-indigenous-communities\/"]}]},{"@type":"ImageObject","inLanguage":"fr-FR","@id":"https:\/\/rutatayronatours.com\/fr\/product\/lost-city-plus-indigenous-communities\/#primaryimage","url":"https:\/\/rutatayronatours.com\/fr\/wp-content\/uploads\/2023\/09\/Ciudad-Perdida-3.png","contentUrl":"https:\/\/rutatayronatours.com\/fr\/wp-content\/uploads\/2023\/09\/Ciudad-Perdida-3.png","width":1200,"height":800,"caption":"Reserva aqu\u00ed tu tour a Ciudad Perdida mas Comunidades Indigenas"},{"@type":"BreadcrumbList","@id":"https:\/\/rutatayronatours.com\/fr\/product\/lost-city-plus-indigenous-communities\/#breadcrumb","itemListElement":[{"@type":"ListItem","position":1,"name":"Portada","item":"https:\/\/rutatayronatours.com\/fr\/"},{"@type":"ListItem","position":2,"name":"Shop","item":"https:\/\/rutatayronatours.com\/fr\/shop\/"},{"@type":"ListItem","position":3,"name":"Cit\u00e9 perdue et communaut\u00e9s autochtones"}]},{"@type":"WebSite","@id":"https:\/\/rutatayronatours.com\/fr\/#website","url":"https:\/\/rutatayronatours.com\/fr\/","name":"Ruta Tayrona Tours","description":"Experiencias y tours del caribe Colombiano","publisher":{"@id":"https:\/\/rutatayronatours.com\/fr\/#organization"},"potentialAction":[{"@type":"SearchAction","target":{"@type":"EntryPoint","urlTemplate":"https:\/\/rutatayronatours.com\/fr\/?s={search_term_string}"},"query-input":{"@type":"PropertyValueSpecification","valueRequired":true,"valueName":"search_term_string"}}],"inLanguage":"fr-FR"},{"@type":"Organization","@id":"https:\/\/rutatayronatours.com\/fr\/#organization","name":"Ruta Tayrona Tours","url":"https:\/\/rutatayronatours.com\/fr\/","logo":{"@type":"ImageObject","inLanguage":"fr-FR","@id":"https:\/\/rutatayronatours.com\/fr\/#\/schema\/logo\/image\/","url":"https:\/\/rutatayronatours.com\/fr\/wp-content\/uploads\/2023\/02\/Ruta-Tayrona-Tours.png","contentUrl":"https:\/\/rutatayronatours.com\/fr\/wp-content\/uploads\/2023\/02\/Ruta-Tayrona-Tours.png","width":348,"height":85,"caption":"Ruta Tayrona Tours"},"image":{"@id":"https:\/\/rutatayronatours.com\/fr\/#\/schema\/logo\/image\/"},"sameAs":["https:\/\/www.facebook.com\/riomolinotours2","https:\/\/www.instagram.com\/rutatayronatours\/","https:\/\/api.whatsapp.com\/send?phone=573145502928"]}]}},"_links":{"self":[{"href":"https:\/\/rutatayronatours.com\/fr\/wp-json\/wp\/v2\/product\/1552","targetHints":{"allow":["GET"]}}],"collection":[{"href":"https:\/\/rutatayronatours.com\/fr\/wp-json\/wp\/v2\/product"}],"about":[{"href":"https:\/\/rutatayronatours.com\/fr\/wp-json\/wp\/v2\/types\/product"}],"replies":[{"embeddable":true,"href":"https:\/\/rutatayronatours.com\/fr\/wp-json\/wp\/v2\/comments?post=1552"}],"version-history":[{"count":9,"href":"https:\/\/rutatayronatours.com\/fr\/wp-json\/wp\/v2\/product\/1552\/revisions"}],"predecessor-version":[{"id":3578,"href":"https:\/\/rutatayronatours.com\/fr\/wp-json\/wp\/v2\/product\/1552\/revisions\/3578"}],"wp:featuredmedia":[{"embeddable":true,"href":"https:\/\/rutatayronatours.com\/fr\/wp-json\/wp\/v2\/media\/2731"}],"wp:attachment":[{"href":"https:\/\/rutatayronatours.com\/fr\/wp-json\/wp\/v2\/media?parent=1552"}],"wp:term":[{"taxonomy":"product_brand","embeddable":true,"href":"https:\/\/rutatayronatours.com\/fr\/wp-json\/wp\/v2\/product_brand?post=1552"},{"taxonomy":"product_cat","embeddable":true,"href":"https:\/\/rutatayronatours.com\/fr\/wp-json\/wp\/v2\/product_cat?post=1552"},{"taxonomy":"product_tag","embeddable":true,"href":"https:\/\/rutatayronatours.com\/fr\/wp-json\/wp\/v2\/product_tag?post=1552"}],"curies":[{"name":"wp","href":"https:\/\/api.w.org\/{rel}","templated":true}]}}