{"id":1562,"date":"2023-03-14T16:18:40","date_gmt":"2023-03-14T21:18:40","guid":{"rendered":"https:\/\/rutatayronatours.com\/fr\/?post_type=product&#038;p=1562"},"modified":"2025-01-07T16:44:00","modified_gmt":"2025-01-07T21:44:00","slug":"fermes-de-cafe-minca","status":"publish","type":"product","link":"https:\/\/rutatayronatours.com\/fr\/product\/fermes-de-cafe-minca\/","title":{"rendered":"Fermes de caf\u00e9 de Minca"},"content":{"rendered":"<h3 style=\"text-align: center;\"><a href=\"https:\/\/rutatayronatours.com\/fr\/minca-un-destino-inolvidable-entre-la-historia-y-la-naturaleza-de-la-sierra-nevada\/\">Fermes de caf\u00e9 de Minca<\/a><\/h3>\n<p>Explorez les fermes de caf\u00e9 de Minca dans la Sierra Nevada, o\u00f9 vous aurez l&#8217;opportunit\u00e9 de vous immerger dans la culture et l&#8217;histoire des communaut\u00e9s indig\u00e8nes, telles que les Arhuaco, <a href=\"https:\/\/rutatayronatours.com\/fr\/comunidades-indigenas-de-la-sierra-nevada-de-santa-marta\/\">Kogui<\/a>, Tayrona, Wiwa et Kankuamo. Ces communaut\u00e9s habitent ces terres depuis des si\u00e8cles et jouent un r\u00f4le crucial dans la pr\u00e9servation de cet \u00e9cosyst\u00e8me unique. Vous d\u00e9couvrirez \u00e9galement la riche flore et faune de la r\u00e9gion, avec la possibilit\u00e9 d&#8217;observer des esp\u00e8ces end\u00e9miques et de profiter de la luxuriante for\u00eat tropicale.<\/p>\n<p>Nos guides locaux hautement qualifi\u00e9s seront \u00e0 votre service pour vous offrir une exp\u00e9rience enrichissante et s\u00e9curis\u00e9e. Des randonn\u00e9es passionnantes le long de sentiers naturels \u00e0 l&#8217;apprentissage des traditions des communaut\u00e9s indig\u00e8nes, nous sommes convaincus que votre visite \u00e0 la Sierra Nevada de Santa Marta sera inoubliable. Veillez toujours \u00e0 \u00eatre respectueux de l&#8217;environnement et \u00e0 suivre les instructions de vos guides pour garantir la pr\u00e9servation de ce tr\u00e9sor naturel pour les g\u00e9n\u00e9rations futures.<\/p>\n<p>Minca est connue comme la capitale \u00e9cologique de la Sierra Nevada de Santa Marta, un endroit unique dans la r\u00e9gion des Cara\u00efbes en raison de sa diversit\u00e9 de produits agricoles. Ici, vous pouvez profiter de paysages vari\u00e9s, de randonn\u00e9es \u00e9cologiques, apprendre le processus artisanal du caf\u00e9 biologique, observer quelques esp\u00e8ces d&#8217;oiseaux et vous rafra\u00eechir en nageant dans l&#8217;une des cascades descendant de la Sierra Nevada. (Randonn\u00e9e d&#8217;une journ\u00e9e compl\u00e8te &#8211; Caf\u00e9 &#8211; Cascades).<\/p>\n","protected":false},"excerpt":{"rendered":"<h3>Pass Journ\u00e9e Minca 4 Destinations<\/h3>\n<ul>\n<li>9h30 : Nous arrivons aux Minca Coffee Farms, o\u00f9 vous pourrez profiter de la nature et des eaux cristallines qui caract\u00e9risent ce lieu magique de la Sierra Nevada de Santa Marta.<\/li>\n<li>10h00 : Visite guid\u00e9e de la ferme de caf\u00e9 La Victoria, o\u00f9 vous pourrez d\u00e9couvrir la culture du caf\u00e9 et ses diff\u00e9rents processus depuis la plantation jusqu&#8217;\u00e0 l&#8217;exportation.<\/li>\n<li>12h30 : Profitez d&#8217;un d\u00e9jeuner typiquement r\u00e9gional dans un restaurant avec une vue magnifique et la tranquillit\u00e9 de la nature environnante.<\/li>\n<li>14h00 : Visitez les cascades de Marinka, o\u00f9 vous pourrez passer un moment magique en vous baignant et en vous connectant avec la nature.<\/li>\n<li>17h00 : Retour \u00e0 l&#8217;h\u00f4tel, conclusion de l&#8217;exp\u00e9rience Minca Coffee Farms.<\/li>\n<\/ul>\n<h2>Tarifs et services inclus :<\/h2>\n<ul>\n<li>transport 4&#215;4<\/li>\n<li>D\u00e9jeuner<\/li>\n<li>Assurance<\/li>\n<li>Logistique<\/li>\n<li>Guide<\/li>\n<li>Entr\u00e9e aux diff\u00e9rentes destinations.<\/li>\n<\/ul>\n","protected":false},"featured_media":2264,"comment_status":"closed","ping_status":"closed","template":"","meta":[],"product_brand":[],"product_cat":[110,105],"product_tag":[100],"class_list":{"0":"post-1562","1":"product","2":"type-product","3":"status-publish","4":"has-post-thumbnail","6":"product_cat-experiences","7":"product_cat-santa-marta","8":"product_tag-experiencias","10":"first","11":"instock","12":"shipping-taxable","13":"purchasable","14":"product-type-simple"},"yoast_head":"<!-- This site is optimized with the Yoast SEO plugin v27.2 - https:\/\/yoast.com\/product\/yoast-seo-wordpress\/ -->\n<title>Fermes de caf\u00e9 de Minca - Ruta Tayrona Tours<\/title>\n<meta name=\"description\" content=\"Fermes de caf\u00e9 de Minca est la capitale \u00e9cologique de la Sierra Nevada, o\u00f9 vous pourrez vous immerger dans la culture du caf\u00e9 et profiter de ses cascades.\" \/>\n<meta name=\"robots\" content=\"index, follow, max-snippet:-1, max-image-preview:large, max-video-preview:-1\" \/>\n<link rel=\"canonical\" href=\"https:\/\/rutatayronatours.com\/fr\/product\/fermes-de-cafe-minca\/\" \/>\n<meta property=\"og:locale\" content=\"fr_FR\" \/>\n<meta property=\"og:type\" content=\"article\" \/>\n<meta property=\"og:title\" content=\"Fermes de caf\u00e9 de Minca - Ruta Tayrona Tours\" \/>\n<meta property=\"og:description\" content=\"Fermes de caf\u00e9 de Minca est la capitale \u00e9cologique de la Sierra Nevada, o\u00f9 vous pourrez vous immerger dans la culture du caf\u00e9 et profiter de ses cascades.\" \/>\n<meta property=\"og:url\" content=\"https:\/\/rutatayronatours.com\/fr\/product\/fermes-de-cafe-minca\/\" \/>\n<meta property=\"og:site_name\" content=\"Ruta Tayrona Tours\" \/>\n<meta property=\"article:publisher\" content=\"https:\/\/www.facebook.com\/riomolinotours2\" \/>\n<meta property=\"article:modified_time\" content=\"2025-01-07T21:44:00+00:00\" \/>\n<meta property=\"og:image\" content=\"https:\/\/rutatayronatours.com\/fr\/wp-content\/uploads\/2023\/09\/07_-Minca-un-destino-inolvidable-entre-la-Historia-y-la-Naturaleza-de-la-Sierra-Nevada.jpg\" \/>\n\t<meta property=\"og:image:width\" content=\"1200\" \/>\n\t<meta property=\"og:image:height\" content=\"800\" \/>\n\t<meta property=\"og:image:type\" content=\"image\/jpeg\" \/>\n<meta name=\"twitter:card\" content=\"summary_large_image\" \/>\n<meta name=\"twitter:label1\" content=\"Dur\u00e9e de lecture estim\u00e9e\" \/>\n\t<meta name=\"twitter:data1\" content=\"2 minutes\" \/>\n<script type=\"application\/ld+json\" class=\"yoast-schema-graph\">{\"@context\":\"https:\/\/schema.org\",\"@graph\":[{\"@type\":\"WebPage\",\"@id\":\"https:\/\/rutatayronatours.com\/fr\/product\/fermes-de-cafe-minca\/\",\"url\":\"https:\/\/rutatayronatours.com\/fr\/product\/fermes-de-cafe-minca\/\",\"name\":\"Fermes de caf\u00e9 de Minca - Ruta Tayrona Tours\",\"isPartOf\":{\"@id\":\"https:\/\/rutatayronatours.com\/fr\/#website\"},\"primaryImageOfPage\":{\"@id\":\"https:\/\/rutatayronatours.com\/fr\/product\/fermes-de-cafe-minca\/#primaryimage\"},\"image\":{\"@id\":\"https:\/\/rutatayronatours.com\/fr\/product\/fermes-de-cafe-minca\/#primaryimage\"},\"thumbnailUrl\":\"https:\/\/rutatayronatours.com\/fr\/wp-content\/uploads\/2023\/09\/07_-Minca-un-destino-inolvidable-entre-la-Historia-y-la-Naturaleza-de-la-Sierra-Nevada.jpg\",\"datePublished\":\"2023-03-14T21:18:40+00:00\",\"dateModified\":\"2025-01-07T21:44:00+00:00\",\"description\":\"Fermes de caf\u00e9 de Minca est la capitale \u00e9cologique de la Sierra Nevada, o\u00f9 vous pourrez vous immerger dans la culture du caf\u00e9 et profiter de ses cascades.\",\"breadcrumb\":{\"@id\":\"https:\/\/rutatayronatours.com\/fr\/product\/fermes-de-cafe-minca\/#breadcrumb\"},\"inLanguage\":\"fr-FR\",\"potentialAction\":[{\"@type\":\"ReadAction\",\"target\":[\"https:\/\/rutatayronatours.com\/fr\/product\/fermes-de-cafe-minca\/\"]}]},{\"@type\":\"ImageObject\",\"inLanguage\":\"fr-FR\",\"@id\":\"https:\/\/rutatayronatours.com\/fr\/product\/fermes-de-cafe-minca\/#primaryimage\",\"url\":\"https:\/\/rutatayronatours.com\/fr\/wp-content\/uploads\/2023\/09\/07_-Minca-un-destino-inolvidable-entre-la-Historia-y-la-Naturaleza-de-la-Sierra-Nevada.jpg\",\"contentUrl\":\"https:\/\/rutatayronatours.com\/fr\/wp-content\/uploads\/2023\/09\/07_-Minca-un-destino-inolvidable-entre-la-Historia-y-la-Naturaleza-de-la-Sierra-Nevada.jpg\",\"width\":1200,\"height\":800,\"caption\":\"Reserva aqu\u00ed el tour a Minca Fincas Cafeteras\"},{\"@type\":\"BreadcrumbList\",\"@id\":\"https:\/\/rutatayronatours.com\/fr\/product\/fermes-de-cafe-minca\/#breadcrumb\",\"itemListElement\":[{\"@type\":\"ListItem\",\"position\":1,\"name\":\"Portada\",\"item\":\"https:\/\/rutatayronatours.com\/fr\/\"},{\"@type\":\"ListItem\",\"position\":2,\"name\":\"Shop\",\"item\":\"https:\/\/rutatayronatours.com\/fr\/shop\/\"},{\"@type\":\"ListItem\",\"position\":3,\"name\":\"Fermes de caf\u00e9 de Minca\"}]},{\"@type\":\"WebSite\",\"@id\":\"https:\/\/rutatayronatours.com\/fr\/#website\",\"url\":\"https:\/\/rutatayronatours.com\/fr\/\",\"name\":\"Ruta Tayrona Tours\",\"description\":\"Experiencias y tours del caribe Colombiano\",\"publisher\":{\"@id\":\"https:\/\/rutatayronatours.com\/fr\/#organization\"},\"potentialAction\":[{\"@type\":\"SearchAction\",\"target\":{\"@type\":\"EntryPoint\",\"urlTemplate\":\"https:\/\/rutatayronatours.com\/fr\/?s={search_term_string}\"},\"query-input\":{\"@type\":\"PropertyValueSpecification\",\"valueRequired\":true,\"valueName\":\"search_term_string\"}}],\"inLanguage\":\"fr-FR\"},{\"@type\":\"Organization\",\"@id\":\"https:\/\/rutatayronatours.com\/fr\/#organization\",\"name\":\"Ruta Tayrona Tours\",\"url\":\"https:\/\/rutatayronatours.com\/fr\/\",\"logo\":{\"@type\":\"ImageObject\",\"inLanguage\":\"fr-FR\",\"@id\":\"https:\/\/rutatayronatours.com\/fr\/#\/schema\/logo\/image\/\",\"url\":\"https:\/\/rutatayronatours.com\/fr\/wp-content\/uploads\/2023\/02\/Ruta-Tayrona-Tours.png\",\"contentUrl\":\"https:\/\/rutatayronatours.com\/fr\/wp-content\/uploads\/2023\/02\/Ruta-Tayrona-Tours.png\",\"width\":348,\"height\":85,\"caption\":\"Ruta Tayrona Tours\"},\"image\":{\"@id\":\"https:\/\/rutatayronatours.com\/fr\/#\/schema\/logo\/image\/\"},\"sameAs\":[\"https:\/\/www.facebook.com\/riomolinotours2\",\"https:\/\/www.instagram.com\/rutatayronatours\/\",\"https:\/\/api.whatsapp.com\/send?phone=573145502928\"]}]}<\/script>\n<!-- \/ Yoast SEO plugin. -->","yoast_head_json":{"title":"Fermes de caf\u00e9 de Minca - Ruta Tayrona Tours","description":"Fermes de caf\u00e9 de Minca est la capitale \u00e9cologique de la Sierra Nevada, o\u00f9 vous pourrez vous immerger dans la culture du caf\u00e9 et profiter de ses cascades.","robots":{"index":"index","follow":"follow","max-snippet":"max-snippet:-1","max-image-preview":"max-image-preview:large","max-video-preview":"max-video-preview:-1"},"canonical":"https:\/\/rutatayronatours.com\/fr\/product\/fermes-de-cafe-minca\/","og_locale":"fr_FR","og_type":"article","og_title":"Fermes de caf\u00e9 de Minca - Ruta Tayrona Tours","og_description":"Fermes de caf\u00e9 de Minca est la capitale \u00e9cologique de la Sierra Nevada, o\u00f9 vous pourrez vous immerger dans la culture du caf\u00e9 et profiter de ses cascades.","og_url":"https:\/\/rutatayronatours.com\/fr\/product\/fermes-de-cafe-minca\/","og_site_name":"Ruta Tayrona Tours","article_publisher":"https:\/\/www.facebook.com\/riomolinotours2","article_modified_time":"2025-01-07T21:44:00+00:00","og_image":[{"width":1200,"height":800,"url":"https:\/\/rutatayronatours.com\/fr\/wp-content\/uploads\/2023\/09\/07_-Minca-un-destino-inolvidable-entre-la-Historia-y-la-Naturaleza-de-la-Sierra-Nevada.jpg","type":"image\/jpeg"}],"twitter_card":"summary_large_image","twitter_misc":{"Dur\u00e9e de lecture estim\u00e9e":"2 minutes"},"schema":{"@context":"https:\/\/schema.org","@graph":[{"@type":"WebPage","@id":"https:\/\/rutatayronatours.com\/fr\/product\/fermes-de-cafe-minca\/","url":"https:\/\/rutatayronatours.com\/fr\/product\/fermes-de-cafe-minca\/","name":"Fermes de caf\u00e9 de Minca - Ruta Tayrona Tours","isPartOf":{"@id":"https:\/\/rutatayronatours.com\/fr\/#website"},"primaryImageOfPage":{"@id":"https:\/\/rutatayronatours.com\/fr\/product\/fermes-de-cafe-minca\/#primaryimage"},"image":{"@id":"https:\/\/rutatayronatours.com\/fr\/product\/fermes-de-cafe-minca\/#primaryimage"},"thumbnailUrl":"https:\/\/rutatayronatours.com\/fr\/wp-content\/uploads\/2023\/09\/07_-Minca-un-destino-inolvidable-entre-la-Historia-y-la-Naturaleza-de-la-Sierra-Nevada.jpg","datePublished":"2023-03-14T21:18:40+00:00","dateModified":"2025-01-07T21:44:00+00:00","description":"Fermes de caf\u00e9 de Minca est la capitale \u00e9cologique de la Sierra Nevada, o\u00f9 vous pourrez vous immerger dans la culture du caf\u00e9 et profiter de ses cascades.","breadcrumb":{"@id":"https:\/\/rutatayronatours.com\/fr\/product\/fermes-de-cafe-minca\/#breadcrumb"},"inLanguage":"fr-FR","potentialAction":[{"@type":"ReadAction","target":["https:\/\/rutatayronatours.com\/fr\/product\/fermes-de-cafe-minca\/"]}]},{"@type":"ImageObject","inLanguage":"fr-FR","@id":"https:\/\/rutatayronatours.com\/fr\/product\/fermes-de-cafe-minca\/#primaryimage","url":"https:\/\/rutatayronatours.com\/fr\/wp-content\/uploads\/2023\/09\/07_-Minca-un-destino-inolvidable-entre-la-Historia-y-la-Naturaleza-de-la-Sierra-Nevada.jpg","contentUrl":"https:\/\/rutatayronatours.com\/fr\/wp-content\/uploads\/2023\/09\/07_-Minca-un-destino-inolvidable-entre-la-Historia-y-la-Naturaleza-de-la-Sierra-Nevada.jpg","width":1200,"height":800,"caption":"Reserva aqu\u00ed el tour a Minca Fincas Cafeteras"},{"@type":"BreadcrumbList","@id":"https:\/\/rutatayronatours.com\/fr\/product\/fermes-de-cafe-minca\/#breadcrumb","itemListElement":[{"@type":"ListItem","position":1,"name":"Portada","item":"https:\/\/rutatayronatours.com\/fr\/"},{"@type":"ListItem","position":2,"name":"Shop","item":"https:\/\/rutatayronatours.com\/fr\/shop\/"},{"@type":"ListItem","position":3,"name":"Fermes de caf\u00e9 de Minca"}]},{"@type":"WebSite","@id":"https:\/\/rutatayronatours.com\/fr\/#website","url":"https:\/\/rutatayronatours.com\/fr\/","name":"Ruta Tayrona Tours","description":"Experiencias y tours del caribe Colombiano","publisher":{"@id":"https:\/\/rutatayronatours.com\/fr\/#organization"},"potentialAction":[{"@type":"SearchAction","target":{"@type":"EntryPoint","urlTemplate":"https:\/\/rutatayronatours.com\/fr\/?s={search_term_string}"},"query-input":{"@type":"PropertyValueSpecification","valueRequired":true,"valueName":"search_term_string"}}],"inLanguage":"fr-FR"},{"@type":"Organization","@id":"https:\/\/rutatayronatours.com\/fr\/#organization","name":"Ruta Tayrona Tours","url":"https:\/\/rutatayronatours.com\/fr\/","logo":{"@type":"ImageObject","inLanguage":"fr-FR","@id":"https:\/\/rutatayronatours.com\/fr\/#\/schema\/logo\/image\/","url":"https:\/\/rutatayronatours.com\/fr\/wp-content\/uploads\/2023\/02\/Ruta-Tayrona-Tours.png","contentUrl":"https:\/\/rutatayronatours.com\/fr\/wp-content\/uploads\/2023\/02\/Ruta-Tayrona-Tours.png","width":348,"height":85,"caption":"Ruta Tayrona Tours"},"image":{"@id":"https:\/\/rutatayronatours.com\/fr\/#\/schema\/logo\/image\/"},"sameAs":["https:\/\/www.facebook.com\/riomolinotours2","https:\/\/www.instagram.com\/rutatayronatours\/","https:\/\/api.whatsapp.com\/send?phone=573145502928"]}]}},"_links":{"self":[{"href":"https:\/\/rutatayronatours.com\/fr\/wp-json\/wp\/v2\/product\/1562","targetHints":{"allow":["GET"]}}],"collection":[{"href":"https:\/\/rutatayronatours.com\/fr\/wp-json\/wp\/v2\/product"}],"about":[{"href":"https:\/\/rutatayronatours.com\/fr\/wp-json\/wp\/v2\/types\/product"}],"replies":[{"embeddable":true,"href":"https:\/\/rutatayronatours.com\/fr\/wp-json\/wp\/v2\/comments?post=1562"}],"version-history":[{"count":8,"href":"https:\/\/rutatayronatours.com\/fr\/wp-json\/wp\/v2\/product\/1562\/revisions"}],"predecessor-version":[{"id":3529,"href":"https:\/\/rutatayronatours.com\/fr\/wp-json\/wp\/v2\/product\/1562\/revisions\/3529"}],"wp:featuredmedia":[{"embeddable":true,"href":"https:\/\/rutatayronatours.com\/fr\/wp-json\/wp\/v2\/media\/2264"}],"wp:attachment":[{"href":"https:\/\/rutatayronatours.com\/fr\/wp-json\/wp\/v2\/media?parent=1562"}],"wp:term":[{"taxonomy":"product_brand","embeddable":true,"href":"https:\/\/rutatayronatours.com\/fr\/wp-json\/wp\/v2\/product_brand?post=1562"},{"taxonomy":"product_cat","embeddable":true,"href":"https:\/\/rutatayronatours.com\/fr\/wp-json\/wp\/v2\/product_cat?post=1562"},{"taxonomy":"product_tag","embeddable":true,"href":"https:\/\/rutatayronatours.com\/fr\/wp-json\/wp\/v2\/product_tag?post=1562"}],"curies":[{"name":"wp","href":"https:\/\/api.w.org\/{rel}","templated":true}]}}