{"id":2141,"date":"2023-08-29T12:15:42","date_gmt":"2023-08-29T17:15:42","guid":{"rendered":"https:\/\/rutatayronatours.com\/fr\/?post_type=product&#038;p=2141"},"modified":"2025-01-07T16:43:51","modified_gmt":"2025-01-07T21:43:51","slug":"expedition-cabo-san-juan-tayrona","status":"publish","type":"product","link":"https:\/\/rutatayronatours.com\/fr\/product\/expedition-cabo-san-juan-tayrona\/","title":{"rendered":"Exp\u00e9dition \u00e0 Cabo San Juan et Tayrona"},"content":{"rendered":"<h2>Exp\u00e9dition \u00e0 Cabo San Juan et Tayrona<\/h2>\n<h2>Bienvenue \u00e0 Cabo San Juan &amp; Tayrona Expedition, un coin de paradis sur la c\u00f4te cara\u00efbe de la Colombie !<\/h2>\n<p>With the Cabo San Juan &amp; Tayrona Expedition tour, immerse yourself in the lush rainforest, relax on white sandy beaches, and discover the richness of the biodiversity that inhabits this unique place. Together, we will explore the natural and cultural treasures that make Tayrona Park an unparalleled destination. Get ready to unveil the secrets of this paradisiacal enclave and be captivated by its untamed magic on the Parque Tayrona &amp; Indigenous Communities tour!<\/p>\n<h3>Parc naturel national Tayrona<\/h3>\n<p>Le Parc National Naturel de Tayrona est une r\u00e9serve naturelle situ\u00e9e sur la c\u00f4te carib\u00e9enne de la Colombie, renomm\u00e9e pour sa luxuriante beaut\u00e9 naturelle et sa diversit\u00e9 \u00e9cologique. Il est connu pour abriter une grande vari\u00e9t\u00e9 de flore et de faune, dont beaucoup sont end\u00e9miques et uniques \u00e0 la r\u00e9gion. La pr\u00e9sence de diff\u00e9rents \u00e9cosyst\u00e8mes, tels que les mangroves, les for\u00eats tropicales et les r\u00e9cifs coralliens, contribue \u00e0 sa richesse biologique. De plus, le parc est habit\u00e9 par la communaut\u00e9 indig\u00e8ne Kogui, qui vit dans la r\u00e9gion depuis des si\u00e8cles et entretient un profond lien spirituel avec la terre. Ses plages, comme Arrecifes, Cabo San Juan del Gu\u00eda et Playa Cristal, sont des destinations populaires, id\u00e9ales pour profiter d&#8217;eaux calmes pour la baignade, la plong\u00e9e en apn\u00e9e et la d\u00e9tente dans un environnement naturel \u00e9poustouflant. Bien que le parc offre une beaut\u00e9 in\u00e9gal\u00e9e, il est important de noter que l&#8217;acc\u00e8s peut n\u00e9cessiter des randonn\u00e9es sur des sentiers parfois exigeants, et la conservation et le respect de l&#8217;environnement naturel et culturel sont encourag\u00e9s. D\u00e9couvrez-le avec le tour Cabo San Juan &amp; Tayrona Expedition.<\/p>\n<h3><a href=\"https:\/\/ich.unesco.org\/fr\/RL\/le-systeme-ancestral-de-connaissances-des-quatre-peuples-autochtones-arhuaco-kankuamo-kogi-et-wiwa-de-la-sierra-nevada-de-santa-marta-01886?RL=01886\">La Sierra Nevada de Santa Marta<\/a><\/h3>\n<p>La Sierra Nevada de Santa Marta, situ\u00e9e en Colombie, est une merveille naturelle et culturelle qui abrite une diversit\u00e9 de communaut\u00e9s indig\u00e8nes. Ces communaut\u00e9s, avec leurs traditions ancestrales et leur profond respect de la nature, jouent un r\u00f4le crucial dans la pr\u00e9servation de cet \u00e9cosyst\u00e8me unique au monde.<\/p>\n<h2>Tarifs et services inclus<\/h2>\n<ul>\n<li>Transport<\/li>\n<li>Guide<\/li>\n<li>Entr\u00e9e \u00e0 la communaut\u00e9<\/li>\n<li>D\u00e9jeuner<\/li>\n<li>Assurance voyage<\/li>\n<li>Contribution aux communaut\u00e9s autochtones<\/li>\n<li><a href=\"https:\/\/rutatayronatours.com\/fr\/explorando-las-diferentes-entradas-al-parque-tayrona-una-aventura-inolvidable\/\">Comprend les billets pour le parc Tayrona<\/a><\/li>\n<\/ul>\n","protected":false},"excerpt":{"rendered":"<h2>Journ\u00e9e d&#8217;exploration \u00e0 Cabo San Juan et exp\u00e9dition Tayrona<\/h2>\n<ul>\n<li style=\"text-align: left;\">7h00 Nous commen\u00e7ons notre exp\u00e9rience d&#8217;exp\u00e9dition \u00e0 Cabo San Juan et Tayrona au d\u00e9part de votre h\u00f4tel \u00e0 Rodadero, Taganga et Santa Marta.<\/li>\n<li style=\"text-align: left;\">9h00 &#8211; Nous commencerons l&#8217;exp\u00e9dition Cabo San Juan et Tayrona par une randonn\u00e9e de 2 heures \u00e0 travers le parc naturel national de Tayrona, o\u00f9 nous aurons l&#8217;occasion de d\u00e9couvrir la faune et la flore de cette r\u00e9gion, ainsi que d&#8217;explorer les diff\u00e9rentes plages. comme Ca\u00f1averal, Arrecife, Arenilla et La Piscina. Nous aurons l&#8217;occasion d&#8217;observer la flore et la faune uniques du parc et d&#8217;en apprendre davantage sur les communaut\u00e9s autochtones qui ont historiquement habit\u00e9 la r\u00e9gion.<\/li>\n<li style=\"text-align: left;\">12h00 &#8211; Nous arriverons \u00e0 notre destination, Cabo San Juan &amp; Tayrona Expedition, un bel endroit pour d\u00e9jeuner et passer un apr\u00e8s-midi sur les magnifiques plages de cette destination.<\/li>\n<li style=\"text-align: left;\">15h50 &#8211; Le voyage de retour vers la baie de Santa Marta commence \u00e0 bord d&#8217;un hors-bord, o\u00f9 nous profiterons d&#8217;une passionnante promenade en bateau. Ensuite, vous continuerez le voyage de retour \u00e0 votre h\u00f4tel par voie terrestre, concluant ainsi notre exp\u00e9rience de l&#8217;exp\u00e9dition \u00e0 Cabo San Juan et Tayrona.<\/li>\n<\/ul>\n<p>&nbsp;<\/p>\n<h2>Tarifs et services inclus<\/h2>\n<ul>\n<li>Guide<\/li>\n<li>Entr\u00e9e au parc Tayrona<\/li>\n<li>Assurance<\/li>\n<li>Logistique<\/li>\n<li>Transports terrestres et maritimes.<\/li>\n<\/ul>\n<p>*Les voyageurs \u00e9trangers doivent payer un COP suppl\u00e9mentaire de 40 000 $ pour entrer au parc Tayrona.<\/p>\n","protected":false},"featured_media":2072,"comment_status":"closed","ping_status":"closed","template":"","meta":[],"product_brand":[],"product_cat":[112,110],"product_tag":[100,113],"class_list":{"0":"post-2141","1":"product","2":"type-product","3":"status-publish","4":"has-post-thumbnail","6":"product_cat-cabo-san-juan","7":"product_cat-experiences","8":"product_tag-experiencias","9":"product_tag-parque-tayrona","11":"first","12":"instock","13":"shipping-taxable","14":"purchasable","15":"product-type-simple"},"yoast_head":"<!-- This site is optimized with the Yoast SEO plugin v27.2 - https:\/\/yoast.com\/product\/yoast-seo-wordpress\/ -->\n<title>Exp\u00e9dition \u00e0 Cabo San Juan et Tayrona - Ruta Tayrona Tours<\/title>\n<meta name=\"description\" content=\"Exp\u00e9dition \u00e0 Cabo San Juan et Tayrona vous vivrez une une exp\u00e9rience comme jamais auparavant. D\u00e9couvrez la magie, cliquez ici et explorez nos exp\u00e9riences.\" \/>\n<meta name=\"robots\" content=\"index, follow, max-snippet:-1, max-image-preview:large, max-video-preview:-1\" \/>\n<link rel=\"canonical\" href=\"https:\/\/rutatayronatours.com\/fr\/product\/expedition-cabo-san-juan-tayrona\/\" \/>\n<meta property=\"og:locale\" content=\"fr_FR\" \/>\n<meta property=\"og:type\" content=\"article\" \/>\n<meta property=\"og:title\" content=\"Exp\u00e9dition \u00e0 Cabo San Juan et Tayrona - Ruta Tayrona Tours\" \/>\n<meta property=\"og:description\" content=\"Exp\u00e9dition \u00e0 Cabo San Juan et Tayrona vous vivrez une une exp\u00e9rience comme jamais auparavant. D\u00e9couvrez la magie, cliquez ici et explorez nos exp\u00e9riences.\" \/>\n<meta property=\"og:url\" content=\"https:\/\/rutatayronatours.com\/fr\/product\/expedition-cabo-san-juan-tayrona\/\" \/>\n<meta property=\"og:site_name\" content=\"Ruta Tayrona Tours\" \/>\n<meta property=\"article:publisher\" content=\"https:\/\/www.facebook.com\/riomolinotours2\" \/>\n<meta property=\"article:modified_time\" content=\"2025-01-07T21:43:51+00:00\" \/>\n<meta property=\"og:image\" content=\"https:\/\/rutatayronatours.com\/fr\/wp-content\/uploads\/2023\/08\/Canaveral-01.jpg\" \/>\n\t<meta property=\"og:image:width\" content=\"1200\" \/>\n\t<meta property=\"og:image:height\" content=\"800\" \/>\n\t<meta property=\"og:image:type\" content=\"image\/jpeg\" \/>\n<meta name=\"twitter:card\" content=\"summary_large_image\" \/>\n<meta name=\"twitter:label1\" content=\"Dur\u00e9e de lecture estim\u00e9e\" \/>\n\t<meta name=\"twitter:data1\" content=\"2 minutes\" \/>\n<script type=\"application\/ld+json\" class=\"yoast-schema-graph\">{\"@context\":\"https:\/\/schema.org\",\"@graph\":[{\"@type\":\"WebPage\",\"@id\":\"https:\/\/rutatayronatours.com\/fr\/product\/expedition-cabo-san-juan-tayrona\/\",\"url\":\"https:\/\/rutatayronatours.com\/fr\/product\/expedition-cabo-san-juan-tayrona\/\",\"name\":\"Exp\u00e9dition \u00e0 Cabo San Juan et Tayrona - Ruta Tayrona Tours\",\"isPartOf\":{\"@id\":\"https:\/\/rutatayronatours.com\/fr\/#website\"},\"primaryImageOfPage\":{\"@id\":\"https:\/\/rutatayronatours.com\/fr\/product\/expedition-cabo-san-juan-tayrona\/#primaryimage\"},\"image\":{\"@id\":\"https:\/\/rutatayronatours.com\/fr\/product\/expedition-cabo-san-juan-tayrona\/#primaryimage\"},\"thumbnailUrl\":\"https:\/\/rutatayronatours.com\/fr\/wp-content\/uploads\/2023\/08\/Canaveral-01.jpg\",\"datePublished\":\"2023-08-29T17:15:42+00:00\",\"dateModified\":\"2025-01-07T21:43:51+00:00\",\"description\":\"Exp\u00e9dition \u00e0 Cabo San Juan et Tayrona vous vivrez une une exp\u00e9rience comme jamais auparavant. D\u00e9couvrez la magie, cliquez ici et explorez nos exp\u00e9riences.\",\"breadcrumb\":{\"@id\":\"https:\/\/rutatayronatours.com\/fr\/product\/expedition-cabo-san-juan-tayrona\/#breadcrumb\"},\"inLanguage\":\"fr-FR\",\"potentialAction\":[{\"@type\":\"ReadAction\",\"target\":[\"https:\/\/rutatayronatours.com\/fr\/product\/expedition-cabo-san-juan-tayrona\/\"]}]},{\"@type\":\"ImageObject\",\"inLanguage\":\"fr-FR\",\"@id\":\"https:\/\/rutatayronatours.com\/fr\/product\/expedition-cabo-san-juan-tayrona\/#primaryimage\",\"url\":\"https:\/\/rutatayronatours.com\/fr\/wp-content\/uploads\/2023\/08\/Canaveral-01.jpg\",\"contentUrl\":\"https:\/\/rutatayronatours.com\/fr\/wp-content\/uploads\/2023\/08\/Canaveral-01.jpg\",\"width\":1200,\"height\":800,\"caption\":\"Reserva aqu\u00ed tu tour a Cabo San Juan & Expedici\u00f3n\u00a0Tayrona\"},{\"@type\":\"BreadcrumbList\",\"@id\":\"https:\/\/rutatayronatours.com\/fr\/product\/expedition-cabo-san-juan-tayrona\/#breadcrumb\",\"itemListElement\":[{\"@type\":\"ListItem\",\"position\":1,\"name\":\"Portada\",\"item\":\"https:\/\/rutatayronatours.com\/fr\/\"},{\"@type\":\"ListItem\",\"position\":2,\"name\":\"Shop\",\"item\":\"https:\/\/rutatayronatours.com\/fr\/shop\/\"},{\"@type\":\"ListItem\",\"position\":3,\"name\":\"Exp\u00e9dition \u00e0 Cabo San Juan et Tayrona\"}]},{\"@type\":\"WebSite\",\"@id\":\"https:\/\/rutatayronatours.com\/fr\/#website\",\"url\":\"https:\/\/rutatayronatours.com\/fr\/\",\"name\":\"Ruta Tayrona Tours\",\"description\":\"Experiencias y tours del caribe Colombiano\",\"publisher\":{\"@id\":\"https:\/\/rutatayronatours.com\/fr\/#organization\"},\"potentialAction\":[{\"@type\":\"SearchAction\",\"target\":{\"@type\":\"EntryPoint\",\"urlTemplate\":\"https:\/\/rutatayronatours.com\/fr\/?s={search_term_string}\"},\"query-input\":{\"@type\":\"PropertyValueSpecification\",\"valueRequired\":true,\"valueName\":\"search_term_string\"}}],\"inLanguage\":\"fr-FR\"},{\"@type\":\"Organization\",\"@id\":\"https:\/\/rutatayronatours.com\/fr\/#organization\",\"name\":\"Ruta Tayrona Tours\",\"url\":\"https:\/\/rutatayronatours.com\/fr\/\",\"logo\":{\"@type\":\"ImageObject\",\"inLanguage\":\"fr-FR\",\"@id\":\"https:\/\/rutatayronatours.com\/fr\/#\/schema\/logo\/image\/\",\"url\":\"https:\/\/rutatayronatours.com\/fr\/wp-content\/uploads\/2023\/02\/Ruta-Tayrona-Tours.png\",\"contentUrl\":\"https:\/\/rutatayronatours.com\/fr\/wp-content\/uploads\/2023\/02\/Ruta-Tayrona-Tours.png\",\"width\":348,\"height\":85,\"caption\":\"Ruta Tayrona Tours\"},\"image\":{\"@id\":\"https:\/\/rutatayronatours.com\/fr\/#\/schema\/logo\/image\/\"},\"sameAs\":[\"https:\/\/www.facebook.com\/riomolinotours2\",\"https:\/\/www.instagram.com\/rutatayronatours\/\",\"https:\/\/api.whatsapp.com\/send?phone=573145502928\"]}]}<\/script>\n<!-- \/ Yoast SEO plugin. -->","yoast_head_json":{"title":"Exp\u00e9dition \u00e0 Cabo San Juan et Tayrona - Ruta Tayrona Tours","description":"Exp\u00e9dition \u00e0 Cabo San Juan et Tayrona vous vivrez une une exp\u00e9rience comme jamais auparavant. D\u00e9couvrez la magie, cliquez ici et explorez nos exp\u00e9riences.","robots":{"index":"index","follow":"follow","max-snippet":"max-snippet:-1","max-image-preview":"max-image-preview:large","max-video-preview":"max-video-preview:-1"},"canonical":"https:\/\/rutatayronatours.com\/fr\/product\/expedition-cabo-san-juan-tayrona\/","og_locale":"fr_FR","og_type":"article","og_title":"Exp\u00e9dition \u00e0 Cabo San Juan et Tayrona - Ruta Tayrona Tours","og_description":"Exp\u00e9dition \u00e0 Cabo San Juan et Tayrona vous vivrez une une exp\u00e9rience comme jamais auparavant. D\u00e9couvrez la magie, cliquez ici et explorez nos exp\u00e9riences.","og_url":"https:\/\/rutatayronatours.com\/fr\/product\/expedition-cabo-san-juan-tayrona\/","og_site_name":"Ruta Tayrona Tours","article_publisher":"https:\/\/www.facebook.com\/riomolinotours2","article_modified_time":"2025-01-07T21:43:51+00:00","og_image":[{"width":1200,"height":800,"url":"https:\/\/rutatayronatours.com\/fr\/wp-content\/uploads\/2023\/08\/Canaveral-01.jpg","type":"image\/jpeg"}],"twitter_card":"summary_large_image","twitter_misc":{"Dur\u00e9e de lecture estim\u00e9e":"2 minutes"},"schema":{"@context":"https:\/\/schema.org","@graph":[{"@type":"WebPage","@id":"https:\/\/rutatayronatours.com\/fr\/product\/expedition-cabo-san-juan-tayrona\/","url":"https:\/\/rutatayronatours.com\/fr\/product\/expedition-cabo-san-juan-tayrona\/","name":"Exp\u00e9dition \u00e0 Cabo San Juan et Tayrona - Ruta Tayrona Tours","isPartOf":{"@id":"https:\/\/rutatayronatours.com\/fr\/#website"},"primaryImageOfPage":{"@id":"https:\/\/rutatayronatours.com\/fr\/product\/expedition-cabo-san-juan-tayrona\/#primaryimage"},"image":{"@id":"https:\/\/rutatayronatours.com\/fr\/product\/expedition-cabo-san-juan-tayrona\/#primaryimage"},"thumbnailUrl":"https:\/\/rutatayronatours.com\/fr\/wp-content\/uploads\/2023\/08\/Canaveral-01.jpg","datePublished":"2023-08-29T17:15:42+00:00","dateModified":"2025-01-07T21:43:51+00:00","description":"Exp\u00e9dition \u00e0 Cabo San Juan et Tayrona vous vivrez une une exp\u00e9rience comme jamais auparavant. D\u00e9couvrez la magie, cliquez ici et explorez nos exp\u00e9riences.","breadcrumb":{"@id":"https:\/\/rutatayronatours.com\/fr\/product\/expedition-cabo-san-juan-tayrona\/#breadcrumb"},"inLanguage":"fr-FR","potentialAction":[{"@type":"ReadAction","target":["https:\/\/rutatayronatours.com\/fr\/product\/expedition-cabo-san-juan-tayrona\/"]}]},{"@type":"ImageObject","inLanguage":"fr-FR","@id":"https:\/\/rutatayronatours.com\/fr\/product\/expedition-cabo-san-juan-tayrona\/#primaryimage","url":"https:\/\/rutatayronatours.com\/fr\/wp-content\/uploads\/2023\/08\/Canaveral-01.jpg","contentUrl":"https:\/\/rutatayronatours.com\/fr\/wp-content\/uploads\/2023\/08\/Canaveral-01.jpg","width":1200,"height":800,"caption":"Reserva aqu\u00ed tu tour a Cabo San Juan & Expedici\u00f3n\u00a0Tayrona"},{"@type":"BreadcrumbList","@id":"https:\/\/rutatayronatours.com\/fr\/product\/expedition-cabo-san-juan-tayrona\/#breadcrumb","itemListElement":[{"@type":"ListItem","position":1,"name":"Portada","item":"https:\/\/rutatayronatours.com\/fr\/"},{"@type":"ListItem","position":2,"name":"Shop","item":"https:\/\/rutatayronatours.com\/fr\/shop\/"},{"@type":"ListItem","position":3,"name":"Exp\u00e9dition \u00e0 Cabo San Juan et Tayrona"}]},{"@type":"WebSite","@id":"https:\/\/rutatayronatours.com\/fr\/#website","url":"https:\/\/rutatayronatours.com\/fr\/","name":"Ruta Tayrona Tours","description":"Experiencias y tours del caribe Colombiano","publisher":{"@id":"https:\/\/rutatayronatours.com\/fr\/#organization"},"potentialAction":[{"@type":"SearchAction","target":{"@type":"EntryPoint","urlTemplate":"https:\/\/rutatayronatours.com\/fr\/?s={search_term_string}"},"query-input":{"@type":"PropertyValueSpecification","valueRequired":true,"valueName":"search_term_string"}}],"inLanguage":"fr-FR"},{"@type":"Organization","@id":"https:\/\/rutatayronatours.com\/fr\/#organization","name":"Ruta Tayrona Tours","url":"https:\/\/rutatayronatours.com\/fr\/","logo":{"@type":"ImageObject","inLanguage":"fr-FR","@id":"https:\/\/rutatayronatours.com\/fr\/#\/schema\/logo\/image\/","url":"https:\/\/rutatayronatours.com\/fr\/wp-content\/uploads\/2023\/02\/Ruta-Tayrona-Tours.png","contentUrl":"https:\/\/rutatayronatours.com\/fr\/wp-content\/uploads\/2023\/02\/Ruta-Tayrona-Tours.png","width":348,"height":85,"caption":"Ruta Tayrona Tours"},"image":{"@id":"https:\/\/rutatayronatours.com\/fr\/#\/schema\/logo\/image\/"},"sameAs":["https:\/\/www.facebook.com\/riomolinotours2","https:\/\/www.instagram.com\/rutatayronatours\/","https:\/\/api.whatsapp.com\/send?phone=573145502928"]}]}},"_links":{"self":[{"href":"https:\/\/rutatayronatours.com\/fr\/wp-json\/wp\/v2\/product\/2141","targetHints":{"allow":["GET"]}}],"collection":[{"href":"https:\/\/rutatayronatours.com\/fr\/wp-json\/wp\/v2\/product"}],"about":[{"href":"https:\/\/rutatayronatours.com\/fr\/wp-json\/wp\/v2\/types\/product"}],"replies":[{"embeddable":true,"href":"https:\/\/rutatayronatours.com\/fr\/wp-json\/wp\/v2\/comments?post=2141"}],"version-history":[{"count":14,"href":"https:\/\/rutatayronatours.com\/fr\/wp-json\/wp\/v2\/product\/2141\/revisions"}],"predecessor-version":[{"id":3457,"href":"https:\/\/rutatayronatours.com\/fr\/wp-json\/wp\/v2\/product\/2141\/revisions\/3457"}],"wp:featuredmedia":[{"embeddable":true,"href":"https:\/\/rutatayronatours.com\/fr\/wp-json\/wp\/v2\/media\/2072"}],"wp:attachment":[{"href":"https:\/\/rutatayronatours.com\/fr\/wp-json\/wp\/v2\/media?parent=2141"}],"wp:term":[{"taxonomy":"product_brand","embeddable":true,"href":"https:\/\/rutatayronatours.com\/fr\/wp-json\/wp\/v2\/product_brand?post=2141"},{"taxonomy":"product_cat","embeddable":true,"href":"https:\/\/rutatayronatours.com\/fr\/wp-json\/wp\/v2\/product_cat?post=2141"},{"taxonomy":"product_tag","embeddable":true,"href":"https:\/\/rutatayronatours.com\/fr\/wp-json\/wp\/v2\/product_tag?post=2141"}],"curies":[{"name":"wp","href":"https:\/\/api.w.org\/{rel}","templated":true}]}}