{"id":2143,"date":"2023-08-29T12:20:46","date_gmt":"2023-08-29T17:20:46","guid":{"rendered":"https:\/\/rutatayronatours.com\/fr\/?post_type=product&#038;p=2143"},"modified":"2025-01-07T16:43:51","modified_gmt":"2025-01-07T21:43:51","slug":"park-tayrona-indigenous-communities","status":"publish","type":"product","link":"https:\/\/rutatayronatours.com\/fr\/product\/park-tayrona-indigenous-communities\/","title":{"rendered":"Tayrona Park &#038; \u200b\u200bIndigenous Communities"},"content":{"rendered":"<h2>Parc Tayrona &amp; \u200b\u200bVisite des communaut\u00e9s autochtones<\/h2>\n<p><strong>Cabo San Juan etamp; Exp\u00e9dition Tayrona<\/strong><\/p>\n<p><strong>Bienvenue \u00e0 Cabo San Juan &amp; Exp\u00e9dition Tayrona, un coin de paradis sur la c\u00f4te cara\u00efbe de Colombie !<\/strong><\/p>\n<p>Avec le Cabo San Juan &amp; Excursion Tayrona Expedition, plongez dans la for\u00eat tropicale luxuriante, d\u00e9tendez-vous sur les plages de sable blanc et d\u00e9couvrez la richesse de la biodiversit\u00e9 qui habite ce lieu unique. Ensemble, nous explorerons les tr\u00e9sors naturels et culturels qui font du parc Tayrona une destination sans pr\u00e9c\u00e9dent. Pr\u00e9parez-vous \u00e0 d\u00e9voiler les secrets de cette enclave paradisiaque et \u00e0 vous laisser captiver par sa magie sauvage au Parque Tayrona &amp; Visite des communaut\u00e9s autochtones\u00a0!<\/p>\n<p><strong>Parc naturel national Tayrona<\/strong><\/p>\n<p>Le parc naturel national Tayrona est une r\u00e9serve naturelle situ\u00e9e sur la c\u00f4te cara\u00efbe de la Colombie, r\u00e9put\u00e9e pour sa beaut\u00e9 naturelle luxuriante et sa diversit\u00e9 \u00e9cologique. Elle est connue pour abriter une grande vari\u00e9t\u00e9 de flore et de faune, dont beaucoup sont end\u00e9miques et uniques \u00e0 la r\u00e9gion. La pr\u00e9sence de diff\u00e9rents \u00e9cosyst\u00e8mes, tels que les mangroves, les for\u00eats tropicales et les r\u00e9cifs coralliens, contribue \u00e0 sa richesse biologique. De plus, le parc est habit\u00e9 par les <a href=\"https:\/\/ich.unesco.org\/fr\/RL\/ancestral-system-of-knowledge-of-the-four-indigenous-peoples-arhuaco-kankuamo- communaut\u00e9 kogui-et-wiwa-de-la-sierra-nevada-de-santa-marta-01886?RL=01886\">Kogui<\/a>, qui vivent dans la r\u00e9gion depuis des si\u00e8cles et ont un lien spirituel profond avec la atterrir. Ses plages, comme Arrecifes, Cabo San Juan del Gu\u00eda et Playa Cristal, sont des destinations populaires, parfaites pour profiter d&#8217;eaux calmes pour nager, faire de la plong\u00e9e en apn\u00e9e et se d\u00e9tendre dans un cadre naturel \u00e9poustouflant. Bien que le parc offre une beaut\u00e9 sans pr\u00e9c\u00e9dent, il est important de noter que l&#8217;acc\u00e8s peut n\u00e9cessiter des randonn\u00e9es sur des sentiers parfois difficiles, et que la conservation et le respect de l&#8217;environnement naturel et culturel sont encourag\u00e9s. Faites-en l&#8217;exp\u00e9rience avec le Cabo San Juan &amp; Tour de l\u2019exp\u00e9dition Tayrona.<\/p>\n<p><strong>La Sierra Nevada de Santa Mart<\/strong><\/p>\n<p>La Sierra Nevada de Santa Marta, situ\u00e9e en Colombie, est une merveille naturelle et culturelle qui abrite une diversit\u00e9 de communaut\u00e9s autochtones. Ces communaut\u00e9s, fortes de leurs traditions ancestrales et de leur profond respect de la nature, jouent un r\u00f4le crucial dans la pr\u00e9servation de cet \u00e9cosyst\u00e8me unique au monde.<\/p>\n<h2>Tarifs et services inclus<\/h2>\n<ul>\n<li>Transports<\/li>\n<li>Guide<\/li>\n<li>Entr\u00e9e \u00e0 la communaut\u00e9<\/li>\n<li>D\u00e9jeuner<\/li>\n<li>Assurance voyage<\/li>\n<li>Contribution aux communaut\u00e9s autochtones<\/li>\n<li><a href=\"https:\/\/rutatayronatours.com\/fr\/explorando-las-diferentes-entradas-al-parque-tayrona-una-aventura-inolvidable\/\">Comprend les billets pour le parc Tayrona<\/a>&lt; \/li&gt;<\/li>\n<\/ul>\n","protected":false},"excerpt":{"rendered":"<h2>Parc Tayrona &amp; \u200b\u200bVisite des communaut\u00e9s autochtones<\/h2>\n<h2>Plage de Cabo San Juan Pueblito TAYKU<\/h2>\n<p><strong>Explorer la culture Kogi et la beaut\u00e9 naturelle lors d&#8217;une journ\u00e9e inoubliable<\/strong><\/p>\n<ul>\n<li style=\"text-align: left;\">7h00 : Le Parc Tayrona &amp; L&#8217;exp\u00e9rience de la visite des communaut\u00e9s autochtones commence \u00e0 votre h\u00f4tel \u00e0 Rodadero, Taganga et Santa Marta, en direction du village de Calabazo. Une passionnante balade en moto de 20 minutes nous m\u00e8nera au c\u0153ur de la communaut\u00e9 indig\u00e8ne Kogui Tayku. A notre arriv\u00e9e, nous serons accueillis par une visite guid\u00e9e par les habitants locaux. Nous explorerons leur culture, leurs v\u00eatements et leurs maisons de c\u00e9r\u00e9monie, en nous immergeant dans leurs traditions. Nous aurons une rencontre avec le chef spirituel de la communaut\u00e9 qui nous donnera un aper\u00e7u de leur lien avec la nature et de leurs m\u00e9thodes agricoles. Apr\u00e8s cette immersion enrichissante, nous nous dirigerons vers Cabo San Juan, un trajet d&#8217;environ une heure et demie. Ici, nous savourerons un d\u00e9licieux d\u00e9jeuner et profiterons d&#8217;un apr\u00e8s-midi de d\u00e9tente sur la plage, entour\u00e9s par la beaut\u00e9 \u00e9poustouflante de la c\u00f4te.<\/li>\n<li style=\"text-align: left;\">15h00 : L&#8217;aventure continue avec une randonn\u00e9e de deux heures vers la sortie du parc Tayrona. Au fur et \u00e0 mesure de notre progression sur des sentiers captivants, nous serons \u00e9merveill\u00e9s par la beaut\u00e9 de la nature. Un v\u00e9hicule nous attendra \u00e0 la sortie du Parc Tayrona pour nous ramener \u00e0 l&#8217;h\u00f4tel, o\u00f9 nous terminerons le Parc Tayrona &amp; Exp\u00e9rience de visite des communaut\u00e9s autochtones.<\/li>\n<\/ul>\n<p>&nbsp;<\/p>\n<h2>Tarifs et services inclus<\/h2>\n<ul>\n<li>Transports<\/li>\n<li>Guide<\/li>\n<li>Entr\u00e9e \u00e0 la communaut\u00e9<\/li>\n<li>D\u00e9jeuner<\/li>\n<li>Assurance voyage<\/li>\n<li>Contribution aux communaut\u00e9s autochtones<\/li>\n<li>Billets pour le parc Tayrona<\/li>\n<\/ul>\n<p>*Les voyageurs \u00e9trangers doivent payer un COP suppl\u00e9mentaire de 40 000 $ pour entrer au parc Tayrona.<\/p>\n","protected":false},"featured_media":2866,"comment_status":"closed","ping_status":"closed","template":"","meta":[],"product_brand":[],"product_cat":[112,110],"product_tag":[100,113],"class_list":{"0":"post-2143","1":"product","2":"type-product","3":"status-publish","4":"has-post-thumbnail","6":"product_cat-cabo-san-juan","7":"product_cat-experiences","8":"product_tag-experiencias","9":"product_tag-parque-tayrona","11":"first","12":"instock","13":"shipping-taxable","14":"purchasable","15":"product-type-simple"},"yoast_head":"<!-- This site is optimized with the Yoast SEO plugin v27.2 - https:\/\/yoast.com\/product\/yoast-seo-wordpress\/ -->\n<title>Tayrona Park &amp; \u200b\u200bIndigenous Communities - Ruta Tayrona Tours<\/title>\n<meta name=\"description\" content=\"Discover the Tayrona Park &amp; Indigenous Communities tour, immerse yourself in this exciting experience. Click here to explore our sustainable experiences.\" \/>\n<meta name=\"robots\" content=\"index, follow, max-snippet:-1, max-image-preview:large, max-video-preview:-1\" \/>\n<link rel=\"canonical\" href=\"https:\/\/rutatayronatours.com\/fr\/product\/park-tayrona-indigenous-communities\/\" \/>\n<meta property=\"og:locale\" content=\"fr_FR\" \/>\n<meta property=\"og:type\" content=\"article\" \/>\n<meta property=\"og:title\" content=\"Tayrona Park &amp; \u200b\u200bIndigenous Communities - Ruta Tayrona Tours\" \/>\n<meta property=\"og:description\" content=\"Discover the Tayrona Park &amp; Indigenous Communities tour, immerse yourself in this exciting experience. Click here to explore our sustainable experiences.\" \/>\n<meta property=\"og:url\" content=\"https:\/\/rutatayronatours.com\/fr\/product\/park-tayrona-indigenous-communities\/\" \/>\n<meta property=\"og:site_name\" content=\"Ruta Tayrona Tours\" \/>\n<meta property=\"article:publisher\" content=\"https:\/\/www.facebook.com\/riomolinotours2\" \/>\n<meta property=\"article:modified_time\" content=\"2025-01-07T21:43:51+00:00\" \/>\n<meta property=\"og:image\" content=\"https:\/\/rutatayronatours.com\/fr\/wp-content\/uploads\/2023\/08\/Cabo-San-Juan.png\" \/>\n\t<meta property=\"og:image:width\" content=\"1200\" \/>\n\t<meta property=\"og:image:height\" content=\"800\" \/>\n\t<meta property=\"og:image:type\" content=\"image\/png\" \/>\n<meta name=\"twitter:card\" content=\"summary_large_image\" \/>\n<meta name=\"twitter:label1\" content=\"Dur\u00e9e de lecture estim\u00e9e\" \/>\n\t<meta name=\"twitter:data1\" content=\"2 minutes\" \/>\n<script type=\"application\/ld+json\" class=\"yoast-schema-graph\">{\"@context\":\"https:\/\/schema.org\",\"@graph\":[{\"@type\":\"WebPage\",\"@id\":\"https:\/\/rutatayronatours.com\/fr\/product\/park-tayrona-indigenous-communities\/\",\"url\":\"https:\/\/rutatayronatours.com\/fr\/product\/park-tayrona-indigenous-communities\/\",\"name\":\"Tayrona Park & \u200b\u200bIndigenous Communities - Ruta Tayrona Tours\",\"isPartOf\":{\"@id\":\"https:\/\/rutatayronatours.com\/fr\/#website\"},\"primaryImageOfPage\":{\"@id\":\"https:\/\/rutatayronatours.com\/fr\/product\/park-tayrona-indigenous-communities\/#primaryimage\"},\"image\":{\"@id\":\"https:\/\/rutatayronatours.com\/fr\/product\/park-tayrona-indigenous-communities\/#primaryimage\"},\"thumbnailUrl\":\"https:\/\/rutatayronatours.com\/fr\/wp-content\/uploads\/2023\/08\/Cabo-San-Juan.png\",\"datePublished\":\"2023-08-29T17:20:46+00:00\",\"dateModified\":\"2025-01-07T21:43:51+00:00\",\"description\":\"Discover the Tayrona Park & Indigenous Communities tour, immerse yourself in this exciting experience. Click here to explore our sustainable experiences.\",\"breadcrumb\":{\"@id\":\"https:\/\/rutatayronatours.com\/fr\/product\/park-tayrona-indigenous-communities\/#breadcrumb\"},\"inLanguage\":\"fr-FR\",\"potentialAction\":[{\"@type\":\"ReadAction\",\"target\":[\"https:\/\/rutatayronatours.com\/fr\/product\/park-tayrona-indigenous-communities\/\"]}]},{\"@type\":\"ImageObject\",\"inLanguage\":\"fr-FR\",\"@id\":\"https:\/\/rutatayronatours.com\/fr\/product\/park-tayrona-indigenous-communities\/#primaryimage\",\"url\":\"https:\/\/rutatayronatours.com\/fr\/wp-content\/uploads\/2023\/08\/Cabo-San-Juan.png\",\"contentUrl\":\"https:\/\/rutatayronatours.com\/fr\/wp-content\/uploads\/2023\/08\/Cabo-San-Juan.png\",\"width\":1200,\"height\":800,\"caption\":\"Reserva aqu\u00ed tu tour a Cabo San Juan & Expedici\u00f3n\u00a0Tayrona desde Palomino, Buritaca y la zona\"},{\"@type\":\"BreadcrumbList\",\"@id\":\"https:\/\/rutatayronatours.com\/fr\/product\/park-tayrona-indigenous-communities\/#breadcrumb\",\"itemListElement\":[{\"@type\":\"ListItem\",\"position\":1,\"name\":\"Portada\",\"item\":\"https:\/\/rutatayronatours.com\/fr\/\"},{\"@type\":\"ListItem\",\"position\":2,\"name\":\"Shop\",\"item\":\"https:\/\/rutatayronatours.com\/fr\/shop\/\"},{\"@type\":\"ListItem\",\"position\":3,\"name\":\"Tayrona Park &#038; \u200b\u200bIndigenous Communities\"}]},{\"@type\":\"WebSite\",\"@id\":\"https:\/\/rutatayronatours.com\/fr\/#website\",\"url\":\"https:\/\/rutatayronatours.com\/fr\/\",\"name\":\"Ruta Tayrona Tours\",\"description\":\"Experiencias y tours del caribe Colombiano\",\"publisher\":{\"@id\":\"https:\/\/rutatayronatours.com\/fr\/#organization\"},\"potentialAction\":[{\"@type\":\"SearchAction\",\"target\":{\"@type\":\"EntryPoint\",\"urlTemplate\":\"https:\/\/rutatayronatours.com\/fr\/?s={search_term_string}\"},\"query-input\":{\"@type\":\"PropertyValueSpecification\",\"valueRequired\":true,\"valueName\":\"search_term_string\"}}],\"inLanguage\":\"fr-FR\"},{\"@type\":\"Organization\",\"@id\":\"https:\/\/rutatayronatours.com\/fr\/#organization\",\"name\":\"Ruta Tayrona Tours\",\"url\":\"https:\/\/rutatayronatours.com\/fr\/\",\"logo\":{\"@type\":\"ImageObject\",\"inLanguage\":\"fr-FR\",\"@id\":\"https:\/\/rutatayronatours.com\/fr\/#\/schema\/logo\/image\/\",\"url\":\"https:\/\/rutatayronatours.com\/fr\/wp-content\/uploads\/2023\/02\/Ruta-Tayrona-Tours.png\",\"contentUrl\":\"https:\/\/rutatayronatours.com\/fr\/wp-content\/uploads\/2023\/02\/Ruta-Tayrona-Tours.png\",\"width\":348,\"height\":85,\"caption\":\"Ruta Tayrona Tours\"},\"image\":{\"@id\":\"https:\/\/rutatayronatours.com\/fr\/#\/schema\/logo\/image\/\"},\"sameAs\":[\"https:\/\/www.facebook.com\/riomolinotours2\",\"https:\/\/www.instagram.com\/rutatayronatours\/\",\"https:\/\/api.whatsapp.com\/send?phone=573145502928\"]}]}<\/script>\n<!-- \/ Yoast SEO plugin. -->","yoast_head_json":{"title":"Tayrona Park & \u200b\u200bIndigenous Communities - Ruta Tayrona Tours","description":"Discover the Tayrona Park & Indigenous Communities tour, immerse yourself in this exciting experience. Click here to explore our sustainable experiences.","robots":{"index":"index","follow":"follow","max-snippet":"max-snippet:-1","max-image-preview":"max-image-preview:large","max-video-preview":"max-video-preview:-1"},"canonical":"https:\/\/rutatayronatours.com\/fr\/product\/park-tayrona-indigenous-communities\/","og_locale":"fr_FR","og_type":"article","og_title":"Tayrona Park & \u200b\u200bIndigenous Communities - Ruta Tayrona Tours","og_description":"Discover the Tayrona Park & Indigenous Communities tour, immerse yourself in this exciting experience. Click here to explore our sustainable experiences.","og_url":"https:\/\/rutatayronatours.com\/fr\/product\/park-tayrona-indigenous-communities\/","og_site_name":"Ruta Tayrona Tours","article_publisher":"https:\/\/www.facebook.com\/riomolinotours2","article_modified_time":"2025-01-07T21:43:51+00:00","og_image":[{"width":1200,"height":800,"url":"https:\/\/rutatayronatours.com\/fr\/wp-content\/uploads\/2023\/08\/Cabo-San-Juan.png","type":"image\/png"}],"twitter_card":"summary_large_image","twitter_misc":{"Dur\u00e9e de lecture estim\u00e9e":"2 minutes"},"schema":{"@context":"https:\/\/schema.org","@graph":[{"@type":"WebPage","@id":"https:\/\/rutatayronatours.com\/fr\/product\/park-tayrona-indigenous-communities\/","url":"https:\/\/rutatayronatours.com\/fr\/product\/park-tayrona-indigenous-communities\/","name":"Tayrona Park & \u200b\u200bIndigenous Communities - Ruta Tayrona Tours","isPartOf":{"@id":"https:\/\/rutatayronatours.com\/fr\/#website"},"primaryImageOfPage":{"@id":"https:\/\/rutatayronatours.com\/fr\/product\/park-tayrona-indigenous-communities\/#primaryimage"},"image":{"@id":"https:\/\/rutatayronatours.com\/fr\/product\/park-tayrona-indigenous-communities\/#primaryimage"},"thumbnailUrl":"https:\/\/rutatayronatours.com\/fr\/wp-content\/uploads\/2023\/08\/Cabo-San-Juan.png","datePublished":"2023-08-29T17:20:46+00:00","dateModified":"2025-01-07T21:43:51+00:00","description":"Discover the Tayrona Park & Indigenous Communities tour, immerse yourself in this exciting experience. Click here to explore our sustainable experiences.","breadcrumb":{"@id":"https:\/\/rutatayronatours.com\/fr\/product\/park-tayrona-indigenous-communities\/#breadcrumb"},"inLanguage":"fr-FR","potentialAction":[{"@type":"ReadAction","target":["https:\/\/rutatayronatours.com\/fr\/product\/park-tayrona-indigenous-communities\/"]}]},{"@type":"ImageObject","inLanguage":"fr-FR","@id":"https:\/\/rutatayronatours.com\/fr\/product\/park-tayrona-indigenous-communities\/#primaryimage","url":"https:\/\/rutatayronatours.com\/fr\/wp-content\/uploads\/2023\/08\/Cabo-San-Juan.png","contentUrl":"https:\/\/rutatayronatours.com\/fr\/wp-content\/uploads\/2023\/08\/Cabo-San-Juan.png","width":1200,"height":800,"caption":"Reserva aqu\u00ed tu tour a Cabo San Juan & Expedici\u00f3n\u00a0Tayrona desde Palomino, Buritaca y la zona"},{"@type":"BreadcrumbList","@id":"https:\/\/rutatayronatours.com\/fr\/product\/park-tayrona-indigenous-communities\/#breadcrumb","itemListElement":[{"@type":"ListItem","position":1,"name":"Portada","item":"https:\/\/rutatayronatours.com\/fr\/"},{"@type":"ListItem","position":2,"name":"Shop","item":"https:\/\/rutatayronatours.com\/fr\/shop\/"},{"@type":"ListItem","position":3,"name":"Tayrona Park &#038; \u200b\u200bIndigenous Communities"}]},{"@type":"WebSite","@id":"https:\/\/rutatayronatours.com\/fr\/#website","url":"https:\/\/rutatayronatours.com\/fr\/","name":"Ruta Tayrona Tours","description":"Experiencias y tours del caribe Colombiano","publisher":{"@id":"https:\/\/rutatayronatours.com\/fr\/#organization"},"potentialAction":[{"@type":"SearchAction","target":{"@type":"EntryPoint","urlTemplate":"https:\/\/rutatayronatours.com\/fr\/?s={search_term_string}"},"query-input":{"@type":"PropertyValueSpecification","valueRequired":true,"valueName":"search_term_string"}}],"inLanguage":"fr-FR"},{"@type":"Organization","@id":"https:\/\/rutatayronatours.com\/fr\/#organization","name":"Ruta Tayrona Tours","url":"https:\/\/rutatayronatours.com\/fr\/","logo":{"@type":"ImageObject","inLanguage":"fr-FR","@id":"https:\/\/rutatayronatours.com\/fr\/#\/schema\/logo\/image\/","url":"https:\/\/rutatayronatours.com\/fr\/wp-content\/uploads\/2023\/02\/Ruta-Tayrona-Tours.png","contentUrl":"https:\/\/rutatayronatours.com\/fr\/wp-content\/uploads\/2023\/02\/Ruta-Tayrona-Tours.png","width":348,"height":85,"caption":"Ruta Tayrona Tours"},"image":{"@id":"https:\/\/rutatayronatours.com\/fr\/#\/schema\/logo\/image\/"},"sameAs":["https:\/\/www.facebook.com\/riomolinotours2","https:\/\/www.instagram.com\/rutatayronatours\/","https:\/\/api.whatsapp.com\/send?phone=573145502928"]}]}},"_links":{"self":[{"href":"https:\/\/rutatayronatours.com\/fr\/wp-json\/wp\/v2\/product\/2143","targetHints":{"allow":["GET"]}}],"collection":[{"href":"https:\/\/rutatayronatours.com\/fr\/wp-json\/wp\/v2\/product"}],"about":[{"href":"https:\/\/rutatayronatours.com\/fr\/wp-json\/wp\/v2\/types\/product"}],"replies":[{"embeddable":true,"href":"https:\/\/rutatayronatours.com\/fr\/wp-json\/wp\/v2\/comments?post=2143"}],"version-history":[{"count":18,"href":"https:\/\/rutatayronatours.com\/fr\/wp-json\/wp\/v2\/product\/2143\/revisions"}],"predecessor-version":[{"id":3654,"href":"https:\/\/rutatayronatours.com\/fr\/wp-json\/wp\/v2\/product\/2143\/revisions\/3654"}],"wp:featuredmedia":[{"embeddable":true,"href":"https:\/\/rutatayronatours.com\/fr\/wp-json\/wp\/v2\/media\/2866"}],"wp:attachment":[{"href":"https:\/\/rutatayronatours.com\/fr\/wp-json\/wp\/v2\/media?parent=2143"}],"wp:term":[{"taxonomy":"product_brand","embeddable":true,"href":"https:\/\/rutatayronatours.com\/fr\/wp-json\/wp\/v2\/product_brand?post=2143"},{"taxonomy":"product_cat","embeddable":true,"href":"https:\/\/rutatayronatours.com\/fr\/wp-json\/wp\/v2\/product_cat?post=2143"},{"taxonomy":"product_tag","embeddable":true,"href":"https:\/\/rutatayronatours.com\/fr\/wp-json\/wp\/v2\/product_tag?post=2143"}],"curies":[{"name":"wp","href":"https:\/\/api.w.org\/{rel}","templated":true}]}}