{"id":2154,"date":"2023-08-29T12:42:20","date_gmt":"2023-08-29T17:42:20","guid":{"rendered":"https:\/\/rutatayronatours.com\/fr\/?post_type=product&#038;p=2154"},"modified":"2025-01-07T16:43:50","modified_gmt":"2025-01-07T21:43:50","slug":"plage-de-cristal-parc-tayrona","status":"publish","type":"product","link":"https:\/\/rutatayronatours.com\/fr\/product\/plage-de-cristal-parc-tayrona\/","title":{"rendered":"Plage de Cristal &#8211; Parc Tayrona"},"content":{"rendered":"<h2>Plage de Cristal &#8211; Parc Tayrona<\/h2>\n<p><strong>&#8221; Plage\u00a0 de Cristal &#8211; Maritime Experience&#8221;<\/strong> est une r\u00e9serve naturelle situ\u00e9e sur la c\u00f4te cara\u00efbe de la Colombie, c\u00e9l\u00e8bre pour sa beaut\u00e9 naturelle luxuriante et sa diversit\u00e9 \u00e9cologique. Le parc Tayrona est connu pour abriter une grande vari\u00e9t\u00e9 d\u2019esp\u00e8ces de flore et de faune, dont beaucoup sont end\u00e9miques et uniques \u00e0 la r\u00e9gion. La pr\u00e9sence de diff\u00e9rents \u00e9cosyst\u00e8mes, comme les mangroves, les jungles et les r\u00e9cifs coralliens, contribue \u00e0 sa richesse biologique. De plus, le parc abrite la communaut\u00e9 indig\u00e8ne Kogui, qui habite la r\u00e9gion depuis des si\u00e8cles et entretient un lien spirituel profond avec la terre.<\/p>\n<p><strong>Ses plages<\/strong>, comme Arrecifes, Cabo San Juan del Gu\u00eda et\u00a0 Plage de Cristal, sont des destinations populaires id\u00e9ales pour profiter d&#8217;eaux calmes pour nager, faire de la plong\u00e9e en apn\u00e9e et se d\u00e9tendre dans un environnement naturel \u00e9poustouflant. Bien que le parc offre une beaut\u00e9 in\u00e9gal\u00e9e, il est important de noter que l&#8217;acc\u00e8s peut n\u00e9cessiter des randonn\u00e9es sur des sentiers parfois difficiles, et que la conservation et le respect de l&#8217;environnement naturel et culturel sont encourag\u00e9s.<\/p>\n<p><strong>&#8221; Plage Crystal &#8211; Maritime Experience&#8221;<\/strong> &#8211; Appr\u00e9ciez le magnifique paysage autour de cette magnifique plage situ\u00e9e dans le parc naturel national Tayrona &#8211;\u00a0 Plage de Cristal. C&#8217;est la meilleure option pour ceux qui souhaitent d\u00e9couvrir cet endroit merveilleux sans avoir \u00e0 faire de randonn\u00e9e. Laissez la brise et les montagnes vous embrasser et profitez d&#8217;une merveilleuse journ\u00e9e \u00e0 bronzer, \u00e0 lire votre livre pr\u00e9f\u00e9r\u00e9, \u00e0 faire de la plong\u00e9e en apn\u00e9e (incluse dans le prix) et \u00e0 nager dans les eaux turquoise calmes et rafra\u00eechissantes du parc Tayrona.<\/p>\n<p><a href=\"https:\/\/ich.unesco.org\/en\/RL\/ancestral-system-of-knowledge-of-the-four-indigenous-peoples-arhuaco-kankuamo-kogui-and-wiwa-of-the-sierra-nevada-de-santa-marta-01886?RL=01886\"><strong>La Sierra Nevada de Santa Marta.<\/strong><\/a><\/p>\n<p>La Sierra Nevada de Santa Marta, situ\u00e9e en Colombie, est une merveille naturelle et culturelle qui abrite une diversit\u00e9 de communaut\u00e9s autochtones. Ces communaut\u00e9s, fortes de leurs traditions ancestrales et de leur profond respect de la nature, jouent un r\u00f4le crucial dans la pr\u00e9servation de cet \u00e9cosyst\u00e8me unique au monde.<\/p>\n<h2>Tarifs et services inclus<\/h2>\n<ul>\n<li>Transport terrestre<\/li>\n<li>Transport maritime<\/li>\n<li>Guide<\/li>\n<li>Logistique<\/li>\n<li>Assurance voyage<\/li>\n<li><a href=\"https:\/\/rutatayronatours.com\/fr\/explorando-las-diferentes-entradas-al-parque-tayrona-una-aventura-inolvidable\/\">Comprend les billets pour le parc Tayrona<\/a><\/li>\n<\/ul>\n","protected":false},"excerpt":{"rendered":"<h2>Une journ\u00e9e d&#8217;aventure Plage de Cristal &#8211; Parc Tayrona<\/h2>\n<p>&nbsp;<\/p>\n<ul>\n<li style=\"text-align: left;\">7h00 L&#8217;aventure commence vers Plage de\u00a0 Cristal\u00a0 &#8211; Parc national Tayrona depuis votre h\u00f4tel \u00e0 Rodadero, Taganga et Santa Marta. Veuillez noter que l&#8217;heure de d\u00e9part peut varier en fonction de la zone o\u00f9 vous s\u00e9journez. Nous nous dirigerons vers la baie de Neguanje, o\u00f9 nous suivrons le protocole d&#8217;entr\u00e9e du parc national Tayrona. En entrant dans le parc, nous nous plongerons dans la r\u00e9serve naturelle, nous permettant d&#8217;appr\u00e9cier la riche faune et la flore, tout en profitant de magnifiques vues depuis le Point de vue des 7 Vagues. Nous ferons un arr\u00eat pour prendre des photos et nous impr\u00e9gner de paysages \u00e0 couper le souffle avant de continuer notre voyage vers la baie de Neguanje.<\/li>\n<li style=\"text-align: left;\">De l\u00e0, nous monterons \u00e0 bord d&#8217;un bateau qui nous emm\u00e8nera pour un trajet de 15 minutes jusqu&#8217;\u00e0\u00a0 Plage Cristal, dans le parc national Tayrona. Cet endroit offre la possibilit\u00e9 de passer une journ\u00e9e fantastique \u00e0 la plage, o\u00f9 vous pourrez pratiquer la plong\u00e9e en apn\u00e9e et explorer les divers r\u00e9cifs coralliens et la vie marine qui habitent ces eaux cristallines. De plus, il y aura un restaurant disponible pour le d\u00e9jeuner et un endroit pour stocker vos affaires.<\/li>\n<li style=\"text-align: left;\">15:00. Nous commen\u00e7ons notre voyage de retour \u00e0 votre h\u00f4tel, permettant aux souvenirs de persister, concluant ainsi notre exp\u00e9rience \u00e0\u00a0 Plage de Cristal- Parc national Tayrona.<\/li>\n<\/ul>\n<p>&nbsp;<\/p>\n<h2>Tarifs et services inclus \u00e0\u00a0 Plage de Crystal &#8211; Parc National Tayrona<\/h2>\n<ul>\n<li>Transport terrestre aller-retour.<\/li>\n<li>Transport en bateau<\/li>\n<li>Assurance<\/li>\n<li>Logistique<\/li>\n<li>Entr\u00e9e au parc Tayrona<\/li>\n<\/ul>\n<p>*Les voyageurs \u00e9trangers doivent payer des frais suppl\u00e9mentaires de 40 000 COP pour entrer dans le parc national Tayrona.<\/p>\n","protected":false},"featured_media":2518,"comment_status":"closed","ping_status":"closed","template":"","meta":[],"product_brand":[],"product_cat":[110,114],"product_tag":[100,113],"class_list":{"0":"post-2154","1":"product","2":"type-product","3":"status-publish","4":"has-post-thumbnail","6":"product_cat-experiences","7":"product_cat-playa-cristal","8":"product_tag-experiencias","9":"product_tag-parque-tayrona","11":"first","12":"instock","13":"shipping-taxable","14":"purchasable","15":"product-type-simple"},"yoast_head":"<!-- This site is optimized with the Yoast SEO plugin v27.2 - https:\/\/yoast.com\/product\/yoast-seo-wordpress\/ -->\n<title>Plage de Cristal - Parc Tayrona - Ruta Tayrona Tours<\/title>\n<meta name=\"description\" content=\"Embarquez pour notre visite Plage Cristal - Tayrona Park et vivez une aventure passionnante au paradis. Cliquez ici et d\u00e9couvrez nos exp\u00e9riences durables.\" \/>\n<meta name=\"robots\" content=\"index, follow, max-snippet:-1, max-image-preview:large, max-video-preview:-1\" \/>\n<link rel=\"canonical\" href=\"https:\/\/rutatayronatours.com\/fr\/product\/plage-de-cristal-parc-tayrona\/\" \/>\n<meta property=\"og:locale\" content=\"fr_FR\" \/>\n<meta property=\"og:type\" content=\"article\" \/>\n<meta property=\"og:title\" content=\"Plage de Cristal - Parc Tayrona - Ruta Tayrona Tours\" \/>\n<meta property=\"og:description\" content=\"Embarquez pour notre visite Plage Cristal - Tayrona Park et vivez une aventure passionnante au paradis. Cliquez ici et d\u00e9couvrez nos exp\u00e9riences durables.\" \/>\n<meta property=\"og:url\" content=\"https:\/\/rutatayronatours.com\/fr\/product\/plage-de-cristal-parc-tayrona\/\" \/>\n<meta property=\"og:site_name\" content=\"Ruta Tayrona Tours\" \/>\n<meta property=\"article:publisher\" content=\"https:\/\/www.facebook.com\/riomolinotours2\" \/>\n<meta property=\"article:modified_time\" content=\"2025-01-07T21:43:50+00:00\" \/>\n<meta property=\"og:image\" content=\"https:\/\/rutatayronatours.com\/fr\/wp-content\/uploads\/2023\/08\/WhatsApp-Image-2023-07-08-at-8.32.21-AM-1.jpeg\" \/>\n\t<meta property=\"og:image:width\" content=\"720\" \/>\n\t<meta property=\"og:image:height\" content=\"720\" \/>\n\t<meta property=\"og:image:type\" content=\"image\/jpeg\" \/>\n<meta name=\"twitter:card\" content=\"summary_large_image\" \/>\n<meta name=\"twitter:label1\" content=\"Dur\u00e9e de lecture estim\u00e9e\" \/>\n\t<meta name=\"twitter:data1\" content=\"2 minutes\" \/>\n<script type=\"application\/ld+json\" class=\"yoast-schema-graph\">{\"@context\":\"https:\/\/schema.org\",\"@graph\":[{\"@type\":\"WebPage\",\"@id\":\"https:\/\/rutatayronatours.com\/fr\/product\/plage-de-cristal-parc-tayrona\/\",\"url\":\"https:\/\/rutatayronatours.com\/fr\/product\/plage-de-cristal-parc-tayrona\/\",\"name\":\"Plage de Cristal - Parc Tayrona - Ruta Tayrona Tours\",\"isPartOf\":{\"@id\":\"https:\/\/rutatayronatours.com\/fr\/#website\"},\"primaryImageOfPage\":{\"@id\":\"https:\/\/rutatayronatours.com\/fr\/product\/plage-de-cristal-parc-tayrona\/#primaryimage\"},\"image\":{\"@id\":\"https:\/\/rutatayronatours.com\/fr\/product\/plage-de-cristal-parc-tayrona\/#primaryimage\"},\"thumbnailUrl\":\"https:\/\/rutatayronatours.com\/fr\/wp-content\/uploads\/2023\/08\/WhatsApp-Image-2023-07-08-at-8.32.21-AM-1.jpeg\",\"datePublished\":\"2023-08-29T17:42:20+00:00\",\"dateModified\":\"2025-01-07T21:43:50+00:00\",\"description\":\"Embarquez pour notre visite Plage Cristal - Tayrona Park et vivez une aventure passionnante au paradis. Cliquez ici et d\u00e9couvrez nos exp\u00e9riences durables.\",\"breadcrumb\":{\"@id\":\"https:\/\/rutatayronatours.com\/fr\/product\/plage-de-cristal-parc-tayrona\/#breadcrumb\"},\"inLanguage\":\"fr-FR\",\"potentialAction\":[{\"@type\":\"ReadAction\",\"target\":[\"https:\/\/rutatayronatours.com\/fr\/product\/plage-de-cristal-parc-tayrona\/\"]}]},{\"@type\":\"ImageObject\",\"inLanguage\":\"fr-FR\",\"@id\":\"https:\/\/rutatayronatours.com\/fr\/product\/plage-de-cristal-parc-tayrona\/#primaryimage\",\"url\":\"https:\/\/rutatayronatours.com\/fr\/wp-content\/uploads\/2023\/08\/WhatsApp-Image-2023-07-08-at-8.32.21-AM-1.jpeg\",\"contentUrl\":\"https:\/\/rutatayronatours.com\/fr\/wp-content\/uploads\/2023\/08\/WhatsApp-Image-2023-07-08-at-8.32.21-AM-1.jpeg\",\"width\":720,\"height\":720},{\"@type\":\"BreadcrumbList\",\"@id\":\"https:\/\/rutatayronatours.com\/fr\/product\/plage-de-cristal-parc-tayrona\/#breadcrumb\",\"itemListElement\":[{\"@type\":\"ListItem\",\"position\":1,\"name\":\"Portada\",\"item\":\"https:\/\/rutatayronatours.com\/fr\/\"},{\"@type\":\"ListItem\",\"position\":2,\"name\":\"Shop\",\"item\":\"https:\/\/rutatayronatours.com\/fr\/shop\/\"},{\"@type\":\"ListItem\",\"position\":3,\"name\":\"Plage de Cristal &#8211; Parc Tayrona\"}]},{\"@type\":\"WebSite\",\"@id\":\"https:\/\/rutatayronatours.com\/fr\/#website\",\"url\":\"https:\/\/rutatayronatours.com\/fr\/\",\"name\":\"Ruta Tayrona Tours\",\"description\":\"Experiencias y tours del caribe Colombiano\",\"publisher\":{\"@id\":\"https:\/\/rutatayronatours.com\/fr\/#organization\"},\"potentialAction\":[{\"@type\":\"SearchAction\",\"target\":{\"@type\":\"EntryPoint\",\"urlTemplate\":\"https:\/\/rutatayronatours.com\/fr\/?s={search_term_string}\"},\"query-input\":{\"@type\":\"PropertyValueSpecification\",\"valueRequired\":true,\"valueName\":\"search_term_string\"}}],\"inLanguage\":\"fr-FR\"},{\"@type\":\"Organization\",\"@id\":\"https:\/\/rutatayronatours.com\/fr\/#organization\",\"name\":\"Ruta Tayrona Tours\",\"url\":\"https:\/\/rutatayronatours.com\/fr\/\",\"logo\":{\"@type\":\"ImageObject\",\"inLanguage\":\"fr-FR\",\"@id\":\"https:\/\/rutatayronatours.com\/fr\/#\/schema\/logo\/image\/\",\"url\":\"https:\/\/rutatayronatours.com\/fr\/wp-content\/uploads\/2023\/02\/Ruta-Tayrona-Tours.png\",\"contentUrl\":\"https:\/\/rutatayronatours.com\/fr\/wp-content\/uploads\/2023\/02\/Ruta-Tayrona-Tours.png\",\"width\":348,\"height\":85,\"caption\":\"Ruta Tayrona Tours\"},\"image\":{\"@id\":\"https:\/\/rutatayronatours.com\/fr\/#\/schema\/logo\/image\/\"},\"sameAs\":[\"https:\/\/www.facebook.com\/riomolinotours2\",\"https:\/\/www.instagram.com\/rutatayronatours\/\",\"https:\/\/api.whatsapp.com\/send?phone=573145502928\"]}]}<\/script>\n<!-- \/ Yoast SEO plugin. -->","yoast_head_json":{"title":"Plage de Cristal - Parc Tayrona - Ruta Tayrona Tours","description":"Embarquez pour notre visite Plage Cristal - Tayrona Park et vivez une aventure passionnante au paradis. Cliquez ici et d\u00e9couvrez nos exp\u00e9riences durables.","robots":{"index":"index","follow":"follow","max-snippet":"max-snippet:-1","max-image-preview":"max-image-preview:large","max-video-preview":"max-video-preview:-1"},"canonical":"https:\/\/rutatayronatours.com\/fr\/product\/plage-de-cristal-parc-tayrona\/","og_locale":"fr_FR","og_type":"article","og_title":"Plage de Cristal - Parc Tayrona - Ruta Tayrona Tours","og_description":"Embarquez pour notre visite Plage Cristal - Tayrona Park et vivez une aventure passionnante au paradis. Cliquez ici et d\u00e9couvrez nos exp\u00e9riences durables.","og_url":"https:\/\/rutatayronatours.com\/fr\/product\/plage-de-cristal-parc-tayrona\/","og_site_name":"Ruta Tayrona Tours","article_publisher":"https:\/\/www.facebook.com\/riomolinotours2","article_modified_time":"2025-01-07T21:43:50+00:00","og_image":[{"width":720,"height":720,"url":"https:\/\/rutatayronatours.com\/fr\/wp-content\/uploads\/2023\/08\/WhatsApp-Image-2023-07-08-at-8.32.21-AM-1.jpeg","type":"image\/jpeg"}],"twitter_card":"summary_large_image","twitter_misc":{"Dur\u00e9e de lecture estim\u00e9e":"2 minutes"},"schema":{"@context":"https:\/\/schema.org","@graph":[{"@type":"WebPage","@id":"https:\/\/rutatayronatours.com\/fr\/product\/plage-de-cristal-parc-tayrona\/","url":"https:\/\/rutatayronatours.com\/fr\/product\/plage-de-cristal-parc-tayrona\/","name":"Plage de Cristal - Parc Tayrona - Ruta Tayrona Tours","isPartOf":{"@id":"https:\/\/rutatayronatours.com\/fr\/#website"},"primaryImageOfPage":{"@id":"https:\/\/rutatayronatours.com\/fr\/product\/plage-de-cristal-parc-tayrona\/#primaryimage"},"image":{"@id":"https:\/\/rutatayronatours.com\/fr\/product\/plage-de-cristal-parc-tayrona\/#primaryimage"},"thumbnailUrl":"https:\/\/rutatayronatours.com\/fr\/wp-content\/uploads\/2023\/08\/WhatsApp-Image-2023-07-08-at-8.32.21-AM-1.jpeg","datePublished":"2023-08-29T17:42:20+00:00","dateModified":"2025-01-07T21:43:50+00:00","description":"Embarquez pour notre visite Plage Cristal - Tayrona Park et vivez une aventure passionnante au paradis. Cliquez ici et d\u00e9couvrez nos exp\u00e9riences durables.","breadcrumb":{"@id":"https:\/\/rutatayronatours.com\/fr\/product\/plage-de-cristal-parc-tayrona\/#breadcrumb"},"inLanguage":"fr-FR","potentialAction":[{"@type":"ReadAction","target":["https:\/\/rutatayronatours.com\/fr\/product\/plage-de-cristal-parc-tayrona\/"]}]},{"@type":"ImageObject","inLanguage":"fr-FR","@id":"https:\/\/rutatayronatours.com\/fr\/product\/plage-de-cristal-parc-tayrona\/#primaryimage","url":"https:\/\/rutatayronatours.com\/fr\/wp-content\/uploads\/2023\/08\/WhatsApp-Image-2023-07-08-at-8.32.21-AM-1.jpeg","contentUrl":"https:\/\/rutatayronatours.com\/fr\/wp-content\/uploads\/2023\/08\/WhatsApp-Image-2023-07-08-at-8.32.21-AM-1.jpeg","width":720,"height":720},{"@type":"BreadcrumbList","@id":"https:\/\/rutatayronatours.com\/fr\/product\/plage-de-cristal-parc-tayrona\/#breadcrumb","itemListElement":[{"@type":"ListItem","position":1,"name":"Portada","item":"https:\/\/rutatayronatours.com\/fr\/"},{"@type":"ListItem","position":2,"name":"Shop","item":"https:\/\/rutatayronatours.com\/fr\/shop\/"},{"@type":"ListItem","position":3,"name":"Plage de Cristal &#8211; Parc Tayrona"}]},{"@type":"WebSite","@id":"https:\/\/rutatayronatours.com\/fr\/#website","url":"https:\/\/rutatayronatours.com\/fr\/","name":"Ruta Tayrona Tours","description":"Experiencias y tours del caribe Colombiano","publisher":{"@id":"https:\/\/rutatayronatours.com\/fr\/#organization"},"potentialAction":[{"@type":"SearchAction","target":{"@type":"EntryPoint","urlTemplate":"https:\/\/rutatayronatours.com\/fr\/?s={search_term_string}"},"query-input":{"@type":"PropertyValueSpecification","valueRequired":true,"valueName":"search_term_string"}}],"inLanguage":"fr-FR"},{"@type":"Organization","@id":"https:\/\/rutatayronatours.com\/fr\/#organization","name":"Ruta Tayrona Tours","url":"https:\/\/rutatayronatours.com\/fr\/","logo":{"@type":"ImageObject","inLanguage":"fr-FR","@id":"https:\/\/rutatayronatours.com\/fr\/#\/schema\/logo\/image\/","url":"https:\/\/rutatayronatours.com\/fr\/wp-content\/uploads\/2023\/02\/Ruta-Tayrona-Tours.png","contentUrl":"https:\/\/rutatayronatours.com\/fr\/wp-content\/uploads\/2023\/02\/Ruta-Tayrona-Tours.png","width":348,"height":85,"caption":"Ruta Tayrona Tours"},"image":{"@id":"https:\/\/rutatayronatours.com\/fr\/#\/schema\/logo\/image\/"},"sameAs":["https:\/\/www.facebook.com\/riomolinotours2","https:\/\/www.instagram.com\/rutatayronatours\/","https:\/\/api.whatsapp.com\/send?phone=573145502928"]}]}},"_links":{"self":[{"href":"https:\/\/rutatayronatours.com\/fr\/wp-json\/wp\/v2\/product\/2154","targetHints":{"allow":["GET"]}}],"collection":[{"href":"https:\/\/rutatayronatours.com\/fr\/wp-json\/wp\/v2\/product"}],"about":[{"href":"https:\/\/rutatayronatours.com\/fr\/wp-json\/wp\/v2\/types\/product"}],"replies":[{"embeddable":true,"href":"https:\/\/rutatayronatours.com\/fr\/wp-json\/wp\/v2\/comments?post=2154"}],"version-history":[{"count":18,"href":"https:\/\/rutatayronatours.com\/fr\/wp-json\/wp\/v2\/product\/2154\/revisions"}],"predecessor-version":[{"id":3406,"href":"https:\/\/rutatayronatours.com\/fr\/wp-json\/wp\/v2\/product\/2154\/revisions\/3406"}],"wp:featuredmedia":[{"embeddable":true,"href":"https:\/\/rutatayronatours.com\/fr\/wp-json\/wp\/v2\/media\/2518"}],"wp:attachment":[{"href":"https:\/\/rutatayronatours.com\/fr\/wp-json\/wp\/v2\/media?parent=2154"}],"wp:term":[{"taxonomy":"product_brand","embeddable":true,"href":"https:\/\/rutatayronatours.com\/fr\/wp-json\/wp\/v2\/product_brand?post=2154"},{"taxonomy":"product_cat","embeddable":true,"href":"https:\/\/rutatayronatours.com\/fr\/wp-json\/wp\/v2\/product_cat?post=2154"},{"taxonomy":"product_tag","embeddable":true,"href":"https:\/\/rutatayronatours.com\/fr\/wp-json\/wp\/v2\/product_tag?post=2154"}],"curies":[{"name":"wp","href":"https:\/\/api.w.org\/{rel}","templated":true}]}}