{"id":2172,"date":"2023-08-29T12:58:40","date_gmt":"2023-08-29T17:58:40","guid":{"rendered":"https:\/\/rutatayronatours.com\/fr\/?post_type=product&#038;p=2172"},"modified":"2025-01-07T16:43:48","modified_gmt":"2025-01-07T21:43:48","slug":"baie-de-concha-eaux-de-reve","status":"publish","type":"product","link":"https:\/\/rutatayronatours.com\/fr\/product\/baie-de-concha-eaux-de-reve\/","title":{"rendered":"Baie de Concha &#8211; Eaux de r\u00eave"},"content":{"rendered":"<h2>Baie de Concha &#8211; Eaux de r\u00eave<\/h2>\n<p>Baie de Concha &#8211; Eaux de r\u00eave est une r\u00e9serve naturelle situ\u00e9e sur la c\u00f4te cara\u00efbe de la Colombie, r\u00e9put\u00e9e pour sa beaut\u00e9 naturelle luxuriante et sa diversit\u00e9 \u00e9cologique. Le parc Tayrona est connu pour abriter une grande vari\u00e9t\u00e9 d\u2019esp\u00e8ces de flore et de faune, dont beaucoup sont end\u00e9miques et uniques \u00e0 la r\u00e9gion. La pr\u00e9sence de diff\u00e9rents \u00e9cosyst\u00e8mes, comme les mangroves, les jungles et les r\u00e9cifs coralliens, contribue \u00e0 sa richesse biologique. De plus, le parc abrite la communaut\u00e9 indig\u00e8ne Kogui, qui habite la r\u00e9gion depuis des si\u00e8cles et entretient un lien spirituel profond avec la terre.<\/p>\n<p><strong>Ses plages<\/strong>, telles que la baie de Concha, Cabo San Juan del Guia, la plage de Cinto et la plage de Cristal, sont des destinations populaires id\u00e9ales pour profiter d&#8217;eaux calmes pour la baignade, la plong\u00e9e en apn\u00e9e et la d\u00e9tente dans un environnement naturel \u00e9poustouflant. Bien que le parc offre une beaut\u00e9 sans pr\u00e9c\u00e9dent, il est important de noter que l&#8217;acc\u00e8s peut n\u00e9cessiter des randonn\u00e9es sur des sentiers parfois difficiles, et que la conservation et le respect de l&#8217;environnement naturel et culturel sont encourag\u00e9s.<\/p>\n<p><strong>Baie de la Concha<\/strong><\/p>\n<p>Appr\u00e9ciez le magnifique paysage autour de cette magnifique plage situ\u00e9e dans le parc naturel national Tayrona,\u00a0Concha Bay. C&#8217;est la meilleure option pour ceux qui souhaitent d\u00e9couvrir cet endroit merveilleux sans avoir \u00e0 marcher. Laissez la brise et les montagnes vous embrasser et profitez d&#8217;une merveilleuse journ\u00e9e de bronzage, de lecture de votre livre pr\u00e9f\u00e9r\u00e9, de plong\u00e9e en apn\u00e9e (incluse dans le prix) et de baignade dans les eaux turquoise, calmes et rafra\u00eechissantes du parc Tayrona.<\/p>\n<p><a href=\"https:\/\/www.parquesnacionales.gov.co\/nuestros-parques\/pnn-tayrona\/\"><strong>La Sierra Nevada de Santa Marta.<\/strong><\/a><\/p>\n<p>La Sierra Nevada de Santa Marta, situ\u00e9e en Colombie, est une merveille naturelle et culturelle qui abrite une diversit\u00e9 de communaut\u00e9s autochtones. Ces communaut\u00e9s, fortes de leurs traditions ancestrales et de leur profond respect de la nature, jouent un r\u00f4le crucial dans la pr\u00e9servation de cet \u00e9cosyst\u00e8me unique au monde.<\/p>\n<p><strong>Tarifs et services inclus<\/strong><\/p>\n<ul>\n<li>Transport terrestre<\/li>\n<li>Transport maritime<\/li>\n<li>Guide<\/li>\n<li>Assurance voyage<\/li>\n<li><a href=\"https:\/\/rutatayronatours.com\/fr\/explorando-las-diferentes-entradas-al-parque-tayrona-una-aventura-inolvidable\/\">Billets pour le parc Tayrona<\/a><\/li>\n<\/ul>\n<p>&nbsp;<\/p>\n","protected":false},"excerpt":{"rendered":"<h2>Journ\u00e9e Magique \u00e0 la Baie de Concha &#8211; Eaux de R\u00eave<\/h2>\n<ul>\n<li style=\"text-align: left;\">9h00 Nous commen\u00e7ons l&#8217;exp\u00e9rience Bahia Concha &#8211; Dreamy Waters depuis votre h\u00f4tel \u00e0 Rodadero, Taganga et Santa Marta. Veuillez noter que l&#8217;heure de d\u00e9part peut varier en fonction de la zone o\u00f9 vous s\u00e9journez. Le v\u00e9hicule nous am\u00e8nera au parking de Concha Bay. Nous marcherons pendant 20 minutes pour atteindre la magnifique baie, o\u00f9 nous vous pr\u00e9senterons votre guide personnel.<\/li>\n<li style=\"text-align: left;\">Ensuite, un court trajet en bateau de 10 minutes nous am\u00e8nera \u00e0 la plage de Bonito Gordo. Ici, vous pourrez explorer la vie marine en faisant de la plong\u00e9e en apn\u00e9e, en observant les r\u00e9cifs coralliens et les poissons.<\/li>\n<li style=\"text-align: left;\">A midi, nous retournerons en bateau \u00e0 la baie de Concha, o\u00f9 vous d\u00e9gusterez un d\u00e9jeuner de votre choix. Vous aurez l&#8217;apr\u00e8s-midi libre pour vous d\u00e9tendre sur le sable blanc et les eaux cristallines de la baie.<\/li>\n<li style=\"text-align: left;\">\u00c0 15h30, nous commencerons la randonn\u00e9e jusqu&#8217;au point de d\u00e9part, o\u00f9 notre v\u00e9hicule vous attendra pour vous ramener avec les souvenirs de cette journ\u00e9e.<\/li>\n<\/ul>\n<h2>Tarifs et services inclus<\/h2>\n<ul>\n<li>Transport aller-retour<\/li>\n<li>Entr\u00e9e au parc Tayrona<\/li>\n<li>Assurance<\/li>\n<li>Logistique<\/li>\n<li>D\u00e9jeuner<\/li>\n<\/ul>\n<p>&nbsp;<\/p>\n","protected":false},"featured_media":2082,"comment_status":"closed","ping_status":"closed","template":"","meta":[],"product_brand":[],"product_cat":[117,110],"product_tag":[100,113],"class_list":{"0":"post-2172","1":"product","2":"type-product","3":"status-publish","4":"has-post-thumbnail","6":"product_cat-bahia-concha","7":"product_cat-experiences","8":"product_tag-experiencias","9":"product_tag-parque-tayrona","11":"first","12":"instock","13":"shipping-taxable","14":"purchasable","15":"product-type-simple"},"yoast_head":"<!-- This site is optimized with the Yoast SEO plugin v27.2 - https:\/\/yoast.com\/product\/yoast-seo-wordpress\/ -->\n<title>Baie de Concha - Eaux de r\u00eave - Ruta Tayrona Tours<\/title>\n<meta name=\"description\" content=\"D\u00e9couvrez la beaut\u00e9 intacte de Baie de Concha - Eaux de r\u00eave lors de notre visite passionnante. Cliquez ici et explorez nos exp\u00e9riences durables.\" \/>\n<meta name=\"robots\" content=\"index, follow, max-snippet:-1, max-image-preview:large, max-video-preview:-1\" \/>\n<link rel=\"canonical\" href=\"https:\/\/rutatayronatours.com\/fr\/product\/baie-de-concha-eaux-de-reve\/\" \/>\n<meta property=\"og:locale\" content=\"fr_FR\" \/>\n<meta property=\"og:type\" content=\"article\" \/>\n<meta property=\"og:title\" content=\"Baie de Concha - Eaux de r\u00eave - Ruta Tayrona Tours\" \/>\n<meta property=\"og:description\" content=\"D\u00e9couvrez la beaut\u00e9 intacte de Baie de Concha - Eaux de r\u00eave lors de notre visite passionnante. Cliquez ici et explorez nos exp\u00e9riences durables.\" \/>\n<meta property=\"og:url\" content=\"https:\/\/rutatayronatours.com\/fr\/product\/baie-de-concha-eaux-de-reve\/\" \/>\n<meta property=\"og:site_name\" content=\"Ruta Tayrona Tours\" \/>\n<meta property=\"article:publisher\" content=\"https:\/\/www.facebook.com\/riomolinotours2\" \/>\n<meta property=\"article:modified_time\" content=\"2025-01-07T21:43:48+00:00\" \/>\n<meta property=\"og:image\" content=\"https:\/\/rutatayronatours.com\/fr\/wp-content\/uploads\/2023\/08\/Canaveral-Bahia-Concha.jpg\" \/>\n\t<meta property=\"og:image:width\" content=\"1200\" \/>\n\t<meta property=\"og:image:height\" content=\"800\" \/>\n\t<meta property=\"og:image:type\" content=\"image\/jpeg\" \/>\n<meta name=\"twitter:card\" content=\"summary_large_image\" \/>\n<meta name=\"twitter:label1\" content=\"Dur\u00e9e de lecture estim\u00e9e\" \/>\n\t<meta name=\"twitter:data1\" content=\"2 minutes\" \/>\n<script type=\"application\/ld+json\" class=\"yoast-schema-graph\">{\"@context\":\"https:\/\/schema.org\",\"@graph\":[{\"@type\":\"WebPage\",\"@id\":\"https:\/\/rutatayronatours.com\/fr\/product\/baie-de-concha-eaux-de-reve\/\",\"url\":\"https:\/\/rutatayronatours.com\/fr\/product\/baie-de-concha-eaux-de-reve\/\",\"name\":\"Baie de Concha - Eaux de r\u00eave - Ruta Tayrona Tours\",\"isPartOf\":{\"@id\":\"https:\/\/rutatayronatours.com\/fr\/#website\"},\"primaryImageOfPage\":{\"@id\":\"https:\/\/rutatayronatours.com\/fr\/product\/baie-de-concha-eaux-de-reve\/#primaryimage\"},\"image\":{\"@id\":\"https:\/\/rutatayronatours.com\/fr\/product\/baie-de-concha-eaux-de-reve\/#primaryimage\"},\"thumbnailUrl\":\"https:\/\/rutatayronatours.com\/fr\/wp-content\/uploads\/2023\/08\/Canaveral-Bahia-Concha.jpg\",\"datePublished\":\"2023-08-29T17:58:40+00:00\",\"dateModified\":\"2025-01-07T21:43:48+00:00\",\"description\":\"D\u00e9couvrez la beaut\u00e9 intacte de Baie de Concha - Eaux de r\u00eave lors de notre visite passionnante. Cliquez ici et explorez nos exp\u00e9riences durables.\",\"breadcrumb\":{\"@id\":\"https:\/\/rutatayronatours.com\/fr\/product\/baie-de-concha-eaux-de-reve\/#breadcrumb\"},\"inLanguage\":\"fr-FR\",\"potentialAction\":[{\"@type\":\"ReadAction\",\"target\":[\"https:\/\/rutatayronatours.com\/fr\/product\/baie-de-concha-eaux-de-reve\/\"]}]},{\"@type\":\"ImageObject\",\"inLanguage\":\"fr-FR\",\"@id\":\"https:\/\/rutatayronatours.com\/fr\/product\/baie-de-concha-eaux-de-reve\/#primaryimage\",\"url\":\"https:\/\/rutatayronatours.com\/fr\/wp-content\/uploads\/2023\/08\/Canaveral-Bahia-Concha.jpg\",\"contentUrl\":\"https:\/\/rutatayronatours.com\/fr\/wp-content\/uploads\/2023\/08\/Canaveral-Bahia-Concha.jpg\",\"width\":1200,\"height\":800,\"caption\":\"Reserva aqu\u00ed el tour a Bahia Concha - Aguas\u00a0de ensue\u00f1o\"},{\"@type\":\"BreadcrumbList\",\"@id\":\"https:\/\/rutatayronatours.com\/fr\/product\/baie-de-concha-eaux-de-reve\/#breadcrumb\",\"itemListElement\":[{\"@type\":\"ListItem\",\"position\":1,\"name\":\"Portada\",\"item\":\"https:\/\/rutatayronatours.com\/fr\/\"},{\"@type\":\"ListItem\",\"position\":2,\"name\":\"Shop\",\"item\":\"https:\/\/rutatayronatours.com\/fr\/shop\/\"},{\"@type\":\"ListItem\",\"position\":3,\"name\":\"Baie de Concha &#8211; Eaux de r\u00eave\"}]},{\"@type\":\"WebSite\",\"@id\":\"https:\/\/rutatayronatours.com\/fr\/#website\",\"url\":\"https:\/\/rutatayronatours.com\/fr\/\",\"name\":\"Ruta Tayrona Tours\",\"description\":\"Experiencias y tours del caribe Colombiano\",\"publisher\":{\"@id\":\"https:\/\/rutatayronatours.com\/fr\/#organization\"},\"potentialAction\":[{\"@type\":\"SearchAction\",\"target\":{\"@type\":\"EntryPoint\",\"urlTemplate\":\"https:\/\/rutatayronatours.com\/fr\/?s={search_term_string}\"},\"query-input\":{\"@type\":\"PropertyValueSpecification\",\"valueRequired\":true,\"valueName\":\"search_term_string\"}}],\"inLanguage\":\"fr-FR\"},{\"@type\":\"Organization\",\"@id\":\"https:\/\/rutatayronatours.com\/fr\/#organization\",\"name\":\"Ruta Tayrona Tours\",\"url\":\"https:\/\/rutatayronatours.com\/fr\/\",\"logo\":{\"@type\":\"ImageObject\",\"inLanguage\":\"fr-FR\",\"@id\":\"https:\/\/rutatayronatours.com\/fr\/#\/schema\/logo\/image\/\",\"url\":\"https:\/\/rutatayronatours.com\/fr\/wp-content\/uploads\/2023\/02\/Ruta-Tayrona-Tours.png\",\"contentUrl\":\"https:\/\/rutatayronatours.com\/fr\/wp-content\/uploads\/2023\/02\/Ruta-Tayrona-Tours.png\",\"width\":348,\"height\":85,\"caption\":\"Ruta Tayrona Tours\"},\"image\":{\"@id\":\"https:\/\/rutatayronatours.com\/fr\/#\/schema\/logo\/image\/\"},\"sameAs\":[\"https:\/\/www.facebook.com\/riomolinotours2\",\"https:\/\/www.instagram.com\/rutatayronatours\/\",\"https:\/\/api.whatsapp.com\/send?phone=573145502928\"]}]}<\/script>\n<!-- \/ Yoast SEO plugin. -->","yoast_head_json":{"title":"Baie de Concha - Eaux de r\u00eave - Ruta Tayrona Tours","description":"D\u00e9couvrez la beaut\u00e9 intacte de Baie de Concha - Eaux de r\u00eave lors de notre visite passionnante. Cliquez ici et explorez nos exp\u00e9riences durables.","robots":{"index":"index","follow":"follow","max-snippet":"max-snippet:-1","max-image-preview":"max-image-preview:large","max-video-preview":"max-video-preview:-1"},"canonical":"https:\/\/rutatayronatours.com\/fr\/product\/baie-de-concha-eaux-de-reve\/","og_locale":"fr_FR","og_type":"article","og_title":"Baie de Concha - Eaux de r\u00eave - Ruta Tayrona Tours","og_description":"D\u00e9couvrez la beaut\u00e9 intacte de Baie de Concha - Eaux de r\u00eave lors de notre visite passionnante. Cliquez ici et explorez nos exp\u00e9riences durables.","og_url":"https:\/\/rutatayronatours.com\/fr\/product\/baie-de-concha-eaux-de-reve\/","og_site_name":"Ruta Tayrona Tours","article_publisher":"https:\/\/www.facebook.com\/riomolinotours2","article_modified_time":"2025-01-07T21:43:48+00:00","og_image":[{"width":1200,"height":800,"url":"https:\/\/rutatayronatours.com\/fr\/wp-content\/uploads\/2023\/08\/Canaveral-Bahia-Concha.jpg","type":"image\/jpeg"}],"twitter_card":"summary_large_image","twitter_misc":{"Dur\u00e9e de lecture estim\u00e9e":"2 minutes"},"schema":{"@context":"https:\/\/schema.org","@graph":[{"@type":"WebPage","@id":"https:\/\/rutatayronatours.com\/fr\/product\/baie-de-concha-eaux-de-reve\/","url":"https:\/\/rutatayronatours.com\/fr\/product\/baie-de-concha-eaux-de-reve\/","name":"Baie de Concha - Eaux de r\u00eave - Ruta Tayrona Tours","isPartOf":{"@id":"https:\/\/rutatayronatours.com\/fr\/#website"},"primaryImageOfPage":{"@id":"https:\/\/rutatayronatours.com\/fr\/product\/baie-de-concha-eaux-de-reve\/#primaryimage"},"image":{"@id":"https:\/\/rutatayronatours.com\/fr\/product\/baie-de-concha-eaux-de-reve\/#primaryimage"},"thumbnailUrl":"https:\/\/rutatayronatours.com\/fr\/wp-content\/uploads\/2023\/08\/Canaveral-Bahia-Concha.jpg","datePublished":"2023-08-29T17:58:40+00:00","dateModified":"2025-01-07T21:43:48+00:00","description":"D\u00e9couvrez la beaut\u00e9 intacte de Baie de Concha - Eaux de r\u00eave lors de notre visite passionnante. Cliquez ici et explorez nos exp\u00e9riences durables.","breadcrumb":{"@id":"https:\/\/rutatayronatours.com\/fr\/product\/baie-de-concha-eaux-de-reve\/#breadcrumb"},"inLanguage":"fr-FR","potentialAction":[{"@type":"ReadAction","target":["https:\/\/rutatayronatours.com\/fr\/product\/baie-de-concha-eaux-de-reve\/"]}]},{"@type":"ImageObject","inLanguage":"fr-FR","@id":"https:\/\/rutatayronatours.com\/fr\/product\/baie-de-concha-eaux-de-reve\/#primaryimage","url":"https:\/\/rutatayronatours.com\/fr\/wp-content\/uploads\/2023\/08\/Canaveral-Bahia-Concha.jpg","contentUrl":"https:\/\/rutatayronatours.com\/fr\/wp-content\/uploads\/2023\/08\/Canaveral-Bahia-Concha.jpg","width":1200,"height":800,"caption":"Reserva aqu\u00ed el tour a Bahia Concha - Aguas\u00a0de ensue\u00f1o"},{"@type":"BreadcrumbList","@id":"https:\/\/rutatayronatours.com\/fr\/product\/baie-de-concha-eaux-de-reve\/#breadcrumb","itemListElement":[{"@type":"ListItem","position":1,"name":"Portada","item":"https:\/\/rutatayronatours.com\/fr\/"},{"@type":"ListItem","position":2,"name":"Shop","item":"https:\/\/rutatayronatours.com\/fr\/shop\/"},{"@type":"ListItem","position":3,"name":"Baie de Concha &#8211; Eaux de r\u00eave"}]},{"@type":"WebSite","@id":"https:\/\/rutatayronatours.com\/fr\/#website","url":"https:\/\/rutatayronatours.com\/fr\/","name":"Ruta Tayrona Tours","description":"Experiencias y tours del caribe Colombiano","publisher":{"@id":"https:\/\/rutatayronatours.com\/fr\/#organization"},"potentialAction":[{"@type":"SearchAction","target":{"@type":"EntryPoint","urlTemplate":"https:\/\/rutatayronatours.com\/fr\/?s={search_term_string}"},"query-input":{"@type":"PropertyValueSpecification","valueRequired":true,"valueName":"search_term_string"}}],"inLanguage":"fr-FR"},{"@type":"Organization","@id":"https:\/\/rutatayronatours.com\/fr\/#organization","name":"Ruta Tayrona Tours","url":"https:\/\/rutatayronatours.com\/fr\/","logo":{"@type":"ImageObject","inLanguage":"fr-FR","@id":"https:\/\/rutatayronatours.com\/fr\/#\/schema\/logo\/image\/","url":"https:\/\/rutatayronatours.com\/fr\/wp-content\/uploads\/2023\/02\/Ruta-Tayrona-Tours.png","contentUrl":"https:\/\/rutatayronatours.com\/fr\/wp-content\/uploads\/2023\/02\/Ruta-Tayrona-Tours.png","width":348,"height":85,"caption":"Ruta Tayrona Tours"},"image":{"@id":"https:\/\/rutatayronatours.com\/fr\/#\/schema\/logo\/image\/"},"sameAs":["https:\/\/www.facebook.com\/riomolinotours2","https:\/\/www.instagram.com\/rutatayronatours\/","https:\/\/api.whatsapp.com\/send?phone=573145502928"]}]}},"_links":{"self":[{"href":"https:\/\/rutatayronatours.com\/fr\/wp-json\/wp\/v2\/product\/2172","targetHints":{"allow":["GET"]}}],"collection":[{"href":"https:\/\/rutatayronatours.com\/fr\/wp-json\/wp\/v2\/product"}],"about":[{"href":"https:\/\/rutatayronatours.com\/fr\/wp-json\/wp\/v2\/types\/product"}],"replies":[{"embeddable":true,"href":"https:\/\/rutatayronatours.com\/fr\/wp-json\/wp\/v2\/comments?post=2172"}],"version-history":[{"count":10,"href":"https:\/\/rutatayronatours.com\/fr\/wp-json\/wp\/v2\/product\/2172\/revisions"}],"predecessor-version":[{"id":3411,"href":"https:\/\/rutatayronatours.com\/fr\/wp-json\/wp\/v2\/product\/2172\/revisions\/3411"}],"wp:featuredmedia":[{"embeddable":true,"href":"https:\/\/rutatayronatours.com\/fr\/wp-json\/wp\/v2\/media\/2082"}],"wp:attachment":[{"href":"https:\/\/rutatayronatours.com\/fr\/wp-json\/wp\/v2\/media?parent=2172"}],"wp:term":[{"taxonomy":"product_brand","embeddable":true,"href":"https:\/\/rutatayronatours.com\/fr\/wp-json\/wp\/v2\/product_brand?post=2172"},{"taxonomy":"product_cat","embeddable":true,"href":"https:\/\/rutatayronatours.com\/fr\/wp-json\/wp\/v2\/product_cat?post=2172"},{"taxonomy":"product_tag","embeddable":true,"href":"https:\/\/rutatayronatours.com\/fr\/wp-json\/wp\/v2\/product_tag?post=2172"}],"curies":[{"name":"wp","href":"https:\/\/api.w.org\/{rel}","templated":true}]}}