{"id":2614,"date":"2023-09-27T09:45:52","date_gmt":"2023-09-27T14:45:52","guid":{"rendered":"https:\/\/rutatayronatours.com\/fr\/?post_type=product&#038;p=2614"},"modified":"2025-01-07T16:43:46","modified_gmt":"2025-01-07T21:43:46","slug":"bunkuany-tayrona-3-jours","status":"publish","type":"product","link":"https:\/\/rutatayronatours.com\/fr\/product\/bunkuany-tayrona-3-jours\/","title":{"rendered":"Bunkuany Tayrona 3 jours"},"content":{"rendered":"<h3 style=\"text-align: center;\"><a href=\"https:\/\/rutatayronatours.com\/fr\/bunkuany-tayrona-una-alternativa-al-trekking-de-ciudad-perdida\/\">Bunkuany Tayrona 3 Jours<\/a><\/h3>\n<p>Pendant votre p\u00e9riple de 3 jours \u00e0 Bunkunay Tayrona dans la Sierra Nevada, vous aurez l&#8217;opportunit\u00e9 de vous immerger dans la culture et l&#8217;histoire des communaut\u00e9s indig\u00e8nes telles que les Arhuaco, <a href=\"https:\/\/rutatayronatours.com\/fr\/comunidades-indigenas-de-la-sierra-nevada-de-santa-marta\/\">Kogui<\/a>, Tayrona, Wiwa et Kankuamo, qui habitent ces terres depuis des si\u00e8cles et jouent un r\u00f4le fondamental dans la pr\u00e9servation de cet \u00e9cosyst\u00e8me unique. Vous explorerez \u00e9galement la riche flore et faune de cette r\u00e9gion, avec la possibilit\u00e9 d&#8217;observer des esp\u00e8ces end\u00e9miques et de profiter de la luxuriante jungle tropicale.<\/p>\n<p>Nos guides locaux hautement qualifi\u00e9s seront \u00e0 votre disposition pour vous offrir une exp\u00e9rience enrichissante et s\u00e9curis\u00e9e. Des randonn\u00e9es passionnantes sur des sentiers naturels \u00e0 l&#8217;interaction avec les traditions des communaut\u00e9s indig\u00e8nes, nous sommes convaincus que votre visite \u00e0 la Sierra Nevada de Santa Marta sera inoubliable. N&#8217;oubliez jamais de respecter l&#8217;environnement et de suivre les conseils de vos guides pour garantir la pr\u00e9servation de ce tr\u00e9sor naturel pour les g\u00e9n\u00e9rations futures.<\/p>\n<p>Le nom &#8220;Bunkunay&#8221; est li\u00e9 aux pierres utilis\u00e9es dans la construction de ses terrasses et \u00e0 certaines gravures sur roche qui ont \u00e9t\u00e9 d\u00e9couvertes. Ces gravures semblent raconter une histoire \u00e0 ceux qui visitent cet endroit, comme si elles nous parlaient. Bunkunay, le &#8220;lieu des pierres parlantes&#8221;.<\/p>\n<p>Bien que le complexe arch\u00e9ologique de Bunkunay soit moins \u00e9tendu que celui de la Cit\u00e9 Perdue, il comporte des terrasses assez grandes. Tout comme la Cit\u00e9 Perdue ou Teyuna, la &#8220;deuxi\u00e8me Cit\u00e9 Perdue&#8221;, il est entour\u00e9 de plusieurs cours d&#8217;eau et rivi\u00e8res, vous permettant de vous rafra\u00eechir en nageant lors de la visite de Bunkunay.<\/p>\n","protected":false},"excerpt":{"rendered":"<h3 style=\"text-align: center;\">Bunkuany Tayrona 3 Jours<\/h3>\n<h3>\u00a01 Jours<\/h3>\n<ul>\n<li>7h00 : D\u00e9part de votre h\u00f4tel \u00e0 Rodadero, Taganga ou Santa Marta, direction le village de Lisa, o\u00f9 nous aurons l&#8217;occasion d&#8217;explorer les pierres de Donama, un site int\u00e9ressant. Nous continuerons ensuite par un trajet de 25 minutes en v\u00e9hicule 4&#215;4 jusqu&#8217;\u00e0 un endroit connu sous le nom d&#8217;El Boquer\u00f3n.<\/li>\n<li>9h30 : Nous commencerons une randonn\u00e9e de 30 minutes pour atteindre un point de vue d&#8217;o\u00f9 vous pourrez appr\u00e9cier la ville de Santa Marta et sa r\u00e9gion. Ici, nous d\u00e9gusterons un d\u00e9licieux caf\u00e9 et une collation fournie par Mme Marelbis. 10h45 : Nous commencerons la descente pour visiter une ferme traditionnelle de la r\u00e9gion. Ensuite, nous continuerons \u00e0 descendre jusqu&#8217;\u00e0 atteindre la piscine Enredadera, o\u00f9 vous pourrez profiter d&#8217;une baignade rafra\u00eechissante.<\/li>\n<li>12h30 : Nous ferons 15 minutes de marche pour rejoindre Bunkuany, o\u00f9 vous aurez l&#8217;occasion de savourer un d\u00e9licieux d\u00e9jeuner.<\/li>\n<li>14h00 : Nous commencerons une visite des diff\u00e9rentes terrasses, o\u00f9 vous pourrez d\u00e9couvrir l&#8217;histoire ancestrale de la r\u00e9gion. Nous monterons sur la terrasse la plus haute, o\u00f9 vous pourrez vous reposer et pratiquer le yoga pour ressentir la paix que v\u00e9hicule le lieu.<\/li>\n<li>17h00 : Nous commencerons le voyage de retour, qui prendra environ 15 minutes pour rejoindre notre h\u00f4tel. Ici, nous d\u00eenerons et passerons la nuit entour\u00e9s de terrasses et de la culture Tayrona.<\/li>\n<\/ul>\n<p>2 Jours<\/p>\n<ul>\n<li>8h00 : Nous commencerons une randonn\u00e9e d&#8217;une heure au cours de laquelle vous pourrez d\u00e9couvrir la faune et la flore de la r\u00e9gion. Nous arriverons \u00e0 la rivi\u00e8re Piedra, o\u00f9 vous aurez l&#8217;opportunit\u00e9 de prendre un bain rafra\u00eechissant.<\/li>\n<li>Apr\u00e8s avoir profit\u00e9 de la rivi\u00e8re Piedra, nous poursuivrons la randonn\u00e9e pendant environ une heure pour atteindre le village de Calabazo, o\u00f9 nous aurons un d\u00e9licieux d\u00e9jeuner.<\/li>\n<li>13h00 : Apr\u00e8s le d\u00e9jeuner, nous prendrons une moto pendant 15 minutes pour nous rendre au village indig\u00e8ne de Tayku. Ici, vous aurez l&#8217;opportunit\u00e9 d&#8217;en apprendre davantage sur la culture Kogui, en visitant leurs maisons c\u00e9r\u00e9monielles et en interagissant avec le Mamo, la plus haute autorit\u00e9 de la tribu. Au cours de cette visite, vous en apprendrez \u00e9galement plus sur leur culture ancestrale et sur la mani\u00e8re dont ils cultivent la terre.<\/li>\n<li>Apr\u00e8s la visite du village indig\u00e8ne de Tayku&#8230;<\/li>\n<\/ul>\n<p><strong>3 Jours<\/strong><\/p>\n<ul>\n<li>8h00 : Nous commencerons la journ\u00e9e par un petit-d\u00e9jeuner \u00e0 8h00. 9h00 : Nous commencerons une randonn\u00e9e d&#8217;1 heure et 30 minutes vers les magnifiques plages de Cabo San Juan dans le parc national Tayrona.<\/li>\n<li>Ici, vous aurez l&#8217;occasion de profiter d&#8217;une vue imprenable et de vous baigner dans les eaux cristallines de la mer des Cara\u00efbes.<\/li>\n<li>12h00 : Nous commencerons une randonn\u00e9e de 25 minutes pour atteindre la plage connue sous le nom de La Piscina dans le parc national Tayrona. Dans cet endroit, nous d\u00e9jeunerons et vous aurez l&#8217;apr\u00e8s-midi libre pour nager et vous d\u00e9tendre sur cette plage tranquille.<\/li>\n<li>14h30 : Nous commencerons une randonn\u00e9e de retour d&#8217;1h30 en passant par les diff\u00e9rentes plages du parc national Tayrona, comme Arenilla et Arrecife. Au cours de ce voyage, vous pourrez profiter de la diversit\u00e9 des paysages, de la faune et de la flore qui habitent ce territoire prot\u00e9g\u00e9.<\/li>\n<li>16h00 : Nous commencerons le retour \u00e0 votre h\u00f4tel.<\/li>\n<\/ul>\n<h2>Tarifs et services inclus<\/h2>\n<ul>\n<li>Transport aller-retour<\/li>\n<li>Acc\u00e8s au territoire<\/li>\n<li>Acc\u00e8s aux terrasses<\/li>\n<li>Guide<\/li>\n<li>Repas pendant 3 jours<\/li>\n<li>Deux nuits d&#8217;h\u00e9bergement<\/li>\n<li>Entr\u00e9e au parc national Tayrona<\/li>\n<li>Logistique<\/li>\n<li>Assurance<\/li>\n<\/ul>\n","protected":false},"featured_media":2767,"comment_status":"closed","ping_status":"closed","template":"","meta":[],"product_brand":[],"product_cat":[110,96],"product_tag":[100],"class_list":{"0":"post-2614","1":"product","2":"type-product","3":"status-publish","4":"has-post-thumbnail","6":"product_cat-experiences","7":"product_cat-sierra-nevada-de-santa-marta","8":"product_tag-experiencias","10":"first","11":"instock","12":"shipping-taxable","13":"purchasable","14":"product-type-simple"},"yoast_head":"<!-- This site is optimized with the Yoast SEO plugin v27.2 - https:\/\/yoast.com\/product\/yoast-seo-wordpress\/ -->\n<title>Bunkuany Tayrona 3 jours - Ruta Tayrona Tours<\/title>\n<meta name=\"description\" content=\"Bunkuany Tayrona 3 Jours, vous aurez l&#039;occasion d&#039;explorer les magnifiques terrasses et de tout apprendre sur la culture Tayrona. Vivez-le avec nous.\" \/>\n<meta name=\"robots\" content=\"index, follow, max-snippet:-1, max-image-preview:large, max-video-preview:-1\" \/>\n<link rel=\"canonical\" href=\"https:\/\/rutatayronatours.com\/fr\/product\/bunkuany-tayrona-3-jours\/\" \/>\n<meta property=\"og:locale\" content=\"fr_FR\" \/>\n<meta property=\"og:type\" content=\"article\" \/>\n<meta property=\"og:title\" content=\"Bunkuany Tayrona 3 jours - Ruta Tayrona Tours\" \/>\n<meta property=\"og:description\" content=\"Bunkuany Tayrona 3 Jours, vous aurez l&#039;occasion d&#039;explorer les magnifiques terrasses et de tout apprendre sur la culture Tayrona. Vivez-le avec nous.\" \/>\n<meta property=\"og:url\" content=\"https:\/\/rutatayronatours.com\/fr\/product\/bunkuany-tayrona-3-jours\/\" \/>\n<meta property=\"og:site_name\" content=\"Ruta Tayrona Tours\" \/>\n<meta property=\"article:publisher\" content=\"https:\/\/www.facebook.com\/riomolinotours2\" \/>\n<meta property=\"article:modified_time\" content=\"2025-01-07T21:43:46+00:00\" \/>\n<meta property=\"og:image\" content=\"https:\/\/rutatayronatours.com\/fr\/wp-content\/uploads\/2023\/09\/Bunkuany-4.png\" \/>\n\t<meta property=\"og:image:width\" content=\"1200\" \/>\n\t<meta property=\"og:image:height\" content=\"800\" \/>\n\t<meta property=\"og:image:type\" content=\"image\/png\" \/>\n<meta name=\"twitter:card\" content=\"summary_large_image\" \/>\n<meta name=\"twitter:label1\" content=\"Dur\u00e9e de lecture estim\u00e9e\" \/>\n\t<meta name=\"twitter:data1\" content=\"2 minutes\" \/>\n<script type=\"application\/ld+json\" class=\"yoast-schema-graph\">{\"@context\":\"https:\/\/schema.org\",\"@graph\":[{\"@type\":\"WebPage\",\"@id\":\"https:\/\/rutatayronatours.com\/fr\/product\/bunkuany-tayrona-3-jours\/\",\"url\":\"https:\/\/rutatayronatours.com\/fr\/product\/bunkuany-tayrona-3-jours\/\",\"name\":\"Bunkuany Tayrona 3 jours - Ruta Tayrona Tours\",\"isPartOf\":{\"@id\":\"https:\/\/rutatayronatours.com\/fr\/#website\"},\"primaryImageOfPage\":{\"@id\":\"https:\/\/rutatayronatours.com\/fr\/product\/bunkuany-tayrona-3-jours\/#primaryimage\"},\"image\":{\"@id\":\"https:\/\/rutatayronatours.com\/fr\/product\/bunkuany-tayrona-3-jours\/#primaryimage\"},\"thumbnailUrl\":\"https:\/\/rutatayronatours.com\/fr\/wp-content\/uploads\/2023\/09\/Bunkuany-4.png\",\"datePublished\":\"2023-09-27T14:45:52+00:00\",\"dateModified\":\"2025-01-07T21:43:46+00:00\",\"description\":\"Bunkuany Tayrona 3 Jours, vous aurez l'occasion d'explorer les magnifiques terrasses et de tout apprendre sur la culture Tayrona. Vivez-le avec nous.\",\"breadcrumb\":{\"@id\":\"https:\/\/rutatayronatours.com\/fr\/product\/bunkuany-tayrona-3-jours\/#breadcrumb\"},\"inLanguage\":\"fr-FR\",\"potentialAction\":[{\"@type\":\"ReadAction\",\"target\":[\"https:\/\/rutatayronatours.com\/fr\/product\/bunkuany-tayrona-3-jours\/\"]}]},{\"@type\":\"ImageObject\",\"inLanguage\":\"fr-FR\",\"@id\":\"https:\/\/rutatayronatours.com\/fr\/product\/bunkuany-tayrona-3-jours\/#primaryimage\",\"url\":\"https:\/\/rutatayronatours.com\/fr\/wp-content\/uploads\/2023\/09\/Bunkuany-4.png\",\"contentUrl\":\"https:\/\/rutatayronatours.com\/fr\/wp-content\/uploads\/2023\/09\/Bunkuany-4.png\",\"width\":1200,\"height\":800,\"caption\":\"Reserve aqu\u00ed tu tour a Bunkuany Tayrona 3 Dias\"},{\"@type\":\"BreadcrumbList\",\"@id\":\"https:\/\/rutatayronatours.com\/fr\/product\/bunkuany-tayrona-3-jours\/#breadcrumb\",\"itemListElement\":[{\"@type\":\"ListItem\",\"position\":1,\"name\":\"Portada\",\"item\":\"https:\/\/rutatayronatours.com\/fr\/\"},{\"@type\":\"ListItem\",\"position\":2,\"name\":\"Shop\",\"item\":\"https:\/\/rutatayronatours.com\/fr\/shop\/\"},{\"@type\":\"ListItem\",\"position\":3,\"name\":\"Bunkuany Tayrona 3 jours\"}]},{\"@type\":\"WebSite\",\"@id\":\"https:\/\/rutatayronatours.com\/fr\/#website\",\"url\":\"https:\/\/rutatayronatours.com\/fr\/\",\"name\":\"Ruta Tayrona Tours\",\"description\":\"Experiencias y tours del caribe Colombiano\",\"publisher\":{\"@id\":\"https:\/\/rutatayronatours.com\/fr\/#organization\"},\"potentialAction\":[{\"@type\":\"SearchAction\",\"target\":{\"@type\":\"EntryPoint\",\"urlTemplate\":\"https:\/\/rutatayronatours.com\/fr\/?s={search_term_string}\"},\"query-input\":{\"@type\":\"PropertyValueSpecification\",\"valueRequired\":true,\"valueName\":\"search_term_string\"}}],\"inLanguage\":\"fr-FR\"},{\"@type\":\"Organization\",\"@id\":\"https:\/\/rutatayronatours.com\/fr\/#organization\",\"name\":\"Ruta Tayrona Tours\",\"url\":\"https:\/\/rutatayronatours.com\/fr\/\",\"logo\":{\"@type\":\"ImageObject\",\"inLanguage\":\"fr-FR\",\"@id\":\"https:\/\/rutatayronatours.com\/fr\/#\/schema\/logo\/image\/\",\"url\":\"https:\/\/rutatayronatours.com\/fr\/wp-content\/uploads\/2023\/02\/Ruta-Tayrona-Tours.png\",\"contentUrl\":\"https:\/\/rutatayronatours.com\/fr\/wp-content\/uploads\/2023\/02\/Ruta-Tayrona-Tours.png\",\"width\":348,\"height\":85,\"caption\":\"Ruta Tayrona Tours\"},\"image\":{\"@id\":\"https:\/\/rutatayronatours.com\/fr\/#\/schema\/logo\/image\/\"},\"sameAs\":[\"https:\/\/www.facebook.com\/riomolinotours2\",\"https:\/\/www.instagram.com\/rutatayronatours\/\",\"https:\/\/api.whatsapp.com\/send?phone=573145502928\"]}]}<\/script>\n<!-- \/ Yoast SEO plugin. -->","yoast_head_json":{"title":"Bunkuany Tayrona 3 jours - Ruta Tayrona Tours","description":"Bunkuany Tayrona 3 Jours, vous aurez l'occasion d'explorer les magnifiques terrasses et de tout apprendre sur la culture Tayrona. Vivez-le avec nous.","robots":{"index":"index","follow":"follow","max-snippet":"max-snippet:-1","max-image-preview":"max-image-preview:large","max-video-preview":"max-video-preview:-1"},"canonical":"https:\/\/rutatayronatours.com\/fr\/product\/bunkuany-tayrona-3-jours\/","og_locale":"fr_FR","og_type":"article","og_title":"Bunkuany Tayrona 3 jours - Ruta Tayrona Tours","og_description":"Bunkuany Tayrona 3 Jours, vous aurez l'occasion d'explorer les magnifiques terrasses et de tout apprendre sur la culture Tayrona. Vivez-le avec nous.","og_url":"https:\/\/rutatayronatours.com\/fr\/product\/bunkuany-tayrona-3-jours\/","og_site_name":"Ruta Tayrona Tours","article_publisher":"https:\/\/www.facebook.com\/riomolinotours2","article_modified_time":"2025-01-07T21:43:46+00:00","og_image":[{"width":1200,"height":800,"url":"https:\/\/rutatayronatours.com\/fr\/wp-content\/uploads\/2023\/09\/Bunkuany-4.png","type":"image\/png"}],"twitter_card":"summary_large_image","twitter_misc":{"Dur\u00e9e de lecture estim\u00e9e":"2 minutes"},"schema":{"@context":"https:\/\/schema.org","@graph":[{"@type":"WebPage","@id":"https:\/\/rutatayronatours.com\/fr\/product\/bunkuany-tayrona-3-jours\/","url":"https:\/\/rutatayronatours.com\/fr\/product\/bunkuany-tayrona-3-jours\/","name":"Bunkuany Tayrona 3 jours - Ruta Tayrona Tours","isPartOf":{"@id":"https:\/\/rutatayronatours.com\/fr\/#website"},"primaryImageOfPage":{"@id":"https:\/\/rutatayronatours.com\/fr\/product\/bunkuany-tayrona-3-jours\/#primaryimage"},"image":{"@id":"https:\/\/rutatayronatours.com\/fr\/product\/bunkuany-tayrona-3-jours\/#primaryimage"},"thumbnailUrl":"https:\/\/rutatayronatours.com\/fr\/wp-content\/uploads\/2023\/09\/Bunkuany-4.png","datePublished":"2023-09-27T14:45:52+00:00","dateModified":"2025-01-07T21:43:46+00:00","description":"Bunkuany Tayrona 3 Jours, vous aurez l'occasion d'explorer les magnifiques terrasses et de tout apprendre sur la culture Tayrona. Vivez-le avec nous.","breadcrumb":{"@id":"https:\/\/rutatayronatours.com\/fr\/product\/bunkuany-tayrona-3-jours\/#breadcrumb"},"inLanguage":"fr-FR","potentialAction":[{"@type":"ReadAction","target":["https:\/\/rutatayronatours.com\/fr\/product\/bunkuany-tayrona-3-jours\/"]}]},{"@type":"ImageObject","inLanguage":"fr-FR","@id":"https:\/\/rutatayronatours.com\/fr\/product\/bunkuany-tayrona-3-jours\/#primaryimage","url":"https:\/\/rutatayronatours.com\/fr\/wp-content\/uploads\/2023\/09\/Bunkuany-4.png","contentUrl":"https:\/\/rutatayronatours.com\/fr\/wp-content\/uploads\/2023\/09\/Bunkuany-4.png","width":1200,"height":800,"caption":"Reserve aqu\u00ed tu tour a Bunkuany Tayrona 3 Dias"},{"@type":"BreadcrumbList","@id":"https:\/\/rutatayronatours.com\/fr\/product\/bunkuany-tayrona-3-jours\/#breadcrumb","itemListElement":[{"@type":"ListItem","position":1,"name":"Portada","item":"https:\/\/rutatayronatours.com\/fr\/"},{"@type":"ListItem","position":2,"name":"Shop","item":"https:\/\/rutatayronatours.com\/fr\/shop\/"},{"@type":"ListItem","position":3,"name":"Bunkuany Tayrona 3 jours"}]},{"@type":"WebSite","@id":"https:\/\/rutatayronatours.com\/fr\/#website","url":"https:\/\/rutatayronatours.com\/fr\/","name":"Ruta Tayrona Tours","description":"Experiencias y tours del caribe Colombiano","publisher":{"@id":"https:\/\/rutatayronatours.com\/fr\/#organization"},"potentialAction":[{"@type":"SearchAction","target":{"@type":"EntryPoint","urlTemplate":"https:\/\/rutatayronatours.com\/fr\/?s={search_term_string}"},"query-input":{"@type":"PropertyValueSpecification","valueRequired":true,"valueName":"search_term_string"}}],"inLanguage":"fr-FR"},{"@type":"Organization","@id":"https:\/\/rutatayronatours.com\/fr\/#organization","name":"Ruta Tayrona Tours","url":"https:\/\/rutatayronatours.com\/fr\/","logo":{"@type":"ImageObject","inLanguage":"fr-FR","@id":"https:\/\/rutatayronatours.com\/fr\/#\/schema\/logo\/image\/","url":"https:\/\/rutatayronatours.com\/fr\/wp-content\/uploads\/2023\/02\/Ruta-Tayrona-Tours.png","contentUrl":"https:\/\/rutatayronatours.com\/fr\/wp-content\/uploads\/2023\/02\/Ruta-Tayrona-Tours.png","width":348,"height":85,"caption":"Ruta Tayrona Tours"},"image":{"@id":"https:\/\/rutatayronatours.com\/fr\/#\/schema\/logo\/image\/"},"sameAs":["https:\/\/www.facebook.com\/riomolinotours2","https:\/\/www.instagram.com\/rutatayronatours\/","https:\/\/api.whatsapp.com\/send?phone=573145502928"]}]}},"_links":{"self":[{"href":"https:\/\/rutatayronatours.com\/fr\/wp-json\/wp\/v2\/product\/2614","targetHints":{"allow":["GET"]}}],"collection":[{"href":"https:\/\/rutatayronatours.com\/fr\/wp-json\/wp\/v2\/product"}],"about":[{"href":"https:\/\/rutatayronatours.com\/fr\/wp-json\/wp\/v2\/types\/product"}],"replies":[{"embeddable":true,"href":"https:\/\/rutatayronatours.com\/fr\/wp-json\/wp\/v2\/comments?post=2614"}],"version-history":[{"count":6,"href":"https:\/\/rutatayronatours.com\/fr\/wp-json\/wp\/v2\/product\/2614\/revisions"}],"predecessor-version":[{"id":3521,"href":"https:\/\/rutatayronatours.com\/fr\/wp-json\/wp\/v2\/product\/2614\/revisions\/3521"}],"wp:featuredmedia":[{"embeddable":true,"href":"https:\/\/rutatayronatours.com\/fr\/wp-json\/wp\/v2\/media\/2767"}],"wp:attachment":[{"href":"https:\/\/rutatayronatours.com\/fr\/wp-json\/wp\/v2\/media?parent=2614"}],"wp:term":[{"taxonomy":"product_brand","embeddable":true,"href":"https:\/\/rutatayronatours.com\/fr\/wp-json\/wp\/v2\/product_brand?post=2614"},{"taxonomy":"product_cat","embeddable":true,"href":"https:\/\/rutatayronatours.com\/fr\/wp-json\/wp\/v2\/product_cat?post=2614"},{"taxonomy":"product_tag","embeddable":true,"href":"https:\/\/rutatayronatours.com\/fr\/wp-json\/wp\/v2\/product_tag?post=2614"}],"curies":[{"name":"wp","href":"https:\/\/api.w.org\/{rel}","templated":true}]}}