{"id":2616,"date":"2023-09-27T09:46:49","date_gmt":"2023-09-27T14:46:49","guid":{"rendered":"https:\/\/rutatayronatours.com\/fr\/?post_type=product&#038;p=2616"},"modified":"2025-01-07T16:43:46","modified_gmt":"2025-01-07T21:43:46","slug":"pensee-ancestrale-2-jours","status":"publish","type":"product","link":"https:\/\/rutatayronatours.com\/fr\/product\/pensee-ancestrale-2-jours\/","title":{"rendered":"Pens\u00e9e Ancestrale 2 Jours"},"content":{"rendered":"<h3 style=\"text-align: center;\"><a href=\"https:\/\/rutatayronatours.com\/fr\/comunidades-indigenas-de-la-sierra-nevada-de-santa-marta\/\">Pens\u00e9e Ancestrale 2 Jours<\/a><\/h3>\n<p>Au cours de votre voyage \u00e0 travers la Sierra Nevada avec le tour de la Pens\u00e9e Ancestrale de 2 jours, vous aurez l&#8217;opportunit\u00e9 de vous plonger dans la culture et l&#8217;histoire des communaut\u00e9s indig\u00e8nes telles que les Arhuaco, <a href=\"https:\/\/rutatayronatours.com\/fr\/comunidades-indigenas-de-la-sierra-nevada-de-santa-marta\/\">Kogui<\/a>, Tayrona, Wiwa et Kankuamo. Ces communaut\u00e9s habitent ces terres depuis des si\u00e8cles et jouent un r\u00f4le fondamental dans la pr\u00e9servation de cet \u00e9cosyst\u00e8me unique. Vous explorerez \u00e9galement la riche flore et faune de la r\u00e9gion, avec la possibilit\u00e9 d&#8217;observer des esp\u00e8ces end\u00e9miques et de profiter de la luxuriante jungle tropicale.<\/p>\n<p>Nos guides locaux hautement qualifi\u00e9s seront \u00e0 votre service pour vous offrir une exp\u00e9rience enrichissante et s\u00e9curis\u00e9e. Des randonn\u00e9es passionnantes sur des sentiers naturels \u00e0 l&#8217;interaction avec les traditions des communaut\u00e9s indig\u00e8nes, nous sommes convaincus que votre visite \u00e0 la Sierra Nevada de Santa Marta sera inoubliable. N&#8217;oubliez jamais d&#8217;\u00eatre respectueux de l&#8217;environnement et de suivre les conseils de vos guides pour garantir la pr\u00e9servation de ce tr\u00e9sor naturel pour les g\u00e9n\u00e9rations futures.<\/p>\n<p>Cette destination touristique est situ\u00e9e dans la r\u00e9gion des Cara\u00efbes colombiennes, sur la Sierra Nevada de Santa Marta. C&#8217;est une attraction que vous ne devez pas manquer, car c&#8217;est un territoire de communaut\u00e9s indig\u00e8nes. De plus, elle est le lieu de naissance du puissant Rio Don Diego, qui prend sa source dans les sommets enneig\u00e9s et b\u00e9n\u00e9ficie d&#8217;un climat agr\u00e9able. Cette visite offre un voyage fascinant le long du chemin des &#8220;Tayrona&#8221; \u00e0 travers une aventure dans la vaste et riche for\u00eat tropicale. Au cours de cette visite, vous vous rapprocherez des coutumes de la communaut\u00e9 paysanne locale, ainsi que des groupes ethniques Kogui et Arhuaco, h\u00e9ritiers des &#8220;Tayrona&#8221;, qui habitent toujours la r\u00e9gion tout en pr\u00e9servant leurs traditions.<\/p>\n","protected":false},"excerpt":{"rendered":"<h3 style=\"text-align: center;\">Pens\u00e9e Ancestrale 2 Jours<\/h3>\n<h3>\u00a01 Jours<\/h3>\n<h3>Santa Marta to Quebrada del Sol<\/h3>\n<ul>\n<li>8h00 : D\u00e9part de votre h\u00f4tel \u00e0 Rodadero, Taganga ou Santa Marta en v\u00e9hicule 4&#215;4 ou v\u00e9hicule motoris\u00e9. Le trajet durera environ 1 heure et vous am\u00e8nera au hameau &#8220;Los Linderos&#8221;. Vous arriverez \u00e0 la \u00ab Quebrada del Sol \u00bb, o\u00f9 un guide local vous accueillera et vous donnera un bref aper\u00e7u historique de l&#8217;\u00e9poque des cultures ill\u00e9gales et de la d\u00e9mobilisation dans la r\u00e9gion.<\/li>\n<li>Randonn\u00e9e jusqu&#8217;au village Kogui de &#8220;Mulkwakungui&#8221; avec un guide traditionnel Kogui. Vous serez re\u00e7u par le \u00ab Mamo \u00bb, la plus haute autorit\u00e9 indig\u00e8ne, et les Koguis vous emm\u00e8neront dans un fascinant voyage \u00e0 travers leur culture et leurs traditions qui durera environ 3 heures.<\/li>\n<li>Profitez d&#8217;un d\u00e9jeuner traditionnel \u00e0 la campagne dans le hameau de Quebrada del Sol. Visitez une ferme o\u00f9 vous pourrez vous d\u00e9tendre tout en d\u00e9couvrant la colonie de Kogui. Plus tard, vous visiterez des piscines luxuriantes pour vous d\u00e9tendre.<\/li>\n<li>Retour au hameau pour le repos et le d\u00eener.<\/li>\n<\/ul>\n<p><strong>\u00a02 Jours<\/strong><\/p>\n<h3>Explorer la Quebrada del Sol<\/h3>\n<ul>\n<li>Nous prendrons le petit-d\u00e9jeuner dans le hameau de Quebrada del Sol. Ensuite, nous embarquerons pour une randonn\u00e9e jusqu&#8217;\u00e0 la rivi\u00e8re Buritaca, o\u00f9 vous pourrez profiter de ses eaux cristallines et de ses magnifiques paysages. Vous aurez le temps de profiter des sources chaudes connues sous le nom de \u00ab El O\u00eddo del Nevado \u00bb. Ensuite, nous retournerons au hameau de Quebrada del Sol.<\/li>\n<li>Savourez un d\u00e9licieux d\u00e9jeuner typiquement r\u00e9gional. Ensuite, pr\u00e9parez le voyage de retour et commencez le voyage de retour \u00e0 votre h\u00f4tel, concluant ainsi notre exp\u00e9rience de pens\u00e9e ancestrale de 2 jours.<\/li>\n<\/ul>\n<h2>Tarifs et services inclus :<\/h2>\n<ul>\n<li>Transport aller-retour<\/li>\n<li>Repas<\/li>\n<li>H\u00e9bergement<\/li>\n<li>Orientation professionnelle<\/li>\n<li>guide local et guide indig\u00e8ne Kogui<\/li>\n<li>Assurance voyage<\/li>\n<li>Entr\u00e9e \u00e0 la r\u00e9serve<\/li>\n<li>Contribution aux communaut\u00e9s paysannes et autochtones locales<\/li>\n<li>Contribution au comit\u00e9 touristique de la Quebrada del Sol<\/li>\n<li>Entr\u00e9e Mulkwakungui<\/li>\n<li>Frais de scolarit\u00e9 des artisans<\/li>\n<\/ul>\n","protected":false},"featured_media":2747,"comment_status":"closed","ping_status":"closed","template":"","meta":[],"product_brand":[],"product_cat":[110,96],"product_tag":[100],"class_list":{"0":"post-2616","1":"product","2":"type-product","3":"status-publish","4":"has-post-thumbnail","6":"product_cat-experiences","7":"product_cat-sierra-nevada-de-santa-marta","8":"product_tag-experiencias","10":"first","11":"instock","12":"shipping-taxable","13":"purchasable","14":"product-type-simple"},"yoast_head":"<!-- This site is optimized with the Yoast SEO plugin v27.2 - https:\/\/yoast.com\/product\/yoast-seo-wordpress\/ -->\n<title>Pens\u00e9e Ancestrale 2 Jours - Ruta Tayrona Tours<\/title>\n<meta name=\"description\" content=\"Pens\u00e9e Ancestrale 2 Jours vous avez l&#039;opportunit\u00e9 de vous immerger dans la culture du peuple Kogui, qui habite la Sierra depuis des milliers d&#039;ann\u00e9es.\" \/>\n<meta name=\"robots\" content=\"index, follow, max-snippet:-1, max-image-preview:large, max-video-preview:-1\" \/>\n<link rel=\"canonical\" href=\"https:\/\/rutatayronatours.com\/fr\/product\/pensee-ancestrale-2-jours\/\" \/>\n<meta property=\"og:locale\" content=\"fr_FR\" \/>\n<meta property=\"og:type\" content=\"article\" \/>\n<meta property=\"og:title\" content=\"Pens\u00e9e Ancestrale 2 Jours - Ruta Tayrona Tours\" \/>\n<meta property=\"og:description\" content=\"Pens\u00e9e Ancestrale 2 Jours vous avez l&#039;opportunit\u00e9 de vous immerger dans la culture du peuple Kogui, qui habite la Sierra depuis des milliers d&#039;ann\u00e9es.\" \/>\n<meta property=\"og:url\" content=\"https:\/\/rutatayronatours.com\/fr\/product\/pensee-ancestrale-2-jours\/\" \/>\n<meta property=\"og:site_name\" content=\"Ruta Tayrona Tours\" \/>\n<meta property=\"article:publisher\" content=\"https:\/\/www.facebook.com\/riomolinotours2\" \/>\n<meta property=\"article:modified_time\" content=\"2025-01-07T21:43:46+00:00\" \/>\n<meta property=\"og:image\" content=\"https:\/\/rutatayronatours.com\/fr\/wp-content\/uploads\/2023\/03\/Pensamiento-Ancestral-10.png\" \/>\n\t<meta property=\"og:image:width\" content=\"1200\" \/>\n\t<meta property=\"og:image:height\" content=\"800\" \/>\n\t<meta property=\"og:image:type\" content=\"image\/png\" \/>\n<meta name=\"twitter:card\" content=\"summary_large_image\" \/>\n<meta name=\"twitter:label1\" content=\"Dur\u00e9e de lecture estim\u00e9e\" \/>\n\t<meta name=\"twitter:data1\" content=\"2 minutes\" \/>\n<script type=\"application\/ld+json\" class=\"yoast-schema-graph\">{\"@context\":\"https:\/\/schema.org\",\"@graph\":[{\"@type\":\"WebPage\",\"@id\":\"https:\/\/rutatayronatours.com\/fr\/product\/pensee-ancestrale-2-jours\/\",\"url\":\"https:\/\/rutatayronatours.com\/fr\/product\/pensee-ancestrale-2-jours\/\",\"name\":\"Pens\u00e9e Ancestrale 2 Jours - Ruta Tayrona Tours\",\"isPartOf\":{\"@id\":\"https:\/\/rutatayronatours.com\/fr\/#website\"},\"primaryImageOfPage\":{\"@id\":\"https:\/\/rutatayronatours.com\/fr\/product\/pensee-ancestrale-2-jours\/#primaryimage\"},\"image\":{\"@id\":\"https:\/\/rutatayronatours.com\/fr\/product\/pensee-ancestrale-2-jours\/#primaryimage\"},\"thumbnailUrl\":\"https:\/\/rutatayronatours.com\/fr\/wp-content\/uploads\/2023\/03\/Pensamiento-Ancestral-10.png\",\"datePublished\":\"2023-09-27T14:46:49+00:00\",\"dateModified\":\"2025-01-07T21:43:46+00:00\",\"description\":\"Pens\u00e9e Ancestrale 2 Jours vous avez l'opportunit\u00e9 de vous immerger dans la culture du peuple Kogui, qui habite la Sierra depuis des milliers d'ann\u00e9es.\",\"breadcrumb\":{\"@id\":\"https:\/\/rutatayronatours.com\/fr\/product\/pensee-ancestrale-2-jours\/#breadcrumb\"},\"inLanguage\":\"fr-FR\",\"potentialAction\":[{\"@type\":\"ReadAction\",\"target\":[\"https:\/\/rutatayronatours.com\/fr\/product\/pensee-ancestrale-2-jours\/\"]}]},{\"@type\":\"ImageObject\",\"inLanguage\":\"fr-FR\",\"@id\":\"https:\/\/rutatayronatours.com\/fr\/product\/pensee-ancestrale-2-jours\/#primaryimage\",\"url\":\"https:\/\/rutatayronatours.com\/fr\/wp-content\/uploads\/2023\/03\/Pensamiento-Ancestral-10.png\",\"contentUrl\":\"https:\/\/rutatayronatours.com\/fr\/wp-content\/uploads\/2023\/03\/Pensamiento-Ancestral-10.png\",\"width\":1200,\"height\":800,\"caption\":\"Reserve aqu\u00ed tu tour a Pensamiento ancestral 2 Dias\"},{\"@type\":\"BreadcrumbList\",\"@id\":\"https:\/\/rutatayronatours.com\/fr\/product\/pensee-ancestrale-2-jours\/#breadcrumb\",\"itemListElement\":[{\"@type\":\"ListItem\",\"position\":1,\"name\":\"Portada\",\"item\":\"https:\/\/rutatayronatours.com\/fr\/\"},{\"@type\":\"ListItem\",\"position\":2,\"name\":\"Shop\",\"item\":\"https:\/\/rutatayronatours.com\/fr\/shop\/\"},{\"@type\":\"ListItem\",\"position\":3,\"name\":\"Pens\u00e9e Ancestrale 2 Jours\"}]},{\"@type\":\"WebSite\",\"@id\":\"https:\/\/rutatayronatours.com\/fr\/#website\",\"url\":\"https:\/\/rutatayronatours.com\/fr\/\",\"name\":\"Ruta Tayrona Tours\",\"description\":\"Experiencias y tours del caribe Colombiano\",\"publisher\":{\"@id\":\"https:\/\/rutatayronatours.com\/fr\/#organization\"},\"potentialAction\":[{\"@type\":\"SearchAction\",\"target\":{\"@type\":\"EntryPoint\",\"urlTemplate\":\"https:\/\/rutatayronatours.com\/fr\/?s={search_term_string}\"},\"query-input\":{\"@type\":\"PropertyValueSpecification\",\"valueRequired\":true,\"valueName\":\"search_term_string\"}}],\"inLanguage\":\"fr-FR\"},{\"@type\":\"Organization\",\"@id\":\"https:\/\/rutatayronatours.com\/fr\/#organization\",\"name\":\"Ruta Tayrona Tours\",\"url\":\"https:\/\/rutatayronatours.com\/fr\/\",\"logo\":{\"@type\":\"ImageObject\",\"inLanguage\":\"fr-FR\",\"@id\":\"https:\/\/rutatayronatours.com\/fr\/#\/schema\/logo\/image\/\",\"url\":\"https:\/\/rutatayronatours.com\/fr\/wp-content\/uploads\/2023\/02\/Ruta-Tayrona-Tours.png\",\"contentUrl\":\"https:\/\/rutatayronatours.com\/fr\/wp-content\/uploads\/2023\/02\/Ruta-Tayrona-Tours.png\",\"width\":348,\"height\":85,\"caption\":\"Ruta Tayrona Tours\"},\"image\":{\"@id\":\"https:\/\/rutatayronatours.com\/fr\/#\/schema\/logo\/image\/\"},\"sameAs\":[\"https:\/\/www.facebook.com\/riomolinotours2\",\"https:\/\/www.instagram.com\/rutatayronatours\/\",\"https:\/\/api.whatsapp.com\/send?phone=573145502928\"]}]}<\/script>\n<!-- \/ Yoast SEO plugin. -->","yoast_head_json":{"title":"Pens\u00e9e Ancestrale 2 Jours - Ruta Tayrona Tours","description":"Pens\u00e9e Ancestrale 2 Jours vous avez l'opportunit\u00e9 de vous immerger dans la culture du peuple Kogui, qui habite la Sierra depuis des milliers d'ann\u00e9es.","robots":{"index":"index","follow":"follow","max-snippet":"max-snippet:-1","max-image-preview":"max-image-preview:large","max-video-preview":"max-video-preview:-1"},"canonical":"https:\/\/rutatayronatours.com\/fr\/product\/pensee-ancestrale-2-jours\/","og_locale":"fr_FR","og_type":"article","og_title":"Pens\u00e9e Ancestrale 2 Jours - Ruta Tayrona Tours","og_description":"Pens\u00e9e Ancestrale 2 Jours vous avez l'opportunit\u00e9 de vous immerger dans la culture du peuple Kogui, qui habite la Sierra depuis des milliers d'ann\u00e9es.","og_url":"https:\/\/rutatayronatours.com\/fr\/product\/pensee-ancestrale-2-jours\/","og_site_name":"Ruta Tayrona Tours","article_publisher":"https:\/\/www.facebook.com\/riomolinotours2","article_modified_time":"2025-01-07T21:43:46+00:00","og_image":[{"width":1200,"height":800,"url":"https:\/\/rutatayronatours.com\/fr\/wp-content\/uploads\/2023\/03\/Pensamiento-Ancestral-10.png","type":"image\/png"}],"twitter_card":"summary_large_image","twitter_misc":{"Dur\u00e9e de lecture estim\u00e9e":"2 minutes"},"schema":{"@context":"https:\/\/schema.org","@graph":[{"@type":"WebPage","@id":"https:\/\/rutatayronatours.com\/fr\/product\/pensee-ancestrale-2-jours\/","url":"https:\/\/rutatayronatours.com\/fr\/product\/pensee-ancestrale-2-jours\/","name":"Pens\u00e9e Ancestrale 2 Jours - Ruta Tayrona Tours","isPartOf":{"@id":"https:\/\/rutatayronatours.com\/fr\/#website"},"primaryImageOfPage":{"@id":"https:\/\/rutatayronatours.com\/fr\/product\/pensee-ancestrale-2-jours\/#primaryimage"},"image":{"@id":"https:\/\/rutatayronatours.com\/fr\/product\/pensee-ancestrale-2-jours\/#primaryimage"},"thumbnailUrl":"https:\/\/rutatayronatours.com\/fr\/wp-content\/uploads\/2023\/03\/Pensamiento-Ancestral-10.png","datePublished":"2023-09-27T14:46:49+00:00","dateModified":"2025-01-07T21:43:46+00:00","description":"Pens\u00e9e Ancestrale 2 Jours vous avez l'opportunit\u00e9 de vous immerger dans la culture du peuple Kogui, qui habite la Sierra depuis des milliers d'ann\u00e9es.","breadcrumb":{"@id":"https:\/\/rutatayronatours.com\/fr\/product\/pensee-ancestrale-2-jours\/#breadcrumb"},"inLanguage":"fr-FR","potentialAction":[{"@type":"ReadAction","target":["https:\/\/rutatayronatours.com\/fr\/product\/pensee-ancestrale-2-jours\/"]}]},{"@type":"ImageObject","inLanguage":"fr-FR","@id":"https:\/\/rutatayronatours.com\/fr\/product\/pensee-ancestrale-2-jours\/#primaryimage","url":"https:\/\/rutatayronatours.com\/fr\/wp-content\/uploads\/2023\/03\/Pensamiento-Ancestral-10.png","contentUrl":"https:\/\/rutatayronatours.com\/fr\/wp-content\/uploads\/2023\/03\/Pensamiento-Ancestral-10.png","width":1200,"height":800,"caption":"Reserve aqu\u00ed tu tour a Pensamiento ancestral 2 Dias"},{"@type":"BreadcrumbList","@id":"https:\/\/rutatayronatours.com\/fr\/product\/pensee-ancestrale-2-jours\/#breadcrumb","itemListElement":[{"@type":"ListItem","position":1,"name":"Portada","item":"https:\/\/rutatayronatours.com\/fr\/"},{"@type":"ListItem","position":2,"name":"Shop","item":"https:\/\/rutatayronatours.com\/fr\/shop\/"},{"@type":"ListItem","position":3,"name":"Pens\u00e9e Ancestrale 2 Jours"}]},{"@type":"WebSite","@id":"https:\/\/rutatayronatours.com\/fr\/#website","url":"https:\/\/rutatayronatours.com\/fr\/","name":"Ruta Tayrona Tours","description":"Experiencias y tours del caribe Colombiano","publisher":{"@id":"https:\/\/rutatayronatours.com\/fr\/#organization"},"potentialAction":[{"@type":"SearchAction","target":{"@type":"EntryPoint","urlTemplate":"https:\/\/rutatayronatours.com\/fr\/?s={search_term_string}"},"query-input":{"@type":"PropertyValueSpecification","valueRequired":true,"valueName":"search_term_string"}}],"inLanguage":"fr-FR"},{"@type":"Organization","@id":"https:\/\/rutatayronatours.com\/fr\/#organization","name":"Ruta Tayrona Tours","url":"https:\/\/rutatayronatours.com\/fr\/","logo":{"@type":"ImageObject","inLanguage":"fr-FR","@id":"https:\/\/rutatayronatours.com\/fr\/#\/schema\/logo\/image\/","url":"https:\/\/rutatayronatours.com\/fr\/wp-content\/uploads\/2023\/02\/Ruta-Tayrona-Tours.png","contentUrl":"https:\/\/rutatayronatours.com\/fr\/wp-content\/uploads\/2023\/02\/Ruta-Tayrona-Tours.png","width":348,"height":85,"caption":"Ruta Tayrona Tours"},"image":{"@id":"https:\/\/rutatayronatours.com\/fr\/#\/schema\/logo\/image\/"},"sameAs":["https:\/\/www.facebook.com\/riomolinotours2","https:\/\/www.instagram.com\/rutatayronatours\/","https:\/\/api.whatsapp.com\/send?phone=573145502928"]}]}},"_links":{"self":[{"href":"https:\/\/rutatayronatours.com\/fr\/wp-json\/wp\/v2\/product\/2616","targetHints":{"allow":["GET"]}}],"collection":[{"href":"https:\/\/rutatayronatours.com\/fr\/wp-json\/wp\/v2\/product"}],"about":[{"href":"https:\/\/rutatayronatours.com\/fr\/wp-json\/wp\/v2\/types\/product"}],"replies":[{"embeddable":true,"href":"https:\/\/rutatayronatours.com\/fr\/wp-json\/wp\/v2\/comments?post=2616"}],"version-history":[{"count":8,"href":"https:\/\/rutatayronatours.com\/fr\/wp-json\/wp\/v2\/product\/2616\/revisions"}],"predecessor-version":[{"id":3524,"href":"https:\/\/rutatayronatours.com\/fr\/wp-json\/wp\/v2\/product\/2616\/revisions\/3524"}],"wp:featuredmedia":[{"embeddable":true,"href":"https:\/\/rutatayronatours.com\/fr\/wp-json\/wp\/v2\/media\/2747"}],"wp:attachment":[{"href":"https:\/\/rutatayronatours.com\/fr\/wp-json\/wp\/v2\/media?parent=2616"}],"wp:term":[{"taxonomy":"product_brand","embeddable":true,"href":"https:\/\/rutatayronatours.com\/fr\/wp-json\/wp\/v2\/product_brand?post=2616"},{"taxonomy":"product_cat","embeddable":true,"href":"https:\/\/rutatayronatours.com\/fr\/wp-json\/wp\/v2\/product_cat?post=2616"},{"taxonomy":"product_tag","embeddable":true,"href":"https:\/\/rutatayronatours.com\/fr\/wp-json\/wp\/v2\/product_tag?post=2616"}],"curies":[{"name":"wp","href":"https:\/\/api.w.org\/{rel}","templated":true}]}}