{"id":2797,"date":"2023-10-03T10:53:24","date_gmt":"2023-10-03T15:53:24","guid":{"rendered":"https:\/\/rutatayronatours.com\/fr\/?post_type=product&#038;p=2797"},"modified":"2025-01-07T16:43:45","modified_gmt":"2025-01-07T21:43:45","slug":"parc-tayrona-communautes-autochtones-de-palomino-buritaca","status":"publish","type":"product","link":"https:\/\/rutatayronatours.com\/fr\/product\/parc-tayrona-communautes-autochtones-de-palomino-buritaca\/","title":{"rendered":"Parc Tayrona et communaut\u00e9s autochtones de Palomino Buritaca."},"content":{"rendered":"<h2>Parc Tayrona et communaut\u00e9s autochtones de Palomino Buritaca.<\/h2>\n<p><strong>Bienvenue au Parc Tayrona &amp; Communaut\u00e9s Autochtones, un coin de paradis sur la c\u00f4te cara\u00efbe de la Colombie !<\/strong><\/p>\n<p>Avec la visite du parc de Tayrona et des communaut\u00e9s indig\u00e8nes de Palomino Buritaca, plongez-vous dans la luxuriante for\u00eat tropicale, d\u00e9tendez-vous sur des plages de sable blanc, et d\u00e9couvrez la richesse de la biodiversit\u00e9 dans ce lieu unique. Ensemble, nous explorerons les tr\u00e9sors naturels et culturels qui font du parc de Tayrona une destination in\u00e9gal\u00e9e. Pr\u00e9parez-vous \u00e0 d\u00e9voiler les secrets de ce paradis et \u00e0 \u00eatre captiv\u00e9 par sa magie indomptable lors de la visite du parc de Tayrona et des communaut\u00e9s indig\u00e8nes !<\/p>\n<p><strong>Parc national naturel de Tayrona<\/strong><\/p>\n<p>Le parc national naturel de Tayrona est une r\u00e9serve naturelle situ\u00e9e sur la c\u00f4te carib\u00e9enne de la Colombie, c\u00e9l\u00e8bre pour sa beaut\u00e9 naturelle luxuriante et sa diversit\u00e9 \u00e9cologique. Il est connu pour abriter une grande vari\u00e9t\u00e9 de flore et de faune, dont beaucoup sont end\u00e9miques et uniques \u00e0 la r\u00e9gion. La pr\u00e9sence de diff\u00e9rents \u00e9cosyst\u00e8mes, tels que les mangroves, les for\u00eats et les r\u00e9cifs coralliens, contribue \u00e0 sa richesse biologique. De plus, le parc est habit\u00e9 par la communaut\u00e9 indig\u00e8ne <a href=\"https:\/\/rutatayronatours.com\/fr\/comunidades-indigenas-de-la-sierra-nevada-de-santa-marta\/\">Kogui<\/a>, qui vit dans la r\u00e9gion depuis des si\u00e8cles et entretient un lien spirituel profond avec la terre. Ses plages, comme Arrecifes, Cabo San Juan del Gu\u00eda et Plage de\u00a0 Cristal, sont des destinations populaires, id\u00e9ales pour profiter de l&#8217;eau calme pour la baignade, la plong\u00e9e avec tuba et la d\u00e9tente dans un environnement naturel \u00e9poustouflant. Bien que le parc offre une beaut\u00e9 in\u00e9gal\u00e9e, il est important de noter que l&#8217;acc\u00e8s peut n\u00e9cessiter des randonn\u00e9es sur des sentiers exigeants, et la conservation et le respect de l&#8217;environnement naturel et culturel sont encourag\u00e9s. Vivez cette exp\u00e9rience avec la visite du parc de Tayrona et des communaut\u00e9s indig\u00e8nes.<\/p>\n<p><a href=\"https:\/\/ich.unesco.org\/fr\/RL\/le-systeme-ancestral-de-connaissances-des-quatre-peuples-autochtones-arhuaco-kankuamo-kogi-et-wiwa-de-la-sierra-nevada-de-santa-marta-01886?RL=01886\"><strong>La Sierra Nevada de Santa Marta<\/strong><\/a><\/p>\n<p>The Sierra Nevada de Santa Marta, located in Colombia, is a natural and cultural wonder that is home to a diversity of indigenous communities. These communities, with their ancestral traditions and deep respect for nature, play a crucial role in the preservation of this unique ecosystem in the world.<\/p>\n<h2>Tarifs et services inclus<\/h2>\n<ul>\n<li>Transport<\/li>\n<li>Guide<\/li>\n<li>Entr\u00e9e \u00e0 la communaut\u00e9<\/li>\n<li>D\u00e9jeuner<\/li>\n<li>assurance voyage<\/li>\n<li>Contribution aux communaut\u00e9s autochtones<\/li>\n<li><a href=\"https:\/\/rutatayronatours.com\/fr\/explorando-las-diferentes-entradas-al-parque-tayrona-una-aventura-inolvidable\/\">Comprend les billets pour le parc Tayrona<\/a><\/li>\n<\/ul>\n","protected":false},"excerpt":{"rendered":"<h2>Parc Tayrona et communaut\u00e9s autochtones de Palomino Buritaca.<br \/>\nPlage de Cabo San Juan TAYKU Pueblito<\/h2>\n<p>Explorer la culture Kogui et la beaut\u00e9 naturelle lors d&#8217;une journ\u00e9e inoubliable<\/p>\n<ul>\n<li style=\"text-align: left;\">7h00 : La visite du parc Tayrona et des communaut\u00e9s autochtones commence depuis votre h\u00f4tel \u00e0 Palomino, Buritaca, Guachaca, Mendihuaca ou Ca\u00f1averal. L&#8217;heure de d\u00e9part peut varier en fonction de votre localisation. Nous nous dirigerons vers le village de Calabazo et embarquerons pour un passionnant voyage en moto de 20 minutes qui nous m\u00e8nera au c\u0153ur de la communaut\u00e9 indig\u00e8ne Kogui Tayku. A notre arriv\u00e9e, nous serons accueillis par une visite guid\u00e9e par les habitants locaux. Nous explorerons leur culture, leurs v\u00eatements et leurs maisons de c\u00e9r\u00e9monie, en nous immergeant dans leurs traditions. Nous aurons une rencontre avec le chef spirituel de la communaut\u00e9, qui nous donnera un aper\u00e7u de leur lien avec la nature et les m\u00e9thodes agricoles. Apr\u00e8s cette immersion enrichissante, nous continuerons vers Cabo San Juan, soit environ une heure et demie de trajet. Ici, nous savourerons un d\u00e9licieux d\u00e9jeuner et profiterons d&#8217;un apr\u00e8s-midi de d\u00e9tente sur la plage, entour\u00e9s de l&#8217;\u00e9tonnante beaut\u00e9 c\u00f4ti\u00e8re.<\/li>\n<li style=\"text-align: left;\">15h00 : L&#8217;aventure continue avec une randonn\u00e9e de deux heures vers la sortie du parc Tayrona. Au fur et \u00e0 mesure que nous progressons sur des sentiers captivants, nous serons \u00e9merveill\u00e9s par la beaut\u00e9 de la nature. \u00c0 la sortie du Parc Tayrona, un v\u00e9hicule nous attendra pour nous ramener \u00e0 l&#8217;h\u00f4tel, concluant ainsi l&#8217;exp\u00e9rience Parc Tayrona et Communaut\u00e9s Autochtones de Palomino et Buritaca.<\/li>\n<\/ul>\n<h2>Tarifs et services inclus<\/h2>\n<ul>\n<li>Transport<br \/>\nGuide<\/li>\n<li>Entr\u00e9e \u00e0 la communaut\u00e9<\/li>\n<li>D\u00e9jeuner<\/li>\n<li>assurance voyage<\/li>\n<li>Contribution aux communaut\u00e9s autochtones<\/li>\n<li>Billets pour Parc Tayrona<\/li>\n<\/ul>\n<p>*Les voyageurs \u00e9trangers doivent payer un COP suppl\u00e9mentaire de 40 000 $ pour entrer au parc Tayrona.<\/p>\n","protected":false},"featured_media":2845,"comment_status":"closed","ping_status":"closed","template":"","meta":[],"product_brand":[],"product_cat":[123,110,119],"product_tag":[122,100,121],"class_list":{"0":"post-2797","1":"product","2":"type-product","3":"status-publish","4":"has-post-thumbnail","6":"product_cat-cabo-san-juan-desde-palomino","7":"product_cat-experiences","8":"product_cat-palomino-buritaca","9":"product_tag-buritaca-y-la-zona","10":"product_tag-experiencias","11":"product_tag-parque-tayrona-desde-palomino","13":"first","14":"instock","15":"shipping-taxable","16":"purchasable","17":"product-type-simple"},"yoast_head":"<!-- This site is optimized with the Yoast SEO plugin v27.2 - https:\/\/yoast.com\/product\/yoast-seo-wordpress\/ -->\n<title>Parc Tayrona et communaut\u00e9s autochtones de Palomino Buritaca. - Ruta Tayrona Tours<\/title>\n<meta name=\"description\" content=\"D\u00e9couvrez le parc Tayrona et les communaut\u00e9s autochtones de Palomino Buritaca. Plongez-vous dans cette exp\u00e9rience passionnante. Cliquez ici et d\u00e9couvrez nos visites.\" \/>\n<meta name=\"robots\" content=\"index, follow, max-snippet:-1, max-image-preview:large, max-video-preview:-1\" \/>\n<link rel=\"canonical\" href=\"https:\/\/rutatayronatours.com\/fr\/product\/parc-tayrona-communautes-autochtones-de-palomino-buritaca\/\" \/>\n<meta property=\"og:locale\" content=\"fr_FR\" \/>\n<meta property=\"og:type\" content=\"article\" \/>\n<meta property=\"og:title\" content=\"Parc Tayrona et communaut\u00e9s autochtones de Palomino Buritaca. - Ruta Tayrona Tours\" \/>\n<meta property=\"og:description\" content=\"D\u00e9couvrez le parc Tayrona et les communaut\u00e9s autochtones de Palomino Buritaca. Plongez-vous dans cette exp\u00e9rience passionnante. Cliquez ici et d\u00e9couvrez nos visites.\" \/>\n<meta property=\"og:url\" content=\"https:\/\/rutatayronatours.com\/fr\/product\/parc-tayrona-communautes-autochtones-de-palomino-buritaca\/\" \/>\n<meta property=\"og:site_name\" content=\"Ruta Tayrona Tours\" \/>\n<meta property=\"article:publisher\" content=\"https:\/\/www.facebook.com\/riomolinotours2\" \/>\n<meta property=\"article:modified_time\" content=\"2025-01-07T21:43:45+00:00\" \/>\n<meta property=\"og:image\" content=\"https:\/\/rutatayronatours.com\/fr\/wp-content\/uploads\/2023\/08\/Cabo-San-Juan-20.png\" \/>\n\t<meta property=\"og:image:width\" content=\"1200\" \/>\n\t<meta property=\"og:image:height\" content=\"800\" \/>\n\t<meta property=\"og:image:type\" content=\"image\/png\" \/>\n<meta name=\"twitter:card\" content=\"summary_large_image\" \/>\n<meta name=\"twitter:label1\" content=\"Dur\u00e9e de lecture estim\u00e9e\" \/>\n\t<meta name=\"twitter:data1\" content=\"2 minutes\" \/>\n<script type=\"application\/ld+json\" class=\"yoast-schema-graph\">{\"@context\":\"https:\/\/schema.org\",\"@graph\":[{\"@type\":\"WebPage\",\"@id\":\"https:\/\/rutatayronatours.com\/fr\/product\/parc-tayrona-communautes-autochtones-de-palomino-buritaca\/\",\"url\":\"https:\/\/rutatayronatours.com\/fr\/product\/parc-tayrona-communautes-autochtones-de-palomino-buritaca\/\",\"name\":\"Parc Tayrona et communaut\u00e9s autochtones de Palomino Buritaca. - Ruta Tayrona Tours\",\"isPartOf\":{\"@id\":\"https:\/\/rutatayronatours.com\/fr\/#website\"},\"primaryImageOfPage\":{\"@id\":\"https:\/\/rutatayronatours.com\/fr\/product\/parc-tayrona-communautes-autochtones-de-palomino-buritaca\/#primaryimage\"},\"image\":{\"@id\":\"https:\/\/rutatayronatours.com\/fr\/product\/parc-tayrona-communautes-autochtones-de-palomino-buritaca\/#primaryimage\"},\"thumbnailUrl\":\"https:\/\/rutatayronatours.com\/fr\/wp-content\/uploads\/2023\/08\/Cabo-San-Juan-20.png\",\"datePublished\":\"2023-10-03T15:53:24+00:00\",\"dateModified\":\"2025-01-07T21:43:45+00:00\",\"description\":\"D\u00e9couvrez le parc Tayrona et les communaut\u00e9s autochtones de Palomino Buritaca. Plongez-vous dans cette exp\u00e9rience passionnante. Cliquez ici et d\u00e9couvrez nos visites.\",\"breadcrumb\":{\"@id\":\"https:\/\/rutatayronatours.com\/fr\/product\/parc-tayrona-communautes-autochtones-de-palomino-buritaca\/#breadcrumb\"},\"inLanguage\":\"fr-FR\",\"potentialAction\":[{\"@type\":\"ReadAction\",\"target\":[\"https:\/\/rutatayronatours.com\/fr\/product\/parc-tayrona-communautes-autochtones-de-palomino-buritaca\/\"]}]},{\"@type\":\"ImageObject\",\"inLanguage\":\"fr-FR\",\"@id\":\"https:\/\/rutatayronatours.com\/fr\/product\/parc-tayrona-communautes-autochtones-de-palomino-buritaca\/#primaryimage\",\"url\":\"https:\/\/rutatayronatours.com\/fr\/wp-content\/uploads\/2023\/08\/Cabo-San-Juan-20.png\",\"contentUrl\":\"https:\/\/rutatayronatours.com\/fr\/wp-content\/uploads\/2023\/08\/Cabo-San-Juan-20.png\",\"width\":1200,\"height\":800,\"caption\":\"Reserva aqu\u00ed tu tour a Parque Tayrona & Comunidades Ind\u00edgenas desde palomino buritaca\"},{\"@type\":\"BreadcrumbList\",\"@id\":\"https:\/\/rutatayronatours.com\/fr\/product\/parc-tayrona-communautes-autochtones-de-palomino-buritaca\/#breadcrumb\",\"itemListElement\":[{\"@type\":\"ListItem\",\"position\":1,\"name\":\"Portada\",\"item\":\"https:\/\/rutatayronatours.com\/fr\/\"},{\"@type\":\"ListItem\",\"position\":2,\"name\":\"Shop\",\"item\":\"https:\/\/rutatayronatours.com\/fr\/shop\/\"},{\"@type\":\"ListItem\",\"position\":3,\"name\":\"Parc Tayrona et communaut\u00e9s autochtones de Palomino Buritaca.\"}]},{\"@type\":\"WebSite\",\"@id\":\"https:\/\/rutatayronatours.com\/fr\/#website\",\"url\":\"https:\/\/rutatayronatours.com\/fr\/\",\"name\":\"Ruta Tayrona Tours\",\"description\":\"Experiencias y tours del caribe Colombiano\",\"publisher\":{\"@id\":\"https:\/\/rutatayronatours.com\/fr\/#organization\"},\"potentialAction\":[{\"@type\":\"SearchAction\",\"target\":{\"@type\":\"EntryPoint\",\"urlTemplate\":\"https:\/\/rutatayronatours.com\/fr\/?s={search_term_string}\"},\"query-input\":{\"@type\":\"PropertyValueSpecification\",\"valueRequired\":true,\"valueName\":\"search_term_string\"}}],\"inLanguage\":\"fr-FR\"},{\"@type\":\"Organization\",\"@id\":\"https:\/\/rutatayronatours.com\/fr\/#organization\",\"name\":\"Ruta Tayrona Tours\",\"url\":\"https:\/\/rutatayronatours.com\/fr\/\",\"logo\":{\"@type\":\"ImageObject\",\"inLanguage\":\"fr-FR\",\"@id\":\"https:\/\/rutatayronatours.com\/fr\/#\/schema\/logo\/image\/\",\"url\":\"https:\/\/rutatayronatours.com\/fr\/wp-content\/uploads\/2023\/02\/Ruta-Tayrona-Tours.png\",\"contentUrl\":\"https:\/\/rutatayronatours.com\/fr\/wp-content\/uploads\/2023\/02\/Ruta-Tayrona-Tours.png\",\"width\":348,\"height\":85,\"caption\":\"Ruta Tayrona Tours\"},\"image\":{\"@id\":\"https:\/\/rutatayronatours.com\/fr\/#\/schema\/logo\/image\/\"},\"sameAs\":[\"https:\/\/www.facebook.com\/riomolinotours2\",\"https:\/\/www.instagram.com\/rutatayronatours\/\",\"https:\/\/api.whatsapp.com\/send?phone=573145502928\"]}]}<\/script>\n<!-- \/ Yoast SEO plugin. -->","yoast_head_json":{"title":"Parc Tayrona et communaut\u00e9s autochtones de Palomino Buritaca. - Ruta Tayrona Tours","description":"D\u00e9couvrez le parc Tayrona et les communaut\u00e9s autochtones de Palomino Buritaca. Plongez-vous dans cette exp\u00e9rience passionnante. Cliquez ici et d\u00e9couvrez nos visites.","robots":{"index":"index","follow":"follow","max-snippet":"max-snippet:-1","max-image-preview":"max-image-preview:large","max-video-preview":"max-video-preview:-1"},"canonical":"https:\/\/rutatayronatours.com\/fr\/product\/parc-tayrona-communautes-autochtones-de-palomino-buritaca\/","og_locale":"fr_FR","og_type":"article","og_title":"Parc Tayrona et communaut\u00e9s autochtones de Palomino Buritaca. - Ruta Tayrona Tours","og_description":"D\u00e9couvrez le parc Tayrona et les communaut\u00e9s autochtones de Palomino Buritaca. Plongez-vous dans cette exp\u00e9rience passionnante. Cliquez ici et d\u00e9couvrez nos visites.","og_url":"https:\/\/rutatayronatours.com\/fr\/product\/parc-tayrona-communautes-autochtones-de-palomino-buritaca\/","og_site_name":"Ruta Tayrona Tours","article_publisher":"https:\/\/www.facebook.com\/riomolinotours2","article_modified_time":"2025-01-07T21:43:45+00:00","og_image":[{"width":1200,"height":800,"url":"https:\/\/rutatayronatours.com\/fr\/wp-content\/uploads\/2023\/08\/Cabo-San-Juan-20.png","type":"image\/png"}],"twitter_card":"summary_large_image","twitter_misc":{"Dur\u00e9e de lecture estim\u00e9e":"2 minutes"},"schema":{"@context":"https:\/\/schema.org","@graph":[{"@type":"WebPage","@id":"https:\/\/rutatayronatours.com\/fr\/product\/parc-tayrona-communautes-autochtones-de-palomino-buritaca\/","url":"https:\/\/rutatayronatours.com\/fr\/product\/parc-tayrona-communautes-autochtones-de-palomino-buritaca\/","name":"Parc Tayrona et communaut\u00e9s autochtones de Palomino Buritaca. - Ruta Tayrona Tours","isPartOf":{"@id":"https:\/\/rutatayronatours.com\/fr\/#website"},"primaryImageOfPage":{"@id":"https:\/\/rutatayronatours.com\/fr\/product\/parc-tayrona-communautes-autochtones-de-palomino-buritaca\/#primaryimage"},"image":{"@id":"https:\/\/rutatayronatours.com\/fr\/product\/parc-tayrona-communautes-autochtones-de-palomino-buritaca\/#primaryimage"},"thumbnailUrl":"https:\/\/rutatayronatours.com\/fr\/wp-content\/uploads\/2023\/08\/Cabo-San-Juan-20.png","datePublished":"2023-10-03T15:53:24+00:00","dateModified":"2025-01-07T21:43:45+00:00","description":"D\u00e9couvrez le parc Tayrona et les communaut\u00e9s autochtones de Palomino Buritaca. Plongez-vous dans cette exp\u00e9rience passionnante. Cliquez ici et d\u00e9couvrez nos visites.","breadcrumb":{"@id":"https:\/\/rutatayronatours.com\/fr\/product\/parc-tayrona-communautes-autochtones-de-palomino-buritaca\/#breadcrumb"},"inLanguage":"fr-FR","potentialAction":[{"@type":"ReadAction","target":["https:\/\/rutatayronatours.com\/fr\/product\/parc-tayrona-communautes-autochtones-de-palomino-buritaca\/"]}]},{"@type":"ImageObject","inLanguage":"fr-FR","@id":"https:\/\/rutatayronatours.com\/fr\/product\/parc-tayrona-communautes-autochtones-de-palomino-buritaca\/#primaryimage","url":"https:\/\/rutatayronatours.com\/fr\/wp-content\/uploads\/2023\/08\/Cabo-San-Juan-20.png","contentUrl":"https:\/\/rutatayronatours.com\/fr\/wp-content\/uploads\/2023\/08\/Cabo-San-Juan-20.png","width":1200,"height":800,"caption":"Reserva aqu\u00ed tu tour a Parque Tayrona & Comunidades Ind\u00edgenas desde palomino buritaca"},{"@type":"BreadcrumbList","@id":"https:\/\/rutatayronatours.com\/fr\/product\/parc-tayrona-communautes-autochtones-de-palomino-buritaca\/#breadcrumb","itemListElement":[{"@type":"ListItem","position":1,"name":"Portada","item":"https:\/\/rutatayronatours.com\/fr\/"},{"@type":"ListItem","position":2,"name":"Shop","item":"https:\/\/rutatayronatours.com\/fr\/shop\/"},{"@type":"ListItem","position":3,"name":"Parc Tayrona et communaut\u00e9s autochtones de Palomino Buritaca."}]},{"@type":"WebSite","@id":"https:\/\/rutatayronatours.com\/fr\/#website","url":"https:\/\/rutatayronatours.com\/fr\/","name":"Ruta Tayrona Tours","description":"Experiencias y tours del caribe Colombiano","publisher":{"@id":"https:\/\/rutatayronatours.com\/fr\/#organization"},"potentialAction":[{"@type":"SearchAction","target":{"@type":"EntryPoint","urlTemplate":"https:\/\/rutatayronatours.com\/fr\/?s={search_term_string}"},"query-input":{"@type":"PropertyValueSpecification","valueRequired":true,"valueName":"search_term_string"}}],"inLanguage":"fr-FR"},{"@type":"Organization","@id":"https:\/\/rutatayronatours.com\/fr\/#organization","name":"Ruta Tayrona Tours","url":"https:\/\/rutatayronatours.com\/fr\/","logo":{"@type":"ImageObject","inLanguage":"fr-FR","@id":"https:\/\/rutatayronatours.com\/fr\/#\/schema\/logo\/image\/","url":"https:\/\/rutatayronatours.com\/fr\/wp-content\/uploads\/2023\/02\/Ruta-Tayrona-Tours.png","contentUrl":"https:\/\/rutatayronatours.com\/fr\/wp-content\/uploads\/2023\/02\/Ruta-Tayrona-Tours.png","width":348,"height":85,"caption":"Ruta Tayrona Tours"},"image":{"@id":"https:\/\/rutatayronatours.com\/fr\/#\/schema\/logo\/image\/"},"sameAs":["https:\/\/www.facebook.com\/riomolinotours2","https:\/\/www.instagram.com\/rutatayronatours\/","https:\/\/api.whatsapp.com\/send?phone=573145502928"]}]}},"_links":{"self":[{"href":"https:\/\/rutatayronatours.com\/fr\/wp-json\/wp\/v2\/product\/2797","targetHints":{"allow":["GET"]}}],"collection":[{"href":"https:\/\/rutatayronatours.com\/fr\/wp-json\/wp\/v2\/product"}],"about":[{"href":"https:\/\/rutatayronatours.com\/fr\/wp-json\/wp\/v2\/types\/product"}],"replies":[{"embeddable":true,"href":"https:\/\/rutatayronatours.com\/fr\/wp-json\/wp\/v2\/comments?post=2797"}],"version-history":[{"count":8,"href":"https:\/\/rutatayronatours.com\/fr\/wp-json\/wp\/v2\/product\/2797\/revisions"}],"predecessor-version":[{"id":3443,"href":"https:\/\/rutatayronatours.com\/fr\/wp-json\/wp\/v2\/product\/2797\/revisions\/3443"}],"wp:featuredmedia":[{"embeddable":true,"href":"https:\/\/rutatayronatours.com\/fr\/wp-json\/wp\/v2\/media\/2845"}],"wp:attachment":[{"href":"https:\/\/rutatayronatours.com\/fr\/wp-json\/wp\/v2\/media?parent=2797"}],"wp:term":[{"taxonomy":"product_brand","embeddable":true,"href":"https:\/\/rutatayronatours.com\/fr\/wp-json\/wp\/v2\/product_brand?post=2797"},{"taxonomy":"product_cat","embeddable":true,"href":"https:\/\/rutatayronatours.com\/fr\/wp-json\/wp\/v2\/product_cat?post=2797"},{"taxonomy":"product_tag","embeddable":true,"href":"https:\/\/rutatayronatours.com\/fr\/wp-json\/wp\/v2\/product_tag?post=2797"}],"curies":[{"name":"wp","href":"https:\/\/api.w.org\/{rel}","templated":true}]}}