{"id":2819,"date":"2023-10-03T13:46:03","date_gmt":"2023-10-03T18:46:03","guid":{"rendered":"https:\/\/rutatayronatours.com\/fr\/?post_type=product&#038;p=2819"},"modified":"2025-01-07T16:43:44","modified_gmt":"2025-01-07T21:43:44","slug":"cabo-san-juan-promenade-magique-depuis-palomino-buritaca-et-la-zone","status":"publish","type":"product","link":"https:\/\/rutatayronatours.com\/fr\/product\/cabo-san-juan-promenade-magique-depuis-palomino-buritaca-et-la-zone\/","title":{"rendered":"Cabo San Juan &#8211; Promenade magique depuis Palomino, Buritaca et ses environs"},"content":{"rendered":"<h2>Cabo San Juan &#8211; Promenade magique depuis Palomino, Buritaca et ses environs<br \/>\nD\u00e9couvrir un tr\u00e9sor naturel en une journ\u00e9e<\/h2>\n<h3>Bienvenue \u00e0 Cabo San Juan &#8211; Promenade Magique, un coin paradisiaque sur la c\u00f4te cara\u00efbe de Colombie !<\/h3>\n<p>Avec la visite Cabo San Juan , immergez-vous dans la luxuriante for\u00eat tropicale, d\u00e9tendez-vous sur des plages de sable blanc et d\u00e9couvrez la richesse de la biodiversit\u00e9 qui habite ce lieu unique. Nous explorerons ensemble les tr\u00e9sors naturels et culturels qui font du parc national naturel de Tayrona une destination incomparable. Pr\u00e9parez-vous \u00e0 d\u00e9voiler les secrets de ce paradis et \u00e0 \u00eatre captiv\u00e9 par sa magie indompt\u00e9e lors de la visite Cabo San Juan &#8211; Promenade magique !<\/p>\n<p><strong>Parc national naturel de Tayrona<\/strong><\/p>\n<p>Le parc national naturel de Tayrona est une r\u00e9serve naturelle situ\u00e9e sur la c\u00f4te carib\u00e9enne de la Colombie, r\u00e9put\u00e9e pour sa beaut\u00e9 naturelle luxuriante et sa diversit\u00e9 \u00e9cologique. Il est connu pour abriter une grande vari\u00e9t\u00e9 d&#8217;esp\u00e8ces v\u00e9g\u00e9tales et animales, dont beaucoup sont end\u00e9miques et uniques \u00e0 la r\u00e9gion. La pr\u00e9sence de diff\u00e9rents \u00e9cosyst\u00e8mes, y compris des mangroves, des jungles et des r\u00e9cifs coralliens, contribue \u00e0 sa richesse biologique. De plus, le parc est le foyer de la communaut\u00e9 indig\u00e8ne <a href=\"https:\/\/rutatayronatours.com\/fr\/comunidades-indigenas-de-la-sierra-nevada-de-santa-marta\/\">Kogui<\/a>, qui habite la r\u00e9gion depuis des si\u00e8cles et entretient un lien spirituel profond avec la terre. Ses plages, telles qu&#8217;Arrecifes, Cabo San Juan del Gu\u00eda et Plage Cristal, sont des destinations populaires id\u00e9ales pour profiter d&#8217;eaux calmes pour la baignade, la plong\u00e9e avec tuba et la d\u00e9tente dans un cadre naturel \u00e9poustouflant. Bien que le parc offre une beaut\u00e9 in\u00e9gal\u00e9e, il est important de noter que l&#8217;acc\u00e8s \u00e0 certaines zones peut n\u00e9cessiter de la randonn\u00e9e le long de sentiers parfois exigeants, et le parc promeut la conservation et le respect de l&#8217;environnement naturel et culturel. Vivez cette exp\u00e9rience avec la visite Cabo San Juan &#8211; Promenade magique.<\/p>\n<p><a href=\"https:\/\/ich.unesco.org\/fr\/RL\/le-systeme-ancestral-de-connaissances-des-quatre-peuples-autochtones-arhuaco-kankuamo-kogi-et-wiwa-de-la-sierra-nevada-de-santa-marta-01886?RL=01886\"><strong>La Sierra Nevada de\u00a0 Santa Marta<\/strong><\/a><\/p>\n<p>La Sierra Nevada de Santa Marta, situ\u00e9e en Colombie, est une merveille naturelle et culturelle qui abrite une diversit\u00e9 de communaut\u00e9s autochtones. Ces communaut\u00e9s, fortes de leurs traditions ancestrales et de leur profond respect de la nature, jouent un r\u00f4le crucial dans la pr\u00e9servation de cet \u00e9cosyst\u00e8me unique au monde.<\/p>\n<h2>Tarifs et services inclus<\/h2>\n<ul>\n<li>Transport<\/li>\n<li>Guide<\/li>\n<li>Entr\u00e9e \u00e0 la communaut\u00e9<\/li>\n<li>D\u00e9jeuner<\/li>\n<li>assurance voyage<\/li>\n<li>Contribution aux communaut\u00e9s autochtones<\/li>\n<li><a href=\"https:\/\/www.parquesnacionales.gov.co\/nuestros-parques\/pnn-tayrona\/\">Comprend les billets pour le parc Tayrona<\/a><\/li>\n<\/ul>\n","protected":false},"excerpt":{"rendered":"<h2>Cabo San Juan &#8211; Promenade magique<br \/>\n\u00c0 la d\u00e9couverte d&#8217;un tr\u00e9sor naturel en une journ\u00e9e \u00e0 Cabo San Juan &#8211; Promenade Magique<\/h2>\n<ul>\n<li style=\"text-align: left;\">6h30 Nous commen\u00e7ons notre exp\u00e9rience Cabo San Juan &#8211; Randonn\u00e9e magique depuis votre h\u00f4tel \u00e0 Palomino, Buritaca, Guachaca, Mendihuaca ou Ca\u00f1averal. L&#8217;heure de d\u00e9part peut varier en fonction de votre emplacement.<\/li>\n<li style=\"text-align: left;\">8h30 Randonn\u00e9e et plages : Nous commencerons une randonn\u00e9e de deux heures qui couvre la plage de Ca\u00f1averal, Arrecife, Arenilla et La Piscina. Explorez la riche flore et la faune tout en vous connectant \u00e0 l&#8217;histoire indig\u00e8ne locale. Au cours de cette visite, vous pourrez rencontrer trois vari\u00e9t\u00e9s de singes et divers oiseaux indig\u00e8nes de cette for\u00eat tropicale.<\/li>\n<li style=\"text-align: left;\">12h00 Retraite \u00e0 Cabo San Juan : Nous arrivons \u00e0 Cabo San Juan, une oasis dans la nature. Savourez un d\u00e9licieux d\u00e9jeuner tout en vous relaxant sur la plage et en admirant les paysages uniques que cette magnifique destination a \u00e0 offrir.<\/li>\n<li style=\"text-align: left;\">15h00 &#8211; Retour en Harmonie : Nous entamons une marche de retour de deux heures, permettant aux souvenirs de circuler. Ensuite, nous retournons \u00e0 votre h\u00f4tel \u00e0 Rodadero ou Taganga, remplis de l&#8217;\u00e9nergie de la nature, concluant notre exp\u00e9rience Cabo San Juan &#8211; Randonn\u00e9e magique.<\/li>\n<\/ul>\n<p>&nbsp;<\/p>\n<h2>Tarifs et services inclus<\/h2>\n<ul>\n<li>Transport terrestre aller-retour.<\/li>\n<li>Guide<\/li>\n<li>Entr\u00e9e au parc Tayrona<\/li>\n<li>Assurance<\/li>\n<li>Logistique<\/li>\n<\/ul>\n<p>*Les voyageurs \u00e9trangers doivent payer un COP suppl\u00e9mentaire de 40 000 $ pour entrer dans le parc national Tayrona.<\/p>\n","protected":false},"featured_media":2133,"comment_status":"closed","ping_status":"closed","template":"","meta":[],"product_brand":[],"product_cat":[123,110],"product_tag":[100,113],"class_list":{"0":"post-2819","1":"product","2":"type-product","3":"status-publish","4":"has-post-thumbnail","6":"product_cat-cabo-san-juan-desde-palomino","7":"product_cat-experiences","8":"product_tag-experiencias","9":"product_tag-parque-tayrona","11":"first","12":"instock","13":"shipping-taxable","14":"purchasable","15":"product-type-simple"},"yoast_head":"<!-- This site is optimized with the Yoast SEO plugin v27.2 - https:\/\/yoast.com\/product\/yoast-seo-wordpress\/ -->\n<title>Cabo San Juan - Promenade magique depuis Palomino, Buritaca et ses environs - Ruta Tayrona Tours<\/title>\n<meta name=\"description\" content=\"D\u00e9couvrez Cabo San Juan - Promenade Magique, la merveille naturelle du parcTayrona. Faites-en l\u2019exp\u00e9rience par vous-m\u00eame. Cliquez ici et explorez nos exp\u00e9riences.\" \/>\n<meta name=\"robots\" content=\"index, follow, max-snippet:-1, max-image-preview:large, max-video-preview:-1\" \/>\n<link rel=\"canonical\" href=\"https:\/\/rutatayronatours.com\/fr\/product\/cabo-san-juan-promenade-magique-depuis-palomino-buritaca-et-la-zone\/\" \/>\n<meta property=\"og:locale\" content=\"fr_FR\" \/>\n<meta property=\"og:type\" content=\"article\" \/>\n<meta property=\"og:title\" content=\"Cabo San Juan - Promenade magique depuis Palomino, Buritaca et ses environs - Ruta Tayrona Tours\" \/>\n<meta property=\"og:description\" content=\"D\u00e9couvrez Cabo San Juan - Promenade Magique, la merveille naturelle du parcTayrona. Faites-en l\u2019exp\u00e9rience par vous-m\u00eame. Cliquez ici et explorez nos exp\u00e9riences.\" \/>\n<meta property=\"og:url\" content=\"https:\/\/rutatayronatours.com\/fr\/product\/cabo-san-juan-promenade-magique-depuis-palomino-buritaca-et-la-zone\/\" \/>\n<meta property=\"og:site_name\" content=\"Ruta Tayrona Tours\" \/>\n<meta property=\"article:publisher\" content=\"https:\/\/www.facebook.com\/riomolinotours2\" \/>\n<meta property=\"article:modified_time\" content=\"2025-01-07T21:43:44+00:00\" \/>\n<meta property=\"og:image\" content=\"https:\/\/rutatayronatours.com\/fr\/wp-content\/uploads\/2023\/08\/caminata-magica-1-scaled.jpg\" \/>\n\t<meta property=\"og:image:width\" content=\"2560\" \/>\n\t<meta property=\"og:image:height\" content=\"1707\" \/>\n\t<meta property=\"og:image:type\" content=\"image\/jpeg\" \/>\n<meta name=\"twitter:card\" content=\"summary_large_image\" \/>\n<meta name=\"twitter:label1\" content=\"Dur\u00e9e de lecture estim\u00e9e\" \/>\n\t<meta name=\"twitter:data1\" content=\"2 minutes\" \/>\n<script type=\"application\/ld+json\" class=\"yoast-schema-graph\">{\"@context\":\"https:\/\/schema.org\",\"@graph\":[{\"@type\":\"WebPage\",\"@id\":\"https:\/\/rutatayronatours.com\/fr\/product\/cabo-san-juan-promenade-magique-depuis-palomino-buritaca-et-la-zone\/\",\"url\":\"https:\/\/rutatayronatours.com\/fr\/product\/cabo-san-juan-promenade-magique-depuis-palomino-buritaca-et-la-zone\/\",\"name\":\"Cabo San Juan - Promenade magique depuis Palomino, Buritaca et ses environs - Ruta Tayrona Tours\",\"isPartOf\":{\"@id\":\"https:\/\/rutatayronatours.com\/fr\/#website\"},\"primaryImageOfPage\":{\"@id\":\"https:\/\/rutatayronatours.com\/fr\/product\/cabo-san-juan-promenade-magique-depuis-palomino-buritaca-et-la-zone\/#primaryimage\"},\"image\":{\"@id\":\"https:\/\/rutatayronatours.com\/fr\/product\/cabo-san-juan-promenade-magique-depuis-palomino-buritaca-et-la-zone\/#primaryimage\"},\"thumbnailUrl\":\"https:\/\/rutatayronatours.com\/fr\/wp-content\/uploads\/2023\/08\/caminata-magica-1-scaled.jpg\",\"datePublished\":\"2023-10-03T18:46:03+00:00\",\"dateModified\":\"2025-01-07T21:43:44+00:00\",\"description\":\"D\u00e9couvrez Cabo San Juan - Promenade Magique, la merveille naturelle du parcTayrona. Faites-en l\u2019exp\u00e9rience par vous-m\u00eame. Cliquez ici et explorez nos exp\u00e9riences.\",\"breadcrumb\":{\"@id\":\"https:\/\/rutatayronatours.com\/fr\/product\/cabo-san-juan-promenade-magique-depuis-palomino-buritaca-et-la-zone\/#breadcrumb\"},\"inLanguage\":\"fr-FR\",\"potentialAction\":[{\"@type\":\"ReadAction\",\"target\":[\"https:\/\/rutatayronatours.com\/fr\/product\/cabo-san-juan-promenade-magique-depuis-palomino-buritaca-et-la-zone\/\"]}]},{\"@type\":\"ImageObject\",\"inLanguage\":\"fr-FR\",\"@id\":\"https:\/\/rutatayronatours.com\/fr\/product\/cabo-san-juan-promenade-magique-depuis-palomino-buritaca-et-la-zone\/#primaryimage\",\"url\":\"https:\/\/rutatayronatours.com\/fr\/wp-content\/uploads\/2023\/08\/caminata-magica-1-scaled.jpg\",\"contentUrl\":\"https:\/\/rutatayronatours.com\/fr\/wp-content\/uploads\/2023\/08\/caminata-magica-1-scaled.jpg\",\"width\":2560,\"height\":1707,\"caption\":\"Reserva aqu\u00ed el tour Cabo San Juan - Caminata M\u00e1gica\"},{\"@type\":\"BreadcrumbList\",\"@id\":\"https:\/\/rutatayronatours.com\/fr\/product\/cabo-san-juan-promenade-magique-depuis-palomino-buritaca-et-la-zone\/#breadcrumb\",\"itemListElement\":[{\"@type\":\"ListItem\",\"position\":1,\"name\":\"Portada\",\"item\":\"https:\/\/rutatayronatours.com\/fr\/\"},{\"@type\":\"ListItem\",\"position\":2,\"name\":\"Shop\",\"item\":\"https:\/\/rutatayronatours.com\/fr\/shop\/\"},{\"@type\":\"ListItem\",\"position\":3,\"name\":\"Cabo San Juan &#8211; Promenade magique depuis Palomino, Buritaca et ses environs\"}]},{\"@type\":\"WebSite\",\"@id\":\"https:\/\/rutatayronatours.com\/fr\/#website\",\"url\":\"https:\/\/rutatayronatours.com\/fr\/\",\"name\":\"Ruta Tayrona Tours\",\"description\":\"Experiencias y tours del caribe Colombiano\",\"publisher\":{\"@id\":\"https:\/\/rutatayronatours.com\/fr\/#organization\"},\"potentialAction\":[{\"@type\":\"SearchAction\",\"target\":{\"@type\":\"EntryPoint\",\"urlTemplate\":\"https:\/\/rutatayronatours.com\/fr\/?s={search_term_string}\"},\"query-input\":{\"@type\":\"PropertyValueSpecification\",\"valueRequired\":true,\"valueName\":\"search_term_string\"}}],\"inLanguage\":\"fr-FR\"},{\"@type\":\"Organization\",\"@id\":\"https:\/\/rutatayronatours.com\/fr\/#organization\",\"name\":\"Ruta Tayrona Tours\",\"url\":\"https:\/\/rutatayronatours.com\/fr\/\",\"logo\":{\"@type\":\"ImageObject\",\"inLanguage\":\"fr-FR\",\"@id\":\"https:\/\/rutatayronatours.com\/fr\/#\/schema\/logo\/image\/\",\"url\":\"https:\/\/rutatayronatours.com\/fr\/wp-content\/uploads\/2023\/02\/Ruta-Tayrona-Tours.png\",\"contentUrl\":\"https:\/\/rutatayronatours.com\/fr\/wp-content\/uploads\/2023\/02\/Ruta-Tayrona-Tours.png\",\"width\":348,\"height\":85,\"caption\":\"Ruta Tayrona Tours\"},\"image\":{\"@id\":\"https:\/\/rutatayronatours.com\/fr\/#\/schema\/logo\/image\/\"},\"sameAs\":[\"https:\/\/www.facebook.com\/riomolinotours2\",\"https:\/\/www.instagram.com\/rutatayronatours\/\",\"https:\/\/api.whatsapp.com\/send?phone=573145502928\"]}]}<\/script>\n<!-- \/ Yoast SEO plugin. -->","yoast_head_json":{"title":"Cabo San Juan - Promenade magique depuis Palomino, Buritaca et ses environs - Ruta Tayrona Tours","description":"D\u00e9couvrez Cabo San Juan - Promenade Magique, la merveille naturelle du parcTayrona. Faites-en l\u2019exp\u00e9rience par vous-m\u00eame. Cliquez ici et explorez nos exp\u00e9riences.","robots":{"index":"index","follow":"follow","max-snippet":"max-snippet:-1","max-image-preview":"max-image-preview:large","max-video-preview":"max-video-preview:-1"},"canonical":"https:\/\/rutatayronatours.com\/fr\/product\/cabo-san-juan-promenade-magique-depuis-palomino-buritaca-et-la-zone\/","og_locale":"fr_FR","og_type":"article","og_title":"Cabo San Juan - Promenade magique depuis Palomino, Buritaca et ses environs - Ruta Tayrona Tours","og_description":"D\u00e9couvrez Cabo San Juan - Promenade Magique, la merveille naturelle du parcTayrona. Faites-en l\u2019exp\u00e9rience par vous-m\u00eame. Cliquez ici et explorez nos exp\u00e9riences.","og_url":"https:\/\/rutatayronatours.com\/fr\/product\/cabo-san-juan-promenade-magique-depuis-palomino-buritaca-et-la-zone\/","og_site_name":"Ruta Tayrona Tours","article_publisher":"https:\/\/www.facebook.com\/riomolinotours2","article_modified_time":"2025-01-07T21:43:44+00:00","og_image":[{"width":2560,"height":1707,"url":"https:\/\/rutatayronatours.com\/fr\/wp-content\/uploads\/2023\/08\/caminata-magica-1-scaled.jpg","type":"image\/jpeg"}],"twitter_card":"summary_large_image","twitter_misc":{"Dur\u00e9e de lecture estim\u00e9e":"2 minutes"},"schema":{"@context":"https:\/\/schema.org","@graph":[{"@type":"WebPage","@id":"https:\/\/rutatayronatours.com\/fr\/product\/cabo-san-juan-promenade-magique-depuis-palomino-buritaca-et-la-zone\/","url":"https:\/\/rutatayronatours.com\/fr\/product\/cabo-san-juan-promenade-magique-depuis-palomino-buritaca-et-la-zone\/","name":"Cabo San Juan - Promenade magique depuis Palomino, Buritaca et ses environs - Ruta Tayrona Tours","isPartOf":{"@id":"https:\/\/rutatayronatours.com\/fr\/#website"},"primaryImageOfPage":{"@id":"https:\/\/rutatayronatours.com\/fr\/product\/cabo-san-juan-promenade-magique-depuis-palomino-buritaca-et-la-zone\/#primaryimage"},"image":{"@id":"https:\/\/rutatayronatours.com\/fr\/product\/cabo-san-juan-promenade-magique-depuis-palomino-buritaca-et-la-zone\/#primaryimage"},"thumbnailUrl":"https:\/\/rutatayronatours.com\/fr\/wp-content\/uploads\/2023\/08\/caminata-magica-1-scaled.jpg","datePublished":"2023-10-03T18:46:03+00:00","dateModified":"2025-01-07T21:43:44+00:00","description":"D\u00e9couvrez Cabo San Juan - Promenade Magique, la merveille naturelle du parcTayrona. Faites-en l\u2019exp\u00e9rience par vous-m\u00eame. Cliquez ici et explorez nos exp\u00e9riences.","breadcrumb":{"@id":"https:\/\/rutatayronatours.com\/fr\/product\/cabo-san-juan-promenade-magique-depuis-palomino-buritaca-et-la-zone\/#breadcrumb"},"inLanguage":"fr-FR","potentialAction":[{"@type":"ReadAction","target":["https:\/\/rutatayronatours.com\/fr\/product\/cabo-san-juan-promenade-magique-depuis-palomino-buritaca-et-la-zone\/"]}]},{"@type":"ImageObject","inLanguage":"fr-FR","@id":"https:\/\/rutatayronatours.com\/fr\/product\/cabo-san-juan-promenade-magique-depuis-palomino-buritaca-et-la-zone\/#primaryimage","url":"https:\/\/rutatayronatours.com\/fr\/wp-content\/uploads\/2023\/08\/caminata-magica-1-scaled.jpg","contentUrl":"https:\/\/rutatayronatours.com\/fr\/wp-content\/uploads\/2023\/08\/caminata-magica-1-scaled.jpg","width":2560,"height":1707,"caption":"Reserva aqu\u00ed el tour Cabo San Juan - Caminata M\u00e1gica"},{"@type":"BreadcrumbList","@id":"https:\/\/rutatayronatours.com\/fr\/product\/cabo-san-juan-promenade-magique-depuis-palomino-buritaca-et-la-zone\/#breadcrumb","itemListElement":[{"@type":"ListItem","position":1,"name":"Portada","item":"https:\/\/rutatayronatours.com\/fr\/"},{"@type":"ListItem","position":2,"name":"Shop","item":"https:\/\/rutatayronatours.com\/fr\/shop\/"},{"@type":"ListItem","position":3,"name":"Cabo San Juan &#8211; Promenade magique depuis Palomino, Buritaca et ses environs"}]},{"@type":"WebSite","@id":"https:\/\/rutatayronatours.com\/fr\/#website","url":"https:\/\/rutatayronatours.com\/fr\/","name":"Ruta Tayrona Tours","description":"Experiencias y tours del caribe Colombiano","publisher":{"@id":"https:\/\/rutatayronatours.com\/fr\/#organization"},"potentialAction":[{"@type":"SearchAction","target":{"@type":"EntryPoint","urlTemplate":"https:\/\/rutatayronatours.com\/fr\/?s={search_term_string}"},"query-input":{"@type":"PropertyValueSpecification","valueRequired":true,"valueName":"search_term_string"}}],"inLanguage":"fr-FR"},{"@type":"Organization","@id":"https:\/\/rutatayronatours.com\/fr\/#organization","name":"Ruta Tayrona Tours","url":"https:\/\/rutatayronatours.com\/fr\/","logo":{"@type":"ImageObject","inLanguage":"fr-FR","@id":"https:\/\/rutatayronatours.com\/fr\/#\/schema\/logo\/image\/","url":"https:\/\/rutatayronatours.com\/fr\/wp-content\/uploads\/2023\/02\/Ruta-Tayrona-Tours.png","contentUrl":"https:\/\/rutatayronatours.com\/fr\/wp-content\/uploads\/2023\/02\/Ruta-Tayrona-Tours.png","width":348,"height":85,"caption":"Ruta Tayrona Tours"},"image":{"@id":"https:\/\/rutatayronatours.com\/fr\/#\/schema\/logo\/image\/"},"sameAs":["https:\/\/www.facebook.com\/riomolinotours2","https:\/\/www.instagram.com\/rutatayronatours\/","https:\/\/api.whatsapp.com\/send?phone=573145502928"]}]}},"_links":{"self":[{"href":"https:\/\/rutatayronatours.com\/fr\/wp-json\/wp\/v2\/product\/2819","targetHints":{"allow":["GET"]}}],"collection":[{"href":"https:\/\/rutatayronatours.com\/fr\/wp-json\/wp\/v2\/product"}],"about":[{"href":"https:\/\/rutatayronatours.com\/fr\/wp-json\/wp\/v2\/types\/product"}],"replies":[{"embeddable":true,"href":"https:\/\/rutatayronatours.com\/fr\/wp-json\/wp\/v2\/comments?post=2819"}],"version-history":[{"count":6,"href":"https:\/\/rutatayronatours.com\/fr\/wp-json\/wp\/v2\/product\/2819\/revisions"}],"predecessor-version":[{"id":3440,"href":"https:\/\/rutatayronatours.com\/fr\/wp-json\/wp\/v2\/product\/2819\/revisions\/3440"}],"wp:featuredmedia":[{"embeddable":true,"href":"https:\/\/rutatayronatours.com\/fr\/wp-json\/wp\/v2\/media\/2133"}],"wp:attachment":[{"href":"https:\/\/rutatayronatours.com\/fr\/wp-json\/wp\/v2\/media?parent=2819"}],"wp:term":[{"taxonomy":"product_brand","embeddable":true,"href":"https:\/\/rutatayronatours.com\/fr\/wp-json\/wp\/v2\/product_brand?post=2819"},{"taxonomy":"product_cat","embeddable":true,"href":"https:\/\/rutatayronatours.com\/fr\/wp-json\/wp\/v2\/product_cat?post=2819"},{"taxonomy":"product_tag","embeddable":true,"href":"https:\/\/rutatayronatours.com\/fr\/wp-json\/wp\/v2\/product_tag?post=2819"}],"curies":[{"name":"wp","href":"https:\/\/api.w.org\/{rel}","templated":true}]}}