{"id":2900,"date":"2023-10-07T14:54:16","date_gmt":"2023-10-07T19:54:16","guid":{"rendered":"https:\/\/rutatayronatours.com\/fr\/?post_type=product&#038;p=2900"},"modified":"2025-01-07T16:43:44","modified_gmt":"2025-01-07T21:43:44","slug":"experience-maritime-a-la-plage-de-cristal-de-palomino-buritaca-et-la-region","status":"publish","type":"product","link":"https:\/\/rutatayronatours.com\/fr\/product\/experience-maritime-a-la-plage-de-cristal-de-palomino-buritaca-et-la-region\/","title":{"rendered":"Plage de Cristal &#8211; Exp\u00e9rience maritime de Palomino, Buritaca et de la r\u00e9gion"},"content":{"rendered":"<h2>Plage de Cristal &#8211; Exp\u00e9rience maritime de Palomino, Buritaca et de la r\u00e9gion<\/h2>\n<p>Plage de\u00a0 Cristal &#8211; Exp\u00e9rience Maritime est une r\u00e9serve naturelle situ\u00e9e sur la c\u00f4te carib\u00e9enne de la Colombie, r\u00e9put\u00e9e pour sa beaut\u00e9 naturelle luxuriante et sa diversit\u00e9 \u00e9cologique. Le parc Tayrona est connu pour abriter une grande vari\u00e9t\u00e9 d&#8217;esp\u00e8ces v\u00e9g\u00e9tales et animales, dont beaucoup sont end\u00e9miques et uniques \u00e0 la r\u00e9gion. La pr\u00e9sence de diff\u00e9rents \u00e9cosyst\u00e8mes, tels que les mangroves, les for\u00eats et les r\u00e9cifs coralliens, contribue \u00e0 sa richesse biologique. De plus, le parc est le foyer de la communaut\u00e9 indig\u00e8ne <strong><a href=\"https:\/\/rutatayronatours.com\/fr\/comunidades-indigenas-de-la-sierra-nevada-de-santa-marta\/\">Kogui<\/a><\/strong>, qui habite la r\u00e9gion depuis des si\u00e8cles et entretient un profond lien spirituel avec la terre.<\/p>\n<p><strong>Ses Plages,<\/strong> comme Arrecifes, Cabo San Juan del Gu\u00eda, et Plage de\u00a0 Cristal, sont des destinations populaires id\u00e9ales pour profiter d&#8217;eaux calmes pour la baignade, la plong\u00e9e avec tuba et la d\u00e9tente dans un cadre naturel \u00e9poustouflant. Bien que le parc offre une beaut\u00e9 in\u00e9gal\u00e9e, il est important de noter que l&#8217;acc\u00e8s peut n\u00e9cessiter des randonn\u00e9es sur des sentiers parfois exigeants, et la conservationct de l&#8217;environnement naturel et culturel sont promus.<\/p>\n<p>Plage de\u00a0 Cristal Appr\u00e9ciez le magnifique paysage autour de cette superbe plage situ\u00e9e dans le parc Tayrona -Plage de\u00a0 Crista. Il s&#8217;agit de la meilleure option pour ceux qui souhaitent d\u00e9couvrir cet endroit merveilleux sans avoir besoin de faire de la randonn\u00e9e. Laissez la brise et les montagnes vous enlacer et profitez d&#8217;une merveilleuse journ\u00e9e \u00e0 prendre le soleil, \u00e0 lire votre livre pr\u00e9f\u00e9r\u00e9, \u00e0 faire de la plong\u00e9e avec tuba (incluse dans le prix) et \u00e0 nager dans les eaux turquoise calmes et rafra\u00eechissantes du parc Tayrona.<\/p>\n<p><a href=\"https:\/\/ich.unesco.org\/fr\/RL\/le-systeme-ancestral-de-connaissances-des-quatre-peuples-autochtones-arhuaco-kankuamo-kogi-et-wiwa-de-la-sierra-nevada-de-santa-marta-01886?RL=01886\"><strong>La Sierra Nevada de Santa Marta\u00a0<\/strong><\/a><\/p>\n<p>La Sierra Nevada de Santa Marta, situ\u00e9e en Colombie, est une merveille naturelle et culturelle qui abrite un large \u00e9ventail de communaut\u00e9s autochtones. Ces communaut\u00e9s, fortes de leurs traditions ancestrales et de leur profond respect de la nature, jouent un r\u00f4le crucial dans la pr\u00e9servation de cet \u00e9cosyst\u00e8me unique au monde.<\/p>\n<h2>Tarifs et services inclus<\/h2>\n<ul>\n<li>Transport terrestre<\/li>\n<li>Transport maritime<\/li>\n<li>Guide<\/li>\n<li>assurance voyage<\/li>\n<li><a href=\"https:\/\/rutatayronatours.com\/fr\/explorando-las-diferentes-entradas-al-parque-tayrona-una-aventura-inolvidable\/\">Comprend les billets pour le parc Tayrona<\/a><\/li>\n<\/ul>\n","protected":false},"excerpt":{"rendered":"<h2>Plan d&#8217;excursion \u00e0 Crystal Beach &#8211; Exp\u00e9rience maritime de Palomino, Buritaca et de la r\u00e9gion<\/h2>\n<ul>\n<li style=\"text-align: left;\">07h00. L&#8217;aventure \u00e0 Playa Cristal &#8211; Maritime Experience commence depuis votre h\u00f4tel \u00e0 Palomino, Buritaca, Guachaca, Mendihuaca ou Ca\u00f1averal. Veuillez noter que l&#8217;heure de d\u00e9part peut varier en fonction de votre lieu d&#8217;h\u00e9bergement.<\/li>\n<li style=\"text-align: left;\">09h00. &#8211; D\u00e9part de la baie de Santa Marta en hors-bord jusqu&#8217;\u00e0 Playa Cristal. Son arriv\u00e9e est estim\u00e9e vers 10h00. \u00c0 cet endroit, vous aurez acc\u00e8s \u00e0 un restaurant pour d\u00e9jeuner et pour sauvegarder vos affaires. De plus, vous pourrez profiter de la magnifique plage de sable blanc et des eaux cristallines qui abritent une zone corallienne parfaite pour la plong\u00e9e en apn\u00e9e.<\/li>\n<li style=\"text-align: left;\">16h00. &#8211; Retour \u00e0 la baie de Santa Marta en hors-bord, suivi d&#8217;un transfert de retour \u00e0 votre h\u00f4tel par voie terrestre o\u00f9 nous terminerons notre aventure \u00e0 Cristal Beach &#8211; Exp\u00e9rience Maritime<\/li>\n<\/ul>\n<h2>Tarifs et services inclus<\/h2>\n<ul>\n<li>Transport terrestre aller-retour.<\/li>\n<li>Transport en bateau<\/li>\n<li>Bien s\u00fbr<\/li>\n<li>Logistique<\/li>\n<li>Entr\u00e9e au parc Tayrona<\/li>\n<li>Guide<\/li>\n<\/ul>\n","protected":false},"featured_media":2872,"comment_status":"closed","ping_status":"closed","template":"","meta":[],"product_brand":[],"product_cat":[110,124],"product_tag":[100,125],"class_list":{"0":"post-2900","1":"product","2":"type-product","3":"status-publish","4":"has-post-thumbnail","6":"product_cat-experiences","7":"product_cat-playa-cristal-desde-palomino-buritaca","8":"product_tag-experiencias","9":"product_tag-playa-cristal-desde-palomino-y-buritaca","11":"first","12":"instock","13":"shipping-taxable","14":"purchasable","15":"product-type-simple"},"yoast_head":"<!-- This site is optimized with the Yoast SEO plugin v27.2 - https:\/\/yoast.com\/product\/yoast-seo-wordpress\/ -->\n<title>Plage de Cristal - Exp\u00e9rience maritime de Palomino, Buritaca et de la r\u00e9gion - Ruta Tayrona Tours<\/title>\n<meta name=\"description\" content=\"Avec la Plage de Cristal - Exp\u00e9rience maritime tour, plongez dans une exp\u00e9rience unique et palpitante. Cliquez ici pour d\u00e9couvrir nos exp\u00e9riences durables.\" \/>\n<meta name=\"robots\" content=\"index, follow, max-snippet:-1, max-image-preview:large, max-video-preview:-1\" \/>\n<link rel=\"canonical\" href=\"https:\/\/rutatayronatours.com\/fr\/product\/experience-maritime-a-la-plage-de-cristal-de-palomino-buritaca-et-la-region\/\" \/>\n<meta property=\"og:locale\" content=\"fr_FR\" \/>\n<meta property=\"og:type\" content=\"article\" \/>\n<meta property=\"og:title\" content=\"Plage de Cristal - Exp\u00e9rience maritime de Palomino, Buritaca et de la r\u00e9gion - Ruta Tayrona Tours\" \/>\n<meta property=\"og:description\" content=\"Avec la Plage de Cristal - Exp\u00e9rience maritime tour, plongez dans une exp\u00e9rience unique et palpitante. Cliquez ici pour d\u00e9couvrir nos exp\u00e9riences durables.\" \/>\n<meta property=\"og:url\" content=\"https:\/\/rutatayronatours.com\/fr\/product\/experience-maritime-a-la-plage-de-cristal-de-palomino-buritaca-et-la-region\/\" \/>\n<meta property=\"og:site_name\" content=\"Ruta Tayrona Tours\" \/>\n<meta property=\"article:publisher\" content=\"https:\/\/www.facebook.com\/riomolinotours2\" \/>\n<meta property=\"article:modified_time\" content=\"2025-01-07T21:43:44+00:00\" \/>\n<meta property=\"og:image\" content=\"https:\/\/rutatayronatours.com\/fr\/wp-content\/uploads\/2023\/08\/Tour-dos-playas-4.png\" \/>\n\t<meta property=\"og:image:width\" content=\"1200\" \/>\n\t<meta property=\"og:image:height\" content=\"800\" \/>\n\t<meta property=\"og:image:type\" content=\"image\/png\" \/>\n<meta name=\"twitter:card\" content=\"summary_large_image\" \/>\n<meta name=\"twitter:label1\" content=\"Dur\u00e9e de lecture estim\u00e9e\" \/>\n\t<meta name=\"twitter:data1\" content=\"2 minutes\" \/>\n<script type=\"application\/ld+json\" class=\"yoast-schema-graph\">{\"@context\":\"https:\/\/schema.org\",\"@graph\":[{\"@type\":\"WebPage\",\"@id\":\"https:\/\/rutatayronatours.com\/fr\/product\/experience-maritime-a-la-plage-de-cristal-de-palomino-buritaca-et-la-region\/\",\"url\":\"https:\/\/rutatayronatours.com\/fr\/product\/experience-maritime-a-la-plage-de-cristal-de-palomino-buritaca-et-la-region\/\",\"name\":\"Plage de Cristal - Exp\u00e9rience maritime de Palomino, Buritaca et de la r\u00e9gion - Ruta Tayrona Tours\",\"isPartOf\":{\"@id\":\"https:\/\/rutatayronatours.com\/fr\/#website\"},\"primaryImageOfPage\":{\"@id\":\"https:\/\/rutatayronatours.com\/fr\/product\/experience-maritime-a-la-plage-de-cristal-de-palomino-buritaca-et-la-region\/#primaryimage\"},\"image\":{\"@id\":\"https:\/\/rutatayronatours.com\/fr\/product\/experience-maritime-a-la-plage-de-cristal-de-palomino-buritaca-et-la-region\/#primaryimage\"},\"thumbnailUrl\":\"https:\/\/rutatayronatours.com\/fr\/wp-content\/uploads\/2023\/08\/Tour-dos-playas-4.png\",\"datePublished\":\"2023-10-07T19:54:16+00:00\",\"dateModified\":\"2025-01-07T21:43:44+00:00\",\"description\":\"Avec la Plage de Cristal - Exp\u00e9rience maritime tour, plongez dans une exp\u00e9rience unique et palpitante. Cliquez ici pour d\u00e9couvrir nos exp\u00e9riences durables.\",\"breadcrumb\":{\"@id\":\"https:\/\/rutatayronatours.com\/fr\/product\/experience-maritime-a-la-plage-de-cristal-de-palomino-buritaca-et-la-region\/#breadcrumb\"},\"inLanguage\":\"fr-FR\",\"potentialAction\":[{\"@type\":\"ReadAction\",\"target\":[\"https:\/\/rutatayronatours.com\/fr\/product\/experience-maritime-a-la-plage-de-cristal-de-palomino-buritaca-et-la-region\/\"]}]},{\"@type\":\"ImageObject\",\"inLanguage\":\"fr-FR\",\"@id\":\"https:\/\/rutatayronatours.com\/fr\/product\/experience-maritime-a-la-plage-de-cristal-de-palomino-buritaca-et-la-region\/#primaryimage\",\"url\":\"https:\/\/rutatayronatours.com\/fr\/wp-content\/uploads\/2023\/08\/Tour-dos-playas-4.png\",\"contentUrl\":\"https:\/\/rutatayronatours.com\/fr\/wp-content\/uploads\/2023\/08\/Tour-dos-playas-4.png\",\"width\":1200,\"height\":800,\"caption\":\"Reserva aqu\u00ed tu tour a Playa Cristal - Experiencia Maritima\"},{\"@type\":\"BreadcrumbList\",\"@id\":\"https:\/\/rutatayronatours.com\/fr\/product\/experience-maritime-a-la-plage-de-cristal-de-palomino-buritaca-et-la-region\/#breadcrumb\",\"itemListElement\":[{\"@type\":\"ListItem\",\"position\":1,\"name\":\"Portada\",\"item\":\"https:\/\/rutatayronatours.com\/fr\/\"},{\"@type\":\"ListItem\",\"position\":2,\"name\":\"Shop\",\"item\":\"https:\/\/rutatayronatours.com\/fr\/shop\/\"},{\"@type\":\"ListItem\",\"position\":3,\"name\":\"Plage de Cristal &#8211; Exp\u00e9rience maritime de Palomino, Buritaca et de la r\u00e9gion\"}]},{\"@type\":\"WebSite\",\"@id\":\"https:\/\/rutatayronatours.com\/fr\/#website\",\"url\":\"https:\/\/rutatayronatours.com\/fr\/\",\"name\":\"Ruta Tayrona Tours\",\"description\":\"Experiencias y tours del caribe Colombiano\",\"publisher\":{\"@id\":\"https:\/\/rutatayronatours.com\/fr\/#organization\"},\"potentialAction\":[{\"@type\":\"SearchAction\",\"target\":{\"@type\":\"EntryPoint\",\"urlTemplate\":\"https:\/\/rutatayronatours.com\/fr\/?s={search_term_string}\"},\"query-input\":{\"@type\":\"PropertyValueSpecification\",\"valueRequired\":true,\"valueName\":\"search_term_string\"}}],\"inLanguage\":\"fr-FR\"},{\"@type\":\"Organization\",\"@id\":\"https:\/\/rutatayronatours.com\/fr\/#organization\",\"name\":\"Ruta Tayrona Tours\",\"url\":\"https:\/\/rutatayronatours.com\/fr\/\",\"logo\":{\"@type\":\"ImageObject\",\"inLanguage\":\"fr-FR\",\"@id\":\"https:\/\/rutatayronatours.com\/fr\/#\/schema\/logo\/image\/\",\"url\":\"https:\/\/rutatayronatours.com\/fr\/wp-content\/uploads\/2023\/02\/Ruta-Tayrona-Tours.png\",\"contentUrl\":\"https:\/\/rutatayronatours.com\/fr\/wp-content\/uploads\/2023\/02\/Ruta-Tayrona-Tours.png\",\"width\":348,\"height\":85,\"caption\":\"Ruta Tayrona Tours\"},\"image\":{\"@id\":\"https:\/\/rutatayronatours.com\/fr\/#\/schema\/logo\/image\/\"},\"sameAs\":[\"https:\/\/www.facebook.com\/riomolinotours2\",\"https:\/\/www.instagram.com\/rutatayronatours\/\",\"https:\/\/api.whatsapp.com\/send?phone=573145502928\"]}]}<\/script>\n<!-- \/ Yoast SEO plugin. -->","yoast_head_json":{"title":"Plage de Cristal - Exp\u00e9rience maritime de Palomino, Buritaca et de la r\u00e9gion - Ruta Tayrona Tours","description":"Avec la Plage de Cristal - Exp\u00e9rience maritime tour, plongez dans une exp\u00e9rience unique et palpitante. Cliquez ici pour d\u00e9couvrir nos exp\u00e9riences durables.","robots":{"index":"index","follow":"follow","max-snippet":"max-snippet:-1","max-image-preview":"max-image-preview:large","max-video-preview":"max-video-preview:-1"},"canonical":"https:\/\/rutatayronatours.com\/fr\/product\/experience-maritime-a-la-plage-de-cristal-de-palomino-buritaca-et-la-region\/","og_locale":"fr_FR","og_type":"article","og_title":"Plage de Cristal - Exp\u00e9rience maritime de Palomino, Buritaca et de la r\u00e9gion - Ruta Tayrona Tours","og_description":"Avec la Plage de Cristal - Exp\u00e9rience maritime tour, plongez dans une exp\u00e9rience unique et palpitante. Cliquez ici pour d\u00e9couvrir nos exp\u00e9riences durables.","og_url":"https:\/\/rutatayronatours.com\/fr\/product\/experience-maritime-a-la-plage-de-cristal-de-palomino-buritaca-et-la-region\/","og_site_name":"Ruta Tayrona Tours","article_publisher":"https:\/\/www.facebook.com\/riomolinotours2","article_modified_time":"2025-01-07T21:43:44+00:00","og_image":[{"width":1200,"height":800,"url":"https:\/\/rutatayronatours.com\/fr\/wp-content\/uploads\/2023\/08\/Tour-dos-playas-4.png","type":"image\/png"}],"twitter_card":"summary_large_image","twitter_misc":{"Dur\u00e9e de lecture estim\u00e9e":"2 minutes"},"schema":{"@context":"https:\/\/schema.org","@graph":[{"@type":"WebPage","@id":"https:\/\/rutatayronatours.com\/fr\/product\/experience-maritime-a-la-plage-de-cristal-de-palomino-buritaca-et-la-region\/","url":"https:\/\/rutatayronatours.com\/fr\/product\/experience-maritime-a-la-plage-de-cristal-de-palomino-buritaca-et-la-region\/","name":"Plage de Cristal - Exp\u00e9rience maritime de Palomino, Buritaca et de la r\u00e9gion - Ruta Tayrona Tours","isPartOf":{"@id":"https:\/\/rutatayronatours.com\/fr\/#website"},"primaryImageOfPage":{"@id":"https:\/\/rutatayronatours.com\/fr\/product\/experience-maritime-a-la-plage-de-cristal-de-palomino-buritaca-et-la-region\/#primaryimage"},"image":{"@id":"https:\/\/rutatayronatours.com\/fr\/product\/experience-maritime-a-la-plage-de-cristal-de-palomino-buritaca-et-la-region\/#primaryimage"},"thumbnailUrl":"https:\/\/rutatayronatours.com\/fr\/wp-content\/uploads\/2023\/08\/Tour-dos-playas-4.png","datePublished":"2023-10-07T19:54:16+00:00","dateModified":"2025-01-07T21:43:44+00:00","description":"Avec la Plage de Cristal - Exp\u00e9rience maritime tour, plongez dans une exp\u00e9rience unique et palpitante. Cliquez ici pour d\u00e9couvrir nos exp\u00e9riences durables.","breadcrumb":{"@id":"https:\/\/rutatayronatours.com\/fr\/product\/experience-maritime-a-la-plage-de-cristal-de-palomino-buritaca-et-la-region\/#breadcrumb"},"inLanguage":"fr-FR","potentialAction":[{"@type":"ReadAction","target":["https:\/\/rutatayronatours.com\/fr\/product\/experience-maritime-a-la-plage-de-cristal-de-palomino-buritaca-et-la-region\/"]}]},{"@type":"ImageObject","inLanguage":"fr-FR","@id":"https:\/\/rutatayronatours.com\/fr\/product\/experience-maritime-a-la-plage-de-cristal-de-palomino-buritaca-et-la-region\/#primaryimage","url":"https:\/\/rutatayronatours.com\/fr\/wp-content\/uploads\/2023\/08\/Tour-dos-playas-4.png","contentUrl":"https:\/\/rutatayronatours.com\/fr\/wp-content\/uploads\/2023\/08\/Tour-dos-playas-4.png","width":1200,"height":800,"caption":"Reserva aqu\u00ed tu tour a Playa Cristal - Experiencia Maritima"},{"@type":"BreadcrumbList","@id":"https:\/\/rutatayronatours.com\/fr\/product\/experience-maritime-a-la-plage-de-cristal-de-palomino-buritaca-et-la-region\/#breadcrumb","itemListElement":[{"@type":"ListItem","position":1,"name":"Portada","item":"https:\/\/rutatayronatours.com\/fr\/"},{"@type":"ListItem","position":2,"name":"Shop","item":"https:\/\/rutatayronatours.com\/fr\/shop\/"},{"@type":"ListItem","position":3,"name":"Plage de Cristal &#8211; Exp\u00e9rience maritime de Palomino, Buritaca et de la r\u00e9gion"}]},{"@type":"WebSite","@id":"https:\/\/rutatayronatours.com\/fr\/#website","url":"https:\/\/rutatayronatours.com\/fr\/","name":"Ruta Tayrona Tours","description":"Experiencias y tours del caribe Colombiano","publisher":{"@id":"https:\/\/rutatayronatours.com\/fr\/#organization"},"potentialAction":[{"@type":"SearchAction","target":{"@type":"EntryPoint","urlTemplate":"https:\/\/rutatayronatours.com\/fr\/?s={search_term_string}"},"query-input":{"@type":"PropertyValueSpecification","valueRequired":true,"valueName":"search_term_string"}}],"inLanguage":"fr-FR"},{"@type":"Organization","@id":"https:\/\/rutatayronatours.com\/fr\/#organization","name":"Ruta Tayrona Tours","url":"https:\/\/rutatayronatours.com\/fr\/","logo":{"@type":"ImageObject","inLanguage":"fr-FR","@id":"https:\/\/rutatayronatours.com\/fr\/#\/schema\/logo\/image\/","url":"https:\/\/rutatayronatours.com\/fr\/wp-content\/uploads\/2023\/02\/Ruta-Tayrona-Tours.png","contentUrl":"https:\/\/rutatayronatours.com\/fr\/wp-content\/uploads\/2023\/02\/Ruta-Tayrona-Tours.png","width":348,"height":85,"caption":"Ruta Tayrona Tours"},"image":{"@id":"https:\/\/rutatayronatours.com\/fr\/#\/schema\/logo\/image\/"},"sameAs":["https:\/\/www.facebook.com\/riomolinotours2","https:\/\/www.instagram.com\/rutatayronatours\/","https:\/\/api.whatsapp.com\/send?phone=573145502928"]}]}},"_links":{"self":[{"href":"https:\/\/rutatayronatours.com\/fr\/wp-json\/wp\/v2\/product\/2900","targetHints":{"allow":["GET"]}}],"collection":[{"href":"https:\/\/rutatayronatours.com\/fr\/wp-json\/wp\/v2\/product"}],"about":[{"href":"https:\/\/rutatayronatours.com\/fr\/wp-json\/wp\/v2\/types\/product"}],"replies":[{"embeddable":true,"href":"https:\/\/rutatayronatours.com\/fr\/wp-json\/wp\/v2\/comments?post=2900"}],"version-history":[{"count":7,"href":"https:\/\/rutatayronatours.com\/fr\/wp-json\/wp\/v2\/product\/2900\/revisions"}],"predecessor-version":[{"id":3455,"href":"https:\/\/rutatayronatours.com\/fr\/wp-json\/wp\/v2\/product\/2900\/revisions\/3455"}],"wp:featuredmedia":[{"embeddable":true,"href":"https:\/\/rutatayronatours.com\/fr\/wp-json\/wp\/v2\/media\/2872"}],"wp:attachment":[{"href":"https:\/\/rutatayronatours.com\/fr\/wp-json\/wp\/v2\/media?parent=2900"}],"wp:term":[{"taxonomy":"product_brand","embeddable":true,"href":"https:\/\/rutatayronatours.com\/fr\/wp-json\/wp\/v2\/product_brand?post=2900"},{"taxonomy":"product_cat","embeddable":true,"href":"https:\/\/rutatayronatours.com\/fr\/wp-json\/wp\/v2\/product_cat?post=2900"},{"taxonomy":"product_tag","embeddable":true,"href":"https:\/\/rutatayronatours.com\/fr\/wp-json\/wp\/v2\/product_tag?post=2900"}],"curies":[{"name":"wp","href":"https:\/\/api.w.org\/{rel}","templated":true}]}}