{"id":2907,"date":"2023-10-07T15:06:37","date_gmt":"2023-10-07T20:06:37","guid":{"rendered":"https:\/\/rutatayronatours.com\/fr\/?post_type=product&#038;p=2907"},"modified":"2025-01-07T16:43:43","modified_gmt":"2025-01-07T21:43:43","slug":"plage-de-cristal-park-tayrona-de-palomino-buritaca-et-la-region","status":"publish","type":"product","link":"https:\/\/rutatayronatours.com\/fr\/product\/plage-de-cristal-park-tayrona-de-palomino-buritaca-et-la-region\/","title":{"rendered":"Plage de Cristal &#8211; Parc Tayrona depuis Palomino, Buritaca"},"content":{"rendered":"<h2>\u00a0Plage de Cristal &#8211; Parc Tayrona depuis Palomino, Buritaca et ses environs<\/h2>\n<p>Plage de Cristal &#8211; Parc Tayrona est une r\u00e9serve naturelle situ\u00e9e sur la c\u00f4te carib\u00e9enne de la Colombie, r\u00e9put\u00e9e pour sa beaut\u00e9 naturelle luxuriante et sa diversit\u00e9 \u00e9cologique. Le parc Tayrona est connu pour abriter une grande vari\u00e9t\u00e9 de flore et de faune, dont beaucoup sont end\u00e9miques et uniques \u00e0 la r\u00e9gion. La pr\u00e9sence de diff\u00e9rents \u00e9cosyst\u00e8mes, tels que les mangroves, les for\u00eats et les r\u00e9cifs coralliens, contribue \u00e0 sa richesse biologique. De plus, le parc est habit\u00e9 par la communaut\u00e9 indig\u00e8ne<a href=\"https:\/\/rutatayronatours.com\/fr\/comunidades-indigenas-de-la-sierra-nevada-de-santa-marta\/\"> Kogui<\/a>, qui vit dans la r\u00e9gion depuis des si\u00e8cles et entretient un lien spirituel profond avec la terre.<\/p>\n<p><strong>Ses Plages<\/strong>, dont Arrecifes, Cabo San Juan del Guia, et \u00a0Plage de Cristal, sont des destinations populaires id\u00e9ales pour profiter d&#8217;eaux calmes pour la baignade, la plong\u00e9e avec tuba et la d\u00e9tente dans un environnement naturel \u00e9poustouflant. Bien que le parc offre une beaut\u00e9 in\u00e9gal\u00e9e, il est important de noter que l&#8217;acc\u00e8s peut n\u00e9cessiter des randonn\u00e9es sur des sentiers parfois exigeants, et la conservation et le respect de l&#8217;environnement naturel et culturel sont encourag\u00e9s.<\/p>\n<p>Plage de Cristal &#8211; Parc Tayrona Appr\u00e9ciez le paysage magnifique autour de cette superbe plage situ\u00e9e dans le parc national naturel de Tayrona &#8211; Crystal Beach. Il s&#8217;agit de la meilleure option pour ceux qui souhaitent d\u00e9couvrir cet endroit merveilleux sans avoir besoin de faire de longues randonn\u00e9es. Laissez la brise et les montagnes vous enlacer pendant que vous profitez d&#8217;une merveilleuse journ\u00e9e \u00e0 prendre le soleil, \u00e0 lire votre livre pr\u00e9f\u00e9r\u00e9, \u00e0 faire de la plong\u00e9e avec tuba (incluse dans le prix) et \u00e0 nager dans les eaux turquoise paisibles et rafra\u00eechissantes du parc Tayrona.<\/p>\n<p><strong><a href=\"https:\/\/ich.unesco.org\/fr\/RL\/le-systeme-ancestral-de-connaissances-des-quatre-peuples-autochtones-arhuaco-kankuamo-kogi-et-wiwa-de-la-sierra-nevada-de-santa-marta-01886?RL=01886\">La Sierra Nevada de Santa Marta<\/a><\/strong><\/p>\n<p>La Sierra Nevada de Santa Marta, situ\u00e9e en Colombie, est une merveille naturelle et culturelle qui abrite une diversit\u00e9 de communaut\u00e9s autochtones. Ces communaut\u00e9s, aux traditions ancestrales et au profond respect de la nature, jouent un r\u00f4le crucial dans la pr\u00e9servation de cet \u00e9cosyst\u00e8me unique au monde.<\/p>\n<h2>Tarifs et services inclus<\/h2>\n<ul>\n<li>Transport terrestre<\/li>\n<li>Transport maritime<\/li>\n<li>Guide<\/li>\n<li>Assurance<\/li>\n<li>assurance voyage<\/li>\n<li><a href=\"https:\/\/rutatayronatours.com\/fr\/explorando-las-diferentes-entradas-al-parque-tayrona-una-aventura-inolvidable\/\">Comprend les billets pour le parc Tayrona<\/a><\/li>\n<\/ul>\n","protected":false},"excerpt":{"rendered":"<h2>Une journ\u00e9e d&#8217;aventure Plage de Cristal &#8211; Parc Tayrona<\/h2>\n<p>&nbsp;<\/p>\n<ul>\n<li style=\"text-align: left;\">07h00. L&#8217;aventure commence pour Crystal Beach &#8211; Tayrona Park depuis votre h\u00f4tel \u00e0 Palomino, Buritaca, Guachaca, Mendihuaca ou Ca\u00f1averal. L&#8217;heure de d\u00e9part peut varier en fonction de la zone o\u00f9 vous s\u00e9journez. Nous nous dirigerons vers la Bah\u00eda de Neguanje, o\u00f9 nous suivrons le protocole d&#8217;entr\u00e9e au parc Tayrona. Au cours de ce voyage, nous entrerons dans la r\u00e9serve naturelle et aurons la chance d&#8217;appr\u00e9cier la faune et la flore locales tout en profitant de magnifiques paysages au point de vue des 7 Olas. Nous ferons un arr\u00eat pour prendre des photos et admirer les magnifiques paysages, puis continuerons vers Bah\u00eda de Neguanje. De l\u00e0, nous prendrons un bateau de 15 minutes jusqu&#8217;\u00e0 Crystal Beach dans le parc Tayrona. Cet emplacement offre l&#8217;opportunit\u00e9 de profiter d&#8217;une fantastique journ\u00e9e \u00e0 la plage, o\u00f9 nous pourrons pratiquer la plong\u00e9e en apn\u00e9e et explorer les diff\u00e9rents coraux et la vie marine qui habitent ces eaux cristallines. De plus, un restaurant est disponible pour le d\u00e9jeuner et un endroit pour s\u00e9curiser vos affaires.<\/li>\n<li style=\"text-align: left;\">15:00. Nous commen\u00e7ons le retour \u00e0 votre h\u00f4tel, permettant aux souvenirs de circuler de cette mani\u00e8re, nous terminons notre exp\u00e9rience \u00e0 Crystal Beach &#8211; Tayrona Park.<\/li>\n<\/ul>\n<h2>Tarifs et services inclus\u00a0 Plage de Cristal &#8211; Parc Tayrona<\/h2>\n<ul>\n<li>Transport terrestre aller-retour.<\/li>\n<li>Transport en bateau<\/li>\n<li>Assurance<\/li>\n<li>Logistique<\/li>\n<li>Entr\u00e9e au parc Tayrona<\/li>\n<\/ul>\n<p>*Les voyageurs \u00e9trangers doivent payer des frais suppl\u00e9mentaires de 40 000 COP pour entrer dans le parc national Tayrona.<\/p>\n","protected":false},"featured_media":2518,"comment_status":"closed","ping_status":"closed","template":"","meta":[],"product_brand":[],"product_cat":[110,124],"product_tag":[122,100,121],"class_list":{"0":"post-2907","1":"product","2":"type-product","3":"status-publish","4":"has-post-thumbnail","6":"product_cat-experiences","7":"product_cat-playa-cristal-desde-palomino-buritaca","8":"product_tag-buritaca-y-la-zona","9":"product_tag-experiencias","10":"product_tag-parque-tayrona-desde-palomino","12":"first","13":"instock","14":"shipping-taxable","15":"purchasable","16":"product-type-simple"},"yoast_head":"<!-- This site is optimized with the Yoast SEO plugin v27.2 - https:\/\/yoast.com\/product\/yoast-seo-wordpress\/ -->\n<title>Plage de Cristal - Parc Tayrona depuis Palomino, Buritaca - Ruta Tayrona Tours<\/title>\n<meta name=\"description\" content=\"Rejoignez notre visite Plage de Cristal - Parc Tayrona et vivez une aventure passionnante au paradis. Cliquez ici pour d\u00e9couvrir nos exp\u00e9riences durables.\" \/>\n<meta name=\"robots\" content=\"index, follow, max-snippet:-1, max-image-preview:large, max-video-preview:-1\" \/>\n<link rel=\"canonical\" href=\"https:\/\/rutatayronatours.com\/fr\/product\/plage-de-cristal-park-tayrona-de-palomino-buritaca-et-la-region\/\" \/>\n<meta property=\"og:locale\" content=\"fr_FR\" \/>\n<meta property=\"og:type\" content=\"article\" \/>\n<meta property=\"og:title\" content=\"Plage de Cristal - Parc Tayrona depuis Palomino, Buritaca - Ruta Tayrona Tours\" \/>\n<meta property=\"og:description\" content=\"Rejoignez notre visite Plage de Cristal - Parc Tayrona et vivez une aventure passionnante au paradis. Cliquez ici pour d\u00e9couvrir nos exp\u00e9riences durables.\" \/>\n<meta property=\"og:url\" content=\"https:\/\/rutatayronatours.com\/fr\/product\/plage-de-cristal-park-tayrona-de-palomino-buritaca-et-la-region\/\" \/>\n<meta property=\"og:site_name\" content=\"Ruta Tayrona Tours\" \/>\n<meta property=\"article:publisher\" content=\"https:\/\/www.facebook.com\/riomolinotours2\" \/>\n<meta property=\"article:modified_time\" content=\"2025-01-07T21:43:43+00:00\" \/>\n<meta property=\"og:image\" content=\"https:\/\/rutatayronatours.com\/fr\/wp-content\/uploads\/2023\/08\/WhatsApp-Image-2023-07-08-at-8.32.21-AM-1.jpeg\" \/>\n\t<meta property=\"og:image:width\" content=\"720\" \/>\n\t<meta property=\"og:image:height\" content=\"720\" \/>\n\t<meta property=\"og:image:type\" content=\"image\/jpeg\" \/>\n<meta name=\"twitter:card\" content=\"summary_large_image\" \/>\n<meta name=\"twitter:label1\" content=\"Dur\u00e9e de lecture estim\u00e9e\" \/>\n\t<meta name=\"twitter:data1\" content=\"2 minutes\" \/>\n<script type=\"application\/ld+json\" class=\"yoast-schema-graph\">{\"@context\":\"https:\/\/schema.org\",\"@graph\":[{\"@type\":\"WebPage\",\"@id\":\"https:\/\/rutatayronatours.com\/fr\/product\/plage-de-cristal-park-tayrona-de-palomino-buritaca-et-la-region\/\",\"url\":\"https:\/\/rutatayronatours.com\/fr\/product\/plage-de-cristal-park-tayrona-de-palomino-buritaca-et-la-region\/\",\"name\":\"Plage de Cristal - Parc Tayrona depuis Palomino, Buritaca - Ruta Tayrona Tours\",\"isPartOf\":{\"@id\":\"https:\/\/rutatayronatours.com\/fr\/#website\"},\"primaryImageOfPage\":{\"@id\":\"https:\/\/rutatayronatours.com\/fr\/product\/plage-de-cristal-park-tayrona-de-palomino-buritaca-et-la-region\/#primaryimage\"},\"image\":{\"@id\":\"https:\/\/rutatayronatours.com\/fr\/product\/plage-de-cristal-park-tayrona-de-palomino-buritaca-et-la-region\/#primaryimage\"},\"thumbnailUrl\":\"https:\/\/rutatayronatours.com\/fr\/wp-content\/uploads\/2023\/08\/WhatsApp-Image-2023-07-08-at-8.32.21-AM-1.jpeg\",\"datePublished\":\"2023-10-07T20:06:37+00:00\",\"dateModified\":\"2025-01-07T21:43:43+00:00\",\"description\":\"Rejoignez notre visite Plage de Cristal - Parc Tayrona et vivez une aventure passionnante au paradis. Cliquez ici pour d\u00e9couvrir nos exp\u00e9riences durables.\",\"breadcrumb\":{\"@id\":\"https:\/\/rutatayronatours.com\/fr\/product\/plage-de-cristal-park-tayrona-de-palomino-buritaca-et-la-region\/#breadcrumb\"},\"inLanguage\":\"fr-FR\",\"potentialAction\":[{\"@type\":\"ReadAction\",\"target\":[\"https:\/\/rutatayronatours.com\/fr\/product\/plage-de-cristal-park-tayrona-de-palomino-buritaca-et-la-region\/\"]}]},{\"@type\":\"ImageObject\",\"inLanguage\":\"fr-FR\",\"@id\":\"https:\/\/rutatayronatours.com\/fr\/product\/plage-de-cristal-park-tayrona-de-palomino-buritaca-et-la-region\/#primaryimage\",\"url\":\"https:\/\/rutatayronatours.com\/fr\/wp-content\/uploads\/2023\/08\/WhatsApp-Image-2023-07-08-at-8.32.21-AM-1.jpeg\",\"contentUrl\":\"https:\/\/rutatayronatours.com\/fr\/wp-content\/uploads\/2023\/08\/WhatsApp-Image-2023-07-08-at-8.32.21-AM-1.jpeg\",\"width\":720,\"height\":720},{\"@type\":\"BreadcrumbList\",\"@id\":\"https:\/\/rutatayronatours.com\/fr\/product\/plage-de-cristal-park-tayrona-de-palomino-buritaca-et-la-region\/#breadcrumb\",\"itemListElement\":[{\"@type\":\"ListItem\",\"position\":1,\"name\":\"Portada\",\"item\":\"https:\/\/rutatayronatours.com\/fr\/\"},{\"@type\":\"ListItem\",\"position\":2,\"name\":\"Shop\",\"item\":\"https:\/\/rutatayronatours.com\/fr\/shop\/\"},{\"@type\":\"ListItem\",\"position\":3,\"name\":\"Plage de Cristal &#8211; Parc Tayrona depuis Palomino, Buritaca\"}]},{\"@type\":\"WebSite\",\"@id\":\"https:\/\/rutatayronatours.com\/fr\/#website\",\"url\":\"https:\/\/rutatayronatours.com\/fr\/\",\"name\":\"Ruta Tayrona Tours\",\"description\":\"Experiencias y tours del caribe Colombiano\",\"publisher\":{\"@id\":\"https:\/\/rutatayronatours.com\/fr\/#organization\"},\"potentialAction\":[{\"@type\":\"SearchAction\",\"target\":{\"@type\":\"EntryPoint\",\"urlTemplate\":\"https:\/\/rutatayronatours.com\/fr\/?s={search_term_string}\"},\"query-input\":{\"@type\":\"PropertyValueSpecification\",\"valueRequired\":true,\"valueName\":\"search_term_string\"}}],\"inLanguage\":\"fr-FR\"},{\"@type\":\"Organization\",\"@id\":\"https:\/\/rutatayronatours.com\/fr\/#organization\",\"name\":\"Ruta Tayrona Tours\",\"url\":\"https:\/\/rutatayronatours.com\/fr\/\",\"logo\":{\"@type\":\"ImageObject\",\"inLanguage\":\"fr-FR\",\"@id\":\"https:\/\/rutatayronatours.com\/fr\/#\/schema\/logo\/image\/\",\"url\":\"https:\/\/rutatayronatours.com\/fr\/wp-content\/uploads\/2023\/02\/Ruta-Tayrona-Tours.png\",\"contentUrl\":\"https:\/\/rutatayronatours.com\/fr\/wp-content\/uploads\/2023\/02\/Ruta-Tayrona-Tours.png\",\"width\":348,\"height\":85,\"caption\":\"Ruta Tayrona Tours\"},\"image\":{\"@id\":\"https:\/\/rutatayronatours.com\/fr\/#\/schema\/logo\/image\/\"},\"sameAs\":[\"https:\/\/www.facebook.com\/riomolinotours2\",\"https:\/\/www.instagram.com\/rutatayronatours\/\",\"https:\/\/api.whatsapp.com\/send?phone=573145502928\"]}]}<\/script>\n<!-- \/ Yoast SEO plugin. -->","yoast_head_json":{"title":"Plage de Cristal - Parc Tayrona depuis Palomino, Buritaca - Ruta Tayrona Tours","description":"Rejoignez notre visite Plage de Cristal - Parc Tayrona et vivez une aventure passionnante au paradis. Cliquez ici pour d\u00e9couvrir nos exp\u00e9riences durables.","robots":{"index":"index","follow":"follow","max-snippet":"max-snippet:-1","max-image-preview":"max-image-preview:large","max-video-preview":"max-video-preview:-1"},"canonical":"https:\/\/rutatayronatours.com\/fr\/product\/plage-de-cristal-park-tayrona-de-palomino-buritaca-et-la-region\/","og_locale":"fr_FR","og_type":"article","og_title":"Plage de Cristal - Parc Tayrona depuis Palomino, Buritaca - Ruta Tayrona Tours","og_description":"Rejoignez notre visite Plage de Cristal - Parc Tayrona et vivez une aventure passionnante au paradis. Cliquez ici pour d\u00e9couvrir nos exp\u00e9riences durables.","og_url":"https:\/\/rutatayronatours.com\/fr\/product\/plage-de-cristal-park-tayrona-de-palomino-buritaca-et-la-region\/","og_site_name":"Ruta Tayrona Tours","article_publisher":"https:\/\/www.facebook.com\/riomolinotours2","article_modified_time":"2025-01-07T21:43:43+00:00","og_image":[{"width":720,"height":720,"url":"https:\/\/rutatayronatours.com\/fr\/wp-content\/uploads\/2023\/08\/WhatsApp-Image-2023-07-08-at-8.32.21-AM-1.jpeg","type":"image\/jpeg"}],"twitter_card":"summary_large_image","twitter_misc":{"Dur\u00e9e de lecture estim\u00e9e":"2 minutes"},"schema":{"@context":"https:\/\/schema.org","@graph":[{"@type":"WebPage","@id":"https:\/\/rutatayronatours.com\/fr\/product\/plage-de-cristal-park-tayrona-de-palomino-buritaca-et-la-region\/","url":"https:\/\/rutatayronatours.com\/fr\/product\/plage-de-cristal-park-tayrona-de-palomino-buritaca-et-la-region\/","name":"Plage de Cristal - Parc Tayrona depuis Palomino, Buritaca - Ruta Tayrona Tours","isPartOf":{"@id":"https:\/\/rutatayronatours.com\/fr\/#website"},"primaryImageOfPage":{"@id":"https:\/\/rutatayronatours.com\/fr\/product\/plage-de-cristal-park-tayrona-de-palomino-buritaca-et-la-region\/#primaryimage"},"image":{"@id":"https:\/\/rutatayronatours.com\/fr\/product\/plage-de-cristal-park-tayrona-de-palomino-buritaca-et-la-region\/#primaryimage"},"thumbnailUrl":"https:\/\/rutatayronatours.com\/fr\/wp-content\/uploads\/2023\/08\/WhatsApp-Image-2023-07-08-at-8.32.21-AM-1.jpeg","datePublished":"2023-10-07T20:06:37+00:00","dateModified":"2025-01-07T21:43:43+00:00","description":"Rejoignez notre visite Plage de Cristal - Parc Tayrona et vivez une aventure passionnante au paradis. Cliquez ici pour d\u00e9couvrir nos exp\u00e9riences durables.","breadcrumb":{"@id":"https:\/\/rutatayronatours.com\/fr\/product\/plage-de-cristal-park-tayrona-de-palomino-buritaca-et-la-region\/#breadcrumb"},"inLanguage":"fr-FR","potentialAction":[{"@type":"ReadAction","target":["https:\/\/rutatayronatours.com\/fr\/product\/plage-de-cristal-park-tayrona-de-palomino-buritaca-et-la-region\/"]}]},{"@type":"ImageObject","inLanguage":"fr-FR","@id":"https:\/\/rutatayronatours.com\/fr\/product\/plage-de-cristal-park-tayrona-de-palomino-buritaca-et-la-region\/#primaryimage","url":"https:\/\/rutatayronatours.com\/fr\/wp-content\/uploads\/2023\/08\/WhatsApp-Image-2023-07-08-at-8.32.21-AM-1.jpeg","contentUrl":"https:\/\/rutatayronatours.com\/fr\/wp-content\/uploads\/2023\/08\/WhatsApp-Image-2023-07-08-at-8.32.21-AM-1.jpeg","width":720,"height":720},{"@type":"BreadcrumbList","@id":"https:\/\/rutatayronatours.com\/fr\/product\/plage-de-cristal-park-tayrona-de-palomino-buritaca-et-la-region\/#breadcrumb","itemListElement":[{"@type":"ListItem","position":1,"name":"Portada","item":"https:\/\/rutatayronatours.com\/fr\/"},{"@type":"ListItem","position":2,"name":"Shop","item":"https:\/\/rutatayronatours.com\/fr\/shop\/"},{"@type":"ListItem","position":3,"name":"Plage de Cristal &#8211; Parc Tayrona depuis Palomino, Buritaca"}]},{"@type":"WebSite","@id":"https:\/\/rutatayronatours.com\/fr\/#website","url":"https:\/\/rutatayronatours.com\/fr\/","name":"Ruta Tayrona Tours","description":"Experiencias y tours del caribe Colombiano","publisher":{"@id":"https:\/\/rutatayronatours.com\/fr\/#organization"},"potentialAction":[{"@type":"SearchAction","target":{"@type":"EntryPoint","urlTemplate":"https:\/\/rutatayronatours.com\/fr\/?s={search_term_string}"},"query-input":{"@type":"PropertyValueSpecification","valueRequired":true,"valueName":"search_term_string"}}],"inLanguage":"fr-FR"},{"@type":"Organization","@id":"https:\/\/rutatayronatours.com\/fr\/#organization","name":"Ruta Tayrona Tours","url":"https:\/\/rutatayronatours.com\/fr\/","logo":{"@type":"ImageObject","inLanguage":"fr-FR","@id":"https:\/\/rutatayronatours.com\/fr\/#\/schema\/logo\/image\/","url":"https:\/\/rutatayronatours.com\/fr\/wp-content\/uploads\/2023\/02\/Ruta-Tayrona-Tours.png","contentUrl":"https:\/\/rutatayronatours.com\/fr\/wp-content\/uploads\/2023\/02\/Ruta-Tayrona-Tours.png","width":348,"height":85,"caption":"Ruta Tayrona Tours"},"image":{"@id":"https:\/\/rutatayronatours.com\/fr\/#\/schema\/logo\/image\/"},"sameAs":["https:\/\/www.facebook.com\/riomolinotours2","https:\/\/www.instagram.com\/rutatayronatours\/","https:\/\/api.whatsapp.com\/send?phone=573145502928"]}]}},"_links":{"self":[{"href":"https:\/\/rutatayronatours.com\/fr\/wp-json\/wp\/v2\/product\/2907","targetHints":{"allow":["GET"]}}],"collection":[{"href":"https:\/\/rutatayronatours.com\/fr\/wp-json\/wp\/v2\/product"}],"about":[{"href":"https:\/\/rutatayronatours.com\/fr\/wp-json\/wp\/v2\/types\/product"}],"replies":[{"embeddable":true,"href":"https:\/\/rutatayronatours.com\/fr\/wp-json\/wp\/v2\/comments?post=2907"}],"version-history":[{"count":7,"href":"https:\/\/rutatayronatours.com\/fr\/wp-json\/wp\/v2\/product\/2907\/revisions"}],"predecessor-version":[{"id":3456,"href":"https:\/\/rutatayronatours.com\/fr\/wp-json\/wp\/v2\/product\/2907\/revisions\/3456"}],"wp:featuredmedia":[{"embeddable":true,"href":"https:\/\/rutatayronatours.com\/fr\/wp-json\/wp\/v2\/media\/2518"}],"wp:attachment":[{"href":"https:\/\/rutatayronatours.com\/fr\/wp-json\/wp\/v2\/media?parent=2907"}],"wp:term":[{"taxonomy":"product_brand","embeddable":true,"href":"https:\/\/rutatayronatours.com\/fr\/wp-json\/wp\/v2\/product_brand?post=2907"},{"taxonomy":"product_cat","embeddable":true,"href":"https:\/\/rutatayronatours.com\/fr\/wp-json\/wp\/v2\/product_cat?post=2907"},{"taxonomy":"product_tag","embeddable":true,"href":"https:\/\/rutatayronatours.com\/fr\/wp-json\/wp\/v2\/product_tag?post=2907"}],"curies":[{"name":"wp","href":"https:\/\/api.w.org\/{rel}","templated":true}]}}