{"id":2909,"date":"2023-10-07T15:08:36","date_gmt":"2023-10-07T20:08:36","guid":{"rendered":"https:\/\/rutatayronatours.com\/fr\/?post_type=product&#038;p=2909"},"modified":"2025-01-07T16:43:42","modified_gmt":"2025-01-07T21:43:42","slug":"parc-tayrona-plage-de-cinto-de-palomino-buritaca-et-la-region","status":"publish","type":"product","link":"https:\/\/rutatayronatours.com\/fr\/product\/parc-tayrona-plage-de-cinto-de-palomino-buritaca-et-la-region\/","title":{"rendered":"Parc Tayrona &#8211; Plage de Cinto depuis Palomino, Buritaca et ses environs"},"content":{"rendered":"<h2>Parc Tayrona &#8211; Plage de Cinto depuis Palomino, Buritaca et ses environs<\/h2>\n<p>Le parc de Tayrona &#8211; Plage de Cinto est une r\u00e9serve naturelle situ\u00e9e sur la c\u00f4te carib\u00e9enne de la Colombie, c\u00e9l\u00e8bre pour sa beaut\u00e9 naturelle luxuriante et sa diversit\u00e9 \u00e9cologique. Le parc de Tayrona est connu pour abriter une grande vari\u00e9t\u00e9 d&#8217;esp\u00e8ces de flore et de faune, dont beaucoup sont end\u00e9miques et uniques \u00e0 la r\u00e9gion. La pr\u00e9sence de diff\u00e9rents \u00e9cosyst\u00e8mes, tels que les mangroves, les for\u00eats et les r\u00e9cifs coralliens, contribue \u00e0 sa richesse biologique. De plus, le parc est le foyer de la communaut\u00e9 indig\u00e8ne<a href=\"https:\/\/rutatayronatours.com\/fr\/comunidades-indigenas-de-la-sierra-nevada-de-santa-marta\/\"><strong> Kogui<\/strong><\/a>, qui habite la r\u00e9gion depuis des si\u00e8cles et entretient un profond lien spirituel avec la terre.<\/p>\n<p><strong>Ses plages<\/strong>, comme Arrecifes, Cabo San Juan del Gu\u00eda et Plage de Cristal, sont des destinations populaires id\u00e9ales pour profiter d&#8217;eaux calmes pour la baignade, la plong\u00e9e avec tuba et la d\u00e9tente dans un environnement naturel \u00e9poustouflant. Bien que le parc offre une beaut\u00e9 in\u00e9gal\u00e9e, il est important de noter que son acc\u00e8s peut n\u00e9cessiter des randonn\u00e9es sur des sentiers parfois exigeants, et la conservation et le respect de l&#8217;environnement naturel et culturel sont encourag\u00e9s.<\/p>\n<p>Parc de Tayrona &#8211; Plage de Cinto Appr\u00e9ciez le magnifique paysage autour de cette superbe plage situ\u00e9e dans le parc national naturel de Tayrona &#8211; Plage de Cinto. Il s&#8217;agit de la meilleure option pour ceux qui souhaitent d\u00e9couvrir cet endroit merveilleux sans avoir \u00e0 marcher. Laissez la brise et les montagnes vous enlacer et profitez d&#8217;une merveilleuse journ\u00e9e \u00e0 prendre le soleil, \u00e0 lire votre livre pr\u00e9f\u00e9r\u00e9, \u00e0 faire de la plong\u00e9e avec tuba (incluse dans le prix), et \u00e0 nager dans les eaux turquoise calmes et rafra\u00eechissantes du parc Tayrona.<\/p>\n<p><strong><a href=\"https:\/\/ich.unesco.org\/fr\/RL\/le-systeme-ancestral-de-connaissances-des-quatre-peuples-autochtones-arhuaco-kankuamo-kogi-et-wiwa-de-la-sierra-nevada-de-santa-marta-01886?RL=01886\">La Sierra Nevada de Santa Marta.<\/a><\/strong><\/p>\n<p>La Sierra Nevada de Santa Marta, situ\u00e9e en Colombie, est une merveille naturelle et culturelle qui abrite une diversit\u00e9 de communaut\u00e9s autochtones. Ces communaut\u00e9s, fortes de leurs traditions ancestrales et de leur profond respect de la nature, jouent un r\u00f4le crucial dans la pr\u00e9servation de cet \u00e9cosyst\u00e8me unique au monde.<\/p>\n<h2>Tarifs et services inclus<\/h2>\n<ul>\n<li>Transport terrestre<\/li>\n<li>Transport maritime<\/li>\n<li>Guide<\/li>\n<li>assurance voyage<\/li>\n<li><a href=\"https:\/\/rutatayronatours.com\/fr\/explorando-las-diferentes-entradas-al-parque-tayrona-una-aventura-inolvidable\/\"><strong>Comprend les billets pour le parc Tayrona<\/strong><\/a><\/li>\n<\/ul>\n<p>&nbsp;<\/p>\n","protected":false},"excerpt":{"rendered":"<h2>Excursion au parc Tayrona &#8211; Plage de Cinto<\/h2>\n<ul>\n<li style=\"text-align: left;\">Notre aventure au Parc Tayrona &#8211; Plage de Cinto commence \u00e0 7h00. depuis votre h\u00f4tel \u00e0 Palomino, Buritaca, Guachaca, Mendihuaca ou Ca\u00f1averal. L&#8217;heure de d\u00e9part peut varier en fonction de la zone o\u00f9 vous s\u00e9journez.<\/li>\n<li style=\"text-align: left;\">09h00. &#8211; Depuis la baie de Santa Marta, nous monterons \u00e0 bord d&#8217;un hors-bord qui nous emm\u00e8nera \u00e0 la spectaculaire plage de Cinto. Notre arriv\u00e9e est pr\u00e9vue vers 10h00. Cette plage est un paradis avec du sable blanc et des eaux cristallines. Un lieu de calme et de s\u00e9r\u00e9nit\u00e9, loin de l&#8217;agitation quotidienne.<\/li>\n<li style=\"text-align: left;\">16h00. &#8211; Il est temps de commencer notre voyage de retour vers la baie de Santa Marta en hors-bord, emportant avec nous des souvenirs inoubliables de la plage de Cinto. Depuis la baie de Santa Marta, nous continuerons notre voyage de retour \u00e0 votre h\u00f4tel par voie terrestre, concluant ainsi une journ\u00e9e remplie d&#8217;exploration, de d\u00e9tente et de beaut\u00e9 naturelle dans le parc Tayrona &#8211; Plage de Cinto.<\/li>\n<\/ul>\n<h2>Tarifs et services inclus<\/h2>\n<ul>\n<li>Transport terrestre et maritime (aller-retour)<\/li>\n<li>Assurance<\/li>\n<li>Entr\u00e9e au parc Tayrona<\/li>\n<li>Plong\u00e9e en apn\u00e9e<\/li>\n<li>Logistique<\/li>\n<\/ul>\n<p>&nbsp;<\/p>\n","protected":false},"featured_media":1394,"comment_status":"closed","ping_status":"closed","template":"","meta":[],"product_brand":[],"product_cat":[110,128],"product_tag":[122,100,121],"class_list":{"0":"post-2909","1":"product","2":"type-product","3":"status-publish","4":"has-post-thumbnail","6":"product_cat-experiences","7":"product_cat-playa-cinto-palomino","8":"product_tag-buritaca-y-la-zona","9":"product_tag-experiencias","10":"product_tag-parque-tayrona-desde-palomino","12":"first","13":"instock","14":"shipping-taxable","15":"purchasable","16":"product-type-simple"},"yoast_head":"<!-- This site is optimized with the Yoast SEO plugin v27.2 - https:\/\/yoast.com\/product\/yoast-seo-wordpress\/ -->\n<title>Parc Tayrona - Plage de Cinto depuis Palomino, Buritaca et ses environs - Ruta Tayrona Tours<\/title>\n<meta name=\"description\" content=\"Plongez dans un v\u00e9ritable paradis c\u00f4tier avec notre visite du parc Tayrona - Plage de Cinto. Cliquez ici et d\u00e9couvrez nos exp\u00e9riences durables.\" \/>\n<meta name=\"robots\" content=\"index, follow, max-snippet:-1, max-image-preview:large, max-video-preview:-1\" \/>\n<link rel=\"canonical\" href=\"https:\/\/rutatayronatours.com\/fr\/product\/parc-tayrona-plage-de-cinto-de-palomino-buritaca-et-la-region\/\" \/>\n<meta property=\"og:locale\" content=\"fr_FR\" \/>\n<meta property=\"og:type\" content=\"article\" \/>\n<meta property=\"og:title\" content=\"Parc Tayrona - Plage de Cinto depuis Palomino, Buritaca et ses environs - Ruta Tayrona Tours\" \/>\n<meta property=\"og:description\" content=\"Plongez dans un v\u00e9ritable paradis c\u00f4tier avec notre visite du parc Tayrona - Plage de Cinto. Cliquez ici et d\u00e9couvrez nos exp\u00e9riences durables.\" \/>\n<meta property=\"og:url\" content=\"https:\/\/rutatayronatours.com\/fr\/product\/parc-tayrona-plage-de-cinto-de-palomino-buritaca-et-la-region\/\" \/>\n<meta property=\"og:site_name\" content=\"Ruta Tayrona Tours\" \/>\n<meta property=\"article:publisher\" content=\"https:\/\/www.facebook.com\/riomolinotours2\" \/>\n<meta property=\"article:modified_time\" content=\"2025-01-07T21:43:42+00:00\" \/>\n<meta property=\"og:image\" content=\"https:\/\/rutatayronatours.com\/fr\/wp-content\/uploads\/2023\/03\/02_Playa-Cinto.jpg\" \/>\n\t<meta property=\"og:image:width\" content=\"1200\" \/>\n\t<meta property=\"og:image:height\" content=\"1200\" \/>\n\t<meta property=\"og:image:type\" content=\"image\/jpeg\" \/>\n<meta name=\"twitter:card\" content=\"summary_large_image\" \/>\n<meta name=\"twitter:label1\" content=\"Dur\u00e9e de lecture estim\u00e9e\" \/>\n\t<meta name=\"twitter:data1\" content=\"2 minutes\" \/>\n<script type=\"application\/ld+json\" class=\"yoast-schema-graph\">{\"@context\":\"https:\/\/schema.org\",\"@graph\":[{\"@type\":\"WebPage\",\"@id\":\"https:\/\/rutatayronatours.com\/fr\/product\/parc-tayrona-plage-de-cinto-de-palomino-buritaca-et-la-region\/\",\"url\":\"https:\/\/rutatayronatours.com\/fr\/product\/parc-tayrona-plage-de-cinto-de-palomino-buritaca-et-la-region\/\",\"name\":\"Parc Tayrona - Plage de Cinto depuis Palomino, Buritaca et ses environs - Ruta Tayrona Tours\",\"isPartOf\":{\"@id\":\"https:\/\/rutatayronatours.com\/fr\/#website\"},\"primaryImageOfPage\":{\"@id\":\"https:\/\/rutatayronatours.com\/fr\/product\/parc-tayrona-plage-de-cinto-de-palomino-buritaca-et-la-region\/#primaryimage\"},\"image\":{\"@id\":\"https:\/\/rutatayronatours.com\/fr\/product\/parc-tayrona-plage-de-cinto-de-palomino-buritaca-et-la-region\/#primaryimage\"},\"thumbnailUrl\":\"https:\/\/rutatayronatours.com\/fr\/wp-content\/uploads\/2023\/03\/02_Playa-Cinto.jpg\",\"datePublished\":\"2023-10-07T20:08:36+00:00\",\"dateModified\":\"2025-01-07T21:43:42+00:00\",\"description\":\"Plongez dans un v\u00e9ritable paradis c\u00f4tier avec notre visite du parc Tayrona - Plage de Cinto. Cliquez ici et d\u00e9couvrez nos exp\u00e9riences durables.\",\"breadcrumb\":{\"@id\":\"https:\/\/rutatayronatours.com\/fr\/product\/parc-tayrona-plage-de-cinto-de-palomino-buritaca-et-la-region\/#breadcrumb\"},\"inLanguage\":\"fr-FR\",\"potentialAction\":[{\"@type\":\"ReadAction\",\"target\":[\"https:\/\/rutatayronatours.com\/fr\/product\/parc-tayrona-plage-de-cinto-de-palomino-buritaca-et-la-region\/\"]}]},{\"@type\":\"ImageObject\",\"inLanguage\":\"fr-FR\",\"@id\":\"https:\/\/rutatayronatours.com\/fr\/product\/parc-tayrona-plage-de-cinto-de-palomino-buritaca-et-la-region\/#primaryimage\",\"url\":\"https:\/\/rutatayronatours.com\/fr\/wp-content\/uploads\/2023\/03\/02_Playa-Cinto.jpg\",\"contentUrl\":\"https:\/\/rutatayronatours.com\/fr\/wp-content\/uploads\/2023\/03\/02_Playa-Cinto.jpg\",\"width\":1200,\"height\":1200},{\"@type\":\"BreadcrumbList\",\"@id\":\"https:\/\/rutatayronatours.com\/fr\/product\/parc-tayrona-plage-de-cinto-de-palomino-buritaca-et-la-region\/#breadcrumb\",\"itemListElement\":[{\"@type\":\"ListItem\",\"position\":1,\"name\":\"Portada\",\"item\":\"https:\/\/rutatayronatours.com\/fr\/\"},{\"@type\":\"ListItem\",\"position\":2,\"name\":\"Shop\",\"item\":\"https:\/\/rutatayronatours.com\/fr\/shop\/\"},{\"@type\":\"ListItem\",\"position\":3,\"name\":\"Parc Tayrona &#8211; Plage de Cinto depuis Palomino, Buritaca et ses environs\"}]},{\"@type\":\"WebSite\",\"@id\":\"https:\/\/rutatayronatours.com\/fr\/#website\",\"url\":\"https:\/\/rutatayronatours.com\/fr\/\",\"name\":\"Ruta Tayrona Tours\",\"description\":\"Experiencias y tours del caribe Colombiano\",\"publisher\":{\"@id\":\"https:\/\/rutatayronatours.com\/fr\/#organization\"},\"potentialAction\":[{\"@type\":\"SearchAction\",\"target\":{\"@type\":\"EntryPoint\",\"urlTemplate\":\"https:\/\/rutatayronatours.com\/fr\/?s={search_term_string}\"},\"query-input\":{\"@type\":\"PropertyValueSpecification\",\"valueRequired\":true,\"valueName\":\"search_term_string\"}}],\"inLanguage\":\"fr-FR\"},{\"@type\":\"Organization\",\"@id\":\"https:\/\/rutatayronatours.com\/fr\/#organization\",\"name\":\"Ruta Tayrona Tours\",\"url\":\"https:\/\/rutatayronatours.com\/fr\/\",\"logo\":{\"@type\":\"ImageObject\",\"inLanguage\":\"fr-FR\",\"@id\":\"https:\/\/rutatayronatours.com\/fr\/#\/schema\/logo\/image\/\",\"url\":\"https:\/\/rutatayronatours.com\/fr\/wp-content\/uploads\/2023\/02\/Ruta-Tayrona-Tours.png\",\"contentUrl\":\"https:\/\/rutatayronatours.com\/fr\/wp-content\/uploads\/2023\/02\/Ruta-Tayrona-Tours.png\",\"width\":348,\"height\":85,\"caption\":\"Ruta Tayrona Tours\"},\"image\":{\"@id\":\"https:\/\/rutatayronatours.com\/fr\/#\/schema\/logo\/image\/\"},\"sameAs\":[\"https:\/\/www.facebook.com\/riomolinotours2\",\"https:\/\/www.instagram.com\/rutatayronatours\/\",\"https:\/\/api.whatsapp.com\/send?phone=573145502928\"]}]}<\/script>\n<!-- \/ Yoast SEO plugin. -->","yoast_head_json":{"title":"Parc Tayrona - Plage de Cinto depuis Palomino, Buritaca et ses environs - Ruta Tayrona Tours","description":"Plongez dans un v\u00e9ritable paradis c\u00f4tier avec notre visite du parc Tayrona - Plage de Cinto. Cliquez ici et d\u00e9couvrez nos exp\u00e9riences durables.","robots":{"index":"index","follow":"follow","max-snippet":"max-snippet:-1","max-image-preview":"max-image-preview:large","max-video-preview":"max-video-preview:-1"},"canonical":"https:\/\/rutatayronatours.com\/fr\/product\/parc-tayrona-plage-de-cinto-de-palomino-buritaca-et-la-region\/","og_locale":"fr_FR","og_type":"article","og_title":"Parc Tayrona - Plage de Cinto depuis Palomino, Buritaca et ses environs - Ruta Tayrona Tours","og_description":"Plongez dans un v\u00e9ritable paradis c\u00f4tier avec notre visite du parc Tayrona - Plage de Cinto. Cliquez ici et d\u00e9couvrez nos exp\u00e9riences durables.","og_url":"https:\/\/rutatayronatours.com\/fr\/product\/parc-tayrona-plage-de-cinto-de-palomino-buritaca-et-la-region\/","og_site_name":"Ruta Tayrona Tours","article_publisher":"https:\/\/www.facebook.com\/riomolinotours2","article_modified_time":"2025-01-07T21:43:42+00:00","og_image":[{"width":1200,"height":1200,"url":"https:\/\/rutatayronatours.com\/fr\/wp-content\/uploads\/2023\/03\/02_Playa-Cinto.jpg","type":"image\/jpeg"}],"twitter_card":"summary_large_image","twitter_misc":{"Dur\u00e9e de lecture estim\u00e9e":"2 minutes"},"schema":{"@context":"https:\/\/schema.org","@graph":[{"@type":"WebPage","@id":"https:\/\/rutatayronatours.com\/fr\/product\/parc-tayrona-plage-de-cinto-de-palomino-buritaca-et-la-region\/","url":"https:\/\/rutatayronatours.com\/fr\/product\/parc-tayrona-plage-de-cinto-de-palomino-buritaca-et-la-region\/","name":"Parc Tayrona - Plage de Cinto depuis Palomino, Buritaca et ses environs - Ruta Tayrona Tours","isPartOf":{"@id":"https:\/\/rutatayronatours.com\/fr\/#website"},"primaryImageOfPage":{"@id":"https:\/\/rutatayronatours.com\/fr\/product\/parc-tayrona-plage-de-cinto-de-palomino-buritaca-et-la-region\/#primaryimage"},"image":{"@id":"https:\/\/rutatayronatours.com\/fr\/product\/parc-tayrona-plage-de-cinto-de-palomino-buritaca-et-la-region\/#primaryimage"},"thumbnailUrl":"https:\/\/rutatayronatours.com\/fr\/wp-content\/uploads\/2023\/03\/02_Playa-Cinto.jpg","datePublished":"2023-10-07T20:08:36+00:00","dateModified":"2025-01-07T21:43:42+00:00","description":"Plongez dans un v\u00e9ritable paradis c\u00f4tier avec notre visite du parc Tayrona - Plage de Cinto. Cliquez ici et d\u00e9couvrez nos exp\u00e9riences durables.","breadcrumb":{"@id":"https:\/\/rutatayronatours.com\/fr\/product\/parc-tayrona-plage-de-cinto-de-palomino-buritaca-et-la-region\/#breadcrumb"},"inLanguage":"fr-FR","potentialAction":[{"@type":"ReadAction","target":["https:\/\/rutatayronatours.com\/fr\/product\/parc-tayrona-plage-de-cinto-de-palomino-buritaca-et-la-region\/"]}]},{"@type":"ImageObject","inLanguage":"fr-FR","@id":"https:\/\/rutatayronatours.com\/fr\/product\/parc-tayrona-plage-de-cinto-de-palomino-buritaca-et-la-region\/#primaryimage","url":"https:\/\/rutatayronatours.com\/fr\/wp-content\/uploads\/2023\/03\/02_Playa-Cinto.jpg","contentUrl":"https:\/\/rutatayronatours.com\/fr\/wp-content\/uploads\/2023\/03\/02_Playa-Cinto.jpg","width":1200,"height":1200},{"@type":"BreadcrumbList","@id":"https:\/\/rutatayronatours.com\/fr\/product\/parc-tayrona-plage-de-cinto-de-palomino-buritaca-et-la-region\/#breadcrumb","itemListElement":[{"@type":"ListItem","position":1,"name":"Portada","item":"https:\/\/rutatayronatours.com\/fr\/"},{"@type":"ListItem","position":2,"name":"Shop","item":"https:\/\/rutatayronatours.com\/fr\/shop\/"},{"@type":"ListItem","position":3,"name":"Parc Tayrona &#8211; Plage de Cinto depuis Palomino, Buritaca et ses environs"}]},{"@type":"WebSite","@id":"https:\/\/rutatayronatours.com\/fr\/#website","url":"https:\/\/rutatayronatours.com\/fr\/","name":"Ruta Tayrona Tours","description":"Experiencias y tours del caribe Colombiano","publisher":{"@id":"https:\/\/rutatayronatours.com\/fr\/#organization"},"potentialAction":[{"@type":"SearchAction","target":{"@type":"EntryPoint","urlTemplate":"https:\/\/rutatayronatours.com\/fr\/?s={search_term_string}"},"query-input":{"@type":"PropertyValueSpecification","valueRequired":true,"valueName":"search_term_string"}}],"inLanguage":"fr-FR"},{"@type":"Organization","@id":"https:\/\/rutatayronatours.com\/fr\/#organization","name":"Ruta Tayrona Tours","url":"https:\/\/rutatayronatours.com\/fr\/","logo":{"@type":"ImageObject","inLanguage":"fr-FR","@id":"https:\/\/rutatayronatours.com\/fr\/#\/schema\/logo\/image\/","url":"https:\/\/rutatayronatours.com\/fr\/wp-content\/uploads\/2023\/02\/Ruta-Tayrona-Tours.png","contentUrl":"https:\/\/rutatayronatours.com\/fr\/wp-content\/uploads\/2023\/02\/Ruta-Tayrona-Tours.png","width":348,"height":85,"caption":"Ruta Tayrona Tours"},"image":{"@id":"https:\/\/rutatayronatours.com\/fr\/#\/schema\/logo\/image\/"},"sameAs":["https:\/\/www.facebook.com\/riomolinotours2","https:\/\/www.instagram.com\/rutatayronatours\/","https:\/\/api.whatsapp.com\/send?phone=573145502928"]}]}},"_links":{"self":[{"href":"https:\/\/rutatayronatours.com\/fr\/wp-json\/wp\/v2\/product\/2909","targetHints":{"allow":["GET"]}}],"collection":[{"href":"https:\/\/rutatayronatours.com\/fr\/wp-json\/wp\/v2\/product"}],"about":[{"href":"https:\/\/rutatayronatours.com\/fr\/wp-json\/wp\/v2\/types\/product"}],"replies":[{"embeddable":true,"href":"https:\/\/rutatayronatours.com\/fr\/wp-json\/wp\/v2\/comments?post=2909"}],"version-history":[{"count":6,"href":"https:\/\/rutatayronatours.com\/fr\/wp-json\/wp\/v2\/product\/2909\/revisions"}],"predecessor-version":[{"id":3454,"href":"https:\/\/rutatayronatours.com\/fr\/wp-json\/wp\/v2\/product\/2909\/revisions\/3454"}],"wp:featuredmedia":[{"embeddable":true,"href":"https:\/\/rutatayronatours.com\/fr\/wp-json\/wp\/v2\/media\/1394"}],"wp:attachment":[{"href":"https:\/\/rutatayronatours.com\/fr\/wp-json\/wp\/v2\/media?parent=2909"}],"wp:term":[{"taxonomy":"product_brand","embeddable":true,"href":"https:\/\/rutatayronatours.com\/fr\/wp-json\/wp\/v2\/product_brand?post=2909"},{"taxonomy":"product_cat","embeddable":true,"href":"https:\/\/rutatayronatours.com\/fr\/wp-json\/wp\/v2\/product_cat?post=2909"},{"taxonomy":"product_tag","embeddable":true,"href":"https:\/\/rutatayronatours.com\/fr\/wp-json\/wp\/v2\/product_tag?post=2909"}],"curies":[{"name":"wp","href":"https:\/\/api.w.org\/{rel}","templated":true}]}}