{"id":2915,"date":"2023-10-07T15:17:07","date_gmt":"2023-10-07T20:17:07","guid":{"rendered":"https:\/\/rutatayronatours.com\/fr\/?post_type=product&#038;p=2915"},"modified":"2025-01-07T16:43:42","modified_gmt":"2025-01-07T21:43:42","slug":"cinto-et-plage-de-cristal-parc-tayrona-de-palomino-buritaca-et-la-region","status":"publish","type":"product","link":"https:\/\/rutatayronatours.com\/fr\/product\/cinto-et-plage-de-cristal-parc-tayrona-de-palomino-buritaca-et-la-region\/","title":{"rendered":"Cinto et Plage de Cristal &#8211; Parc Tayrona depuis Palomino, Buritaca"},"content":{"rendered":"<h2>Cinto et Plage de Cristal &#8211; Parc Tayrona depuis Palomino, Buritaca et ses environs<\/h2>\n<p>Cinto et Plage de Cristal &#8211; Parc Tayrona est une r\u00e9serve naturelle situ\u00e9e sur la c\u00f4te carib\u00e9enne de la Colombie, c\u00e9l\u00e8bre pour sa beaut\u00e9 naturelle luxuriante et sa diversit\u00e9 \u00e9cologique. Le parc Tayrona est connu pour abriter une grande vari\u00e9t\u00e9 d&#8217;esp\u00e8ces de flore et de faune, dont beaucoup sont end\u00e9miques et uniques \u00e0 la r\u00e9gion. La pr\u00e9sence de diff\u00e9rents \u00e9cosyst\u00e8mes, tels que les mangroves, les for\u00eats et les r\u00e9cifs coralliens, contribue \u00e0 sa richesse biologique. De plus, le parc est le foyer de la communaut\u00e9 indig\u00e8ne <strong><a href=\"https:\/\/rutatayronatours.com\/fr\/comunidades-indigenas-de-la-sierra-nevada-de-santa-marta\/\">Kogui<\/a><\/strong>, qui habite la r\u00e9gion depuis des si\u00e8cles et entretient un profond lien spirituel avec la terre.<\/p>\n<p><strong>Ses plages<\/strong>, telles qu&#8217;Arrecifes,<a href=\"https:\/\/rutatayronatours.com\/fr\/explorando-las-diferentes-entradas-al-parque-tayrona-una-aventura-inolvidable\/\"> Cabo San Juan del Gu\u00eda<\/a>, Cinto et Plage de Cristal, sont des destinations populaires id\u00e9ales pour profiter d&#8217;eaux calmes pour la baignade, la plong\u00e9e avec tuba et la d\u00e9tente dans un environnement naturel \u00e9poustouflant. Bien que le parc offre une beaut\u00e9 in\u00e9gal\u00e9e, il est important de noter que son acc\u00e8s peut n\u00e9cessiter des randonn\u00e9es sur des sentiers parfois exigeants, et la conservation et le respect de l&#8217;environnement naturel et culturel sont encourag\u00e9s.<\/p>\n<p><strong>Cinto et Plage de Cristal<\/strong><\/p>\n<p>Appr\u00e9ciez le magnifique paysage autour de cette superbe plage situ\u00e9e dans le parc national naturel de Tayrona &#8211; Plage de Cinto. Il s&#8217;agit de la meilleure option pour ceux qui souhaitent d\u00e9couvrir cet endroit merveilleux sans avoir \u00e0 marcher. Laissez la brise et les montagnes vous enlacer et profitez d&#8217;une merveilleuse journ\u00e9e \u00e0 prendre le soleil, \u00e0 lire votre livre pr\u00e9f\u00e9r\u00e9, \u00e0 faire de la plong\u00e9e avec tuba (incluse dans le prix) et \u00e0 nager dans les eaux turquoise calmes, rafra\u00eechissantes du parc Tayrona.<\/p>\n<p><strong>Visite Combin\u00e9e Cinto et Plage de Cristal<\/strong><\/p>\n<p>Lancez-vous dans un voyage passionnant qui combine le meilleur de deux mondes dans le parc national naturel de Tayrona : la plage de Cinto et la Plage de Cristal. \u00c0 la plage de Cinto, vous d\u00e9couvrirez une oasis de calme avec des eaux bleues et des sables doux qui vous invitent \u00e0 vous d\u00e9tendre. Ensuite, \u00e0 Plage de Cristal, vous vous plongerez dans des eaux cristallines et explorerez un monde sous-marin riche en vie et en couleurs. Cette visite vous donne l&#8217;opportunit\u00e9 de vivre la diversit\u00e9 de la beaut\u00e9 de la c\u00f4te carib\u00e9enne en une seule journ\u00e9e. Ce sera une aventure inoubliable.<\/p>\n<p><a href=\"https:\/\/ich.unesco.org\/fr\/RL\/le-systeme-ancestral-de-connaissances-des-quatre-peuples-autochtones-arhuaco-kankuamo-kogi-et-wiwa-de-la-sierra-nevada-de-santa-marta-01886?RL=01886\"><strong>La Sierra Nevada de Santa Marta<\/strong><\/a><\/p>\n<p>La Sierra Nevada de Santa Marta, situ\u00e9e en Colombie, est une merveille naturelle et culturelle qui abrite une diversit\u00e9 de communaut\u00e9s autochtones. Ces communaut\u00e9s, fortes de leurs traditions ancestrales et de leur profond respect de la nature, jouent un r\u00f4le crucial dans la pr\u00e9servation de cet \u00e9cosyst\u00e8me unique au monde.<\/p>\n<h2><strong>Rates and services included<\/strong><\/h2>\n<ul>\n<li>Transport terrestre<\/li>\n<li>transport maritime<\/li>\n<li>Guide<\/li>\n<li>assurance voyage<\/li>\n<li><a href=\"https:\/\/rutatayronatours.com\/fr\/explorando-las-diferentes-entradas-al-parque-tayrona-una-aventura-inolvidable\/\">Billets pour le parc Tayrona<\/a><\/li>\n<\/ul>\n<p>&nbsp;<\/p>\n","protected":false},"excerpt":{"rendered":"<h2>Excursion d&#8217;une journ\u00e9e : Cinto et Plage de Cristal &#8211; Parc Tayrona<\/h2>\n<ul>\n<li style=\"text-align: left;\">07h00. Nous commen\u00e7ons notre aventure vers les plages de Cinto et Crystal &#8211; Parc Tayrona depuis votre h\u00f4tel \u00e0 Palomino, Buritaca, Guachaca, Mendihuaca ou Ca\u00f1averal. L&#8217;heure de d\u00e9part peut varier en fonction de la zone o\u00f9 vous s\u00e9journez.<\/li>\n<li style=\"text-align: left;\">09h00. &#8211; Nous partons de l&#8217;aventure depuis la baie de Santa Marta \u00e0 bord d&#8217;un hors-bord et nous embarquons pour un voyage jusqu&#8217;\u00e0 la plage de Cinto. Nous pr\u00e9voyons d&#8217;arriver vers 10h30. Plongez dans les eaux cristallines et explorez les fascinants r\u00e9cifs coralliens et la vie marine. Profitez de la tranquillit\u00e9 et de la beaut\u00e9 de ce paradis marin.<\/li>\n<li style=\"text-align: left;\">13h00. &#8211; Nous continuerons notre aventure en bateau pendant 15 minutes jusqu&#8217;\u00e0 Crystal Beach. Ici, vous aurez l&#8217;apr\u00e8s-midi libre pour profiter d&#8217;activit\u00e9s telles que la plong\u00e9e en apn\u00e9e et explorer les fascinants r\u00e9cifs coralliens qui font de cet endroit une destination unique dans le parc Tayrona.<\/li>\n<li style=\"text-align: left;\">16h00. &#8211; Nous commencerons le voyage de retour vers la baie de Santa Marta en hors-bord, puis nous nous dirigerons vers votre h\u00f4tel par voie terrestre.<\/li>\n<\/ul>\n<p>&nbsp;<\/p>\n<h2>Rates and services included<\/h2>\n<ul>\n<li>Transport terrestre et maritime (aller-retour)<\/li>\n<li>Assurance<\/li>\n<li>Entr\u00e9e au parc Tayrona<\/li>\n<li>Logistique<\/li>\n<li>Guide<\/li>\n<\/ul>\n","protected":false},"featured_media":2872,"comment_status":"closed","ping_status":"closed","template":"","meta":[],"product_brand":[],"product_cat":[110,129],"product_tag":[122,100,121],"class_list":{"0":"post-2915","1":"product","2":"type-product","3":"status-publish","4":"has-post-thumbnail","6":"product_cat-experiences","7":"product_cat-playa-cinto-y-cristal-palomino","8":"product_tag-buritaca-y-la-zona","9":"product_tag-experiencias","10":"product_tag-parque-tayrona-desde-palomino","12":"first","13":"instock","14":"shipping-taxable","15":"purchasable","16":"product-type-simple"},"yoast_head":"<!-- This site is optimized with the Yoast SEO plugin v27.2 - https:\/\/yoast.com\/product\/yoast-seo-wordpress\/ -->\n<title>Cinto et Plage de Cristal - Parc Tayrona depuis Palomino, Buritaca - Ruta Tayrona Tours<\/title>\n<meta name=\"description\" content=\"Embarquez pour une aventure \u00e0 Cinto et Plage de Cristal - Parc Tayrona qui vous fera d\u00e9couvrir deux tr\u00e9sors. Cliquez ici et d\u00e9couvrez nos exp\u00e9riences.\" \/>\n<meta name=\"robots\" content=\"index, follow, max-snippet:-1, max-image-preview:large, max-video-preview:-1\" \/>\n<link rel=\"canonical\" href=\"https:\/\/rutatayronatours.com\/fr\/product\/cinto-et-plage-de-cristal-parc-tayrona-de-palomino-buritaca-et-la-region\/\" \/>\n<meta property=\"og:locale\" content=\"fr_FR\" \/>\n<meta property=\"og:type\" content=\"article\" \/>\n<meta property=\"og:title\" content=\"Cinto et Plage de Cristal - Parc Tayrona depuis Palomino, Buritaca - Ruta Tayrona Tours\" \/>\n<meta property=\"og:description\" content=\"Embarquez pour une aventure \u00e0 Cinto et Plage de Cristal - Parc Tayrona qui vous fera d\u00e9couvrir deux tr\u00e9sors. Cliquez ici et d\u00e9couvrez nos exp\u00e9riences.\" \/>\n<meta property=\"og:url\" content=\"https:\/\/rutatayronatours.com\/fr\/product\/cinto-et-plage-de-cristal-parc-tayrona-de-palomino-buritaca-et-la-region\/\" \/>\n<meta property=\"og:site_name\" content=\"Ruta Tayrona Tours\" \/>\n<meta property=\"article:publisher\" content=\"https:\/\/www.facebook.com\/riomolinotours2\" \/>\n<meta property=\"article:modified_time\" content=\"2025-01-07T21:43:42+00:00\" \/>\n<meta property=\"og:image\" content=\"https:\/\/rutatayronatours.com\/fr\/wp-content\/uploads\/2023\/08\/Tour-dos-playas-4.png\" \/>\n\t<meta property=\"og:image:width\" content=\"1200\" \/>\n\t<meta property=\"og:image:height\" content=\"800\" \/>\n\t<meta property=\"og:image:type\" content=\"image\/png\" \/>\n<meta name=\"twitter:card\" content=\"summary_large_image\" \/>\n<meta name=\"twitter:label1\" content=\"Dur\u00e9e de lecture estim\u00e9e\" \/>\n\t<meta name=\"twitter:data1\" content=\"3 minutes\" \/>\n<script type=\"application\/ld+json\" class=\"yoast-schema-graph\">{\"@context\":\"https:\/\/schema.org\",\"@graph\":[{\"@type\":\"WebPage\",\"@id\":\"https:\/\/rutatayronatours.com\/fr\/product\/cinto-et-plage-de-cristal-parc-tayrona-de-palomino-buritaca-et-la-region\/\",\"url\":\"https:\/\/rutatayronatours.com\/fr\/product\/cinto-et-plage-de-cristal-parc-tayrona-de-palomino-buritaca-et-la-region\/\",\"name\":\"Cinto et Plage de Cristal - Parc Tayrona depuis Palomino, Buritaca - Ruta Tayrona Tours\",\"isPartOf\":{\"@id\":\"https:\/\/rutatayronatours.com\/fr\/#website\"},\"primaryImageOfPage\":{\"@id\":\"https:\/\/rutatayronatours.com\/fr\/product\/cinto-et-plage-de-cristal-parc-tayrona-de-palomino-buritaca-et-la-region\/#primaryimage\"},\"image\":{\"@id\":\"https:\/\/rutatayronatours.com\/fr\/product\/cinto-et-plage-de-cristal-parc-tayrona-de-palomino-buritaca-et-la-region\/#primaryimage\"},\"thumbnailUrl\":\"https:\/\/rutatayronatours.com\/fr\/wp-content\/uploads\/2023\/08\/Tour-dos-playas-4.png\",\"datePublished\":\"2023-10-07T20:17:07+00:00\",\"dateModified\":\"2025-01-07T21:43:42+00:00\",\"description\":\"Embarquez pour une aventure \u00e0 Cinto et Plage de Cristal - Parc Tayrona qui vous fera d\u00e9couvrir deux tr\u00e9sors. Cliquez ici et d\u00e9couvrez nos exp\u00e9riences.\",\"breadcrumb\":{\"@id\":\"https:\/\/rutatayronatours.com\/fr\/product\/cinto-et-plage-de-cristal-parc-tayrona-de-palomino-buritaca-et-la-region\/#breadcrumb\"},\"inLanguage\":\"fr-FR\",\"potentialAction\":[{\"@type\":\"ReadAction\",\"target\":[\"https:\/\/rutatayronatours.com\/fr\/product\/cinto-et-plage-de-cristal-parc-tayrona-de-palomino-buritaca-et-la-region\/\"]}]},{\"@type\":\"ImageObject\",\"inLanguage\":\"fr-FR\",\"@id\":\"https:\/\/rutatayronatours.com\/fr\/product\/cinto-et-plage-de-cristal-parc-tayrona-de-palomino-buritaca-et-la-region\/#primaryimage\",\"url\":\"https:\/\/rutatayronatours.com\/fr\/wp-content\/uploads\/2023\/08\/Tour-dos-playas-4.png\",\"contentUrl\":\"https:\/\/rutatayronatours.com\/fr\/wp-content\/uploads\/2023\/08\/Tour-dos-playas-4.png\",\"width\":1200,\"height\":800,\"caption\":\"Reserva aqu\u00ed tu tour a Playa Cristal - Experiencia Maritima\"},{\"@type\":\"BreadcrumbList\",\"@id\":\"https:\/\/rutatayronatours.com\/fr\/product\/cinto-et-plage-de-cristal-parc-tayrona-de-palomino-buritaca-et-la-region\/#breadcrumb\",\"itemListElement\":[{\"@type\":\"ListItem\",\"position\":1,\"name\":\"Portada\",\"item\":\"https:\/\/rutatayronatours.com\/fr\/\"},{\"@type\":\"ListItem\",\"position\":2,\"name\":\"Shop\",\"item\":\"https:\/\/rutatayronatours.com\/fr\/shop\/\"},{\"@type\":\"ListItem\",\"position\":3,\"name\":\"Cinto et Plage de Cristal &#8211; Parc Tayrona depuis Palomino, Buritaca\"}]},{\"@type\":\"WebSite\",\"@id\":\"https:\/\/rutatayronatours.com\/fr\/#website\",\"url\":\"https:\/\/rutatayronatours.com\/fr\/\",\"name\":\"Ruta Tayrona Tours\",\"description\":\"Experiencias y tours del caribe Colombiano\",\"publisher\":{\"@id\":\"https:\/\/rutatayronatours.com\/fr\/#organization\"},\"potentialAction\":[{\"@type\":\"SearchAction\",\"target\":{\"@type\":\"EntryPoint\",\"urlTemplate\":\"https:\/\/rutatayronatours.com\/fr\/?s={search_term_string}\"},\"query-input\":{\"@type\":\"PropertyValueSpecification\",\"valueRequired\":true,\"valueName\":\"search_term_string\"}}],\"inLanguage\":\"fr-FR\"},{\"@type\":\"Organization\",\"@id\":\"https:\/\/rutatayronatours.com\/fr\/#organization\",\"name\":\"Ruta Tayrona Tours\",\"url\":\"https:\/\/rutatayronatours.com\/fr\/\",\"logo\":{\"@type\":\"ImageObject\",\"inLanguage\":\"fr-FR\",\"@id\":\"https:\/\/rutatayronatours.com\/fr\/#\/schema\/logo\/image\/\",\"url\":\"https:\/\/rutatayronatours.com\/fr\/wp-content\/uploads\/2023\/02\/Ruta-Tayrona-Tours.png\",\"contentUrl\":\"https:\/\/rutatayronatours.com\/fr\/wp-content\/uploads\/2023\/02\/Ruta-Tayrona-Tours.png\",\"width\":348,\"height\":85,\"caption\":\"Ruta Tayrona Tours\"},\"image\":{\"@id\":\"https:\/\/rutatayronatours.com\/fr\/#\/schema\/logo\/image\/\"},\"sameAs\":[\"https:\/\/www.facebook.com\/riomolinotours2\",\"https:\/\/www.instagram.com\/rutatayronatours\/\",\"https:\/\/api.whatsapp.com\/send?phone=573145502928\"]}]}<\/script>\n<!-- \/ Yoast SEO plugin. -->","yoast_head_json":{"title":"Cinto et Plage de Cristal - Parc Tayrona depuis Palomino, Buritaca - Ruta Tayrona Tours","description":"Embarquez pour une aventure \u00e0 Cinto et Plage de Cristal - Parc Tayrona qui vous fera d\u00e9couvrir deux tr\u00e9sors. Cliquez ici et d\u00e9couvrez nos exp\u00e9riences.","robots":{"index":"index","follow":"follow","max-snippet":"max-snippet:-1","max-image-preview":"max-image-preview:large","max-video-preview":"max-video-preview:-1"},"canonical":"https:\/\/rutatayronatours.com\/fr\/product\/cinto-et-plage-de-cristal-parc-tayrona-de-palomino-buritaca-et-la-region\/","og_locale":"fr_FR","og_type":"article","og_title":"Cinto et Plage de Cristal - Parc Tayrona depuis Palomino, Buritaca - Ruta Tayrona Tours","og_description":"Embarquez pour une aventure \u00e0 Cinto et Plage de Cristal - Parc Tayrona qui vous fera d\u00e9couvrir deux tr\u00e9sors. Cliquez ici et d\u00e9couvrez nos exp\u00e9riences.","og_url":"https:\/\/rutatayronatours.com\/fr\/product\/cinto-et-plage-de-cristal-parc-tayrona-de-palomino-buritaca-et-la-region\/","og_site_name":"Ruta Tayrona Tours","article_publisher":"https:\/\/www.facebook.com\/riomolinotours2","article_modified_time":"2025-01-07T21:43:42+00:00","og_image":[{"width":1200,"height":800,"url":"https:\/\/rutatayronatours.com\/fr\/wp-content\/uploads\/2023\/08\/Tour-dos-playas-4.png","type":"image\/png"}],"twitter_card":"summary_large_image","twitter_misc":{"Dur\u00e9e de lecture estim\u00e9e":"3 minutes"},"schema":{"@context":"https:\/\/schema.org","@graph":[{"@type":"WebPage","@id":"https:\/\/rutatayronatours.com\/fr\/product\/cinto-et-plage-de-cristal-parc-tayrona-de-palomino-buritaca-et-la-region\/","url":"https:\/\/rutatayronatours.com\/fr\/product\/cinto-et-plage-de-cristal-parc-tayrona-de-palomino-buritaca-et-la-region\/","name":"Cinto et Plage de Cristal - Parc Tayrona depuis Palomino, Buritaca - Ruta Tayrona Tours","isPartOf":{"@id":"https:\/\/rutatayronatours.com\/fr\/#website"},"primaryImageOfPage":{"@id":"https:\/\/rutatayronatours.com\/fr\/product\/cinto-et-plage-de-cristal-parc-tayrona-de-palomino-buritaca-et-la-region\/#primaryimage"},"image":{"@id":"https:\/\/rutatayronatours.com\/fr\/product\/cinto-et-plage-de-cristal-parc-tayrona-de-palomino-buritaca-et-la-region\/#primaryimage"},"thumbnailUrl":"https:\/\/rutatayronatours.com\/fr\/wp-content\/uploads\/2023\/08\/Tour-dos-playas-4.png","datePublished":"2023-10-07T20:17:07+00:00","dateModified":"2025-01-07T21:43:42+00:00","description":"Embarquez pour une aventure \u00e0 Cinto et Plage de Cristal - Parc Tayrona qui vous fera d\u00e9couvrir deux tr\u00e9sors. Cliquez ici et d\u00e9couvrez nos exp\u00e9riences.","breadcrumb":{"@id":"https:\/\/rutatayronatours.com\/fr\/product\/cinto-et-plage-de-cristal-parc-tayrona-de-palomino-buritaca-et-la-region\/#breadcrumb"},"inLanguage":"fr-FR","potentialAction":[{"@type":"ReadAction","target":["https:\/\/rutatayronatours.com\/fr\/product\/cinto-et-plage-de-cristal-parc-tayrona-de-palomino-buritaca-et-la-region\/"]}]},{"@type":"ImageObject","inLanguage":"fr-FR","@id":"https:\/\/rutatayronatours.com\/fr\/product\/cinto-et-plage-de-cristal-parc-tayrona-de-palomino-buritaca-et-la-region\/#primaryimage","url":"https:\/\/rutatayronatours.com\/fr\/wp-content\/uploads\/2023\/08\/Tour-dos-playas-4.png","contentUrl":"https:\/\/rutatayronatours.com\/fr\/wp-content\/uploads\/2023\/08\/Tour-dos-playas-4.png","width":1200,"height":800,"caption":"Reserva aqu\u00ed tu tour a Playa Cristal - Experiencia Maritima"},{"@type":"BreadcrumbList","@id":"https:\/\/rutatayronatours.com\/fr\/product\/cinto-et-plage-de-cristal-parc-tayrona-de-palomino-buritaca-et-la-region\/#breadcrumb","itemListElement":[{"@type":"ListItem","position":1,"name":"Portada","item":"https:\/\/rutatayronatours.com\/fr\/"},{"@type":"ListItem","position":2,"name":"Shop","item":"https:\/\/rutatayronatours.com\/fr\/shop\/"},{"@type":"ListItem","position":3,"name":"Cinto et Plage de Cristal &#8211; Parc Tayrona depuis Palomino, Buritaca"}]},{"@type":"WebSite","@id":"https:\/\/rutatayronatours.com\/fr\/#website","url":"https:\/\/rutatayronatours.com\/fr\/","name":"Ruta Tayrona Tours","description":"Experiencias y tours del caribe Colombiano","publisher":{"@id":"https:\/\/rutatayronatours.com\/fr\/#organization"},"potentialAction":[{"@type":"SearchAction","target":{"@type":"EntryPoint","urlTemplate":"https:\/\/rutatayronatours.com\/fr\/?s={search_term_string}"},"query-input":{"@type":"PropertyValueSpecification","valueRequired":true,"valueName":"search_term_string"}}],"inLanguage":"fr-FR"},{"@type":"Organization","@id":"https:\/\/rutatayronatours.com\/fr\/#organization","name":"Ruta Tayrona Tours","url":"https:\/\/rutatayronatours.com\/fr\/","logo":{"@type":"ImageObject","inLanguage":"fr-FR","@id":"https:\/\/rutatayronatours.com\/fr\/#\/schema\/logo\/image\/","url":"https:\/\/rutatayronatours.com\/fr\/wp-content\/uploads\/2023\/02\/Ruta-Tayrona-Tours.png","contentUrl":"https:\/\/rutatayronatours.com\/fr\/wp-content\/uploads\/2023\/02\/Ruta-Tayrona-Tours.png","width":348,"height":85,"caption":"Ruta Tayrona Tours"},"image":{"@id":"https:\/\/rutatayronatours.com\/fr\/#\/schema\/logo\/image\/"},"sameAs":["https:\/\/www.facebook.com\/riomolinotours2","https:\/\/www.instagram.com\/rutatayronatours\/","https:\/\/api.whatsapp.com\/send?phone=573145502928"]}]}},"_links":{"self":[{"href":"https:\/\/rutatayronatours.com\/fr\/wp-json\/wp\/v2\/product\/2915","targetHints":{"allow":["GET"]}}],"collection":[{"href":"https:\/\/rutatayronatours.com\/fr\/wp-json\/wp\/v2\/product"}],"about":[{"href":"https:\/\/rutatayronatours.com\/fr\/wp-json\/wp\/v2\/types\/product"}],"replies":[{"embeddable":true,"href":"https:\/\/rutatayronatours.com\/fr\/wp-json\/wp\/v2\/comments?post=2915"}],"version-history":[{"count":8,"href":"https:\/\/rutatayronatours.com\/fr\/wp-json\/wp\/v2\/product\/2915\/revisions"}],"predecessor-version":[{"id":3453,"href":"https:\/\/rutatayronatours.com\/fr\/wp-json\/wp\/v2\/product\/2915\/revisions\/3453"}],"wp:featuredmedia":[{"embeddable":true,"href":"https:\/\/rutatayronatours.com\/fr\/wp-json\/wp\/v2\/media\/2872"}],"wp:attachment":[{"href":"https:\/\/rutatayronatours.com\/fr\/wp-json\/wp\/v2\/media?parent=2915"}],"wp:term":[{"taxonomy":"product_brand","embeddable":true,"href":"https:\/\/rutatayronatours.com\/fr\/wp-json\/wp\/v2\/product_brand?post=2915"},{"taxonomy":"product_cat","embeddable":true,"href":"https:\/\/rutatayronatours.com\/fr\/wp-json\/wp\/v2\/product_cat?post=2915"},{"taxonomy":"product_tag","embeddable":true,"href":"https:\/\/rutatayronatours.com\/fr\/wp-json\/wp\/v2\/product_tag?post=2915"}],"curies":[{"name":"wp","href":"https:\/\/api.w.org\/{rel}","templated":true}]}}