{"id":2923,"date":"2023-10-07T15:23:03","date_gmt":"2023-10-07T20:23:03","guid":{"rendered":"https:\/\/rutatayronatours.com\/fr\/?post_type=product&#038;p=2923"},"modified":"2025-01-07T16:43:41","modified_gmt":"2025-01-07T21:43:41","slug":"baie-de-concha-dream-waters-de-palomino-buritaca-et-la-zone","status":"publish","type":"product","link":"https:\/\/rutatayronatours.com\/fr\/product\/baie-de-concha-dream-waters-de-palomino-buritaca-et-la-zone\/","title":{"rendered":"Baie de Concha &#8211; Les eaux de r\u00eave de Palomino, Buritaca et de la r\u00e9gion"},"content":{"rendered":"<h2>Baie de Concha &#8211; Les eaux de r\u00eave de Palomino, Buritaca et de la r\u00e9gion<\/h2>\n<p>Baie de Concha &#8211; Exploration les eaux de r\u00eave est une r\u00e9serve naturelle situ\u00e9e sur la c\u00f4te carib\u00e9enne de la Colombie, c\u00e9l\u00e8bre pour sa beaut\u00e9 naturelle luxuriante et sa diversit\u00e9 \u00e9cologique. Le parc Tayrona est connu pour abriter une grande vari\u00e9t\u00e9 d&#8217;esp\u00e8ces de flore et de faune, dont beaucoup sont end\u00e9miques et uniques \u00e0 la r\u00e9gion. La pr\u00e9sence de diff\u00e9rents \u00e9cosyst\u00e8mes, tels que les mangroves, les for\u00eats et les r\u00e9cifs coralliens, contribue \u00e0 sa richesse biologique. De plus, le parc est le foyer de la communaut\u00e9 indig\u00e8ne Kogui, qui habite la r\u00e9gion depuis des si\u00e8cles et entretient un profond lien spirituel avec la terre.<\/p>\n<p><strong>Ses plages<\/strong>, telles qu&#8217;Arrecifes, Cabo San Juan del Gu\u00eda, la plage de Cinto et la plage de Cristal, Baie de Concha sont des destinations populaires id\u00e9ales pour profiter d&#8217;eaux calmes pour la baignade, la plong\u00e9e avec tuba et la d\u00e9tente dans un environnement naturel \u00e9poustouflant. Bien que le parc offre une beaut\u00e9 in\u00e9gal\u00e9e, il est important de noter que son acc\u00e8s peut n\u00e9cessiter des randonn\u00e9es sur des sentiers parfois exigeants, et la conservation et le respect de l&#8217;environnement naturel et culturel sont encourag\u00e9s.<\/p>\n<p><strong><a href=\"https:\/\/ich.unesco.org\/fr\/RL\/le-systeme-ancestral-de-connaissances-des-quatre-peuples-autochtones-arhuaco-kankuamo-kogi-et-wiwa-de-la-sierra-nevada-de-santa-marta-01886?RL=01886\">La Sierra Nevada de Santa Marta<\/a><\/strong><\/p>\n<p>La Sierra Nevada de Santa Marta, situ\u00e9e en Colombie, est une merveille naturelle et culturelle qui abrite une diversit\u00e9 de communaut\u00e9s autochtones. Ces communaut\u00e9s, fortes de leurs traditions ancestrales et de leur profond respect de la nature, jouent un r\u00f4le crucial dans la pr\u00e9servation de cet \u00e9cosyst\u00e8me unique au monde.<\/p>\n<h2>Tarifs et services inclus<\/h2>\n<ul>\n<li>Transport terrestre<\/li>\n<li>transport maritime<\/li>\n<li>Guide<\/li>\n<li>assurance voyage<\/li>\n<li><a href=\"https:\/\/rutatayronatours.com\/fr\/explorando-las-diferentes-entradas-al-parque-tayrona-una-aventura-inolvidable\/\">Billets pour le parc Tayrona<\/a><\/li>\n<\/ul>\n<p>&nbsp;<\/p>\n","protected":false},"excerpt":{"rendered":"<h2>Journ\u00e9e Magique \u00e0 la Baie de Concha &#8211; Les Eaux de r\u00eave<\/h2>\n<ul>\n<li style=\"text-align: left;\">09h00. Nous commen\u00e7ons l&#8217;exp\u00e9rience Concha Bay &#8211; Dreamy Waters depuis votre h\u00f4tel \u00e0 Palomino, Buritaca, Guachaca, Mendihuaca ou Ca\u00f1averal. L&#8217;heure de d\u00e9part peut varier en fonction de la zone o\u00f9 vous s\u00e9journez. Le v\u00e9hicule nous transportera au parking de Bah\u00eda Concha. Nous marcherons pendant 20 minutes pour atteindre la magnifique baie, o\u00f9 nous vous pr\u00e9senterons votre guide personnel.<\/li>\n<li style=\"text-align: left;\">Ensuite, un court trajet en bateau nous am\u00e8nera \u00e0 Playa Bonito Gordo en seulement 10 minutes. Ici, vous pourrez explorer la vie marine en faisant de la plong\u00e9e en apn\u00e9e, en observant les coraux et les poissons.<br \/>\nA midi, nous retournerons en bateau \u00e0 la baie de Concha, o\u00f9 vous d\u00e9gusterez un d\u00e9jeuner de votre choix.<\/li>\n<li style=\"text-align: left;\">Vous aurez l&#8217;apr\u00e8s-midi libre pour vous d\u00e9tendre sur le sable blanc et dans les eaux cristallines de la baie.<br \/>\n\u00c0 15h30, nous commencerons la marche de retour jusqu&#8217;au point de d\u00e9part, o\u00f9 notre v\u00e9hicule vous attendra pour vous ramener avec les souvenirs de cette journ\u00e9e.<\/li>\n<\/ul>\n<p>&nbsp;<\/p>\n<h2>Tarifs et services inclus<\/h2>\n<ul>\n<li>Transport aller-retour<\/li>\n<li>Entr\u00e9e au parc Tayrona<\/li>\n<li>Assurance<\/li>\n<li>Logistique<\/li>\n<li>D\u00e9jeuner<\/li>\n<\/ul>\n<p>&nbsp;<\/p>\n","protected":false},"featured_media":2082,"comment_status":"closed","ping_status":"closed","template":"","meta":[],"product_brand":[],"product_cat":[130,110],"product_tag":[122,100,121],"class_list":{"0":"post-2923","1":"product","2":"type-product","3":"status-publish","4":"has-post-thumbnail","6":"product_cat-bahia-concha-desde-palomino","7":"product_cat-experiences","8":"product_tag-buritaca-y-la-zona","9":"product_tag-experiencias","10":"product_tag-parque-tayrona-desde-palomino","12":"first","13":"instock","14":"shipping-taxable","15":"purchasable","16":"product-type-simple"},"yoast_head":"<!-- This site is optimized with the Yoast SEO plugin v27.2 - https:\/\/yoast.com\/product\/yoast-seo-wordpress\/ -->\n<title>Baie de Concha - Les eaux de r\u00eave de Palomino, Buritaca et de la r\u00e9gion - Ruta Tayrona Tours<\/title>\n<meta name=\"description\" content=\"D\u00e9couvrez la beaut\u00e9 intacte de Baie de Concha - Les Eaux de r\u00eave lors de notre visite passionnante. Cliquez ici et explorez nos exp\u00e9riences durables.\" \/>\n<meta name=\"robots\" content=\"index, follow, max-snippet:-1, max-image-preview:large, max-video-preview:-1\" \/>\n<link rel=\"canonical\" href=\"https:\/\/rutatayronatours.com\/fr\/product\/baie-de-concha-dream-waters-de-palomino-buritaca-et-la-zone\/\" \/>\n<meta property=\"og:locale\" content=\"fr_FR\" \/>\n<meta property=\"og:type\" content=\"article\" \/>\n<meta property=\"og:title\" content=\"Baie de Concha - Les eaux de r\u00eave de Palomino, Buritaca et de la r\u00e9gion - Ruta Tayrona Tours\" \/>\n<meta property=\"og:description\" content=\"D\u00e9couvrez la beaut\u00e9 intacte de Baie de Concha - Les Eaux de r\u00eave lors de notre visite passionnante. Cliquez ici et explorez nos exp\u00e9riences durables.\" \/>\n<meta property=\"og:url\" content=\"https:\/\/rutatayronatours.com\/fr\/product\/baie-de-concha-dream-waters-de-palomino-buritaca-et-la-zone\/\" \/>\n<meta property=\"og:site_name\" content=\"Ruta Tayrona Tours\" \/>\n<meta property=\"article:publisher\" content=\"https:\/\/www.facebook.com\/riomolinotours2\" \/>\n<meta property=\"article:modified_time\" content=\"2025-01-07T21:43:41+00:00\" \/>\n<meta property=\"og:image\" content=\"https:\/\/rutatayronatours.com\/fr\/wp-content\/uploads\/2023\/08\/Canaveral-Bahia-Concha.jpg\" \/>\n\t<meta property=\"og:image:width\" content=\"1200\" \/>\n\t<meta property=\"og:image:height\" content=\"800\" \/>\n\t<meta property=\"og:image:type\" content=\"image\/jpeg\" \/>\n<meta name=\"twitter:card\" content=\"summary_large_image\" \/>\n<meta name=\"twitter:label1\" content=\"Dur\u00e9e de lecture estim\u00e9e\" \/>\n\t<meta name=\"twitter:data1\" content=\"2 minutes\" \/>\n<script type=\"application\/ld+json\" class=\"yoast-schema-graph\">{\"@context\":\"https:\/\/schema.org\",\"@graph\":[{\"@type\":\"WebPage\",\"@id\":\"https:\/\/rutatayronatours.com\/fr\/product\/baie-de-concha-dream-waters-de-palomino-buritaca-et-la-zone\/\",\"url\":\"https:\/\/rutatayronatours.com\/fr\/product\/baie-de-concha-dream-waters-de-palomino-buritaca-et-la-zone\/\",\"name\":\"Baie de Concha - Les eaux de r\u00eave de Palomino, Buritaca et de la r\u00e9gion - Ruta Tayrona Tours\",\"isPartOf\":{\"@id\":\"https:\/\/rutatayronatours.com\/fr\/#website\"},\"primaryImageOfPage\":{\"@id\":\"https:\/\/rutatayronatours.com\/fr\/product\/baie-de-concha-dream-waters-de-palomino-buritaca-et-la-zone\/#primaryimage\"},\"image\":{\"@id\":\"https:\/\/rutatayronatours.com\/fr\/product\/baie-de-concha-dream-waters-de-palomino-buritaca-et-la-zone\/#primaryimage\"},\"thumbnailUrl\":\"https:\/\/rutatayronatours.com\/fr\/wp-content\/uploads\/2023\/08\/Canaveral-Bahia-Concha.jpg\",\"datePublished\":\"2023-10-07T20:23:03+00:00\",\"dateModified\":\"2025-01-07T21:43:41+00:00\",\"description\":\"D\u00e9couvrez la beaut\u00e9 intacte de Baie de Concha - Les Eaux de r\u00eave lors de notre visite passionnante. Cliquez ici et explorez nos exp\u00e9riences durables.\",\"breadcrumb\":{\"@id\":\"https:\/\/rutatayronatours.com\/fr\/product\/baie-de-concha-dream-waters-de-palomino-buritaca-et-la-zone\/#breadcrumb\"},\"inLanguage\":\"fr-FR\",\"potentialAction\":[{\"@type\":\"ReadAction\",\"target\":[\"https:\/\/rutatayronatours.com\/fr\/product\/baie-de-concha-dream-waters-de-palomino-buritaca-et-la-zone\/\"]}]},{\"@type\":\"ImageObject\",\"inLanguage\":\"fr-FR\",\"@id\":\"https:\/\/rutatayronatours.com\/fr\/product\/baie-de-concha-dream-waters-de-palomino-buritaca-et-la-zone\/#primaryimage\",\"url\":\"https:\/\/rutatayronatours.com\/fr\/wp-content\/uploads\/2023\/08\/Canaveral-Bahia-Concha.jpg\",\"contentUrl\":\"https:\/\/rutatayronatours.com\/fr\/wp-content\/uploads\/2023\/08\/Canaveral-Bahia-Concha.jpg\",\"width\":1200,\"height\":800,\"caption\":\"Reserva aqu\u00ed el tour a Bahia Concha - Aguas\u00a0de ensue\u00f1o\"},{\"@type\":\"BreadcrumbList\",\"@id\":\"https:\/\/rutatayronatours.com\/fr\/product\/baie-de-concha-dream-waters-de-palomino-buritaca-et-la-zone\/#breadcrumb\",\"itemListElement\":[{\"@type\":\"ListItem\",\"position\":1,\"name\":\"Portada\",\"item\":\"https:\/\/rutatayronatours.com\/fr\/\"},{\"@type\":\"ListItem\",\"position\":2,\"name\":\"Shop\",\"item\":\"https:\/\/rutatayronatours.com\/fr\/shop\/\"},{\"@type\":\"ListItem\",\"position\":3,\"name\":\"Baie de Concha &#8211; Les eaux de r\u00eave de Palomino, Buritaca et de la r\u00e9gion\"}]},{\"@type\":\"WebSite\",\"@id\":\"https:\/\/rutatayronatours.com\/fr\/#website\",\"url\":\"https:\/\/rutatayronatours.com\/fr\/\",\"name\":\"Ruta Tayrona Tours\",\"description\":\"Experiencias y tours del caribe Colombiano\",\"publisher\":{\"@id\":\"https:\/\/rutatayronatours.com\/fr\/#organization\"},\"potentialAction\":[{\"@type\":\"SearchAction\",\"target\":{\"@type\":\"EntryPoint\",\"urlTemplate\":\"https:\/\/rutatayronatours.com\/fr\/?s={search_term_string}\"},\"query-input\":{\"@type\":\"PropertyValueSpecification\",\"valueRequired\":true,\"valueName\":\"search_term_string\"}}],\"inLanguage\":\"fr-FR\"},{\"@type\":\"Organization\",\"@id\":\"https:\/\/rutatayronatours.com\/fr\/#organization\",\"name\":\"Ruta Tayrona Tours\",\"url\":\"https:\/\/rutatayronatours.com\/fr\/\",\"logo\":{\"@type\":\"ImageObject\",\"inLanguage\":\"fr-FR\",\"@id\":\"https:\/\/rutatayronatours.com\/fr\/#\/schema\/logo\/image\/\",\"url\":\"https:\/\/rutatayronatours.com\/fr\/wp-content\/uploads\/2023\/02\/Ruta-Tayrona-Tours.png\",\"contentUrl\":\"https:\/\/rutatayronatours.com\/fr\/wp-content\/uploads\/2023\/02\/Ruta-Tayrona-Tours.png\",\"width\":348,\"height\":85,\"caption\":\"Ruta Tayrona Tours\"},\"image\":{\"@id\":\"https:\/\/rutatayronatours.com\/fr\/#\/schema\/logo\/image\/\"},\"sameAs\":[\"https:\/\/www.facebook.com\/riomolinotours2\",\"https:\/\/www.instagram.com\/rutatayronatours\/\",\"https:\/\/api.whatsapp.com\/send?phone=573145502928\"]}]}<\/script>\n<!-- \/ Yoast SEO plugin. -->","yoast_head_json":{"title":"Baie de Concha - Les eaux de r\u00eave de Palomino, Buritaca et de la r\u00e9gion - Ruta Tayrona Tours","description":"D\u00e9couvrez la beaut\u00e9 intacte de Baie de Concha - Les Eaux de r\u00eave lors de notre visite passionnante. Cliquez ici et explorez nos exp\u00e9riences durables.","robots":{"index":"index","follow":"follow","max-snippet":"max-snippet:-1","max-image-preview":"max-image-preview:large","max-video-preview":"max-video-preview:-1"},"canonical":"https:\/\/rutatayronatours.com\/fr\/product\/baie-de-concha-dream-waters-de-palomino-buritaca-et-la-zone\/","og_locale":"fr_FR","og_type":"article","og_title":"Baie de Concha - Les eaux de r\u00eave de Palomino, Buritaca et de la r\u00e9gion - Ruta Tayrona Tours","og_description":"D\u00e9couvrez la beaut\u00e9 intacte de Baie de Concha - Les Eaux de r\u00eave lors de notre visite passionnante. Cliquez ici et explorez nos exp\u00e9riences durables.","og_url":"https:\/\/rutatayronatours.com\/fr\/product\/baie-de-concha-dream-waters-de-palomino-buritaca-et-la-zone\/","og_site_name":"Ruta Tayrona Tours","article_publisher":"https:\/\/www.facebook.com\/riomolinotours2","article_modified_time":"2025-01-07T21:43:41+00:00","og_image":[{"width":1200,"height":800,"url":"https:\/\/rutatayronatours.com\/fr\/wp-content\/uploads\/2023\/08\/Canaveral-Bahia-Concha.jpg","type":"image\/jpeg"}],"twitter_card":"summary_large_image","twitter_misc":{"Dur\u00e9e de lecture estim\u00e9e":"2 minutes"},"schema":{"@context":"https:\/\/schema.org","@graph":[{"@type":"WebPage","@id":"https:\/\/rutatayronatours.com\/fr\/product\/baie-de-concha-dream-waters-de-palomino-buritaca-et-la-zone\/","url":"https:\/\/rutatayronatours.com\/fr\/product\/baie-de-concha-dream-waters-de-palomino-buritaca-et-la-zone\/","name":"Baie de Concha - Les eaux de r\u00eave de Palomino, Buritaca et de la r\u00e9gion - Ruta Tayrona Tours","isPartOf":{"@id":"https:\/\/rutatayronatours.com\/fr\/#website"},"primaryImageOfPage":{"@id":"https:\/\/rutatayronatours.com\/fr\/product\/baie-de-concha-dream-waters-de-palomino-buritaca-et-la-zone\/#primaryimage"},"image":{"@id":"https:\/\/rutatayronatours.com\/fr\/product\/baie-de-concha-dream-waters-de-palomino-buritaca-et-la-zone\/#primaryimage"},"thumbnailUrl":"https:\/\/rutatayronatours.com\/fr\/wp-content\/uploads\/2023\/08\/Canaveral-Bahia-Concha.jpg","datePublished":"2023-10-07T20:23:03+00:00","dateModified":"2025-01-07T21:43:41+00:00","description":"D\u00e9couvrez la beaut\u00e9 intacte de Baie de Concha - Les Eaux de r\u00eave lors de notre visite passionnante. Cliquez ici et explorez nos exp\u00e9riences durables.","breadcrumb":{"@id":"https:\/\/rutatayronatours.com\/fr\/product\/baie-de-concha-dream-waters-de-palomino-buritaca-et-la-zone\/#breadcrumb"},"inLanguage":"fr-FR","potentialAction":[{"@type":"ReadAction","target":["https:\/\/rutatayronatours.com\/fr\/product\/baie-de-concha-dream-waters-de-palomino-buritaca-et-la-zone\/"]}]},{"@type":"ImageObject","inLanguage":"fr-FR","@id":"https:\/\/rutatayronatours.com\/fr\/product\/baie-de-concha-dream-waters-de-palomino-buritaca-et-la-zone\/#primaryimage","url":"https:\/\/rutatayronatours.com\/fr\/wp-content\/uploads\/2023\/08\/Canaveral-Bahia-Concha.jpg","contentUrl":"https:\/\/rutatayronatours.com\/fr\/wp-content\/uploads\/2023\/08\/Canaveral-Bahia-Concha.jpg","width":1200,"height":800,"caption":"Reserva aqu\u00ed el tour a Bahia Concha - Aguas\u00a0de ensue\u00f1o"},{"@type":"BreadcrumbList","@id":"https:\/\/rutatayronatours.com\/fr\/product\/baie-de-concha-dream-waters-de-palomino-buritaca-et-la-zone\/#breadcrumb","itemListElement":[{"@type":"ListItem","position":1,"name":"Portada","item":"https:\/\/rutatayronatours.com\/fr\/"},{"@type":"ListItem","position":2,"name":"Shop","item":"https:\/\/rutatayronatours.com\/fr\/shop\/"},{"@type":"ListItem","position":3,"name":"Baie de Concha &#8211; Les eaux de r\u00eave de Palomino, Buritaca et de la r\u00e9gion"}]},{"@type":"WebSite","@id":"https:\/\/rutatayronatours.com\/fr\/#website","url":"https:\/\/rutatayronatours.com\/fr\/","name":"Ruta Tayrona Tours","description":"Experiencias y tours del caribe Colombiano","publisher":{"@id":"https:\/\/rutatayronatours.com\/fr\/#organization"},"potentialAction":[{"@type":"SearchAction","target":{"@type":"EntryPoint","urlTemplate":"https:\/\/rutatayronatours.com\/fr\/?s={search_term_string}"},"query-input":{"@type":"PropertyValueSpecification","valueRequired":true,"valueName":"search_term_string"}}],"inLanguage":"fr-FR"},{"@type":"Organization","@id":"https:\/\/rutatayronatours.com\/fr\/#organization","name":"Ruta Tayrona Tours","url":"https:\/\/rutatayronatours.com\/fr\/","logo":{"@type":"ImageObject","inLanguage":"fr-FR","@id":"https:\/\/rutatayronatours.com\/fr\/#\/schema\/logo\/image\/","url":"https:\/\/rutatayronatours.com\/fr\/wp-content\/uploads\/2023\/02\/Ruta-Tayrona-Tours.png","contentUrl":"https:\/\/rutatayronatours.com\/fr\/wp-content\/uploads\/2023\/02\/Ruta-Tayrona-Tours.png","width":348,"height":85,"caption":"Ruta Tayrona Tours"},"image":{"@id":"https:\/\/rutatayronatours.com\/fr\/#\/schema\/logo\/image\/"},"sameAs":["https:\/\/www.facebook.com\/riomolinotours2","https:\/\/www.instagram.com\/rutatayronatours\/","https:\/\/api.whatsapp.com\/send?phone=573145502928"]}]}},"_links":{"self":[{"href":"https:\/\/rutatayronatours.com\/fr\/wp-json\/wp\/v2\/product\/2923","targetHints":{"allow":["GET"]}}],"collection":[{"href":"https:\/\/rutatayronatours.com\/fr\/wp-json\/wp\/v2\/product"}],"about":[{"href":"https:\/\/rutatayronatours.com\/fr\/wp-json\/wp\/v2\/types\/product"}],"replies":[{"embeddable":true,"href":"https:\/\/rutatayronatours.com\/fr\/wp-json\/wp\/v2\/comments?post=2923"}],"version-history":[{"count":6,"href":"https:\/\/rutatayronatours.com\/fr\/wp-json\/wp\/v2\/product\/2923\/revisions"}],"predecessor-version":[{"id":3451,"href":"https:\/\/rutatayronatours.com\/fr\/wp-json\/wp\/v2\/product\/2923\/revisions\/3451"}],"wp:featuredmedia":[{"embeddable":true,"href":"https:\/\/rutatayronatours.com\/fr\/wp-json\/wp\/v2\/media\/2082"}],"wp:attachment":[{"href":"https:\/\/rutatayronatours.com\/fr\/wp-json\/wp\/v2\/media?parent=2923"}],"wp:term":[{"taxonomy":"product_brand","embeddable":true,"href":"https:\/\/rutatayronatours.com\/fr\/wp-json\/wp\/v2\/product_brand?post=2923"},{"taxonomy":"product_cat","embeddable":true,"href":"https:\/\/rutatayronatours.com\/fr\/wp-json\/wp\/v2\/product_cat?post=2923"},{"taxonomy":"product_tag","embeddable":true,"href":"https:\/\/rutatayronatours.com\/fr\/wp-json\/wp\/v2\/product_tag?post=2923"}],"curies":[{"name":"wp","href":"https:\/\/api.w.org\/{rel}","templated":true}]}}