{"id":3681,"date":"2024-01-10T11:56:03","date_gmt":"2024-01-10T16:56:03","guid":{"rendered":"https:\/\/rutatayronatours.com\/fr\/?post_type=product&#038;p=3681"},"modified":"2025-09-01T18:00:19","modified_gmt":"2025-09-01T23:00:19","slug":"rt-tarifs-de-transport-de-carthagene","status":"publish","type":"product","link":"https:\/\/rutatayronatours.com\/fr\/product\/rt-tarifs-de-transport-de-carthagene\/","title":{"rendered":"RT &#8211; Tarifs de transport de Carthag\u00e8ne"},"content":{"rendered":"<style>\n.col-md-6 {<br \/>\n  -webkit-box-flex: 0;<br \/>\n  -ms-flex: 0 0 auto;<br \/>\n  flex: 0 0 auto;<br \/>\n  width: 100% !important;<br \/>\n}<br \/>\n.single-product .image_frame {<br \/>\n  display: none;<br \/>\n}<br \/>\n.woocommerce-product-rating, .price, .posted_in {<br \/>\n  display: none !important;<br \/>\n}<br \/>\n.single-product .product-single-inner div[itemprop*=\"description\"] {<br \/>\n  border-top: 1px solid #FFF;<br \/>\n  padding: 0;<br \/>\n  margin: 15px 0 0;<br \/>\n  font-size: 16px;<br \/>\n  line-height: 32px;<br \/>\n}<\/p>\n<\/style>\n<p><embed src=\"https:\/\/rutatayronatours.com\/wp-content\/uploads\/2024\/01\/RT_Tarifas-de-transporte-Cartagena.pdf\" type=\"application\/pdf\" width=\"100%\" height=\"600px\"><\/embed><\/p>\n","protected":false},"excerpt":{"rendered":"<p>Service de transport priv\u00e9 qui consiste \u00e0 transporter le client d&#8217;un point \u00e0 un autre par voie terrestre, dans lequel vous pouvez choisir diff\u00e9rents types de v\u00e9hicules en fonction du nombre de personnes qui composent votre voyage.<\/p>\n","protected":false},"featured_media":3781,"comment_status":"closed","ping_status":"closed","template":"","meta":[],"product_brand":[],"product_cat":[109],"product_tag":[],"class_list":{"0":"post-3681","1":"product","2":"type-product","3":"status-publish","4":"has-post-thumbnail","6":"product_cat-transport","8":"first","9":"instock","10":"shipping-taxable","11":"product-type-simple"},"yoast_head":"<!-- This site is optimized with the Yoast SEO plugin v27.2 - https:\/\/yoast.com\/product\/yoast-seo-wordpress\/ -->\n<title>RT - Tarifs de transport de Carthag\u00e8ne - Ruta Tayrona Tours<\/title>\n<meta name=\"robots\" content=\"index, follow, max-snippet:-1, max-image-preview:large, max-video-preview:-1\" \/>\n<link rel=\"canonical\" href=\"https:\/\/rutatayronatours.com\/fr\/product\/rt-tarifs-de-transport-de-carthagene\/\" \/>\n<meta property=\"og:locale\" content=\"fr_FR\" \/>\n<meta property=\"og:type\" content=\"article\" \/>\n<meta property=\"og:title\" content=\"RT - Tarifs de transport de Carthag\u00e8ne - Ruta Tayrona Tours\" \/>\n<meta property=\"og:description\" content=\"Service de transport priv\u00e9 qui consiste \u00e0 transporter le client d&#039;un point \u00e0 un autre par voie terrestre, dans lequel vous pouvez choisir diff\u00e9rents types de v\u00e9hicules en fonction du nombre de personnes qui composent votre voyage.\" \/>\n<meta property=\"og:url\" content=\"https:\/\/rutatayronatours.com\/fr\/product\/rt-tarifs-de-transport-de-carthagene\/\" \/>\n<meta property=\"og:site_name\" content=\"Ruta Tayrona Tours\" \/>\n<meta property=\"article:publisher\" content=\"https:\/\/www.facebook.com\/riomolinotours2\" \/>\n<meta property=\"article:modified_time\" content=\"2025-09-01T23:00:19+00:00\" \/>\n<meta property=\"og:image\" content=\"https:\/\/rutatayronatours.com\/fr\/wp-content\/uploads\/2024\/01\/Transporte-desde-Palomino-a-Barranquilla.jpg\" \/>\n\t<meta property=\"og:image:width\" content=\"650\" \/>\n\t<meta property=\"og:image:height\" content=\"430\" \/>\n\t<meta property=\"og:image:type\" content=\"image\/jpeg\" \/>\n<meta name=\"twitter:card\" content=\"summary_large_image\" \/>\n<meta name=\"twitter:label1\" content=\"Dur\u00e9e de lecture estim\u00e9e\" \/>\n\t<meta name=\"twitter:data1\" content=\"1 minute\" \/>\n<script type=\"application\/ld+json\" class=\"yoast-schema-graph\">{\"@context\":\"https:\/\/schema.org\",\"@graph\":[{\"@type\":\"WebPage\",\"@id\":\"https:\/\/rutatayronatours.com\/fr\/product\/rt-tarifs-de-transport-de-carthagene\/\",\"url\":\"https:\/\/rutatayronatours.com\/fr\/product\/rt-tarifs-de-transport-de-carthagene\/\",\"name\":\"RT - Tarifs de transport de Carthag\u00e8ne - Ruta Tayrona Tours\",\"isPartOf\":{\"@id\":\"https:\/\/rutatayronatours.com\/fr\/#website\"},\"primaryImageOfPage\":{\"@id\":\"https:\/\/rutatayronatours.com\/fr\/product\/rt-tarifs-de-transport-de-carthagene\/#primaryimage\"},\"image\":{\"@id\":\"https:\/\/rutatayronatours.com\/fr\/product\/rt-tarifs-de-transport-de-carthagene\/#primaryimage\"},\"thumbnailUrl\":\"https:\/\/rutatayronatours.com\/fr\/wp-content\/uploads\/2024\/01\/Transporte-desde-Palomino-a-Barranquilla.jpg\",\"datePublished\":\"2024-01-10T16:56:03+00:00\",\"dateModified\":\"2025-09-01T23:00:19+00:00\",\"breadcrumb\":{\"@id\":\"https:\/\/rutatayronatours.com\/fr\/product\/rt-tarifs-de-transport-de-carthagene\/#breadcrumb\"},\"inLanguage\":\"fr-FR\",\"potentialAction\":[{\"@type\":\"ReadAction\",\"target\":[\"https:\/\/rutatayronatours.com\/fr\/product\/rt-tarifs-de-transport-de-carthagene\/\"]}]},{\"@type\":\"ImageObject\",\"inLanguage\":\"fr-FR\",\"@id\":\"https:\/\/rutatayronatours.com\/fr\/product\/rt-tarifs-de-transport-de-carthagene\/#primaryimage\",\"url\":\"https:\/\/rutatayronatours.com\/fr\/wp-content\/uploads\/2024\/01\/Transporte-desde-Palomino-a-Barranquilla.jpg\",\"contentUrl\":\"https:\/\/rutatayronatours.com\/fr\/wp-content\/uploads\/2024\/01\/Transporte-desde-Palomino-a-Barranquilla.jpg\",\"width\":650,\"height\":430},{\"@type\":\"BreadcrumbList\",\"@id\":\"https:\/\/rutatayronatours.com\/fr\/product\/rt-tarifs-de-transport-de-carthagene\/#breadcrumb\",\"itemListElement\":[{\"@type\":\"ListItem\",\"position\":1,\"name\":\"Portada\",\"item\":\"https:\/\/rutatayronatours.com\/fr\/\"},{\"@type\":\"ListItem\",\"position\":2,\"name\":\"Shop\",\"item\":\"https:\/\/rutatayronatours.com\/fr\/shop\/\"},{\"@type\":\"ListItem\",\"position\":3,\"name\":\"RT &#8211; Tarifs de transport de Carthag\u00e8ne\"}]},{\"@type\":\"WebSite\",\"@id\":\"https:\/\/rutatayronatours.com\/fr\/#website\",\"url\":\"https:\/\/rutatayronatours.com\/fr\/\",\"name\":\"Ruta Tayrona Tours\",\"description\":\"Experiencias y tours del caribe Colombiano\",\"publisher\":{\"@id\":\"https:\/\/rutatayronatours.com\/fr\/#organization\"},\"potentialAction\":[{\"@type\":\"SearchAction\",\"target\":{\"@type\":\"EntryPoint\",\"urlTemplate\":\"https:\/\/rutatayronatours.com\/fr\/?s={search_term_string}\"},\"query-input\":{\"@type\":\"PropertyValueSpecification\",\"valueRequired\":true,\"valueName\":\"search_term_string\"}}],\"inLanguage\":\"fr-FR\"},{\"@type\":\"Organization\",\"@id\":\"https:\/\/rutatayronatours.com\/fr\/#organization\",\"name\":\"Ruta Tayrona Tours\",\"url\":\"https:\/\/rutatayronatours.com\/fr\/\",\"logo\":{\"@type\":\"ImageObject\",\"inLanguage\":\"fr-FR\",\"@id\":\"https:\/\/rutatayronatours.com\/fr\/#\/schema\/logo\/image\/\",\"url\":\"https:\/\/rutatayronatours.com\/fr\/wp-content\/uploads\/2023\/02\/Ruta-Tayrona-Tours.png\",\"contentUrl\":\"https:\/\/rutatayronatours.com\/fr\/wp-content\/uploads\/2023\/02\/Ruta-Tayrona-Tours.png\",\"width\":348,\"height\":85,\"caption\":\"Ruta Tayrona Tours\"},\"image\":{\"@id\":\"https:\/\/rutatayronatours.com\/fr\/#\/schema\/logo\/image\/\"},\"sameAs\":[\"https:\/\/www.facebook.com\/riomolinotours2\",\"https:\/\/www.instagram.com\/rutatayronatours\/\",\"https:\/\/api.whatsapp.com\/send?phone=573145502928\"]}]}<\/script>\n<!-- \/ Yoast SEO plugin. -->","yoast_head_json":{"title":"RT - Tarifs de transport de Carthag\u00e8ne - Ruta Tayrona Tours","robots":{"index":"index","follow":"follow","max-snippet":"max-snippet:-1","max-image-preview":"max-image-preview:large","max-video-preview":"max-video-preview:-1"},"canonical":"https:\/\/rutatayronatours.com\/fr\/product\/rt-tarifs-de-transport-de-carthagene\/","og_locale":"fr_FR","og_type":"article","og_title":"RT - Tarifs de transport de Carthag\u00e8ne - Ruta Tayrona Tours","og_description":"Service de transport priv\u00e9 qui consiste \u00e0 transporter le client d'un point \u00e0 un autre par voie terrestre, dans lequel vous pouvez choisir diff\u00e9rents types de v\u00e9hicules en fonction du nombre de personnes qui composent votre voyage.","og_url":"https:\/\/rutatayronatours.com\/fr\/product\/rt-tarifs-de-transport-de-carthagene\/","og_site_name":"Ruta Tayrona Tours","article_publisher":"https:\/\/www.facebook.com\/riomolinotours2","article_modified_time":"2025-09-01T23:00:19+00:00","og_image":[{"width":650,"height":430,"url":"https:\/\/rutatayronatours.com\/fr\/wp-content\/uploads\/2024\/01\/Transporte-desde-Palomino-a-Barranquilla.jpg","type":"image\/jpeg"}],"twitter_card":"summary_large_image","twitter_misc":{"Dur\u00e9e de lecture estim\u00e9e":"1 minute"},"schema":{"@context":"https:\/\/schema.org","@graph":[{"@type":"WebPage","@id":"https:\/\/rutatayronatours.com\/fr\/product\/rt-tarifs-de-transport-de-carthagene\/","url":"https:\/\/rutatayronatours.com\/fr\/product\/rt-tarifs-de-transport-de-carthagene\/","name":"RT - Tarifs de transport de Carthag\u00e8ne - Ruta Tayrona Tours","isPartOf":{"@id":"https:\/\/rutatayronatours.com\/fr\/#website"},"primaryImageOfPage":{"@id":"https:\/\/rutatayronatours.com\/fr\/product\/rt-tarifs-de-transport-de-carthagene\/#primaryimage"},"image":{"@id":"https:\/\/rutatayronatours.com\/fr\/product\/rt-tarifs-de-transport-de-carthagene\/#primaryimage"},"thumbnailUrl":"https:\/\/rutatayronatours.com\/fr\/wp-content\/uploads\/2024\/01\/Transporte-desde-Palomino-a-Barranquilla.jpg","datePublished":"2024-01-10T16:56:03+00:00","dateModified":"2025-09-01T23:00:19+00:00","breadcrumb":{"@id":"https:\/\/rutatayronatours.com\/fr\/product\/rt-tarifs-de-transport-de-carthagene\/#breadcrumb"},"inLanguage":"fr-FR","potentialAction":[{"@type":"ReadAction","target":["https:\/\/rutatayronatours.com\/fr\/product\/rt-tarifs-de-transport-de-carthagene\/"]}]},{"@type":"ImageObject","inLanguage":"fr-FR","@id":"https:\/\/rutatayronatours.com\/fr\/product\/rt-tarifs-de-transport-de-carthagene\/#primaryimage","url":"https:\/\/rutatayronatours.com\/fr\/wp-content\/uploads\/2024\/01\/Transporte-desde-Palomino-a-Barranquilla.jpg","contentUrl":"https:\/\/rutatayronatours.com\/fr\/wp-content\/uploads\/2024\/01\/Transporte-desde-Palomino-a-Barranquilla.jpg","width":650,"height":430},{"@type":"BreadcrumbList","@id":"https:\/\/rutatayronatours.com\/fr\/product\/rt-tarifs-de-transport-de-carthagene\/#breadcrumb","itemListElement":[{"@type":"ListItem","position":1,"name":"Portada","item":"https:\/\/rutatayronatours.com\/fr\/"},{"@type":"ListItem","position":2,"name":"Shop","item":"https:\/\/rutatayronatours.com\/fr\/shop\/"},{"@type":"ListItem","position":3,"name":"RT &#8211; Tarifs de transport de Carthag\u00e8ne"}]},{"@type":"WebSite","@id":"https:\/\/rutatayronatours.com\/fr\/#website","url":"https:\/\/rutatayronatours.com\/fr\/","name":"Ruta Tayrona Tours","description":"Experiencias y tours del caribe Colombiano","publisher":{"@id":"https:\/\/rutatayronatours.com\/fr\/#organization"},"potentialAction":[{"@type":"SearchAction","target":{"@type":"EntryPoint","urlTemplate":"https:\/\/rutatayronatours.com\/fr\/?s={search_term_string}"},"query-input":{"@type":"PropertyValueSpecification","valueRequired":true,"valueName":"search_term_string"}}],"inLanguage":"fr-FR"},{"@type":"Organization","@id":"https:\/\/rutatayronatours.com\/fr\/#organization","name":"Ruta Tayrona Tours","url":"https:\/\/rutatayronatours.com\/fr\/","logo":{"@type":"ImageObject","inLanguage":"fr-FR","@id":"https:\/\/rutatayronatours.com\/fr\/#\/schema\/logo\/image\/","url":"https:\/\/rutatayronatours.com\/fr\/wp-content\/uploads\/2023\/02\/Ruta-Tayrona-Tours.png","contentUrl":"https:\/\/rutatayronatours.com\/fr\/wp-content\/uploads\/2023\/02\/Ruta-Tayrona-Tours.png","width":348,"height":85,"caption":"Ruta Tayrona Tours"},"image":{"@id":"https:\/\/rutatayronatours.com\/fr\/#\/schema\/logo\/image\/"},"sameAs":["https:\/\/www.facebook.com\/riomolinotours2","https:\/\/www.instagram.com\/rutatayronatours\/","https:\/\/api.whatsapp.com\/send?phone=573145502928"]}]}},"_links":{"self":[{"href":"https:\/\/rutatayronatours.com\/fr\/wp-json\/wp\/v2\/product\/3681","targetHints":{"allow":["GET"]}}],"collection":[{"href":"https:\/\/rutatayronatours.com\/fr\/wp-json\/wp\/v2\/product"}],"about":[{"href":"https:\/\/rutatayronatours.com\/fr\/wp-json\/wp\/v2\/types\/product"}],"replies":[{"embeddable":true,"href":"https:\/\/rutatayronatours.com\/fr\/wp-json\/wp\/v2\/comments?post=3681"}],"version-history":[{"count":3,"href":"https:\/\/rutatayronatours.com\/fr\/wp-json\/wp\/v2\/product\/3681\/revisions"}],"predecessor-version":[{"id":3785,"href":"https:\/\/rutatayronatours.com\/fr\/wp-json\/wp\/v2\/product\/3681\/revisions\/3785"}],"wp:featuredmedia":[{"embeddable":true,"href":"https:\/\/rutatayronatours.com\/fr\/wp-json\/wp\/v2\/media\/3781"}],"wp:attachment":[{"href":"https:\/\/rutatayronatours.com\/fr\/wp-json\/wp\/v2\/media?parent=3681"}],"wp:term":[{"taxonomy":"product_brand","embeddable":true,"href":"https:\/\/rutatayronatours.com\/fr\/wp-json\/wp\/v2\/product_brand?post=3681"},{"taxonomy":"product_cat","embeddable":true,"href":"https:\/\/rutatayronatours.com\/fr\/wp-json\/wp\/v2\/product_cat?post=3681"},{"taxonomy":"product_tag","embeddable":true,"href":"https:\/\/rutatayronatours.com\/fr\/wp-json\/wp\/v2\/product_tag?post=3681"}],"curies":[{"name":"wp","href":"https:\/\/api.w.org\/{rel}","templated":true}]}}